{"id":7782,"date":"2026-02-24T10:48:42","date_gmt":"2026-02-24T10:48:42","guid":{"rendered":"https:\/\/plmaszyny.online\/?post_type=product&#038;p=7782"},"modified":"2026-02-26T11:40:00","modified_gmt":"2026-02-26T11:40:00","slug":"mighty-car-bn-1std-4farmer","status":"publish","type":"product","link":"https:\/\/plmaszyny.online\/en\/product\/mighty-car-bn-1std-4farmer\/","title":{"rendered":"MIGHTY CAR BN-1(STD) 4Farmer"},"content":{"rendered":"<p>Obejrzyj wideo<\/p>\n\n\n\n<p>MIGHTY CAR BN-1(STD) 4Farmer<\/p>\n\n\n\n<p>Producenci r\u00f3\u017cnego rodzaju&nbsp;<strong>urz\u0105dze\u0144 transportowych<\/strong>&nbsp;oferuj\u0105 coraz to nowsze rozwi\u0105zania, aby zaspokoi\u0107 potrzeby firm zajmuj\u0105cych si\u0119 produkcj\u0105, transportem oraz oferuj\u0105 r\u00f3\u017cnego rodzaju us\u0142ugi i potrzebuj\u0105 specjalistycznych maszyn do&nbsp;<strong>transportu wewn\u0119trznego towar\u00f3w<\/strong>.<\/p>\n\n\n\n<p>Jedn\u0105 z bardzo wielu propozycji na rynku jest&nbsp;<strong>platforma &#8211; w\u00f3zek transportowy<\/strong>&nbsp;do przewo\u017cenia ci\u0119\u017ckich \u0142adunk\u00f3w w miejscu o p\u0142askiej, stabilnej, utwardzonej powierzchni.<\/p>\n\n\n\n<p><strong>Platforma&nbsp;transportowa MIGHTY CAR BN-1(STD)<\/strong>&nbsp;to&nbsp;<strong>w\u00f3zek<\/strong>&nbsp;nap\u0119dzany elektrycznie, s\u0142u\u017c\u0105cy do przewo\u017cenia ci\u0119\u017ckich, gabarytowych maszyn i urz\u0105dze\u0144 lub towar\u00f3w. Doskonale sprawdza si\u0119 na placach za\u0142adunkowych b\u0105d\u017a&nbsp;<strong>transporcie materia\u0142\u00f3w<\/strong>&nbsp;mi\u0119dzy halami produkcyjnymi w firmie.<\/p>\n\n\n\n<p>B\u0119dzie bardzo przydatny tak\u017ce w gospodarstwach zajmuj\u0105cych si\u0119 produkcj\u0105 rolno-ogrodnicz\u0105. Bez problemu przewieziemy nim jednorazowo np. zbi\u00f3r pieczarek czy owoc\u00f3w wa\u017c\u0105cy nawet 1000kg do pakowalni czy ch\u0142odni.&nbsp;<\/p>\n\n\n\n<p><strong>Mighty Car BN-1 (STD)<\/strong>&nbsp;wyposa\u017cony zosta\u0142 w silnik elektryczny o mocy 3,5 kW, co pozwala na szybk\u0105 i bezproblemowa prac\u0119 a sama wymiana akumulator\u00f3w jest bardzo&nbsp; \u0142atwa&nbsp;i pozwala na szybkie przywr\u00f3cenie pe\u0142nej mocy pojazdu.<\/p>\n\n\n\n<p>W\u00f3zek wyposa\u017cony jest w&nbsp;<strong>pe\u0142n\u0105 platform\u0119<\/strong>&nbsp;o wymiarach 110 x 195 cm, komfort pracy operatora zapewnia wygodna, du\u017ca kierownica, oraz wysoko\u015b\u0107 sterowania dostosowana do wzrostu operatora. Platforma posiada system hamowania awaryjnego oraz reflektory, co zwi\u0119ksza bezpiecze\u0144stwo podczas jazdy w trudnych warunkach o\u015bwietleniowych<\/p>\n\n\n\n<p><strong>Elektryczna platforma<\/strong>&nbsp;<strong>transportowa<\/strong>&nbsp;sprawdzi si\u0119 tam gdzie istniej\u0105cy system np. d\u017awigowy nie jest w stanie zapewni\u0107 niezb\u0119dnego przemieszczenia \u0142adunku.<\/p>\n\n\n\n<h4 class=\"wp-block-heading\">Specyfikacja<\/h4>\n\n\n\n<p>Stan<\/p>\n\n\n\n<p>Nowy<\/p>\n\n\n\n<p>Marka<\/p>\n\n\n\n<p>4Farmer<\/p>\n\n\n\n<p>Napi\u0119cie (V)<\/p>\n\n\n\n<p>36<\/p>\n\n\n\n<p>Pr\u0119dko\u015b\u0107 jazdy (km\/h)<\/p>\n\n\n\n<p>max 14,5<\/p>\n\n\n\n<p>Wysoko\u015b\u0107 (mm)<\/p>\n\n\n\n<p>1 700<\/p>\n\n\n\n<p>D\u0142ugo\u015b\u0107 ca\u0142kowita (mm)<\/p>\n\n\n\n<p>3 200<\/p>\n\n\n\n<p>Szeroko\u015b\u0107 (mm)<\/p>\n\n\n\n<p>1150<\/p>\n\n\n\n<p>Promie\u0144 skr\u0119tu ( mm )<\/p>\n\n\n\n<p>2 350<\/p>\n\n\n\n<p>\u0141adowno\u015b\u0107 (kg)<\/p>\n\n\n\n<p>1 000<\/p>\n\n\n\n<p>Waga (kg)<\/p>\n\n\n\n<p>675<\/p>\n\n\n\n<p>Wymiary platformy \u0142adunkowej (mm)<\/p>\n\n\n\n<p>1 100 x 1 950<\/p>\n\n\n\n<p>Rodzaj silnika<\/p>\n\n\n\n<p>Silnik z uzwojeniem szeregowym DC<\/p>\n\n\n\n<p>Bateria<\/p>\n\n\n\n<p>EB160 x 3<\/p>","protected":false},"excerpt":{"rendered":"<div class=\"col-6 col-sm-6 col-md-6 col-lg-6 single1\">\n<div class=\"single1-sz\">\n<div class=\"ico\">\u00a0<\/div>\n<div class=\"title1\">\n<p>Stan Nowy<\/p>\n<\/div>\n<\/div>\n<\/div>\n<div class=\"col-6 col-sm-6 col-md-6 col-lg-6 single1\">\n<div class=\"single1-sz\">\n<div class=\"title1\">\n<p>Waga (kg) 675<\/p>\n<\/div>\n<\/div>\n<\/div>","protected":false},"featured_media":7786,"comment_status":"open","ping_status":"closed","template":"","meta":[],"product_brand":[68],"product_cat":[58],"product_tag":[],"class_list":{"0":"post-7782","1":"product","2":"type-product","3":"status-publish","4":"has-post-thumbnail","6":"product_brand-4farmer","7":"product_cat-traktory","9":"first","10":"instock","11":"shipping-taxable","12":"purchasable","13":"product-type-simple"},"_links":{"self":[{"href":"https:\/\/plmaszyny.online\/en\/wp-json\/wp\/v2\/product\/7782","targetHints":{"allow":["GET"]}}],"collection":[{"href":"https:\/\/plmaszyny.online\/en\/wp-json\/wp\/v2\/product"}],"about":[{"href":"https:\/\/plmaszyny.online\/en\/wp-json\/wp\/v2\/types\/product"}],"replies":[{"embeddable":true,"href":"https:\/\/plmaszyny.online\/en\/wp-json\/wp\/v2\/comments?post=7782"}],"wp:featuredmedia":[{"embeddable":true,"href":"https:\/\/plmaszyny.online\/en\/wp-json\/wp\/v2\/media\/7786"}],"wp:attachment":[{"href":"https:\/\/plmaszyny.online\/en\/wp-json\/wp\/v2\/media?parent=7782"}],"wp:term":[{"taxonomy":"product_brand","embeddable":true,"href":"https:\/\/plmaszyny.online\/en\/wp-json\/wp\/v2\/product_brand?post=7782"},{"taxonomy":"product_cat","embeddable":true,"href":"https:\/\/plmaszyny.online\/en\/wp-json\/wp\/v2\/product_cat?post=7782"},{"taxonomy":"product_tag","embeddable":true,"href":"https:\/\/plmaszyny.online\/en\/wp-json\/wp\/v2\/product_tag?post=7782"}],"curies":[{"name":"wp","href":"https:\/\/api.w.org\/{rel}","templated":true}]}}