{"id":7776,"date":"2026-02-24T10:41:33","date_gmt":"2026-02-24T10:41:33","guid":{"rendered":"https:\/\/plmaszyny.online\/?post_type=product&#038;p=7776"},"modified":"2026-02-26T10:09:06","modified_gmt":"2026-02-26T10:09:06","slug":"ls-tractor-xj25-hst-4x4-24-4-km-ind-cab-plug-do-sniegu-prosty-sbh150-150-cm-hydrauliczny-4farmer","status":"publish","type":"product","link":"https:\/\/plmaszyny.online\/en\/product\/ls-tractor-xj25-hst-4x4-24-4-km-ind-cab-plug-do-sniegu-prosty-sbh150-150-cm-hydrauliczny-4farmer\/","title":{"rendered":"LS Tractor XJ25 HST 4&#215;4 &#8211; 24.4 KM \/ IND \/ CAB + p\u0142ug do \u015bniegu prosty SBH150 150 cm, hydrauliczny 4FARMER"},"content":{"rendered":"<p>LS Tractor XJ25 HST 4&#215;4 &#8211; 24.4 KM \/ IND \/ CAB + p\u0142ug do \u015bniegu prosty SBH150 150 cm, hydrauliczny 4FARMER<\/p>\n\n\n\n<h2 class=\"wp-block-heading\">Ergonomiczna konstrukcja<\/h2>\n\n\n\n<p><strong>Ci\u0105gniki LS Tractor<\/strong>&nbsp;serii&nbsp;<strong>XJ<\/strong>&nbsp;to przede wszystkim idealne dopasowanie do Twoich potrzeb. To Ty wybierasz, jak b\u0119dzie wyposa\u017cony traktor, aby spe\u0142nia\u0142 wszystkie Twoje oczekiwania.<\/p>\n\n\n\n<p>Konstrukcja ci\u0105gnik\u00f3w\u00a0<strong>LS Tractor<\/strong>\u00a0zosta\u0142a zaprojektowana z my\u015bl\u0105 o wszechstronnym zastosowaniu. Maszyny te sprawdz\u0105 si\u0119 zar\u00f3wno w polu, ogrodzie, sadzie, plantacji, przy pracach transportowych oraz komunalnych. Dzi\u0119ki mo\u017cliwo\u015bciom konfiguracji\u00a0<strong>ci\u0105gnika<\/strong>\u00a0oraz dost\u0119pno\u015bci osprz\u0119tu dedykowanego do\u00a0<strong>traktor\u00f3w LS<\/strong>, maszyna ta b\u0119dzie idealnym partnerem do pracy.<\/p>\n\n\n\n<p>Kombinacja&nbsp;<strong>ci\u0105gnika&nbsp;XJ25 z \u0142adowaczem<\/strong>&nbsp;czo\u0142owym daje nam jeszcze wi\u0119cej mo\u017cliwo\u015bci, czyni\u0105c nasz traktor wielofunkcyjnym.<\/p>\n\n\n\n<h2 class=\"wp-block-heading\">Mocny i Komfortowy<\/h2>\n\n\n\n<p>Model&nbsp;<strong>XJ25<\/strong>&nbsp;to kompaktowy&nbsp;<strong>ci\u0105gnik<\/strong>&nbsp;zaliczany do klasy Premium. Pod mask\u0105 tej maszyny znajduje si\u0119 mocny, 3-cylindrowy silnik Diesel&nbsp;Mitsubishi&nbsp;S3L2-Z561GT&nbsp;o mocy 24,4 KM. Gwarantuje on bardzo dobre parametry pracy i wysok\u0105 wydajno\u015b\u0107. Dodatkowo 2 wyj\u015bcia hydrauliczne umo\u017cliwiaj\u0105 pod\u0142\u0105czenie do traktora szerokiej gamy osprz\u0119tu.<\/p>\n\n\n\n<p>Wyposa\u017cenie modelu&nbsp;<strong>XJ25<\/strong>&nbsp;w 3 \u2013 punktowy TUZ Kat I o ud\u017awigu&nbsp;650kg&nbsp;oraz tylny i mi\u0119dzyosiowy wa\u0142ek WOM pozwalaj\u0105 na wszechstronne wykorzystanie traktora. Nap\u0119d na 4 ko\u0142a, wspomaganie kierownicy, wygodne w\u0142\u0105czanie wa\u0142ka WOM oraz intuicyjnie rozmieszczone d\u017awignie steruj\u0105ce czyni\u0105 model&nbsp;<strong>XJ25<\/strong>&nbsp;maszyn\u0105 idealn\u0105, stworzon\u0105 wed\u0142ug Twoich upodoba\u0144.<\/p>\n\n\n\n<p><strong>Model XJ25<\/strong>&nbsp;posiada skrzyni\u0119 bieg\u00f3w hydrostatyczn\u0105. To wyj\u0105tkowo komfortowa opcja, nie wymagaj\u0105ca dodatkowo r\u0119cznej zmiany bieg\u00f3w. Jest ona obs\u0142ugiwana dwoma peda\u0142ami F3 oraz R3, naciskaj\u0105c odpowiedni zmieniamy kierunek jazdy &#8211; do przodu lub w ty\u0142. Pozwala to na bardzo wygodn\u0105 jazd\u0119, podobn\u0105 jak jazda samochodem z automatyczn\u0105 skrzyni\u0105 bieg\u00f3w.<\/p>\n\n\n\n<h2 class=\"wp-block-heading\">LS XJ25 z wysokiej jako\u015bci kabin\u0105<\/h2>\n\n\n\n<p><strong>Kabina<\/strong>&nbsp;zosta\u0142a solidnie wykonana, z zachowaniem najwy\u017cszych standard\u00f3w produkcji. Dzi\u0119ki&nbsp;<strong>niej<\/strong>&nbsp;model&nbsp;<strong>LS XJ25<\/strong>&nbsp;staje si\u0119 maszyn\u0105, na kt\u00f3rej mo\u017cemy polega\u0107 w ka\u017cdych warunkach atmosferycznych!<\/p>\n\n\n\n<p>Ca\u0142kowite przeszklenie certyfikowanymi hartowanymi szybami zwi\u0119ksza widoczno\u015b\u0107 oraz bezpiecze\u0144stwo. Wn\u0119trze kabiny jest przestronne, wygodne dla operatora. Posiada bardzo nowoczesne wyko\u0144czenia, poni\u017cej fotela zastosowano dodatkowe obicie materia\u0142em sk\u00f3ropodobnym, niepalnym, odpornym na myj\u0105ce \u015brodki chemiczne. Tapicerka nadaje estetyki wn\u0119trzu i zabezpiecza ci\u0105gnik podczas eksploatacji. Nowoczesne wn\u0119trze kabiny robi wra\u017cenie, stylowy, czarny sufit nadaje klimatu, a jednocze\u015bnie jest praktyczny i \u0142atwiejszy w utrzymaniu ni\u017c jasne, materia\u0142owe wyko\u0144czenia. Antypo\u015blizgowa pod\u0142oga oraz wygodna blokada otwartych drzwi pozwala na wygodne wsiadanie oraz wysiadanie z ci\u0105gnika.&nbsp;<\/p>\n\n\n\n<p><strong>Traktor z kabin\u0105<\/strong>&nbsp;zostaje wzbogacony dodatkowo o funkcj\u0119 ogrzewania tak istotn\u0105 podczas prac w sezonie zimowym.<\/p>\n\n\n\n<p>Dodatkowo&nbsp;<strong>kabina<\/strong>&nbsp;wyposa\u017cona jest w:<\/p>\n\n\n\n<ul class=\"wp-block-list\">\n<li>ogrzewanie zintegrowane w panelu dachowym z funkcj\u0105 zimnego powietrza,<\/li>\n\n\n\n<li>dach z tworzywa sztucznego,<\/li>\n\n\n\n<li>halogeny przednie oraz halogeny tylne po dwie sztuki,<\/li>\n\n\n\n<li>lampy zespolone przednie oraz lampy zespolone tylne,<\/li>\n\n\n\n<li>elektryczna wycieraczka szyby przedniej wraz ze spryskiwaczem,<\/li>\n\n\n\n<li>elektryczna wycieraczka szyby tylnej,<\/li>\n\n\n\n<li>dwa lusterka regulowane na pa\u0142\u0105kach,<\/li>\n\n\n\n<li>schowek,<\/li>\n\n\n\n<li>o\u015bwietlenie tablicy rejestracyjnej,<\/li>\n\n\n\n<li>o\u015bwietlenie wn\u0119trza kabiny,<\/li>\n\n\n\n<li>roleta przeciws\u0142oneczna,<\/li>\n\n\n\n<li>drzwi oraz szyba tylna otwierane przy pomocy si\u0142ownik\u00f3w gazowych,<\/li>\n\n\n\n<li>uchylna szyba przednia oraz tylna,<\/li>\n\n\n\n<li>zamki w drzwiach,<\/li>\n\n\n\n<li>wyk\u0142adzin\u0119 (tworzywo sztuczne).<\/li>\n<\/ul>\n\n\n\n<p>Firma\u00a0<strong>LS\u00a0Tractor<\/strong>\u00a0wyposa\u017cy\u0142a t\u0119 wyj\u0105tkow\u0105 maszyn\u0119 w wygodny regulowany fotel z wysokim oparciem i amortyzacj\u0105, kt\u00f3ry wraz z\u00a0ergonomicznie\u00a0rozmieszczonymi d\u017awigniami zapewni\u0105 przyjemn\u0105 obs\u0142ug\u0119.<\/p>\n\n\n\n<p><strong>P\u0142ug<\/strong>&nbsp;przeznaczony jest do&nbsp;<strong>traktor\u00f3w<\/strong>&nbsp;i mini traktor\u00f3w o minimalnej mocy oko\u0142o 14 KM. P\u0142ug obs\u0142ugiwany jest hydraulicznie.<\/p>\n\n\n\n<p>Lemiesz p\u0142uga ma dwie cz\u0119\u015bci g\u00f3rn\u0105 i doln\u0105. Dolna ruchoma cz\u0119\u015b\u0107 dla bezpiecze\u0144stwa pracy i samego urz\u0105dzenia jest wyposa\u017cona w system amortyzacji, kt\u00f3ry po napotkaniu przeszkody odchyla si\u0119 do ty\u0142u. Mocne spr\u0119\u017cyny amortyzuj\u0105 prac\u0119 dolnej cz\u0119\u015bci lemiesza, kt\u00f3ra zako\u0144czona jest grub\u0105 gum\u0105. Guma ma zastosowanie ochronne dla od\u015bnie\u017canej powierzchni.<\/p>\n\n\n\n<p>Do pe\u0142nego wykorzystania mo\u017cliwo\u015bci&nbsp;<strong>p\u0142uga<\/strong>, traktor musi posiada\u0107 hydraulik\u0119 z przodu traktora. Podnoszenie i opuszczanie&nbsp;oraz sterowanie na boki odbywa si\u0119 hydraulicznie za pomoc\u0105 dw\u00f3ch d\u017awigni.<\/p>\n\n\n\n<h2 class=\"wp-block-heading\">Ci\u0105gniki&nbsp;LS&nbsp;Tractor&nbsp;to nowoczesno\u015b\u0107, wysoki komfort pracy operatora i najwy\u017csza jako\u015b\u0107 wykonania. Decyduj\u0105c si\u0119 na model XJ25, wybierasz nie tylko wysok\u0105 jako\u015b\u0107 wykonania, ale tak\u017ce komfort i bezpiecze\u0144stwo.<\/h2>\n\n\n\n<p>*Zestaw zawiera: LS Tractor XJ25 HST + ko\u0142a industrialne, hydraulika do obs\u0142ugi p\u0142uga, p\u0142ug do \u015bniegu.<\/p>\n\n\n\n<h4 class=\"wp-block-heading\">Specyfikacja<\/h4>\n\n\n\n<p>Stan<\/p>\n\n\n\n<p>Nowy<\/p>\n\n\n\n<p>Osprz\u0119t<\/p>\n\n\n\n<p>P\u0142ug do \u015bniegu<\/p>\n\n\n\n<p>Silnik<\/p>\n\n\n\n<p>3 &#8211; cylindrowy diesel ch\u0142odzony ciecz\u0105<br>Wysokopr\u0119\u017cny<br>z bezpo\u015brednim wtryskiem paliwa<\/p>\n\n\n\n<p>Model silnika<\/p>\n\n\n\n<p>Mitsubishi S3L2-Z561GT TIER V<\/p>\n\n\n\n<p>Moc (KM\/HP)<\/p>\n\n\n\n<p>24.4<\/p>\n\n\n\n<p>Pojemno\u015b\u0107 silnika (cm3 \/ ccm)<\/p>\n\n\n\n<p>1318<\/p>\n\n\n\n<p>Znamionowa pr\u0119dko\u015b\u0107 obrotowa silnika (obr\/min)<\/p>\n\n\n\n<p>2700<\/p>\n\n\n\n<p>Pojemno\u015b\u0107 zbiornika paliwa (L)<\/p>\n\n\n\n<p>25<\/p>\n\n\n\n<p>Nap\u0119d<\/p>\n\n\n\n<p>4&#215;4 4WD<\/p>\n\n\n\n<p>Skrzynia bieg\u00f3w<\/p>\n\n\n\n<p>Hydrostatyczna<\/p>\n\n\n\n<p>Liczba bieg\u00f3w prz\u00f3d \/ ty\u0142<\/p>\n\n\n\n<p>2 \/ 2<\/p>\n\n\n\n<p>Uk\u0142ad kierowniczy<\/p>\n\n\n\n<p>Hydrostatyczny<\/p>\n\n\n\n<p>Wspomaganie kierownicy<\/p>\n\n\n\n<p>TAK<\/p>\n\n\n\n<p>WOM \/ PTO<\/p>\n\n\n\n<p>1 pr\u0119dko\u015b\u0107<br>540 (rpm)<br>Niezale\u017cny WOM\/PTO z mokrym sprz\u0119g\u0142em w\u0142\u0105czany pokr\u0119t\u0142em<\/p>\n\n\n\n<p>PTO (mi\u0119dzyosiowy)<\/p>\n\n\n\n<p>2000 obr\/min<\/p>\n\n\n\n<p>TUZ<\/p>\n\n\n\n<p>3 &#8211; punktowy<br>KAT I<\/p>\n\n\n\n<p>Ud\u017awig TUZ na ko\u0144c\u00f3wkach kulowych (kg)<\/p>\n\n\n\n<p>650<\/p>\n\n\n\n<p>Wyj\u015bcia hydrauliczne (szt (EA) \/ liczba sekcji)<\/p>\n\n\n\n<p>2 \/ 1 (z ty\u0142u)<\/p>\n\n\n\n<p>Hydrauliczne poziomowanie tylnego zawieszenia<\/p>\n\n\n\n<p>NIE<\/p>\n\n\n\n<p>Tempomat<\/p>\n\n\n\n<p>TAK<\/p>\n\n\n\n<p>Typ opon (y)<\/p>\n\n\n\n<p>Industrialne<\/p>\n\n\n\n<p>Rozstaw osi (mm)<\/p>\n\n\n\n<p>1500<\/p>\n\n\n\n<p>Rozmiar opon prz\u00f3d \/ ty\u0142<\/p>\n\n\n\n<p>23&#215;8.50-12 \/ 305\/70-16.5<\/p>\n\n\n\n<p>Promie\u0144 skr\u0119tu ( mm )<\/p>\n\n\n\n<p>2200<\/p>\n\n\n\n<p>Sprz\u0119g\u0142o<\/p>\n\n\n\n<p>Suche, jednotarczowe<\/p>\n\n\n\n<p>Hamulce<\/p>\n\n\n\n<p>Mechaniczne<br>Mokre<br>Wielotarczowe<\/p>\n\n\n\n<p>Prze\u015bwit (mm)<\/p>\n\n\n\n<p>285<\/p>\n\n\n\n<p>Maksymalny k\u0105t obrotu przedniego ko\u0142a ( \u00b0 )<\/p>\n\n\n\n<p>+ \/ &#8211; 47<\/p>\n\n\n\n<p>Alternator (Amp)<\/p>\n\n\n\n<p>12V-50A<\/p>\n\n\n\n<p>Filtr powietrza<\/p>\n\n\n\n<p>Suchy wymienny element<\/p>\n\n\n\n<p>Wyposa\u017cenie ci\u0105gnika<\/p>\n\n\n\n<p>Kabina<\/p>\n\n\n\n<p>Wysoko\u015b\u0107 z kabin\u0105 (mm)<\/p>\n\n\n\n<p>2050<\/p>\n\n\n\n<p>Wydajno\u015b\u0107 pompy hydraulicznej (l\/min)<\/p>\n\n\n\n<p>21.4~22.9<\/p>","protected":false},"excerpt":{"rendered":"<div class=\"col-6 col-sm-6 col-md-6 col-lg-6 single1\">\n<div class=\"single1-sz\">\n<div class=\"ico\">\u00a0<\/div>\n<div class=\"title1\">\n<p>Stan Nowy<\/p>\n<\/div>\n<\/div>\n<\/div>\n<div class=\"col-6 col-sm-6 col-md-6 col-lg-6 single1\">\n<div class=\"single1-sz\">\n<div class=\"title1\">\n<p>Moc (KM\/HP) 24.4<\/p>\n<\/div>\n<\/div>\n<\/div>\n<div class=\"col-6 col-sm-6 col-md-6 col-lg-6 single1\">\n<div class=\"single1-sz\">\n<div class=\"title1\">\n<p>Nap\u0119d 4&#215;4 4WD<\/p>\n<\/div>\n<\/div>\n<\/div>\n<div class=\"col-6 col-sm-6 col-md-6 col-lg-6 single1\">\n<div class=\"single1-sz\">\n<div class=\"title1\">\n<p>Skrzynia bieg\u00f3w Hydrostatyczna<\/p>\n<\/div>\n<\/div>\n<\/div>\n<div class=\"col-6 col-sm-6 col-md-6 col-lg-6 single1\">\n<div class=\"single1-sz\">\n<div class=\"title1\">\n<p>Wspomaganie kierownicy TAK<\/p>\n<\/div>\n<\/div>\n<\/div>","protected":false},"featured_media":7769,"comment_status":"open","ping_status":"closed","template":"","meta":[],"product_brand":[68,66],"product_cat":[58],"product_tag":[],"class_list":{"0":"post-7776","1":"product","2":"type-product","3":"status-publish","4":"has-post-thumbnail","6":"product_brand-4farmer","7":"product_brand-ls-tractor","8":"product_cat-traktory","10":"first","11":"instock","12":"shipping-taxable","13":"purchasable","14":"product-type-simple"},"_links":{"self":[{"href":"https:\/\/plmaszyny.online\/en\/wp-json\/wp\/v2\/product\/7776","targetHints":{"allow":["GET"]}}],"collection":[{"href":"https:\/\/plmaszyny.online\/en\/wp-json\/wp\/v2\/product"}],"about":[{"href":"https:\/\/plmaszyny.online\/en\/wp-json\/wp\/v2\/types\/product"}],"replies":[{"embeddable":true,"href":"https:\/\/plmaszyny.online\/en\/wp-json\/wp\/v2\/comments?post=7776"}],"wp:featuredmedia":[{"embeddable":true,"href":"https:\/\/plmaszyny.online\/en\/wp-json\/wp\/v2\/media\/7769"}],"wp:attachment":[{"href":"https:\/\/plmaszyny.online\/en\/wp-json\/wp\/v2\/media?parent=7776"}],"wp:term":[{"taxonomy":"product_brand","embeddable":true,"href":"https:\/\/plmaszyny.online\/en\/wp-json\/wp\/v2\/product_brand?post=7776"},{"taxonomy":"product_cat","embeddable":true,"href":"https:\/\/plmaszyny.online\/en\/wp-json\/wp\/v2\/product_cat?post=7776"},{"taxonomy":"product_tag","embeddable":true,"href":"https:\/\/plmaszyny.online\/en\/wp-json\/wp\/v2\/product_tag?post=7776"}],"curies":[{"name":"wp","href":"https:\/\/api.w.org\/{rel}","templated":true}]}}