{"id":7774,"date":"2026-02-24T10:37:21","date_gmt":"2026-02-24T10:37:21","guid":{"rendered":"https:\/\/plmaszyny.online\/?post_type=product&#038;p=7774"},"modified":"2026-02-26T11:42:28","modified_gmt":"2026-02-26T11:42:28","slug":"ls-tractor-mt1-25-4x4-24-7-km-cab-ind-plug-do-sniegu-strzalkowy-vario-150-cm-hydrauliczny-tuz-4farmer","status":"publish","type":"product","link":"https:\/\/plmaszyny.online\/en\/product\/ls-tractor-mt1-25-4x4-24-7-km-cab-ind-plug-do-sniegu-strzalkowy-vario-150-cm-hydrauliczny-tuz-4farmer\/","title":{"rendered":"LS Tractor MT1.25 4&#215;4 &#8211; 24.7 KM \/ CAB \/ IND + p\u0142ug do \u015bniegu strza\u0142kowy Vario 150 cm, hydrauliczny (TUZ) 4FARMER"},"content":{"rendered":"<h2 class=\"wp-block-heading\">Wyj\u0105tkowy<\/h2>\n\n\n\n<p><strong>Ci\u0105gniki&nbsp;LS&nbsp;Tractor<\/strong>&nbsp;serii&nbsp;MT1&nbsp;to przede wszystkim idealne dopasowanie do Twoich potrzeb. To Ty wybierasz, jak b\u0119dzie wyposa\u017cony traktor, aby spe\u0142nia\u0142 wszystkie Twoje oczekiwania. Konstrukcja&nbsp;<strong>ci\u0105gnik\u00f3w&nbsp;LS&nbsp;Tractor<\/strong>&nbsp;zosta\u0142a zaprojektowana z my\u015bl\u0105 o wszechstronnym zastosowaniu.<\/p>\n\n\n\n<p><strong>Traktory<\/strong>&nbsp;z serii&nbsp;MT1&nbsp;sprawdz\u0105 si\u0119 idealnie, je\u015bli szukasz ci\u0105gnika o niewielkich wymiarach. Model&nbsp;<strong>MT1.25<\/strong>&nbsp;jest jednym z najmniejszych dost\u0119pnych na rynku ci\u0105gnik\u00f3w. Ta niepozorna maszyna kryje w sobie ogrom mo\u017cliwo\u015bci i bez trudu zrealizuje swoje zadania w polu, ogrodzie, sadzie, plantacji, przy pracach transportowych czy porz\u0105dkowych.<\/p>\n\n\n\n<p>Dzi\u0119ki mo\u017cliwo\u015bciom konfiguracji ci\u0105gnika oraz dost\u0119pno\u015bci osprz\u0119tu dedykowanego do&nbsp;<strong>traktor\u00f3w&nbsp;LS<\/strong>,&nbsp;maszyna ta b\u0119dzie idealnym partnerem do pracy.<\/p>\n\n\n\n<h2 class=\"wp-block-heading\">Wielozadaniowy<\/h2>\n\n\n\n<p>Wybieraj\u0105c model&nbsp;<strong>MT1.25<\/strong>&nbsp;w konfiguracji z&nbsp;<strong>kosiark\u0105 piel\u0119gnacyjn\u0105<\/strong>, traktor staje si\u0119 maszyn\u0105 bezcenn\u0105 do koszenia du\u017cych powierzchni i utrzymania pi\u0119knego zadbanego trawnika. Kombinacja&nbsp;<strong>ci\u0105gnika&nbsp;MT1.25<\/strong>&nbsp;z&nbsp;<strong>\u0142adowaczem czo\u0142owym<\/strong>&nbsp;lub&nbsp;<strong>kopark\u0105<\/strong>&nbsp;daje nam jeszcze wi\u0119cej mo\u017cliwo\u015bci, czyni\u0105c nasz&nbsp;<strong>traktor<\/strong>&nbsp;wielofunkcyjnym.<\/p>\n\n\n\n<h3 class=\"wp-block-heading\">Mocny i Komfortowy<\/h3>\n\n\n\n<p>Model&nbsp;<strong>MT1.25<\/strong>&nbsp;to kompaktowy ci\u0105gnik zaliczany do klasy Premium. Pod mask\u0105 tej maszyny znajduje si\u0119 mocny, 3-cylindrowy silnik Diesel&nbsp;3TNV80F&nbsp;o mocy 24,7 KM. Gwarantuje on bardzo dobre parametry pracy i wysok\u0105 wydajno\u015b\u0107. Dodatkowo 4 wyj\u015bcia hydrauliczne umo\u017cliwiaj\u0105 pod\u0142\u0105czenie do traktora szerokiej gamy osprz\u0119tu.<\/p>\n\n\n\n<p>Wyposa\u017cenie modelu&nbsp;<strong>MT1.25<\/strong>&nbsp;w 3 \u2013 punktowy TUZ Kat I o ud\u017awigu&nbsp;450kg&nbsp;oraz tylny i&nbsp;mi\u0119dzy-osiowy&nbsp;wa\u0142ek WOM pozwalaj\u0105 na wszechstronne wykorzystanie&nbsp;<strong>traktora<\/strong>. Nap\u0119d na 4 ko\u0142a, wspomaganie kierownicy, a tak\u017ce \u0142atwa i wygodna w obs\u0142udze hydrostatyczna skrzynia bieg\u00f3w czyni\u0105 model&nbsp;<strong>MT1.25<\/strong>&nbsp;maszyn\u0105 idealn\u0105, stworzon\u0105 wed\u0142ug Twoich upodoba\u0144.<\/p>\n\n\n\n<h2 class=\"wp-block-heading\">LS MT 1.25 z wysokiej jako\u015bci kabin\u0105.<\/h2>\n\n\n\n<p><strong>Kabina<\/strong>&nbsp;zosta\u0142a bardzo solidnie wykonana, z zachowaniem najwy\u017cszych standard\u00f3w produkcji. Dzi\u0119ki&nbsp;<strong>kabinie<\/strong>&nbsp;model&nbsp;<strong>LS MT1.25<\/strong>&nbsp;staje si\u0119 maszyn\u0105, na kt\u00f3rej mo\u017cemy polega\u0107 w ka\u017cdych warunkach atmosferycznych!<\/p>\n\n\n\n<p><strong>Traktor z kabin\u0105<\/strong>&nbsp;zostaje wzbogacony dodatkowo o funkcj\u0119 ogrzewania tak istotn\u0105 podczas prac w sezonie zimowym.<\/p>\n\n\n\n<p>Dodatkowo&nbsp;<strong>kabina<\/strong>&nbsp;wyposa\u017cona jest w:<\/p>\n\n\n\n<ul class=\"wp-block-list\">\n<li>zamki w drzwiach,<\/li>\n\n\n\n<li>os\u0142on\u0119 przeciws\u0142oneczn\u0105,<\/li>\n\n\n\n<li>o\u015bwietlenie wewn\u0105trz kabiny,<\/li>\n\n\n\n<li>wyk\u0142adzin\u0119 (tworzywo sztuczne),<\/li>\n\n\n\n<li>radio<\/li>\n\n\n\n<li>wycieraczki przednie i tylne,<\/li>\n\n\n\n<li>zewn\u0119trzne o\u015bwietlenie LED (dwie lampy z przodu i dwie z ty\u0142u traktora),<\/li>\n\n\n\n<li>lusterka boczne (2szt.),<\/li>\n\n\n\n<li>nagrzewnic\u0119 w komplecie,<\/li>\n\n\n\n<li>w\u0119\u017ce do nagrzewnicy (2szt.),<\/li>\n\n\n\n<li>klimatyzacja &#8211; opcja.<\/li>\n<\/ul>\n\n\n\n<h2 class=\"wp-block-heading\">Decyduj\u0105c si\u0119 na model MT1.25, wybierasz nie tylko wysok\u0105 jako\u015b\u0107 wykonania, ale tak\u017ce komfort i bezpiecze\u0144stwo.<\/h2>\n\n\n\n<p>Firma&nbsp;<strong>LS&nbsp;Tractor<\/strong>&nbsp;wyposa\u017cy\u0142a t\u0119 wyj\u0105tkow\u0105 maszyn\u0119 w wygodny regulowany fotel z wysokim oparciem, pod\u0142okietnikami i amortyzacj\u0105, kt\u00f3ry wraz z&nbsp;ergonomicznie&nbsp;rozmieszczonymi d\u017awigniami zapewni\u0105 przyjemn\u0105 obs\u0142ug\u0119 maszyny.<\/p>\n\n\n\n<h2 class=\"wp-block-heading\">P\u0142ug do \u015bniegu strza\u0142kowy Vario 150 cm, hydrauliczny 4FARMER &#8211; Wygoda i precyzja<\/h2>\n\n\n\n<p>Lemiesz posiada szeroko\u015b\u0107 robocz\u0105 130 &#8211; 150 cm, mocowany jest na przedni TUZ traktora&nbsp;i wykonany jest z blachy malowanej proszkowo o grubo\u015bci 4 mm.<\/p>\n\n\n\n<p>\u00a0posiada sterowanie hydrauliczne za pomoc\u0105 dw\u00f3ch si\u0142ownik\u00f3w oraz elektrozaw\u00f3r. Dzi\u0119ki takiemu wyposa\u017ceniu mo\u017cemy wygodnie sterowa\u0107 p\u0142ugiem z pozycji siedzenia operatora za pomoc\u0105 jednego joysticka.<\/p>\n\n\n\n<h2 class=\"wp-block-heading\">Profesjonalne wyposa\u017cenie<\/h2>\n\n\n\n<p>Wa\u017cnym elementem zabezpieczaj\u0105cym s\u0105 cztery spr\u0119\u017cynowe bezpieczniki najazdowe, kt\u00f3re rozmieszczone na tylnej cz\u0119\u015bci lemiesza chroni\u0105 przed wywrotk\u0105 czy najechaniem na przeszkod\u0119.&nbsp;<\/p>\n\n\n\n<p>Dolna kraw\u0119d\u017a lemiesza posiada gumowe wzmocnienie o grubo\u015bci 20 mm i wysoko\u015bci 200 mm. Dzi\u0119ki takiemu zako\u0144czeniu mo\u017cemy pracowa\u0107 bez obawy o uszkodzenie nawierzchni. Dodatkowo&nbsp;<strong>p\u0142ug<\/strong>&nbsp;posiada na dw\u00f3ch g\u00f3rnych kraw\u0119dziach o\u015bwietlenie, co znacznie zwi\u0119ksza bezpiecze\u0144stwo pracy i poprawia widoczno\u015b\u0107.<\/p>\n\n\n\n<p>Aby poprawi\u0107&nbsp;stabilno\u015b\u0107 traktora oraz poprawi\u0107 wydajno\u015b\u0107 podczas pracy&nbsp;<strong>p\u0142ug do \u015bniegu<\/strong>&nbsp;wyposa\u017cony zosta\u0142 w dwa ko\u0142a o \u015brednicy 15 cm. Ich wysoko\u015b\u0107 jest regulowana.&nbsp;<\/p>\n\n\n\n<h2 class=\"wp-block-heading\">Ci\u0105gniki&nbsp;<strong>LS&nbsp;Tractor<\/strong>&nbsp;to nowoczesno\u015b\u0107, wysoki komfort pracy operatora i najwy\u017csza jako\u015b\u0107 wykonania.<\/h2>\n\n\n\n<p>*Zestaw zawiera:&nbsp;LS Tractor MT1.25 z kabin\u0105 QT oraz ko\u0142a industrialne + przedni TUZ, p\u0142ug strza\u0142kowy Vario 150 cm 4FARMER<\/p>\n\n\n\n<h4 class=\"wp-block-heading\">Specyfikacja<\/h4>\n\n\n\n<p>Stan<\/p>\n\n\n\n<p>Nowy<\/p>\n\n\n\n<p>Osprz\u0119t<\/p>\n\n\n\n<p>Przedni TUZ<br>P\u0142ug do \u015bniegu<\/p>\n\n\n\n<p>Kolor<\/p>\n\n\n\n<p>Niebieski<\/p>\n\n\n\n<p>Silnik<\/p>\n\n\n\n<p>3 &#8211; cylindrowy diesel ch\u0142odzony ciecz\u0105<br>z bezpo\u015brednim wtryskiem paliwa Delphi CRDI (Common Rail Direct Injection)<\/p>\n\n\n\n<p>Marka silnika<\/p>\n\n\n\n<p>Yanmar<\/p>\n\n\n\n<p>Model silnika<\/p>\n\n\n\n<p>Yanmar 3TNV80F<\/p>\n\n\n\n<p>Moc (KM\/HP)<\/p>\n\n\n\n<p>24.7<\/p>\n\n\n\n<p>Moc (kW)<\/p>\n\n\n\n<p>18.4<\/p>\n\n\n\n<p>Pojemno\u015b\u0107 silnika (cm3 \/ ccm)<\/p>\n\n\n\n<p>1267<\/p>\n\n\n\n<p>Liczba cylindr\u00f3w (szt.)<\/p>\n\n\n\n<p>3<\/p>\n\n\n\n<p>Znamionowa pr\u0119dko\u015b\u0107 obrotowa silnika (obr\/min)<\/p>\n\n\n\n<p>3000<\/p>\n\n\n\n<p>Moment obrotowy (Nm \/ rpm)<\/p>\n\n\n\n<p>65 \/ 2600<\/p>\n\n\n\n<p>Pojemno\u015b\u0107 zbiornika paliwa (L)<\/p>\n\n\n\n<p>25<\/p>\n\n\n\n<p>Nap\u0119d<\/p>\n\n\n\n<p>4&#215;4 4WD<\/p>\n\n\n\n<p>Skrzynia bieg\u00f3w<\/p>\n\n\n\n<p>Hydrostatyczna<\/p>\n\n\n\n<p>Rewers<\/p>\n\n\n\n<p>NIE<\/p>\n\n\n\n<p>Liczba bieg\u00f3w prz\u00f3d \/ ty\u0142<\/p>\n\n\n\n<p>2 \/ 2<\/p>\n\n\n\n<p>Pr\u0119dko\u015b\u0107 jazdy (km\/h)<\/p>\n\n\n\n<p>0 &#8211; 3.7 \/ 0 &#8211; 8.4 (wstecz)<br>0 &#8211; 5.9 \/ 0 &#8211; 14 (do przodu)<\/p>\n\n\n\n<p>Uk\u0142ad kierowniczy<\/p>\n\n\n\n<p>Hydrostatyczny<\/p>\n\n\n\n<p>Wspomaganie kierownicy<\/p>\n\n\n\n<p>TAK<\/p>\n\n\n\n<p>Dzielone hamulce<\/p>\n\n\n\n<p>NIE<\/p>\n\n\n\n<p>Blokada mechanizmu r\u00f3\u017cnicowego<\/p>\n\n\n\n<p>TAK<\/p>\n\n\n\n<p>WOM \/ PTO<\/p>\n\n\n\n<p>1 pr\u0119dko\u015b\u0107<br>540 (rpm)<br>Niezale\u017cny WOM\/PTO z mokrym sprz\u0119g\u0142em w\u0142\u0105czany pokr\u0119t\u0142em<\/p>\n\n\n\n<p>PTO (mi\u0119dzyosiowy)<\/p>\n\n\n\n<p>2500 obr\/min<\/p>\n\n\n\n<p>Moc WOM\/PTO (kW)<\/p>\n\n\n\n<p>11kW (17HP)<\/p>\n\n\n\n<p>TUZ<\/p>\n\n\n\n<p>3 &#8211; punktowy<br>KAT I<\/p>\n\n\n\n<p>Ud\u017awig TUZ na ko\u0144c\u00f3wkach kulowych (kg)<\/p>\n\n\n\n<p>450<\/p>\n\n\n\n<p>Wyj\u015bcia hydrauliczne (szt (EA) \/ liczba sekcji)<\/p>\n\n\n\n<p>4 \/ 2 (z przodu)<\/p>\n\n\n\n<p>Hydrauliczne poziomowanie tylnego zawieszenia<\/p>\n\n\n\n<p>NIE<\/p>\n\n\n\n<p>Tempomat<\/p>\n\n\n\n<p>TAK<\/p>\n\n\n\n<p>Fotel<\/p>\n\n\n\n<p>Komfortowy z wysokim oparciem i pod\u0142okietnikami<br>Regulowany<\/p>\n\n\n\n<p>Zaczep do przyczepy<\/p>\n\n\n\n<p>Dolny<\/p>\n\n\n\n<p>Typ opon (y)<\/p>\n\n\n\n<p>Industrialne<\/p>\n\n\n\n<p>Kabina<\/p>\n\n\n\n<p>Wyposa\u017cona w ogrzewanie<\/p>\n\n\n\n<p>D\u0142ugo\u015b\u0107 ca\u0142kowita (mm)<\/p>\n\n\n\n<p>2470<\/p>\n\n\n\n<p>Rozstaw osi (mm)<\/p>\n\n\n\n<p>1425<\/p>\n\n\n\n<p>Rozmiar opon prz\u00f3d \/ ty\u0142<\/p>\n\n\n\n<p>18 x 8.5 -10 \/ 26 x 12.00 -12<\/p>\n\n\n\n<p>Promie\u0144 skr\u0119tu ( mm )<\/p>\n\n\n\n<p>2400<\/p>\n\n\n\n<p>Hamulce<\/p>\n\n\n\n<p>Mokre<\/p>\n\n\n\n<p>Szeroko\u015b\u0107 ca\u0142kowita z oponami (mm)<\/p>\n\n\n\n<p>1200<\/p>\n\n\n\n<p>Prze\u015bwit (mm)<\/p>\n\n\n\n<p>160<\/p>\n\n\n\n<p>Maksymalny k\u0105t obrotu przedniego ko\u0142a ( \u00b0 )<\/p>\n\n\n\n<p>+\/- 54,5<\/p>\n\n\n\n<p>Alternator (Amp)<\/p>\n\n\n\n<p>12V-40A<\/p>\n\n\n\n<p>Ci\u015bnienie uk\u0142adu hydraulicznego (MPa\/bar)<\/p>\n\n\n\n<p>12.25 (1777.9 psi)<\/p>\n\n\n\n<p>Liczba obrot\u00f3w kierownicy (w prawo \/ w lewo)<\/p>\n\n\n\n<p>3 \/ 3<\/p>\n\n\n\n<p>Znamionowy przep\u0142yw oleju uk\u0142adu kierowniczego (l\/min)<\/p>\n\n\n\n<p>8 (2.1 GPM)<\/p>\n\n\n\n<p>Rodzaj \u015bwiec<\/p>\n\n\n\n<p>\u015awiece \u017carowe<\/p>\n\n\n\n<p>Regulacja rozstawu k\u00f3\u0142 PRZ\u00d3D (mm)<\/p>\n\n\n\n<p>Sta\u0142y, 916<\/p>\n\n\n\n<p>Regulacja rozstawu k\u00f3\u0142 TY\u0141 (mm)<\/p>\n\n\n\n<p>Sta\u0142y, 880<\/p>\n\n\n\n<p>Filtr powietrza<\/p>\n\n\n\n<p>Suchy wymienny element<\/p>\n\n\n\n<p>Wyposa\u017cenie ci\u0105gnika<\/p>\n\n\n\n<p>Kabina<\/p>\n\n\n\n<p>Wysoko\u015b\u0107 z kabin\u0105 (mm)<\/p>\n\n\n\n<p>2010<\/p>\n\n\n\n<p>Wydajno\u015b\u0107 pompy hydraulicznej (l\/min)<\/p>\n\n\n\n<p>25.4<\/p>","protected":false},"excerpt":{"rendered":"<div class=\"col-12 col-lg-4 page-product4-desc-single1\">\n<div class=\"title1\">\n<div class=\"col-6 col-sm-6 col-md-6 col-lg-6 single1\">\n<div class=\"single1-sz\">\n<div class=\"ico\">\u00a0<\/div>\n<div class=\"title1\">\n<p>Stan Nowy<\/p>\n<\/div>\n<\/div>\n<\/div>\n<div class=\"col-6 col-sm-6 col-md-6 col-lg-6 single1\">\n<div class=\"single1-sz\">\n<div class=\"title1\">\n<p>Moc (KM\/HP) 24.7<\/p>\n<\/div>\n<\/div>\n<\/div>\n<div class=\"col-6 col-sm-6 col-md-6 col-lg-6 single1\">\n<div class=\"single1-sz\">\n<div class=\"title1\">\n<p>Moc (kW) 18.4<\/p>\n<\/div>\n<\/div>\n<\/div>\n<div class=\"col-6 col-sm-6 col-md-6 col-lg-6 single1\">\n<div class=\"single1-sz\">\n<div class=\"title1\">\n<p>Nap\u0119d 4&#215;4 4WD<\/p>\n<\/div>\n<\/div>\n<\/div>\n<div class=\"col-6 col-sm-6 col-md-6 col-lg-6 single1\">\n<div class=\"single1-sz\">\n<div class=\"title1\">\n<p>Skrzynia bieg\u00f3w Hydrostatyczna<\/p>\n<\/div>\n<\/div>\n<\/div>\n<div class=\"col-6 col-sm-6 col-md-6 col-lg-6 single1\">\n<div class=\"single1-sz\">\n<div class=\"title1\">\n<p>Wspomaganie kierownicy TAK<\/p>\n<\/div>\n<\/div>\n<\/div>\n<div class=\"col-6 col-sm-6 col-md-6 col-lg-6 single1\">\n<div class=\"single1-sz\">\n<div class=\"title1\">\n<p>Zaczep do przyczepy Dolny<\/p>\n<\/div>\n<\/div>\n<\/div>\n<\/div>\n<\/div>","protected":false},"featured_media":7775,"comment_status":"open","ping_status":"closed","template":"","meta":[],"product_brand":[66],"product_cat":[58],"product_tag":[],"class_list":{"0":"post-7774","1":"product","2":"type-product","3":"status-publish","4":"has-post-thumbnail","6":"product_brand-ls-tractor","7":"product_cat-traktory","9":"first","10":"instock","11":"shipping-taxable","12":"purchasable","13":"product-type-simple"},"_links":{"self":[{"href":"https:\/\/plmaszyny.online\/en\/wp-json\/wp\/v2\/product\/7774","targetHints":{"allow":["GET"]}}],"collection":[{"href":"https:\/\/plmaszyny.online\/en\/wp-json\/wp\/v2\/product"}],"about":[{"href":"https:\/\/plmaszyny.online\/en\/wp-json\/wp\/v2\/types\/product"}],"replies":[{"embeddable":true,"href":"https:\/\/plmaszyny.online\/en\/wp-json\/wp\/v2\/comments?post=7774"}],"wp:featuredmedia":[{"embeddable":true,"href":"https:\/\/plmaszyny.online\/en\/wp-json\/wp\/v2\/media\/7775"}],"wp:attachment":[{"href":"https:\/\/plmaszyny.online\/en\/wp-json\/wp\/v2\/media?parent=7774"}],"wp:term":[{"taxonomy":"product_brand","embeddable":true,"href":"https:\/\/plmaszyny.online\/en\/wp-json\/wp\/v2\/product_brand?post=7774"},{"taxonomy":"product_cat","embeddable":true,"href":"https:\/\/plmaszyny.online\/en\/wp-json\/wp\/v2\/product_cat?post=7774"},{"taxonomy":"product_tag","embeddable":true,"href":"https:\/\/plmaszyny.online\/en\/wp-json\/wp\/v2\/product_tag?post=7774"}],"curies":[{"name":"wp","href":"https:\/\/api.w.org\/{rel}","templated":true}]}}