{"id":7770,"date":"2026-02-24T10:34:26","date_gmt":"2026-02-24T10:34:26","guid":{"rendered":"https:\/\/plmaszyny.online\/?post_type=product&#038;p=7770"},"modified":"2026-02-26T11:47:17","modified_gmt":"2026-02-26T11:47:17","slug":"ls-tractor-xj25-hst-4x4-24-4-km-ind-ladowacz-czolowy-ls-ll2101-plug-do-sniegu-prosty-sb140-140-cm-4farmer","status":"publish","type":"product","link":"https:\/\/plmaszyny.online\/en\/product\/ls-tractor-xj25-hst-4x4-24-4-km-ind-ladowacz-czolowy-ls-ll2101-plug-do-sniegu-prosty-sb140-140-cm-4farmer\/","title":{"rendered":"LS Tractor XJ25 HST 4&#215;4 &#8211; 24.4 KM \/ IND + \u0142adowacz czo\u0142owy LS LL2101 + p\u0142ug do \u015bniegu prosty SB140 140 cm 4FARMER"},"content":{"rendered":"<h2 class=\"wp-block-heading\">Ergonomiczna konstrukcja<\/h2>\n\n\n\n<p><strong>Ci\u0105gniki LS Tractor<\/strong>&nbsp;serii&nbsp;<strong>XJ<\/strong>&nbsp;to przede wszystkim idealne dopasowanie do Twoich potrzeb. To Ty wybierasz, jak b\u0119dzie wyposa\u017cony traktor, aby spe\u0142nia\u0142 wszystkie Twoje oczekiwania.<\/p>\n\n\n\n<p>Konstrukcja ci\u0105gnik\u00f3w&nbsp;<strong>LS Tractor<\/strong>&nbsp;zosta\u0142a zaprojektowana z my\u015bl\u0105 o wszechstronnym zastosowaniu. Maszyny te sprawdz\u0105 si\u0119 zar\u00f3wno w polu, ogrodzie, sadzie, plantacji, przy pracach transportowych oraz komunalnych. Dzi\u0119ki mo\u017cliwo\u015bciom konfiguracji&nbsp;<strong>ci\u0105gnika<\/strong>&nbsp;oraz dost\u0119pno\u015bci osprz\u0119tu dedykowanego do&nbsp;<strong>traktor\u00f3w LS<\/strong>, maszyna ta b\u0119dzie idealnym partnerem do pracy.<\/p>\n\n\n\n<p>Kombinacja&nbsp;<strong>ci\u0105gnika&nbsp;XJ25 z \u0142adowaczem<\/strong>&nbsp;czo\u0142owym daje nam jeszcze wi\u0119cej mo\u017cliwo\u015bci, czyni\u0105c nasz traktor wielofunkcyjnym.<\/p>\n\n\n\n<h2 class=\"wp-block-heading\">Mocny i Komfortowy<\/h2>\n\n\n\n<p>Model&nbsp;<strong>XJ25<\/strong>&nbsp;to kompaktowy&nbsp;<strong>ci\u0105gnik<\/strong>&nbsp;zaliczany do klasy Premium. Pod mask\u0105 tej maszyny znajduje si\u0119 3-cylindrowy silnik Diesel&nbsp;Mitsubishi&nbsp;S3L2-Z561GT&nbsp;o mocy 24,4 KM. Gwarantuje on bardzo dobre parametry pracy i wysok\u0105 wydajno\u015b\u0107. Dodatkowo 2 wyj\u015bcia hydrauliczne umo\u017cliwiaj\u0105 pod\u0142\u0105czenie do traktora szerokiej gamy osprz\u0119tu.<\/p>\n\n\n\n<p>Wyposa\u017cenie modelu&nbsp;<strong>XJ25<\/strong>&nbsp;w 3 \u2013 punktowy TUZ Kat I o ud\u017awigu&nbsp;650kg&nbsp;oraz tylny i mi\u0119dzyosiowy wa\u0142ek WOM pozwalaj\u0105 na wszechstronne wykorzystanie traktora. Nap\u0119d na 4 ko\u0142a, wspomaganie kierownicy, wygodne w\u0142\u0105czanie wa\u0142ka WOM oraz intuicyjnie rozmieszczone d\u017awignie steruj\u0105ce czyni\u0105&nbsp;traktor&nbsp;<strong>XJ25<\/strong>&nbsp;maszyn\u0105 idealn\u0105, stworzon\u0105 wed\u0142ug Twoich upodoba\u0144.<\/p>\n\n\n\n<p><strong>Model XJ25<\/strong>&nbsp;posiada skrzyni\u0119 bieg\u00f3w hydrostatyczn\u0105. To wyj\u0105tkowo komfortowa opcja, nie wymagaj\u0105ca dodatkowo r\u0119cznej zmiany bieg\u00f3w. Jest ona obs\u0142ugiwana dwoma peda\u0142ami F3 oraz R3, naciskaj\u0105c odpowiedni zmieniamy kierunek jazdy &#8211; do przodu lub w ty\u0142. Pozwala to na bardzo wygodn\u0105 jazd\u0119, podobn\u0105 jak jazda samochodem z automatyczn\u0105 skrzyni\u0105 bieg\u00f3w.<\/p>\n\n\n\n<h2 class=\"wp-block-heading\">\u0141adowacz czo\u0142owy LL2101 &#8211; TUR do ci\u0105gnika LS XJ25<\/h2>\n\n\n\n<p><strong>\u0141adowacz czo\u0142owy<\/strong>&nbsp;o symbolu&nbsp;<strong>LL2101<\/strong>&nbsp;to oryginalny, standardowy&nbsp;\u0142adowacz czo\u0142owy dedykowany&nbsp;dla ci\u0105gnik\u00f3w&nbsp;LS XJ25. \u0141adowacz czo\u0142owy tzw.&nbsp;<strong>TUR,<\/strong>&nbsp;dzi\u0119ki swojej bardzo wytrzyma\u0142ej konstrukcji i przemy\u015blanej budowie jest w stanie ud\u017awign\u0105\u0107 du\u017co wi\u0119kszy ci\u0119\u017car ni\u017c pozosta\u0142e ci\u0105gniki podobnej&nbsp;wielko\u015bci i mocy. Ud\u017awig \u0142adowacza to 500 kg. Jedn\u0105 z wielu zalet tego \u0142adowacza jest jego szybki monta\u017c i demonta\u017c na co pozwalaj\u0105 min. szybko z\u0142\u0105cza hydrauliczne oraz specjalne podpory do przechowywania.&nbsp;<\/p>\n\n\n\n<h3 class=\"wp-block-heading\">Bezpiecze\u0144stwo i komfort pracy<\/h3>\n\n\n\n<p>\u0141adowacz czo\u0142owy&nbsp;<strong>LS<\/strong>&nbsp;posiada&nbsp;<strong>zaw\u00f3r bezpiecze\u0144stwa<\/strong>, kt\u00f3ry w przypadku przeci\u0105\u017cenia \u0142adowacza nie pozwala na wy\u017csze uniesienia \u0142adunku. Automatyczna regulacja \u0142y\u017cki to kolejne udogodnienie i poprawa jako\u015bci pracy, automatyka ma na celu regulowanie po\u0142o\u017cenia \u0142y\u017cki podczas ruchu ramienia \u0142adowacza. Ci\u0105gniki, kt\u00f3re wyposa\u017cone s\u0105 w rozdzielacz hydrauliczny z sekcj\u0105 p\u0142ywaj\u0105ca maja do dyspozycji funkcje ochrony \u0142y\u017cki,&nbsp;funkcja automatycznie sk\u0142ada \u0142y\u017ck\u0119 po napotkaniu zbyt du\u017cej przeszkody. \u0141adowacz standardowo wyposa\u017cony zosta\u0142 w os\u0142on\u0119 zabezpieczaj\u0105ca uszkodzenie grilla.<\/p>\n\n\n\n<h2 class=\"wp-block-heading\">Najwa\u017cniejsze cechy \u0142adowacza LL2101 z hydraulik\u0105<\/h2>\n\n\n\n<ul class=\"wp-block-list\">\n<li>Ud\u017awig: 500 kg,<\/li>\n\n\n\n<li>Szeroko\u015b\u0107 \u0142y\u017cki: 1270 mm,<\/li>\n\n\n\n<li>Maksymalna wysoko\u015b\u0107 podnoszenia: 2132 mm, 1945&nbsp;mm (\u0142y\u017cka w pozycji poziomej), 1585 mm (\u0142y\u017cka maksymalnie opuszczona),<\/li>\n\n\n\n<li>Pojemno\u015b\u0107 \u0142y\u017cki: 0,19 m3,<\/li>\n\n\n\n<li>Dodatkowa sekcja rozdzielacza do obs\u0142ugi lemiesza<\/li>\n<\/ul>\n\n\n\n<h3 class=\"wp-block-heading\">P\u0142ug do \u015bniegu prosty SB140 140 cm z euroramk\u0105 4FARMER<\/h3>\n\n\n\n<p><strong>Najwa\u017cniejsze informacje<\/strong>:<\/p>\n\n\n\n<ul class=\"wp-block-list\">\n<li>szeroko\u015b\u0107 lemiesza: 1400 mm,<\/li>\n\n\n\n<li>wysoko\u015b\u0107: 600 mm,<\/li>\n\n\n\n<li>waga: 70 kg,<\/li>\n\n\n\n<li>sterowany hydraulicznie,<\/li>\n\n\n\n<li>minimalna wymagana moc ci\u0105gnika: 15KM.<\/li>\n<\/ul>\n\n\n\n<p>*Poni\u017csza specyfikacja dotyczy ci\u0105gnika.<\/p>\n\n\n\n<h4 class=\"wp-block-heading\">Specyfikacja<\/h4>\n\n\n\n<p style=\"line-height:1.4\">Stan<\/p>\n\n\n\n<p style=\"line-height:1.4\">Nowy<\/p>\n\n\n\n<p style=\"line-height:1.4\">Osprz\u0119t<\/p>\n\n\n\n<p style=\"line-height:1.4\">P\u0142ug do \u015bniegu<br>\u0141adowacz czo\u0142owy TUR<\/p>\n\n\n\n<p style=\"line-height:1.4\">Silnik<\/p>\n\n\n\n<p style=\"line-height:1.4\">3 &#8211; cylindrowy diesel ch\u0142odzony ciecz\u0105<br>Wysokopr\u0119\u017cny<br>z bezpo\u015brednim wtryskiem paliwa<\/p>\n\n\n\n<p style=\"line-height:1.4\">Marka silnika<\/p>\n\n\n\n<p style=\"line-height:1.4\">Mitsubishi<\/p>\n\n\n\n<p style=\"line-height:1.4\">Model silnika<\/p>\n\n\n\n<p style=\"line-height:1.4\">Mitsubishi S3L2-Z561GT TIER V<\/p>\n\n\n\n<p style=\"line-height:1.4\">Moc (KM\/HP)<\/p>\n\n\n\n<p style=\"line-height:1.4\">24.4<\/p>\n\n\n\n<p style=\"line-height:1.4\">Moc (kW)<\/p>\n\n\n\n<p style=\"line-height:1.4\">18.2<\/p>\n\n\n\n<p style=\"line-height:1.4\">Pojemno\u015b\u0107 silnika (cm3 \/ ccm)<\/p>\n\n\n\n<p style=\"line-height:1.4\">1318<\/p>\n\n\n\n<p style=\"line-height:1.4\">Liczba cylindr\u00f3w (szt.)<\/p>\n\n\n\n<p style=\"line-height:1.4\">3<\/p>\n\n\n\n<p style=\"line-height:1.4\">Znamionowa pr\u0119dko\u015b\u0107 obrotowa silnika (obr\/min)<\/p>\n\n\n\n<p style=\"line-height:1.4\">2700<\/p>\n\n\n\n<p style=\"line-height:1.4\">Moment obrotowy (Nm \/ rpm)<\/p>\n\n\n\n<p style=\"line-height:1.4\">70.8 \/ 2200<\/p>\n\n\n\n<p style=\"line-height:1.4\">Pojemno\u015b\u0107 zbiornika paliwa (L)<\/p>\n\n\n\n<p style=\"line-height:1.4\">25<\/p>\n\n\n\n<p style=\"line-height:1.4\">Nap\u0119d<\/p>\n\n\n\n<p style=\"line-height:1.4\">4&#215;4 4WD<\/p>\n\n\n\n<p style=\"line-height:1.4\">Skrzynia bieg\u00f3w<\/p>\n\n\n\n<p style=\"line-height:1.4\">Hydrostatyczna<\/p>\n\n\n\n<p style=\"line-height:1.4\">Rewers<\/p>\n\n\n\n<p style=\"line-height:1.4\">NIE<\/p>\n\n\n\n<p style=\"line-height:1.4\">Liczba bieg\u00f3w prz\u00f3d \/ ty\u0142<\/p>\n\n\n\n<p style=\"line-height:1.4\">2 \/ 2<\/p>\n\n\n\n<p style=\"line-height:1.4\">Pr\u0119dko\u015b\u0107 jazdy (km\/h)<\/p>\n\n\n\n<p style=\"line-height:1.4\">0 ~ 12 (wstecz)<br>0 ~ 15.7 (do przodu)<\/p>\n\n\n\n<p style=\"line-height:1.4\">Uk\u0142ad kierowniczy<\/p>\n\n\n\n<p style=\"line-height:1.4\">Hydrostatyczny<\/p>\n\n\n\n<p style=\"line-height:1.4\">Wspomaganie kierownicy<\/p>\n\n\n\n<p style=\"line-height:1.4\">TAK<\/p>\n\n\n\n<p style=\"line-height:1.4\">Dzielone hamulce<\/p>\n\n\n\n<p style=\"line-height:1.4\">NIE<\/p>\n\n\n\n<p style=\"line-height:1.4\">Blokada mechanizmu r\u00f3\u017cnicowego<\/p>\n\n\n\n<p style=\"line-height:1.4\">TAK<\/p>\n\n\n\n<p style=\"line-height:1.4\">WOM \/ PTO<\/p>\n\n\n\n<p style=\"line-height:1.4\">1 pr\u0119dko\u015b\u0107<br>540 (rpm)<br>Niezale\u017cny WOM\/PTO z mokrym sprz\u0119g\u0142em w\u0142\u0105czany pokr\u0119t\u0142em<\/p>\n\n\n\n<p style=\"line-height:1.4\">PTO (mi\u0119dzyosiowy)<\/p>\n\n\n\n<p style=\"line-height:1.4\">2000 obr\/min<\/p>\n\n\n\n<p style=\"line-height:1.4\">TUZ<\/p>\n\n\n\n<p style=\"line-height:1.4\">3 &#8211; punktowy<br>KAT I<\/p>\n\n\n\n<p style=\"line-height:1.4\">Ud\u017awig TUZ na ko\u0144c\u00f3wkach kulowych (kg)<\/p>\n\n\n\n<p style=\"line-height:1.4\">650<\/p>\n\n\n\n<p style=\"line-height:1.4\">Wyj\u015bcia hydrauliczne (szt (EA) \/ liczba sekcji)<\/p>\n\n\n\n<p style=\"line-height:1.4\">2 \/ 1 (z przodu)<\/p>\n\n\n\n<p style=\"line-height:1.4\">Hydrauliczne poziomowanie tylnego zawieszenia<\/p>\n\n\n\n<p style=\"line-height:1.4\">NIE<\/p>\n\n\n\n<p style=\"line-height:1.4\">Tempomat<\/p>\n\n\n\n<p style=\"line-height:1.4\">TAK<\/p>\n\n\n\n<p style=\"line-height:1.4\">Fotel<\/p>\n\n\n\n<p style=\"line-height:1.4\">Komfortowy z wysokim oparciem<br>Regulowany<\/p>\n\n\n\n<p style=\"line-height:1.4\">Zaczep do przyczepy<\/p>\n\n\n\n<p style=\"line-height:1.4\">Dolny<\/p>\n\n\n\n<p style=\"line-height:1.4\">Typ opon (y)<\/p>\n\n\n\n<p style=\"line-height:1.4\">Industrialne<\/p>\n\n\n\n<p style=\"line-height:1.4\">D\u0142ugo\u015b\u0107 ca\u0142kowita (mm)<\/p>\n\n\n\n<p style=\"line-height:1.4\">2742<\/p>\n\n\n\n<p style=\"line-height:1.4\">Wysoko\u015b\u0107 do kraw\u0119dzi pa\u0142\u0105ka ROPS (mm)<\/p>\n\n\n\n<p style=\"line-height:1.4\">2458<\/p>\n\n\n\n<p style=\"line-height:1.4\">Rozstaw osi (mm)<\/p>\n\n\n\n<p style=\"line-height:1.4\">1500<\/p>\n\n\n\n<p style=\"line-height:1.4\">Rozmiar opon prz\u00f3d \/ ty\u0142<\/p>\n\n\n\n<p style=\"line-height:1.4\">23&#215;8.50-12 \/ 305\/70-16.5<\/p>\n\n\n\n<p style=\"line-height:1.4\">Promie\u0144 skr\u0119tu ( mm )<\/p>\n\n\n\n<p style=\"line-height:1.4\">2200<\/p>\n\n\n\n<p style=\"line-height:1.4\">Waga (kg)<\/p>\n\n\n\n<p style=\"line-height:1.4\">890<\/p>\n\n\n\n<p style=\"line-height:1.4\">Sprz\u0119g\u0142o<\/p>\n\n\n\n<p style=\"line-height:1.4\">Suche, jednotarczowe<\/p>\n\n\n\n<p style=\"line-height:1.4\">Hamulce<\/p>\n\n\n\n<p style=\"line-height:1.4\">Mechaniczne<br>Mokre<br>Wielotarczowe<\/p>\n\n\n\n<p style=\"line-height:1.4\">Szeroko\u015b\u0107 ca\u0142kowita z oponami (mm)<\/p>\n\n\n\n<p style=\"line-height:1.4\">1240<\/p>\n\n\n\n<p style=\"line-height:1.4\">Prze\u015bwit (mm)<\/p>\n\n\n\n<p style=\"line-height:1.4\">285<\/p>\n\n\n\n<p style=\"line-height:1.4\">Maksymalny k\u0105t obrotu przedniego ko\u0142a ( \u00b0 )<\/p>\n\n\n\n<p style=\"line-height:1.4\">+ \/ &#8211; 47<\/p>\n\n\n\n<p style=\"line-height:1.4\">Alternator (Amp)<\/p>\n\n\n\n<p style=\"line-height:1.4\">12V-50A<\/p>\n\n\n\n<p style=\"line-height:1.4\">Ci\u015bnienie uk\u0142adu hydraulicznego (MPa\/bar)<\/p>\n\n\n\n<p style=\"line-height:1.4\">15 (2175.5 psi)<\/p>\n\n\n\n<p style=\"line-height:1.4\">Liczba obrot\u00f3w kierownicy (w prawo \/ w lewo)<\/p>\n\n\n\n<p style=\"line-height:1.4\">3 \/ 3<\/p>\n\n\n\n<p style=\"line-height:1.4\">Znamionowy przep\u0142yw oleju uk\u0142adu kierowniczego (l\/min)<\/p>\n\n\n\n<p style=\"line-height:1.4\">9.5~11 (2.5~2.9 GPM)<\/p>\n\n\n\n<p style=\"line-height:1.4\">Rodzaj \u015bwiec<\/p>\n\n\n\n<p style=\"line-height:1.4\">\u015awiece \u017carowe<\/p>\n\n\n\n<p style=\"line-height:1.4\">Regulacja rozstawu k\u00f3\u0142 PRZ\u00d3D (mm)<\/p>\n\n\n\n<p style=\"line-height:1.4\">Sta\u0142y, 909<\/p>\n\n\n\n<p style=\"line-height:1.4\">Regulacja rozstawu k\u00f3\u0142 TY\u0141 (mm)<\/p>\n\n\n\n<p style=\"line-height:1.4\">Sta\u0142y, 856<\/p>\n\n\n\n<p style=\"line-height:1.4\">Filtr powietrza<\/p>\n\n\n\n<p style=\"line-height:1.4\">Suchy wymienny element<\/p>\n\n\n\n<p style=\"line-height:1.4\">Wyposa\u017cenie ci\u0105gnika<\/p>\n\n\n\n<p style=\"line-height:1.4\">Pa\u0142\u0105k bezpiecze\u0144stwa (ROPS)<\/p>\n\n\n\n<p style=\"line-height:1.4\">Wydajno\u015b\u0107 pompy hydraulicznej (l\/min)<\/p>\n\n\n\n<p style=\"line-height:1.4\">21.4~22.9<\/p>\n\n\n\n<p><\/p>","protected":false},"excerpt":{"rendered":"<div class=\"col-6 col-sm-6 col-md-6 col-lg-6 single1\">\n<div class=\"single1-sz\">\n<div class=\"ico\">\u00a0<\/div>\n<div class=\"title1\">\n<p>Stan Nowy<\/p>\n<\/div>\n<\/div>\n<\/div>\n<div class=\"col-6 col-sm-6 col-md-6 col-lg-6 single1\">\n<div class=\"single1-sz\">\n<div class=\"title1\">\n<p>Moc (KM\/HP) 24.4<\/p>\n<\/div>\n<\/div>\n<\/div>\n<div class=\"col-6 col-sm-6 col-md-6 col-lg-6 single1\">\n<div class=\"single1-sz\">\n<div class=\"title1\">\n<p>Moc (kW) 18.2<\/p>\n<\/div>\n<\/div>\n<\/div>\n<div class=\"col-6 col-sm-6 col-md-6 col-lg-6 single1\">\n<div class=\"single1-sz\">\n<div class=\"title1\">\n<p>Nap\u0119d 4&#215;4 4WD<\/p>\n<\/div>\n<\/div>\n<\/div>\n<div class=\"col-6 col-sm-6 col-md-6 col-lg-6 single1\">\n<div class=\"single1-sz\">\n<div class=\"title1\">\n<p>Skrzynia bieg\u00f3w Hydrostatyczna<\/p>\n<\/div>\n<\/div>\n<\/div>\n<div class=\"col-6 col-sm-6 col-md-6 col-lg-6 single1\">\n<div class=\"single1-sz\">\n<div class=\"title1\">\n<p>Wspomaganie kierownicy TAK<\/p>\n<\/div>\n<\/div>\n<\/div>\n<div class=\"col-6 col-sm-6 col-md-6 col-lg-6 single1\">\n<div class=\"single1-sz\">\n<div class=\"title1\">\n<p>Zaczep do przyczepy Dolny<\/p>\n<\/div>\n<\/div>\n<\/div>\n<div class=\"col-6 col-sm-6 col-md-6 col-lg-6 single1\">\n<div class=\"single1-sz\">\n<div class=\"title1\">\n<p>Waga (kg) 890<\/p>\n<\/div>\n<\/div>\n<\/div>","protected":false},"featured_media":7773,"comment_status":"open","ping_status":"closed","template":"","meta":[],"product_brand":[66],"product_cat":[58],"product_tag":[],"class_list":{"0":"post-7770","1":"product","2":"type-product","3":"status-publish","4":"has-post-thumbnail","6":"product_brand-ls-tractor","7":"product_cat-traktory","9":"first","10":"instock","11":"shipping-taxable","12":"purchasable","13":"product-type-simple"},"_links":{"self":[{"href":"https:\/\/plmaszyny.online\/en\/wp-json\/wp\/v2\/product\/7770","targetHints":{"allow":["GET"]}}],"collection":[{"href":"https:\/\/plmaszyny.online\/en\/wp-json\/wp\/v2\/product"}],"about":[{"href":"https:\/\/plmaszyny.online\/en\/wp-json\/wp\/v2\/types\/product"}],"replies":[{"embeddable":true,"href":"https:\/\/plmaszyny.online\/en\/wp-json\/wp\/v2\/comments?post=7770"}],"wp:featuredmedia":[{"embeddable":true,"href":"https:\/\/plmaszyny.online\/en\/wp-json\/wp\/v2\/media\/7773"}],"wp:attachment":[{"href":"https:\/\/plmaszyny.online\/en\/wp-json\/wp\/v2\/media?parent=7770"}],"wp:term":[{"taxonomy":"product_brand","embeddable":true,"href":"https:\/\/plmaszyny.online\/en\/wp-json\/wp\/v2\/product_brand?post=7770"},{"taxonomy":"product_cat","embeddable":true,"href":"https:\/\/plmaszyny.online\/en\/wp-json\/wp\/v2\/product_cat?post=7770"},{"taxonomy":"product_tag","embeddable":true,"href":"https:\/\/plmaszyny.online\/en\/wp-json\/wp\/v2\/product_tag?post=7770"}],"curies":[{"name":"wp","href":"https:\/\/api.w.org\/{rel}","templated":true}]}}