{"id":7761,"date":"2026-02-24T10:28:18","date_gmt":"2026-02-24T10:28:18","guid":{"rendered":"https:\/\/plmaszyny.online\/?post_type=product&#038;p=7761"},"modified":"2026-02-26T12:00:32","modified_gmt":"2026-02-26T12:00:32","slug":"ls-tractor-xj25-hst-4x4-24-4-km-ind-zamiatarka-120-cm-z-koszem-pojemnikiem-nawadniajacym-i-boczna-szczotka-4farmer","status":"publish","type":"product","link":"https:\/\/plmaszyny.online\/en\/product\/ls-tractor-xj25-hst-4x4-24-4-km-ind-zamiatarka-120-cm-z-koszem-pojemnikiem-nawadniajacym-i-boczna-szczotka-4farmer\/","title":{"rendered":"LS Tractor XJ25 HST 4&#215;4 &#8211; 24.4 KM \/ IND + zamiatarka 120 cm z koszem, pojemnikiem nawadniaj\u0105cym i boczn\u0105 szczotk\u0105 4FARMER"},"content":{"rendered":"<h2 class=\"wp-block-heading\">Ergonomiczna konstrukcja<\/h2>\n\n\n\n<p><strong>Ci\u0105gniki LS Tractor<\/strong>&nbsp;serii&nbsp;<strong>XJ<\/strong>&nbsp;to przede wszystkim idealne dopasowanie do Twoich potrzeb. To Ty wybierasz, jak b\u0119dzie wyposa\u017cony traktor, aby spe\u0142nia\u0142 wszystkie Twoje oczekiwania.<\/p>\n\n\n\n<p>Konstrukcja ci\u0105gnik\u00f3w&nbsp;<strong>LS Tractor<\/strong>&nbsp;zosta\u0142a zaprojektowana z my\u015bl\u0105 o wszechstronnym zastosowaniu. Maszyny te sprawdz\u0105 si\u0119 zar\u00f3wno w polu, ogrodzie, sadzie, plantacji, przy pracach transportowych oraz komunalnych. Dzi\u0119ki mo\u017cliwo\u015bciom konfiguracji&nbsp;<strong>ci\u0105gnika<\/strong>&nbsp;oraz dost\u0119pno\u015bci osprz\u0119tu dedykowanego do&nbsp;<strong>traktor\u00f3w LS<\/strong>, maszyna ta b\u0119dzie idealnym partnerem do pracy.<\/p>\n\n\n\n<h3 class=\"wp-block-heading\"><\/h3>\n\n\n\n<p>Kombinacja&nbsp;<strong>ci\u0105gnika&nbsp;XJ25 z \u0142adowaczem<\/strong>&nbsp;czo\u0142owym daje nam jeszcze wi\u0119cej mo\u017cliwo\u015bci, czyni\u0105c nasz traktor wielofunkcyjnym.<\/p>\n\n\n\n<h2 class=\"wp-block-heading\">Mocny i Komfortowy<\/h2>\n\n\n\n<p>Model&nbsp;<strong>XJ25<\/strong>&nbsp;to kompaktowy&nbsp;<strong>ci\u0105gnik<\/strong>&nbsp;zaliczany do klasy Premium. Pod mask\u0105 tej maszyny znajduje si\u0119 3-cylindrowy silnik Diesel&nbsp;Mitsubishi&nbsp;S3L2-Z561GT&nbsp;o mocy 24,4 KM. Gwarantuje on bardzo dobre parametry pracy i wysok\u0105 wydajno\u015b\u0107. Dodatkowo 2 wyj\u015bcia hydrauliczne umo\u017cliwiaj\u0105 pod\u0142\u0105czenie do traktora szerokiej gamy osprz\u0119tu.<\/p>\n\n\n\n<p>Wyposa\u017cenie modelu&nbsp;<strong>XJ25<\/strong>&nbsp;w 3 \u2013 punktowy TUZ Kat I o ud\u017awigu&nbsp;650kg&nbsp;oraz tylny i mi\u0119dzyosiowy wa\u0142ek WOM pozwalaj\u0105 na wszechstronne wykorzystanie traktora. Nap\u0119d na 4 ko\u0142a, wspomaganie kierownicy, wygodne w\u0142\u0105czanie wa\u0142ka WOM oraz intuicyjnie rozmieszczone d\u017awignie steruj\u0105ce czyni\u0105&nbsp;traktor&nbsp;<strong>XJ25<\/strong>&nbsp;maszyn\u0105 idealn\u0105, stworzon\u0105 wed\u0142ug Twoich upodoba\u0144.<\/p>\n\n\n\n<p><strong>Model XJ25<\/strong>&nbsp;posiada skrzyni\u0119 bieg\u00f3w hydrostatyczn\u0105. To wyj\u0105tkowo komfortowa opcja, nie wymagaj\u0105ca dodatkowo r\u0119cznej zmiany bieg\u00f3w. Jest ona obs\u0142ugiwana dwoma peda\u0142ami F3 oraz R3, naciskaj\u0105c odpowiedni zmieniamy kierunek jazdy &#8211; do przodu lub w ty\u0142. Pozwala to na bardzo wygodn\u0105 jazd\u0119, podobn\u0105 jak jazda samochodem z automatyczn\u0105 skrzyni\u0105 bieg\u00f3w.<\/p>\n\n\n\n<h2 class=\"wp-block-heading\">W jaki spos\u00f3b dzia\u0142a zamiatarka?<\/h2>\n\n\n\n<p>Mechanizmem czyszcz\u0105cym jest walec, na kt\u00f3rym umieszczone jest g\u0119ste w\u0142osie wykonane z polipropylenu. Jest on nap\u0119dzany moc\u0105 przekazywan\u0105 z ci\u0105gnika.&nbsp;<strong>Zamiatarka<\/strong>&nbsp;wyposa\u017cona jest w kosz umieszczony za walcem. Walec obracaj\u0105c si\u0119,&nbsp;usuwa zanieczyszczenia, gromadz\u0105c je do kosza. Pojemnik ten otwierany jest hydraulicznie za pomoc\u0105 si\u0142ownika hydraulicznego (wymagane wyj\u015bcia hydrauliczne z ci\u0105gnika).&nbsp;<\/p>\n\n\n\n<h3 class=\"wp-block-heading\">Maszyna do zada\u0144 specjalnych<\/h3>\n\n\n\n<p>Dodatkowo&nbsp;<strong>zamiatarka<\/strong>&nbsp;rozbudowana jest o&nbsp;<strong>pojemnik na wod\u0119<\/strong>&nbsp;oraz boczn\u0105 szczotk\u0119. Decyduj\u0105c si\u0119 na taki zestaw, podczas pracy z zamiatark\u0105 posiadaj\u0105c\u0105 zbiornik na wod\u0119 ograniczamy ilo\u015b\u0107 unosz\u0105cych si\u0119 py\u0142\u00f3w oraz zanieczyszcze\u0144. Zraszanie wod\u0105 pozwala tak\u017ce na skuteczniejsze usuni\u0119cie zabrudze\u0144 z powierzchni.<\/p>\n\n\n\n<p><strong>Boczna szczotka<\/strong>&nbsp;natomiast umieszczona jest na regulowanym ramieniu, zagarnia ona nieczysto\u015bci z powierzchni i&nbsp;zakamark\u00f3w, do kt\u00f3rych&nbsp;nie ma dost\u0119pu&nbsp;<strong>wa\u0142 zamiatarki<\/strong>. Najcz\u0119\u015bciej s\u0105 to miejsca przy kraw\u0119\u017cnikach, \u015bcianach, rega\u0142ach.&nbsp;<strong>Szczotka boczna<\/strong>&nbsp;zamontowana jest z prawej strony&nbsp;<strong>zamiatarki<\/strong>.<\/p>\n\n\n\n<ul class=\"wp-block-list\">\n<li>W\u0142osie szczotki bocznej wykonane jest z dw\u00f3ch rodzaj\u00f3w\u00a0materia\u0142u \u2014 w\u0142osi\u00a0polipropylenowych oraz w\u0142osi drucianych,<\/li>\n\n\n\n<li>\u015arednica szczotki bocznej to 50 cm,<\/li>\n\n\n\n<li>Mo\u017cliwo\u015b\u0107 regulacji ustawienia szczotki w trzech p\u0142aszczyznach.<\/li>\n<\/ul>\n\n\n\n<p>Wartym uwagi atutem jest reakcja szczotki przy napotkaniu przeszkody \u2013 szczotka cofa si\u0119 i nast\u0119pnie wraca do pierwotnej pozycji po omini\u0119ciu przeszkody. Prawid\u0142owo ustawiona&nbsp;<strong>szczotka boczna<\/strong>&nbsp;(czo\u0142o szczotki) powinna by\u0107 lekko pochylona do przodu. Odpowiednie ustawienie wysoko\u015bci oraz k\u0105ta pracy&nbsp;<strong>szczotki bocznej<\/strong>&nbsp;zwi\u0119kszy skuteczno\u015b\u0107 wymiatania, oraz&nbsp;ograniczy nadmierne zu\u017cycie szczotki.<\/p>\n\n\n\n<p>Skuteczn\u0105 prac\u0119&nbsp;<strong>zamiatarki do ci\u0105gnika<\/strong>&nbsp;zapewniaj\u0105 ko\u0142a prowadz\u0105ce, umo\u017cliwiaj\u0105ce odpowiednie ustawienie&nbsp;<strong>zamiatarki<\/strong>&nbsp;do&nbsp;powierzchni, na jakiej&nbsp;pracujemy. Nale\u017cy pami\u0119ta\u0107, \u017ce zbyt du\u017cy docisk w\u0142osia do powierzchni czyszczonej b\u0119dzie powodowa\u0107 nadmierne jego zu\u017cywanie.<\/p>\n\n\n\n<h2 class=\"wp-block-heading\">Decyduj\u0105c si\u0119 na model XJ25, wybierasz nie tylko wysok\u0105 jako\u015b\u0107 wykonania, ale tak\u017ce komfort i bezpiecze\u0144stwo.<\/h2>\n\n\n\n<h4 class=\"wp-block-heading\">Specyfikacja<\/h4>\n\n\n\n<p>Stan<\/p>\n\n\n\n<p>Nowy<\/p>\n\n\n\n<p>Osprz\u0119t<\/p>\n\n\n\n<p>Zamiatarka<\/p>\n\n\n\n<p>Silnik<\/p>\n\n\n\n<p>3 &#8211; cylindrowy diesel ch\u0142odzony ciecz\u0105<br>Wysokopr\u0119\u017cny<br>z bezpo\u015brednim wtryskiem paliwa<\/p>\n\n\n\n<p>Marka silnika<\/p>\n\n\n\n<p>Mitsubishi<\/p>\n\n\n\n<p>Model silnika<\/p>\n\n\n\n<p>Mitsubishi S3L2-Z561GT TIER V<\/p>\n\n\n\n<p>Moc (KM\/HP)<\/p>\n\n\n\n<p>24.4<\/p>\n\n\n\n<p>Moc (kW)<\/p>\n\n\n\n<p>18.2<\/p>\n\n\n\n<p>Pojemno\u015b\u0107 silnika (cm3 \/ ccm)<\/p>\n\n\n\n<p>1318<\/p>\n\n\n\n<p>Liczba cylindr\u00f3w (szt.)<\/p>\n\n\n\n<p>3<\/p>\n\n\n\n<p>Znamionowa pr\u0119dko\u015b\u0107 obrotowa silnika (obr\/min)<\/p>\n\n\n\n<p>2700<\/p>\n\n\n\n<p>Moment obrotowy (Nm \/ rpm)<\/p>\n\n\n\n<p>70.8 \/ 2200<\/p>\n\n\n\n<p>Pojemno\u015b\u0107 zbiornika paliwa (L)<\/p>\n\n\n\n<p>25<\/p>\n\n\n\n<p>Nap\u0119d<\/p>\n\n\n\n<p>4&#215;4 4WD<\/p>\n\n\n\n<p>Skrzynia bieg\u00f3w<\/p>\n\n\n\n<p>Hydrostatyczna<\/p>\n\n\n\n<p>Rewers<\/p>\n\n\n\n<p>NIE<\/p>\n\n\n\n<p>Liczba bieg\u00f3w prz\u00f3d \/ ty\u0142<\/p>\n\n\n\n<p>2 \/ 2<\/p>\n\n\n\n<p>Pr\u0119dko\u015b\u0107 jazdy (km\/h)<\/p>\n\n\n\n<p>0 ~ 12 (wstecz)<br>0 ~ 15.7 (do przodu)<\/p>\n\n\n\n<p>Uk\u0142ad kierowniczy<\/p>\n\n\n\n<p>Hydrostatyczny<\/p>\n\n\n\n<p>Wspomaganie kierownicy<\/p>\n\n\n\n<p>TAK<\/p>\n\n\n\n<p>Dzielone hamulce<\/p>\n\n\n\n<p>NIE<\/p>\n\n\n\n<p>Blokada mechanizmu r\u00f3\u017cnicowego<\/p>\n\n\n\n<p>TAK<\/p>\n\n\n\n<p>WOM \/ PTO<\/p>\n\n\n\n<p>1 pr\u0119dko\u015b\u0107<br>540 (rpm)<br>Niezale\u017cny WOM\/PTO z mokrym sprz\u0119g\u0142em w\u0142\u0105czany pokr\u0119t\u0142em<\/p>\n\n\n\n<p>PTO (mi\u0119dzyosiowy)<\/p>\n\n\n\n<p>2000 obr\/min<\/p>\n\n\n\n<p>TUZ<\/p>\n\n\n\n<p>3 &#8211; punktowy<br>KAT I<\/p>\n\n\n\n<p>Ud\u017awig TUZ na ko\u0144c\u00f3wkach kulowych (kg)<\/p>\n\n\n\n<p>650<\/p>\n\n\n\n<p>Wyj\u015bcia hydrauliczne (szt (EA) \/ liczba sekcji)<\/p>\n\n\n\n<p>2 \/ 1 (z ty\u0142u)<\/p>\n\n\n\n<p>Hydrauliczne poziomowanie tylnego zawieszenia<\/p>\n\n\n\n<p>NIE<\/p>\n\n\n\n<p>Tempomat<\/p>\n\n\n\n<p>TAK<\/p>\n\n\n\n<p>Fotel<\/p>\n\n\n\n<p>Komfortowy z wysokim oparciem<br>Regulowany<\/p>\n\n\n\n<p>Zaczep do przyczepy<\/p>\n\n\n\n<p>Dolny<\/p>\n\n\n\n<p>Typ opon (y)<\/p>\n\n\n\n<p>Industrialne<\/p>\n\n\n\n<p>D\u0142ugo\u015b\u0107 ca\u0142kowita (mm)<\/p>\n\n\n\n<p>2742<\/p>\n\n\n\n<p>Wysoko\u015b\u0107 do kraw\u0119dzi pa\u0142\u0105ka ROPS (mm)<\/p>\n\n\n\n<p>2458<\/p>\n\n\n\n<p>Rozstaw osi (mm)<\/p>\n\n\n\n<p>1500<\/p>\n\n\n\n<p>Rozmiar opon prz\u00f3d \/ ty\u0142<\/p>\n\n\n\n<p>23&#215;8.50-12 \/ 305\/70-16.5<\/p>\n\n\n\n<p>Promie\u0144 skr\u0119tu ( mm )<\/p>\n\n\n\n<p>2200<\/p>\n\n\n\n<p>Waga (kg)<\/p>\n\n\n\n<p>890<\/p>\n\n\n\n<p>Sprz\u0119g\u0142o<\/p>\n\n\n\n<p>Suche, jednotarczowe<\/p>\n\n\n\n<p>Hamulce<\/p>\n\n\n\n<p>Mechaniczne<br>Mokre<br>Wielotarczowe<\/p>\n\n\n\n<p>Szeroko\u015b\u0107 ca\u0142kowita z oponami (mm)<\/p>\n\n\n\n<p>1240<\/p>\n\n\n\n<p>Prze\u015bwit (mm)<\/p>\n\n\n\n<p>285<\/p>\n\n\n\n<p>Maksymalny k\u0105t obrotu przedniego ko\u0142a ( \u00b0 )<\/p>\n\n\n\n<p>+ \/ &#8211; 47<\/p>\n\n\n\n<p>Alternator (Amp)<\/p>\n\n\n\n<p>12V-50A<\/p>\n\n\n\n<p>Ci\u015bnienie uk\u0142adu hydraulicznego (MPa\/bar)<\/p>\n\n\n\n<p>15 (2175.5 psi)<\/p>\n\n\n\n<p>Liczba obrot\u00f3w kierownicy (w prawo \/ w lewo)<\/p>\n\n\n\n<p>3 \/ 3<\/p>\n\n\n\n<p>Znamionowy przep\u0142yw oleju uk\u0142adu kierowniczego (l\/min)<\/p>\n\n\n\n<p>9.5~11 (2.5~2.9 GPM)<\/p>\n\n\n\n<p>Rodzaj \u015bwiec<\/p>\n\n\n\n<p>\u015awiece \u017carowe<\/p>\n\n\n\n<p>Regulacja rozstawu k\u00f3\u0142 PRZ\u00d3D (mm)<\/p>\n\n\n\n<p>Sta\u0142y, 909<\/p>\n\n\n\n<p>Regulacja rozstawu k\u00f3\u0142 TY\u0141 (mm)<\/p>\n\n\n\n<p>Sta\u0142y, 856<\/p>\n\n\n\n<p>Filtr powietrza<\/p>\n\n\n\n<p>Suchy wymienny element<\/p>\n\n\n\n<p>Wyposa\u017cenie ci\u0105gnika<\/p>\n\n\n\n<p>Pa\u0142\u0105k bezpiecze\u0144stwa (ROPS)<\/p>\n\n\n\n<p>Wydajno\u015b\u0107 pompy hydraulicznej (l\/min)<\/p>\n\n\n\n<p>21.4~22.9<\/p>","protected":false},"excerpt":{"rendered":"<div class=\"col-12 col-lg-4 page-product4-desc-single1\">\n<div class=\"title1\">\n<div class=\"col-6 col-sm-6 col-md-6 col-lg-6 single1\">\n<div class=\"single1-sz\">\n<div class=\"ico\">\u00a0<\/div>\n<div class=\"title1\">\n<p>Stan Nowy<br \/>Moc (KM\/HP) 24.4<br \/>Moc (kW) 18.2<br \/>Nap\u0119d 4&#215;4 4WD<br \/>Skrzynia bieg\u00f3w Hydrostatyczna<br \/>Wspomaganie kierownicy TAK<br \/>Zaczep do przyczepy Dolny<br \/>Waga (kg) 890<\/p>\n<\/div>\n<\/div>\n<\/div>\n<\/div>\n<\/div>","protected":false},"featured_media":7764,"comment_status":"open","ping_status":"closed","template":"","meta":[],"product_brand":[66],"product_cat":[58],"product_tag":[],"class_list":{"0":"post-7761","1":"product","2":"type-product","3":"status-publish","4":"has-post-thumbnail","6":"product_brand-ls-tractor","7":"product_cat-traktory","9":"first","10":"instock","11":"shipping-taxable","12":"purchasable","13":"product-type-simple"},"_links":{"self":[{"href":"https:\/\/plmaszyny.online\/en\/wp-json\/wp\/v2\/product\/7761","targetHints":{"allow":["GET"]}}],"collection":[{"href":"https:\/\/plmaszyny.online\/en\/wp-json\/wp\/v2\/product"}],"about":[{"href":"https:\/\/plmaszyny.online\/en\/wp-json\/wp\/v2\/types\/product"}],"replies":[{"embeddable":true,"href":"https:\/\/plmaszyny.online\/en\/wp-json\/wp\/v2\/comments?post=7761"}],"wp:featuredmedia":[{"embeddable":true,"href":"https:\/\/plmaszyny.online\/en\/wp-json\/wp\/v2\/media\/7764"}],"wp:attachment":[{"href":"https:\/\/plmaszyny.online\/en\/wp-json\/wp\/v2\/media?parent=7761"}],"wp:term":[{"taxonomy":"product_brand","embeddable":true,"href":"https:\/\/plmaszyny.online\/en\/wp-json\/wp\/v2\/product_brand?post=7761"},{"taxonomy":"product_cat","embeddable":true,"href":"https:\/\/plmaszyny.online\/en\/wp-json\/wp\/v2\/product_cat?post=7761"},{"taxonomy":"product_tag","embeddable":true,"href":"https:\/\/plmaszyny.online\/en\/wp-json\/wp\/v2\/product_tag?post=7761"}],"curies":[{"name":"wp","href":"https:\/\/api.w.org\/{rel}","templated":true}]}}