{"id":7758,"date":"2026-02-24T10:20:43","date_gmt":"2026-02-24T10:20:43","guid":{"rendered":"https:\/\/plmaszyny.online\/?post_type=product&#038;p=7758"},"modified":"2026-02-26T10:11:48","modified_gmt":"2026-02-26T10:11:48","slug":"ls-tractor-xj25-mec-4x4-24-4-km","status":"publish","type":"product","link":"https:\/\/plmaszyny.online\/en\/product\/ls-tractor-xj25-mec-4x4-24-4-km\/","title":{"rendered":"LS Tractor XJ25 MEC 4&#215;4 &#8211; 24.4 KM"},"content":{"rendered":"<h2 class=\"wp-block-heading\">Ergonomiczna konstrukcja<\/h2>\n\n\n\n<p><strong>Ci\u0105gniki LS Tractor<\/strong>&nbsp;serii&nbsp;<strong>XJ<\/strong>&nbsp;to przede wszystkim idealne dopasowanie do Twoich potrzeb. To Ty wybierasz, jak b\u0119dzie wyposa\u017cony traktor, aby spe\u0142nia\u0142 wszystkie Twoje oczekiwania.<\/p>\n\n\n\n<p>Konstrukcja ci\u0105gnik\u00f3w\u00a0<strong>LS Tractor<\/strong>\u00a0zosta\u0142a zaprojektowana z my\u015bl\u0105 o wszechstronnym zastosowaniu. Maszyny te sprawdz\u0105 si\u0119 zar\u00f3wno w polu, ogrodzie, sadzie, plantacji, przy pracach transportowych oraz komunalnych.\u00a0Model\u00a0<strong>XJ25<\/strong>\u00a0wyst\u0119puje w dw\u00f3ch wersjach &#8211; ze skrzyni\u0105 bieg\u00f3w mechaniczn\u0105 (MEC) lub hydrostatyczn\u0105 (HST). Dzi\u0119ki mo\u017cliwo\u015bciom konfiguracji\u00a0<strong>ci\u0105gnika<\/strong>\u00a0oraz dost\u0119pno\u015bci osprz\u0119tu dedykowanego do\u00a0<strong>traktor\u00f3w LS<\/strong>, maszyna ta b\u0119dzie idealnym partnerem do pracy.<\/p>\n\n\n\n<h2 class=\"wp-block-heading\">Mocny i Komfortowy<\/h2>\n\n\n\n<p>Model&nbsp;<strong>XJ25<\/strong>&nbsp;to kompaktowy&nbsp;<strong>ci\u0105gnik<\/strong>&nbsp;zaliczany do klasy Premium. Pod mask\u0105 tej maszyny znajduje si\u0119 mocny, 3-cylindrowy silnik Diesel&nbsp;Mitsubishi&nbsp;S3L2-Z561GT&nbsp;o mocy 24,4 KM. Gwarantuje on bardzo dobre parametry pracy i wysok\u0105 wydajno\u015b\u0107. Dodatkowo 2 wyj\u015bcia hydrauliczne umo\u017cliwiaj\u0105 pod\u0142\u0105czenie do traktora szerokiej gamy osprz\u0119tu.<\/p>\n\n\n\n<p>Wyposa\u017cenie modelu&nbsp;<strong>XJ25<\/strong>&nbsp;w 3 \u2013 punktowy TUZ Kat I o ud\u017awigu&nbsp;650kg&nbsp;oraz tylny i mi\u0119dzyosiowy wa\u0142ek WOM pozwalaj\u0105 na wszechstronne wykorzystanie traktora.<\/p>\n\n\n\n<p>Jest to model ze skrzyni\u0105 bieg\u00f3w mechaniczn\u0105, posiada 6 bieg\u00f3w do przodu oraz dwa biegi wsteczne. To klasyczna skrzynia bieg\u00f3w, bardzo wygodna w u\u017cyciu i pozwalaj\u0105ca na dopasowanie pr\u0119dko\u015bci do wykonywanej pracy. Nap\u0119d na 4 ko\u0142a, wspomaganie kierownicy, wygodne w\u0142\u0105czanie wa\u0142ka WOM oraz intuicyjnie rozmieszczone d\u017awignie steruj\u0105ce czyni\u0105 model&nbsp;<strong>XJ25<\/strong>&nbsp;maszyn\u0105 idealn\u0105, stworzon\u0105 wed\u0142ug Twoich upodoba\u0144.<\/p>\n\n\n\n<h2 class=\"wp-block-heading\">Decyduj\u0105c si\u0119 na model XJ25, wybierasz nie tylko wysok\u0105 jako\u015b\u0107 wykonania, ale tak\u017ce komfort i bezpiecze\u0144stwo.<\/h2>\n\n\n\n<p>Firma&nbsp;<strong>LS&nbsp;Tractor<\/strong>&nbsp;wyposa\u017cy\u0142a t\u0119 wyj\u0105tkow\u0105 maszyn\u0119 w wygodny regulowany fotel z wysokim oparciem i amortyzacj\u0105, kt\u00f3ry wraz z&nbsp;ergonomicznie&nbsp;rozmieszczonymi d\u017awigniami zapewni\u0105 przyjemn\u0105 obs\u0142ug\u0119.<\/p>\n\n\n\n<p><strong>Ci\u0105gniki&nbsp;LS&nbsp;Tractor<\/strong>&nbsp;to nowoczesno\u015b\u0107, wysoki komfort pracy operatora i najwy\u017csza jako\u015b\u0107 wykonania.<\/p>\n\n\n\n<h4 class=\"wp-block-heading\">Specyfikacja<\/h4>\n\n\n\n<p>Stan<\/p>\n\n\n\n<p>Nowy<\/p>\n\n\n\n<p>Silnik<\/p>\n\n\n\n<p>3 &#8211; cylindrowy diesel ch\u0142odzony ciecz\u0105<br>Wysokopr\u0119\u017cny<br>z bezpo\u015brednim wtryskiem paliwa<\/p>\n\n\n\n<p>Marka silnika<\/p>\n\n\n\n<p>Mitsubishi<\/p>\n\n\n\n<p>Model silnika<\/p>\n\n\n\n<p>Mitsubishi S3L2-Z561GT TIER V<\/p>\n\n\n\n<p>Moc (KM\/HP)<\/p>\n\n\n\n<p>24.4<\/p>\n\n\n\n<p>Moc (kW)<\/p>\n\n\n\n<p>18.2<\/p>\n\n\n\n<p>Pojemno\u015b\u0107 silnika (cm3 \/ ccm)<\/p>\n\n\n\n<p>1318<\/p>\n\n\n\n<p>Liczba cylindr\u00f3w (szt.)<\/p>\n\n\n\n<p>3<\/p>\n\n\n\n<p>Znamionowa pr\u0119dko\u015b\u0107 obrotowa silnika (obr\/min)<\/p>\n\n\n\n<p>2700<\/p>\n\n\n\n<p>Moment obrotowy (Nm \/ rpm)<\/p>\n\n\n\n<p>70.8 \/ 2200<\/p>\n\n\n\n<p>Pojemno\u015b\u0107 zbiornika paliwa (L)<\/p>\n\n\n\n<p>25<\/p>\n\n\n\n<p>Nap\u0119d<\/p>\n\n\n\n<p>4&#215;4 4WD<\/p>\n\n\n\n<p>Skrzynia bieg\u00f3w<\/p>\n\n\n\n<p>Mechaniczna<\/p>\n\n\n\n<p>Rewers<\/p>\n\n\n\n<p>NIE<\/p>\n\n\n\n<p>Liczba bieg\u00f3w prz\u00f3d \/ ty\u0142<\/p>\n\n\n\n<p>6 \/ 2<\/p>\n\n\n\n<p>Pr\u0119dko\u015b\u0107 jazdy (km\/h)<\/p>\n\n\n\n<p>1.30 \/ 18.66 (do przodu)<br>2.47 \/ 10.26 (wstecz)<\/p>\n\n\n\n<p>Uk\u0142ad kierowniczy<\/p>\n\n\n\n<p>Hydrostatyczny<\/p>\n\n\n\n<p>Wspomaganie kierownicy<\/p>\n\n\n\n<p>TAK<\/p>\n\n\n\n<p>Dzielone hamulce<\/p>\n\n\n\n<p>TAK<\/p>\n\n\n\n<p>Blokada mechanizmu r\u00f3\u017cnicowego<\/p>\n\n\n\n<p>TAK<\/p>\n\n\n\n<p>WOM \/ PTO<\/p>\n\n\n\n<p>1 pr\u0119dko\u015b\u0107<br>540 (rpm)<br>Niezale\u017cny WOM\/PTO z mokrym sprz\u0119g\u0142em w\u0142\u0105czany pokr\u0119t\u0142em<\/p>\n\n\n\n<p>PTO (mi\u0119dzyosiowy)<\/p>\n\n\n\n<p>2000 obr\/min<\/p>\n\n\n\n<p>TUZ<\/p>\n\n\n\n<p>3 &#8211; punktowy<br>KAT I<\/p>\n\n\n\n<p>Ud\u017awig TUZ na ko\u0144c\u00f3wkach kulowych (kg)<\/p>\n\n\n\n<p>650<\/p>\n\n\n\n<p>Wyj\u015bcia hydrauliczne (szt (EA) \/ liczba sekcji)<\/p>\n\n\n\n<p>2 \/ 1 (z ty\u0142u)<\/p>\n\n\n\n<p>Hydrauliczne poziomowanie tylnego zawieszenia<\/p>\n\n\n\n<p>NIE<\/p>\n\n\n\n<p>Tempomat<\/p>\n\n\n\n<p>NIE<\/p>\n\n\n\n<p>Fotel<\/p>\n\n\n\n<p>Komfortowy z wysokim oparciem<br>Regulowany<\/p>\n\n\n\n<p>Zaczep do przyczepy<\/p>\n\n\n\n<p>Dolny<\/p>\n\n\n\n<p>Typ opon (y)<\/p>\n\n\n\n<p>Rolnicze<\/p>\n\n\n\n<p>D\u0142ugo\u015b\u0107 ca\u0142kowita (mm)<\/p>\n\n\n\n<p>2742<\/p>\n\n\n\n<p>Wysoko\u015b\u0107 do kraw\u0119dzi pa\u0142\u0105ka ROPS (mm)<\/p>\n\n\n\n<p>2458<\/p>\n\n\n\n<p>Rozstaw osi (mm)<\/p>\n\n\n\n<p>1500<\/p>\n\n\n\n<p>Rozmiar opon prz\u00f3d \/ ty\u0142<\/p>\n\n\n\n<p>6-12 \/ 9.5-16<\/p>\n\n\n\n<p>Promie\u0144 skr\u0119tu ( mm )<\/p>\n\n\n\n<p>2200<\/p>\n\n\n\n<p>Waga (kg)<\/p>\n\n\n\n<p>890<\/p>\n\n\n\n<p>Sprz\u0119g\u0142o<\/p>\n\n\n\n<p>Suche, jednotarczowe<\/p>\n\n\n\n<p>Hamulce<\/p>\n\n\n\n<p>Mechaniczne<br>Mokre<br>Wielotarczowe<\/p>\n\n\n\n<p>Szeroko\u015b\u0107 ca\u0142kowita z oponami (mm)<\/p>\n\n\n\n<p>1220<\/p>\n\n\n\n<p>Prze\u015bwit (mm)<\/p>\n\n\n\n<p>285<\/p>\n\n\n\n<p>Maksymalny k\u0105t obrotu przedniego ko\u0142a ( \u00b0 )<\/p>\n\n\n\n<p>+ \/ &#8211; 47<\/p>\n\n\n\n<p>Alternator (Amp)<\/p>\n\n\n\n<p>12V-50A<\/p>\n\n\n\n<p>Ci\u015bnienie uk\u0142adu hydraulicznego (MPa\/bar)<\/p>\n\n\n\n<p>15 (2175.5 psi)<\/p>\n\n\n\n<p>Liczba obrot\u00f3w kierownicy (w prawo \/ w lewo)<\/p>\n\n\n\n<p>3 \/ 3<\/p>\n\n\n\n<p>Znamionowy przep\u0142yw oleju uk\u0142adu kierowniczego (l\/min)<\/p>\n\n\n\n<p>4~5.5 (1.1~1.5 GPM)<\/p>\n\n\n\n<p>Rodzaj \u015bwiec<\/p>\n\n\n\n<p>\u015awiece \u017carowe<\/p>\n\n\n\n<p>Regulacja rozstawu k\u00f3\u0142 PRZ\u00d3D (mm)<\/p>\n\n\n\n<p>Sta\u0142y, 909<\/p>\n\n\n\n<p>Regulacja rozstawu k\u00f3\u0142 TY\u0141 (mm)<\/p>\n\n\n\n<p>Sta\u0142y, 856<\/p>\n\n\n\n<p>Filtr powietrza<\/p>\n\n\n\n<p>Suchy wymienny element<\/p>\n\n\n\n<p>Wyposa\u017cenie ci\u0105gnika<\/p>\n\n\n\n<p>Pa\u0142\u0105k bezpiecze\u0144stwa (ROPS)<\/p>\n\n\n\n<p>Wydajno\u015b\u0107 pompy hydraulicznej (l\/min)<\/p>\n\n\n\n<p>26.9~28.4<\/p>","protected":false},"excerpt":{"rendered":"<div class=\"col-6 col-sm-6 col-md-6 col-lg-6 single1\">\n<div class=\"single1-sz\">\n<div class=\"ico\">\u00a0<\/div>\n<div class=\"title1\">\n<p>Stan Nowy<\/p>\n<\/div>\n<\/div>\n<\/div>\n<div class=\"col-6 col-sm-6 col-md-6 col-lg-6 single1\">\n<div class=\"single1-sz\">\n<div class=\"title1\">\n<p>Moc (KM\/HP) 24.4<\/p>\n<\/div>\n<\/div>\n<\/div>\n<div class=\"col-6 col-sm-6 col-md-6 col-lg-6 single1\">\n<div class=\"single1-sz\">\n<div class=\"title1\">\n<p>Moc (kW) 18.2<\/p>\n<\/div>\n<\/div>\n<\/div>\n<div class=\"col-6 col-sm-6 col-md-6 col-lg-6 single1\">\n<div class=\"single1-sz\">\n<div class=\"title1\">\n<p>Nap\u0119d 4&#215;4 4WD<\/p>\n<\/div>\n<\/div>\n<\/div>\n<div class=\"col-6 col-sm-6 col-md-6 col-lg-6 single1\">\n<div class=\"single1-sz\">\n<div class=\"title1\">\n<p>Skrzynia bieg\u00f3w Mechaniczna<\/p>\n<\/div>\n<\/div>\n<\/div>\n<div class=\"col-6 col-sm-6 col-md-6 col-lg-6 single1\">\n<div class=\"single1-sz\">\n<div class=\"title1\">\n<p>Wspomaganie kierownicy TAK<\/p>\n<\/div>\n<\/div>\n<\/div>\n<div class=\"col-6 col-sm-6 col-md-6 col-lg-6 single1\">\n<div class=\"single1-sz\">\n<div class=\"title1\">\n<p>Zaczep do przyczepy Dolny<\/p>\n<\/div>\n<\/div>\n<\/div>\n<div class=\"col-6 col-sm-6 col-md-6 col-lg-6 single1\">\n<div class=\"single1-sz\">\n<div class=\"title1\">\n<p>Waga (kg) 890<\/p>\n<\/div>\n<\/div>\n<\/div>","protected":false},"featured_media":7755,"comment_status":"open","ping_status":"closed","template":"","meta":[],"product_brand":[66],"product_cat":[58],"product_tag":[],"class_list":{"0":"post-7758","1":"product","2":"type-product","3":"status-publish","4":"has-post-thumbnail","6":"product_brand-ls-tractor","7":"product_cat-traktory","9":"first","10":"instock","11":"shipping-taxable","12":"purchasable","13":"product-type-simple"},"_links":{"self":[{"href":"https:\/\/plmaszyny.online\/en\/wp-json\/wp\/v2\/product\/7758","targetHints":{"allow":["GET"]}}],"collection":[{"href":"https:\/\/plmaszyny.online\/en\/wp-json\/wp\/v2\/product"}],"about":[{"href":"https:\/\/plmaszyny.online\/en\/wp-json\/wp\/v2\/types\/product"}],"replies":[{"embeddable":true,"href":"https:\/\/plmaszyny.online\/en\/wp-json\/wp\/v2\/comments?post=7758"}],"wp:featuredmedia":[{"embeddable":true,"href":"https:\/\/plmaszyny.online\/en\/wp-json\/wp\/v2\/media\/7755"}],"wp:attachment":[{"href":"https:\/\/plmaszyny.online\/en\/wp-json\/wp\/v2\/media?parent=7758"}],"wp:term":[{"taxonomy":"product_brand","embeddable":true,"href":"https:\/\/plmaszyny.online\/en\/wp-json\/wp\/v2\/product_brand?post=7758"},{"taxonomy":"product_cat","embeddable":true,"href":"https:\/\/plmaszyny.online\/en\/wp-json\/wp\/v2\/product_cat?post=7758"},{"taxonomy":"product_tag","embeddable":true,"href":"https:\/\/plmaszyny.online\/en\/wp-json\/wp\/v2\/product_tag?post=7758"}],"curies":[{"name":"wp","href":"https:\/\/api.w.org\/{rel}","templated":true}]}}