{"id":7756,"date":"2026-02-24T10:16:13","date_gmt":"2026-02-24T10:16:13","guid":{"rendered":"https:\/\/plmaszyny.online\/?post_type=product&#038;p=7756"},"modified":"2026-02-25T14:44:14","modified_gmt":"2026-02-25T14:44:14","slug":"ls-tractor-mt1-25-4x4-24-7-km-turf","status":"publish","type":"product","link":"https:\/\/plmaszyny.online\/en\/product\/ls-tractor-mt1-25-4x4-24-7-km-turf\/","title":{"rendered":"LS Tractor MT1.25 4&#215;4 &#8211; 24.7 KM \/ TURF"},"content":{"rendered":"<h3 class=\"wp-block-heading\">Korea\u0144ska precyzja i dok\u0142adno\u015b\u0107<\/h3>\n\n\n\n<p>Ci\u0105gniki&nbsp;<strong>LS Tractor<\/strong>&nbsp;serii&nbsp;<strong>MT<\/strong>&nbsp;to ci\u0105gniki, kt\u00f3re ze wzgl\u0119du na swoje wymiary nazywa si\u0119 traktorkami super kompaktowymi (z ang sub-compact).&nbsp;<strong>Traktorki LS MT<\/strong>&nbsp;sprzedawane s\u0105 z silnikami o r\u00f3\u017cnej mocy np. 21.5KM (LS MT1.22), czy 24.7KM (LSMT1.25), i do ka\u017cdego modelu w ofercie producent proponuje, pe\u0142en&nbsp;<strong>kompletny asortyment<\/strong>&nbsp;je\u017celi chodzi o osprz\u0119t taki jak: \u0142adowacz czo\u0142owy Tur, czy kosiarka lub koparka zawieszana na ty\u0142 ci\u0105gnika.<\/p>\n\n\n\n<h2 class=\"wp-block-heading\"><strong>LS MT1.25 &#8211; nowoczesny, mocny, doskona\u0142y<\/strong><\/h2>\n\n\n\n<p>Najmniejszy&nbsp;<strong>sub-kompaktowy ci\u0105gnik<\/strong>&nbsp;dost\u0119pny w ofercie firmy&nbsp;<strong>LS Tractor<\/strong>, kt\u00f3ry w klasie mini ci\u0105gnik\u00f3w nie ma konkurencji.&nbsp;<strong>Nowoczesny design<\/strong>, niezawodny silnik (technologia Yanmar), kompaktowe wymiary i mo\u017cliwo\u015b\u0107 pod\u0142\u0105czenia dedykowanego osprz\u0119tu&nbsp;takiego jak:<\/p>\n\n\n\n<ul class=\"wp-block-list\">\n<li><\/li>\n<\/ul>\n\n\n\n<p><strong>Traktorek MT1.25<\/strong>&nbsp;zosta\u0142 stworzony z my\u015bl\u0105 o pracy w gospodarstwach domowych, w kt\u00f3rych wielko\u015b\u0107 ci\u0105gnika ma znaczenie,&nbsp;ale to&nbsp;nie znaczy \u017ce nie sprawdzi si\u0119 w firmie komunalnej czy gospodarstwie rolnym.&nbsp;<strong>Traktor<\/strong>&nbsp;<strong>LS MT1.25<\/strong>&nbsp;przeznaczony jest zar\u00f3wna dla do\u015bwiadczonych operator\u00f3w, jak i dla os\u00f3b, kt\u00f3re dopiero zaczynaj\u0105 swoj\u0105 przygod\u0119 z obs\u0142ug\u0105 i prac\u0105 ci\u0105gnikiem w przy domowym ogrodzie lub ma\u0142ym gospodarstwie.<\/p>\n\n\n\n<h2 class=\"wp-block-heading\">Ma\u0142y &#8211; mocny i bardzo wytrzyma\u0142y<\/h2>\n\n\n\n<p><strong>Traktorek kompaktowy LS MT1.25<\/strong>&nbsp;to ci\u0105gnik z&nbsp;<strong>3 cylindrowy<\/strong>m silnikiem diesla&nbsp;<strong>Yanmar 3TNV80F<\/strong>&nbsp;o mocy&nbsp;<strong>24,7 KM<\/strong>&nbsp;z bezpo\u015brednim wtryskiem paliwa, nap\u0119dem&nbsp;<strong>4 x 4<\/strong>&nbsp;i skrzyni\u0105 hydrostatyczn\u0105 z dwoma peda\u0142ami, jeden do jazdy do przodu i jeden do jazdy do ty\u0142u.&nbsp;<strong>Ci\u0105gnik<\/strong>&nbsp;posiada reduktor bieg\u00f3w, kt\u00f3ry pozwala na jazd\u0119 ci\u0105gnika z dwoma r\u00f3\u017cnymi pr\u0119dko\u015bciami zar\u00f3wno do przodu, jak i do ty\u0142u.&nbsp;<strong>LS MT1.25<\/strong>&nbsp;ma tylko 2470 mm d\u0142ugo\u015bci i&nbsp;<strong>1190 mm szeroko\u015bci<\/strong>&nbsp;przy wadze&nbsp;<strong>675 kg<\/strong>. Uzupe\u0142nieniem ca\u0142o\u015bci jest&nbsp;<strong>wspomaganie kierownicy<\/strong>,&nbsp;<strong>dwa wa\u0142ki mocy WOM\/PTO<\/strong>&nbsp;(tylny i \u015brodkowy), zaczep 3-punktowy kategorii pierwszej o ud\u017awigu oko\u0142o&nbsp;<strong>450 kg<\/strong>.<\/p>\n\n\n\n<h4 class=\"wp-block-heading\">Specyfikacja<\/h4>\n\n\n\n<p>Stan<\/p>\n\n\n\n<p>Nowy<\/p>\n\n\n\n<p>Silnik<\/p>\n\n\n\n<p>3 &#8211; cylindrowy diesel ch\u0142odzony ciecz\u0105<br>z bezpo\u015brednim wtryskiem paliwa Delphi CRDI (Common Rail Direct Injection)<\/p>\n\n\n\n<p>Marka silnika<\/p>\n\n\n\n<p>Yanmar<\/p>\n\n\n\n<p>Model silnika<\/p>\n\n\n\n<p>Yanmar 3TNV80F<\/p>\n\n\n\n<p>Moc (KM\/HP)<\/p>\n\n\n\n<p>24.7<\/p>\n\n\n\n<p>Moc (kW)<\/p>\n\n\n\n<p>18.4<\/p>\n\n\n\n<p>Pojemno\u015b\u0107 silnika (cm3 \/ ccm)<\/p>\n\n\n\n<p>1267<\/p>\n\n\n\n<p>Liczba cylindr\u00f3w (szt.)<\/p>\n\n\n\n<p>3<\/p>\n\n\n\n<p>Znamionowa pr\u0119dko\u015b\u0107 obrotowa silnika (obr\/min)<\/p>\n\n\n\n<p>3000<\/p>\n\n\n\n<p>Moment obrotowy (Nm \/ rpm)<\/p>\n\n\n\n<p>69 \/ 2100<\/p>\n\n\n\n<p>Pojemno\u015b\u0107 zbiornika paliwa (L)<\/p>\n\n\n\n<p>25<\/p>\n\n\n\n<p>Nap\u0119d<\/p>\n\n\n\n<p>4&#215;4 4WD<\/p>\n\n\n\n<p>Skrzynia bieg\u00f3w<\/p>\n\n\n\n<p>Hydrostatyczna<\/p>\n\n\n\n<p>Rewers<\/p>\n\n\n\n<p>NIE<\/p>\n\n\n\n<p>Liczba bieg\u00f3w prz\u00f3d \/ ty\u0142<\/p>\n\n\n\n<p>2 \/ 2<\/p>\n\n\n\n<p>Pr\u0119dko\u015b\u0107 jazdy (km\/h)<\/p>\n\n\n\n<p>0 &#8211; 3.7 \/ 0 &#8211; 8.4 (wstecz)<br>0 &#8211; 5.9 \/ 0 &#8211; 14 (do przodu)<\/p>\n\n\n\n<p>Uk\u0142ad kierowniczy<\/p>\n\n\n\n<p>Hydrostatyczny<\/p>\n\n\n\n<p>Wspomaganie kierownicy<\/p>\n\n\n\n<p>TAK<\/p>\n\n\n\n<p>Dzielone hamulce<\/p>\n\n\n\n<p>NIE<\/p>\n\n\n\n<p>Blokada mechanizmu r\u00f3\u017cnicowego<\/p>\n\n\n\n<p>TAK<\/p>\n\n\n\n<p>WOM \/ PTO<\/p>\n\n\n\n<p>1 pr\u0119dko\u015b\u0107<br>540 (rpm)<br>Niezale\u017cny WOM\/PTO z mokrym sprz\u0119g\u0142em w\u0142\u0105czany pokr\u0119t\u0142em<\/p>\n\n\n\n<p>PTO (mi\u0119dzyosiowy)<\/p>\n\n\n\n<p>2500 obr\/min<\/p>\n\n\n\n<p>Moc WOM\/PTO (kW)<\/p>\n\n\n\n<p>11kW (17HP)<\/p>\n\n\n\n<p>TUZ<\/p>\n\n\n\n<p>3 &#8211; punktowy<br>KAT I<\/p>\n\n\n\n<p>Ud\u017awig TUZ na ko\u0144c\u00f3wkach kulowych (kg)<\/p>\n\n\n\n<p>450<\/p>\n\n\n\n<p>Wyj\u015bcia hydrauliczne (szt (EA) \/ liczba sekcji)<\/p>\n\n\n\n<p>4 \/ 2 (z przodu)<\/p>\n\n\n\n<p>Hydrauliczne poziomowanie tylnego zawieszenia<\/p>\n\n\n\n<p>NIE<\/p>\n\n\n\n<p>Tempomat<\/p>\n\n\n\n<p>TAK<\/p>\n\n\n\n<p>Fotel<\/p>\n\n\n\n<p>Komfortowy z wysokim oparciem i pod\u0142okietnikami<br>Regulowany<\/p>\n\n\n\n<p>Zaczep do przyczepy<\/p>\n\n\n\n<p>Dolny<\/p>\n\n\n\n<p>Typ opon (y)<\/p>\n\n\n\n<p>Trawiaste<\/p>\n\n\n\n<p>D\u0142ugo\u015b\u0107 ca\u0142kowita (mm)<\/p>\n\n\n\n<p>2470<\/p>\n\n\n\n<p>Wysoko\u015b\u0107 do kraw\u0119dzi pa\u0142\u0105ka ROPS (mm)<\/p>\n\n\n\n<p>2218<\/p>\n\n\n\n<p>Rozstaw osi (mm)<\/p>\n\n\n\n<p>1425<\/p>\n\n\n\n<p>Rozmiar opon prz\u00f3d \/ ty\u0142<\/p>\n\n\n\n<p>18 x 8.5 -10 \/ 26 x 12.00 -12<\/p>\n\n\n\n<p>Promie\u0144 skr\u0119tu ( mm )<\/p>\n\n\n\n<p>2400<\/p>\n\n\n\n<p>Waga (kg)<\/p>\n\n\n\n<p>655<\/p>\n\n\n\n<p>Hamulce<\/p>\n\n\n\n<p>Mokre<\/p>\n\n\n\n<p>Szeroko\u015b\u0107 ca\u0142kowita z oponami (mm)<\/p>\n\n\n\n<p>1200<\/p>\n\n\n\n<p>Prze\u015bwit (mm)<\/p>\n\n\n\n<p>160<\/p>\n\n\n\n<p>Maksymalny k\u0105t obrotu przedniego ko\u0142a ( \u00b0 )<\/p>\n\n\n\n<p>+\/- 54,5<\/p>\n\n\n\n<p>Alternator (Amp)<\/p>\n\n\n\n<p>12V-40A<\/p>\n\n\n\n<p>Ci\u015bnienie uk\u0142adu hydraulicznego (MPa\/bar)<\/p>\n\n\n\n<p>12.25 (1777.9 psi)<\/p>\n\n\n\n<p>Liczba obrot\u00f3w kierownicy (w prawo \/ w lewo)<\/p>\n\n\n\n<p>3 \/ 3<\/p>\n\n\n\n<p>Znamionowy przep\u0142yw oleju uk\u0142adu kierowniczego (l\/min)<\/p>\n\n\n\n<p>8 (2.1 GPM)<\/p>\n\n\n\n<p>Rodzaj \u015bwiec<\/p>\n\n\n\n<p>\u015awiece \u017carowe<\/p>\n\n\n\n<p>Regulacja rozstawu k\u00f3\u0142 PRZ\u00d3D (mm)<\/p>\n\n\n\n<p>Sta\u0142y, 916<\/p>\n\n\n\n<p>Regulacja rozstawu k\u00f3\u0142 TY\u0141 (mm)<\/p>\n\n\n\n<p>Sta\u0142y, 880<\/p>\n\n\n\n<p>Filtr powietrza<\/p>\n\n\n\n<p>Suchy wymienny element<\/p>\n\n\n\n<p>Wyposa\u017cenie ci\u0105gnika<\/p>\n\n\n\n<p>Pa\u0142\u0105k bezpiecze\u0144stwa (ROPS)<\/p>\n\n\n\n<p>Wydajno\u015b\u0107 pompy hydraulicznej (l\/min)<\/p>\n\n\n\n<p>25.4<\/p>","protected":false},"excerpt":{"rendered":"<div class=\"col-6 col-sm-6 col-md-6 col-lg-6 single1\">\n<div class=\"single1-sz\">\n<div class=\"ico\">\u00a0<\/div>\n<div class=\"title1\">\n<p>Stan Nowy<\/p>\n<\/div>\n<\/div>\n<\/div>\n<div class=\"col-6 col-sm-6 col-md-6 col-lg-6 single1\">\n<div class=\"single1-sz\">\n<div class=\"title1\">\n<p>Moc (KM\/HP) 24.7<\/p>\n<\/div>\n<\/div>\n<\/div>\n<div class=\"col-6 col-sm-6 col-md-6 col-lg-6 single1\">\n<div class=\"single1-sz\">\n<div class=\"title1\">\n<p>Moc (kW) 18.4<\/p>\n<\/div>\n<\/div>\n<\/div>\n<div class=\"col-6 col-sm-6 col-md-6 col-lg-6 single1\">\n<div class=\"single1-sz\">\n<div class=\"title1\">\n<p>Nap\u0119d 4&#215;4 4WD<\/p>\n<\/div>\n<\/div>\n<\/div>\n<div class=\"col-6 col-sm-6 col-md-6 col-lg-6 single1\">\n<div class=\"single1-sz\">\n<div class=\"title1\">\n<p>Skrzynia bieg\u00f3w Hydrostatyczna<\/p>\n<\/div>\n<\/div>\n<\/div>\n<div class=\"col-6 col-sm-6 col-md-6 col-lg-6 single1\">\n<div class=\"single1-sz\">\n<div class=\"title1\">\n<p>Wspomaganie kierownicy TAK<\/p>\n<\/div>\n<\/div>\n<\/div>\n<div class=\"col-6 col-sm-6 col-md-6 col-lg-6 single1\">\n<div class=\"single1-sz\">\n<div class=\"title1\">\n<p>Zaczep do przyczepy Dolny<\/p>\n<\/div>\n<\/div>\n<\/div>\n<div class=\"col-6 col-sm-6 col-md-6 col-lg-6 single1\">\n<div class=\"single1-sz\">\n<div class=\"title1\">\n<p>Waga (kg) 655<\/p>\n<\/div>\n<\/div>\n<\/div>","protected":false},"featured_media":7755,"comment_status":"open","ping_status":"closed","template":"","meta":[],"product_brand":[66],"product_cat":[58],"product_tag":[],"class_list":{"0":"post-7756","1":"product","2":"type-product","3":"status-publish","4":"has-post-thumbnail","6":"product_brand-ls-tractor","7":"product_cat-traktory","9":"first","10":"instock","11":"shipping-taxable","12":"purchasable","13":"product-type-simple"},"_links":{"self":[{"href":"https:\/\/plmaszyny.online\/en\/wp-json\/wp\/v2\/product\/7756","targetHints":{"allow":["GET"]}}],"collection":[{"href":"https:\/\/plmaszyny.online\/en\/wp-json\/wp\/v2\/product"}],"about":[{"href":"https:\/\/plmaszyny.online\/en\/wp-json\/wp\/v2\/types\/product"}],"replies":[{"embeddable":true,"href":"https:\/\/plmaszyny.online\/en\/wp-json\/wp\/v2\/comments?post=7756"}],"wp:featuredmedia":[{"embeddable":true,"href":"https:\/\/plmaszyny.online\/en\/wp-json\/wp\/v2\/media\/7755"}],"wp:attachment":[{"href":"https:\/\/plmaszyny.online\/en\/wp-json\/wp\/v2\/media?parent=7756"}],"wp:term":[{"taxonomy":"product_brand","embeddable":true,"href":"https:\/\/plmaszyny.online\/en\/wp-json\/wp\/v2\/product_brand?post=7756"},{"taxonomy":"product_cat","embeddable":true,"href":"https:\/\/plmaszyny.online\/en\/wp-json\/wp\/v2\/product_cat?post=7756"},{"taxonomy":"product_tag","embeddable":true,"href":"https:\/\/plmaszyny.online\/en\/wp-json\/wp\/v2\/product_tag?post=7756"}],"curies":[{"name":"wp","href":"https:\/\/api.w.org\/{rel}","templated":true}]}}