{"id":7745,"date":"2026-02-24T10:02:55","date_gmt":"2026-02-24T10:02:55","guid":{"rendered":"https:\/\/plmaszyny.online\/?post_type=product&#038;p=7745"},"modified":"2026-02-26T10:13:08","modified_gmt":"2026-02-26T10:13:08","slug":"solo-by-al-ko-t18-111-4-hds-a-v2","status":"publish","type":"product","link":"https:\/\/plmaszyny.online\/en\/product\/solo-by-al-ko-t18-111-4-hds-a-v2\/","title":{"rendered":"Solo by AL-KO T18-111.4 HDS-A V2"},"content":{"rendered":"<p>Obejrzyj wideo<\/p>\n\n\n\n<p>Solo by AL-KO T18-111.4 HDS-A V2<\/p>\n\n\n\n<p>Poszukujesz profesjonalnego, oraz inteligentnego<strong>&nbsp;traktorka ogrodowego<\/strong>? Nowoczesne rozwi\u0105zania s\u0105 dla Ciebie pomocne i nie obawiasz si\u0119 z nich korzysta\u0107?&nbsp;<strong>Traktorek Solo<\/strong>&nbsp;<strong>by AL-KO T18-111.4 HDS-A V2&nbsp;<\/strong>to dla Ciebie idealne urz\u0105dzenie.<\/p>\n\n\n\n<p>Szeroka gama akcesori\u00f3w dodatkowych sprawia, \u017ce jest to<strong>&nbsp;traktorek<\/strong>&nbsp;s\u0142u\u017c\u0105cy do ca\u0142orocznej pracy w Twoim ogrodzie.&nbsp;&nbsp;<\/p>\n\n\n\n<p>Cechami charakterystycznymi dla&nbsp;<strong>traktorka ogrodowego Solo by AL-KO T18-111.4 HDS-A V2<\/strong>&nbsp;s\u0105 mi\u0119dzy innymi: wyrzut boczny i powierzchnia na jakiej mo\u017ce pracowa\u0107 bo a\u017c 10000 m2.<\/p>\n\n\n\n<p><strong>Traktor ogrodowy Solo by AL-KO<\/strong>&nbsp;T18-111 HDS-A V2 Comfort Pro zosta\u0142 wyposa\u017cony w dwucylindrowy, wydajny silnik spalinowy AL-KO Pro 600 o pojemno\u015bci 586 cm3 i mocy 9,6 kW. Osi\u0105ga do 2700 obrot\u00f3w na minut\u0119. Takie atuty pozwalaj\u0105 na cz\u0119ste koszenie du\u017cych obszar\u00f3w \u2013 nawet do 10 000 m2. Maszyna posiada przek\u0142adni\u0119 hydrostatyczn\u0105, dzi\u0119ki kt\u00f3rej mo\u017cemy ustali\u0107 sta\u0142e tempo dopasowane do wykonywanej pracy.<\/p>\n\n\n\n<p><strong>Traktor ogrodowy<\/strong>&nbsp;ma mo\u017cliwo\u015b\u0107 regulacji wysoko\u015bci koszenia a\u017c w 6 stopniach od 30 do 80 mm za pomoc\u0105 d\u017awigni, a szeroko\u015b\u0107 robocza wynosi 110 cm. Model ten daje mo\u017cliwo\u015b\u0107 wybrania jednej z dw\u00f3ch opcji koszenia \u2013&nbsp;wyrzutu bocznego&nbsp;lub mulczowania, czyli rozdrabniania trawy, a nast\u0119pnie rozsiewania jej na trawniku, co u\u017cy\u017ania gleb\u0119.<\/p>\n\n\n\n<p>Firma&nbsp;<strong>Solo by AL-KO<\/strong>&nbsp;wyposa\u017cy\u0142a swoje produkty w mocne i niezawodne ramy Heavy Duty, kt\u00f3re cechuje twardo\u015b\u0107 i odporno\u015b\u0107. To sprawia, \u017ce traktor ten b\u0119dzie niezawodnym urz\u0105dzeniem w Twoim gospodarstwie.<\/p>\n\n\n\n<p>Wspomnie\u0107 nale\u017cy tak\u017ce o bardzo wydajnej pracy dzi\u0119ki szeroko\u015bci koszenia 110 cm, dw\u00f3m synchronicznym ostrzom, oraz mocnej i niezawodnej jednostce, w kt\u00f3r\u0105 zosta\u0142 wyposa\u017cony<strong>&nbsp;traktor.<\/strong><\/p>\n\n\n\n<h4 class=\"wp-block-heading\">Specyfikacja<\/h4>\n\n\n\n<p>Stan<\/p>\n\n\n\n<p>Nowy<\/p>\n\n\n\n<p>Marka<\/p>\n\n\n\n<p>Solo by AL-KO<\/p>\n\n\n\n<p>Model silnika<\/p>\n\n\n\n<p>AL-KO Pro 600 V2<\/p>\n\n\n\n<p>Moc (kW)<\/p>\n\n\n\n<p>9.6<\/p>\n\n\n\n<p>Pojemno\u015b\u0107 skokowa (cm3)<\/p>\n\n\n\n<p>586<\/p>\n\n\n\n<p>Liczba cylindr\u00f3w (szt.)<\/p>\n\n\n\n<p>2<\/p>\n\n\n\n<p>Znamionowa pr\u0119dko\u015b\u0107 obrotowa silnika (obr\/min)<\/p>\n\n\n\n<p>2700<\/p>\n\n\n\n<p>System koszenia<\/p>\n\n\n\n<p>Wyrzut boczny<\/p>\n\n\n\n<p>Powierzchnia koszenia (m2)<\/p>\n\n\n\n<p>10 000<\/p>\n\n\n\n<p>Szeroko\u015b\u0107 robocza (mm)<\/p>\n\n\n\n<p>1100<\/p>\n\n\n\n<p>Wysoko\u015b\u0107 koszenia (mm)<\/p>\n\n\n\n<p>30 &#8211; 80<\/p>\n\n\n\n<p>Regulacja wysoko\u015bci koszenia<\/p>\n\n\n\n<p>Centralna, 6-stopniowa<\/p>\n\n\n\n<p>Liczba no\u017cy (szt.)<\/p>\n\n\n\n<p>2<\/p>\n\n\n\n<p>Sprz\u0119g\u0142o no\u017ca<\/p>\n\n\n\n<p>Elektromagnetyczne<\/p>\n\n\n\n<p>Skrzynia bieg\u00f3w<\/p>\n\n\n\n<p>Hydrostatyczna<\/p>\n\n\n\n<p>Pr\u0119dko\u015b\u0107 maksymalna (km\/h)<\/p>\n\n\n\n<p>9<\/p>\n\n\n\n<p>Fotel<\/p>\n\n\n\n<p>Regulowany<\/p>\n\n\n\n<p>Zaczep do przyczepy<\/p>\n\n\n\n<p>Opcja<\/p>\n\n\n\n<p>Wyposa\u017cenie<\/p>\n\n\n\n<p>Zderzak (opcja)<\/p>\n\n\n\n<p>D\u0142ugo\u015b\u0107 \/ Szeroko\u015b\u0107 \/ Wysoko\u015b\u0107 (mm)<\/p>\n\n\n\n<p>1900 \/ 1170 \/ 1140<\/p>\n\n\n\n<p>Rozmiar k\u00f3\u0142 prz\u00f3d \/ ty\u0142<\/p>\n\n\n\n<p>15 x 6.00-6 \/ 18 x 8.50-8<\/p>\n\n\n\n<p>Rama<\/p>\n\n\n\n<p>Heavy Duty<\/p>","protected":false},"excerpt":{"rendered":"<div class=\"col-6 col-sm-6 col-md-6 col-lg-6 single1\">\n<div class=\"single1-sz\">\n<div class=\"ico\">\u00a0<\/div>\n<div class=\"title1\">\n<p>Stan Nowy<\/p>\n<\/div>\n<\/div>\n<\/div>\n<div class=\"col-6 col-sm-6 col-md-6 col-lg-6 single1\">\n<div class=\"single1-sz\">\n<div class=\"title1\">\n<p>Moc (kW) 9.6<\/p>\n<\/div>\n<\/div>\n<\/div>\n<div class=\"col-6 col-sm-6 col-md-6 col-lg-6 single1\">\n<div class=\"single1-sz\">\n<div class=\"title1\">\n<p>Szeroko\u015b\u0107 robocza (mm) 1100<\/p>\n<\/div>\n<\/div>\n<\/div>\n<div class=\"col-6 col-sm-6 col-md-6 col-lg-6 single1\">\n<div class=\"single1-sz\">\n<div class=\"title1\">\n<p>Liczba no\u017cy (szt.) 2<\/p>\n<\/div>\n<\/div>\n<\/div>\n<div class=\"col-6 col-sm-6 col-md-6 col-lg-6 single1\">\n<div class=\"single1-sz\">\n<div class=\"title1\">\n<p>Skrzynia bieg\u00f3w Hydrostatyczna<\/p>\n<\/div>\n<\/div>\n<\/div>\n<div class=\"col-6 col-sm-6 col-md-6 col-lg-6 single1\">\n<div class=\"single1-sz\">\n<div class=\"title1\">\n<p>Zaczep do przyczepy Opcja<\/p>\n<\/div>\n<\/div>\n<\/div>","protected":false},"featured_media":7748,"comment_status":"open","ping_status":"closed","template":"","meta":[],"product_brand":[87],"product_cat":[59],"product_tag":[],"class_list":{"0":"post-7745","1":"product","2":"type-product","3":"status-publish","4":"has-post-thumbnail","6":"product_brand-solo-by-al-ko","7":"product_cat-traktorki-kosiarki","9":"first","10":"instock","11":"shipping-taxable","12":"purchasable","13":"product-type-simple"},"_links":{"self":[{"href":"https:\/\/plmaszyny.online\/en\/wp-json\/wp\/v2\/product\/7745","targetHints":{"allow":["GET"]}}],"collection":[{"href":"https:\/\/plmaszyny.online\/en\/wp-json\/wp\/v2\/product"}],"about":[{"href":"https:\/\/plmaszyny.online\/en\/wp-json\/wp\/v2\/types\/product"}],"replies":[{"embeddable":true,"href":"https:\/\/plmaszyny.online\/en\/wp-json\/wp\/v2\/comments?post=7745"}],"wp:featuredmedia":[{"embeddable":true,"href":"https:\/\/plmaszyny.online\/en\/wp-json\/wp\/v2\/media\/7748"}],"wp:attachment":[{"href":"https:\/\/plmaszyny.online\/en\/wp-json\/wp\/v2\/media?parent=7745"}],"wp:term":[{"taxonomy":"product_brand","embeddable":true,"href":"https:\/\/plmaszyny.online\/en\/wp-json\/wp\/v2\/product_brand?post=7745"},{"taxonomy":"product_cat","embeddable":true,"href":"https:\/\/plmaszyny.online\/en\/wp-json\/wp\/v2\/product_cat?post=7745"},{"taxonomy":"product_tag","embeddable":true,"href":"https:\/\/plmaszyny.online\/en\/wp-json\/wp\/v2\/product_tag?post=7745"}],"curies":[{"name":"wp","href":"https:\/\/api.w.org\/{rel}","templated":true}]}}