{"id":7734,"date":"2026-02-24T09:57:52","date_gmt":"2026-02-24T09:57:52","guid":{"rendered":"https:\/\/plmaszyny.online\/?post_type=product&#038;p=7734"},"modified":"2026-02-26T10:14:37","modified_gmt":"2026-02-26T10:14:37","slug":"cub-cadet-xt2-es107","status":"publish","type":"product","link":"https:\/\/plmaszyny.online\/en\/product\/cub-cadet-xt2-es107\/","title":{"rendered":"Cub Cadet XT2 ES107"},"content":{"rendered":"<p><\/p>\n\n\n\n<p>Cub Cadet XT2 ES107<\/p>\n\n\n\n<p>Szukasz&nbsp;<strong>ekologicznego<\/strong>&nbsp;i niezawodnego<strong>&nbsp;traktorka ogrodowego<\/strong>, kt\u00f3ry zapewni Ci maksymalny komfort pracy przy minimalnym wysi\u0142ku?&nbsp;<strong>To idealny wyb\u00f3r dla Ciebie!<\/strong>&nbsp;To niezast\u0105pione urz\u0105dzenie pozwoli Ci skutecznie i ekologicznie zadba\u0107 o trawnik, sprawiaj\u0105c, \u017ce koszenie stanie si\u0119 przyjemno\u015bci\u0105. Patrzysz z zazdro\u015bci\u0105 na idealny trawnik s\u0105siada, gdy on odpoczywa na tarasie? Teraz to Ty mo\u017cesz go zaskoczy\u0107! Wykorzystaj wszechstronno\u015b\u0107 traktork\u00f3w ogrodowych i ciesz si\u0119 perfekcyjnie zadbanym trawnikiem.<\/p>\n\n\n\n<p>Traktorek ogrodowy&nbsp;<strong>Cub Cadet&nbsp;<\/strong><strong>XT2 ES107<\/strong>&nbsp;zosta\u0142 wyposa\u017cony w 56V akumulator o pojemno\u015bci 60Ah \u2013 firma Cub Cadet zadba\u0142a, aby by\u0142 to produkt nowej generacji, przyjazny dla \u015brodowiska, niezawodny w u\u017cyciu. Akumulator \u0142aduje si\u0119 w zaledwie 4 godziny. Po na\u0142adowaniu akumulatora, traktorek mo\u017ce pracowa\u0107 przez oko\u0142o 90 minut na pe\u0142nym cyklu.&nbsp;Dzi\u0119ki zastosowaniu akumulatora litowo-jonowego, traktorek jest wolny od emisji spalin, co czyni go przyjaznym dla \u015brodowiska i cichym w u\u017cytkowaniu. Ten nowoczesny&nbsp;<strong>pojazd akumulatorowy<\/strong>&nbsp;mimo szeroko\u015bci koszenia 107 cm bez problemu poradzi sobie&nbsp;z powierzchni\u0105 koszenia do 8 000 m3.<\/p>\n\n\n\n<h2 class=\"wp-block-heading\">Lubisz, kiedy jedno urz\u0105dzenie ma wiele funkcji? W takim razie polubisz traktor ogrodowy&nbsp;Cub Cadet XT2 ES107<\/h2>\n\n\n\n<p>Masz do wyboru opcje koszenia z wyrzutem bocznym lub \u2013 po dokupieniu wk\u0142adki mulczuj\u0105cej &#8211; opcje&nbsp;mulczowania. Proces ten polega na&nbsp;rozdrabnianiu trawy, a nast\u0119pnie&nbsp;rozsiewaniu jej&nbsp;na trawniku, co pomaga&nbsp;u\u017cy\u017ani\u0107 gleb\u0119.&nbsp;<strong>Traktor akumulatorowy<\/strong>&nbsp;posiada regulacj\u0119 wysoko\u015bci koszenia w 12 stopniach od 25 do 100 mm, a&nbsp;szeroko\u015b\u0107 robocza&nbsp;no\u017ca tn\u0105cego wynosi&nbsp;107 cm. Konstrukcja&nbsp;<strong>traktorka<\/strong>&nbsp;dzi\u0119ki \u017celiwnej osi skr\u0119tnej jest bardzo solidna, a dzi\u0119ki&nbsp;regulacji fotela&nbsp;i&nbsp;ergonomicznej kierownicy&nbsp;koszenie staje si\u0119 przyjemniejsze. Twoj\u0105 prac\u0119 u\u0142atwi wygodne, elektromagnetyczne sprz\u0119g\u0142o w\u0142\u0105czania no\u017cy, kt\u00f3re obs\u0142uguje si\u0119 jednym przyciskiem.<\/p>\n\n\n\n<h2 class=\"wp-block-heading\">Co zapewni Ci komfort pracy na Cub Cadet XT2 ES107?<\/h2>\n\n\n\n<ul class=\"wp-block-list\">\n<li>Silnik akumulatorowy pozwalaj\u0105cy na prac\u0119 bez ha\u0142asu, spalin, zabrudze\u0144 jak w przypadku traktork\u00f3w spalinowych<\/li>\n\n\n\n<li>Wygodny, regulowany fotel z amortyzacj\u0105 nier\u00f3wno\u015bci terenu<\/li>\n\n\n\n<li>Funkcjonalna kierownica z mi\u0119kkim uchwytem<\/li>\n\n\n\n<li>Brak konieczno\u015bci wymiany oleju, filtr\u00f3w oraz tankowania benzyny<\/li>\n\n\n\n<li>Reflektory LED pozwol\u0105 na bezpieczn\u0105, energooszcz\u0119dn\u0105 prac\u0119 nawet po zmroku<\/li>\n\n\n\n<li>Solidna konstrukcja i stalowa rama zapewniaj\u0105 d\u0142ugowieczno\u015b\u0107 maszyny i odporno\u015b\u0107 na trudne warunki pracy<\/li>\n<\/ul>\n\n\n\n<p>Potrzebujesz traktorka z silnikiem spalinowym? Koniecznie sprawd\u017a model:<\/p>\n\n\n\n<h4 class=\"wp-block-heading\">Specyfikacja<\/h4>\n\n\n\n<p>Stan<\/p>\n\n\n\n<p>Nowy<\/p>\n\n\n\n<p>Marka<\/p>\n\n\n\n<p>Cub Cadet<\/p>\n\n\n\n<p>Silnik<\/p>\n\n\n\n<p>Elektryczny<\/p>\n\n\n\n<p>Model silnika<\/p>\n\n\n\n<p>CUB CADET 56V<\/p>\n\n\n\n<p>Moc (kW)<\/p>\n\n\n\n<p>2,94<\/p>\n\n\n\n<p>Poziom ha\u0142asu dB(A)<\/p>\n\n\n\n<p>94<\/p>\n\n\n\n<p>Powierzchnia koszenia (m2)<\/p>\n\n\n\n<p>8 000<\/p>\n\n\n\n<p>Szeroko\u015b\u0107 robocza (mm)<\/p>\n\n\n\n<p>1070<\/p>\n\n\n\n<p>Wysoko\u015b\u0107 koszenia (mm)<\/p>\n\n\n\n<p>25 &#8211; 100<\/p>\n\n\n\n<p>Regulacja wysoko\u015bci koszenia<\/p>\n\n\n\n<p>12-stopniowa<\/p>\n\n\n\n<p>Liczba no\u017cy (szt.)<\/p>\n\n\n\n<p>2<\/p>\n\n\n\n<p>Pojemno\u015b\u0107 kosza (L)<\/p>\n\n\n\n<p>200<\/p>\n\n\n\n<p>Przek\u0142adnia<\/p>\n\n\n\n<p>Bezstopniowa elektryczna<\/p>\n\n\n\n<p>Tempomat<\/p>\n\n\n\n<p>TAK<\/p>\n\n\n\n<p>Fotel<\/p>\n\n\n\n<p>Regulowany, 10 &#8211; pozycji<\/p>\n\n\n\n<p>Kierownica<\/p>\n\n\n\n<p>Ergonomiczna z mi\u0119kkim uchwytem<\/p>\n\n\n\n<p>Wyposa\u017cenie<\/p>\n\n\n\n<p>Deflektor boczny<br>Kosz na traw\u0119 (opcja)<br>O\u015bwietlenie LED<br>Uchwyt na kubek<br>Zderzak<\/p>\n\n\n\n<p>Wymiary (mm)<\/p>\n\n\n\n<p>1800 \/ 1150 \/ 1200<\/p>\n\n\n\n<p>Rozmiar k\u00f3\u0142 prz\u00f3d \/ ty\u0142<\/p>\n\n\n\n<p>15 x 6 \/ 20 x 8<\/p>\n\n\n\n<p>Waga (kg)<\/p>\n\n\n\n<p>245<\/p>\n\n\n\n<p>System rozruchowy<\/p>\n\n\n\n<p>Elektryczny<\/p>\n\n\n\n<p>Pojemno\u015b\u0107 akumulatora (Ah)<\/p>\n\n\n\n<p>60<\/p>\n\n\n\n<p>Ci\u0119cie na wstecznym biegu<\/p>\n\n\n\n<p>TAK<\/p>\n\n\n\n<p>Rodzaj akumulatora<\/p>\n\n\n\n<p>Litowo-jonowy<\/p>","protected":false},"excerpt":{"rendered":"<div class=\"col-12 col-lg-4 page-product4-about-single1 logo-brand\">\n<div class=\"page-product-brand\">\n<div class=\"product-manufacturer\">\n<div class=\"product-brand-bottom\">\u00a0<\/div>\n<\/div>\n<\/div>\n<div class=\"page-product-spec\">\n<div class=\"row\">\n<div class=\"col-6 col-sm-6 col-md-6 col-lg-6 single1\">\n<div class=\"single1-sz\">\n<div class=\"title1\">\n<p>Stan Nowy<\/p>\n<\/div>\n<\/div>\n<\/div>\n<div class=\"col-6 col-sm-6 col-md-6 col-lg-6 single1\">\n<div class=\"single1-sz\">\n<div class=\"title1\">\n<p>Moc (kW) 2,94<\/p>\n<\/div>\n<\/div>\n<\/div>\n<div class=\"col-6 col-sm-6 col-md-6 col-lg-6 single1\">\n<div class=\"single1-sz\">\n<div class=\"title1\">\n<p>Szeroko\u015b\u0107 robocza (mm) 1070<\/p>\n<\/div>\n<\/div>\n<\/div>\n<div class=\"col-6 col-sm-6 col-md-6 col-lg-6 single1\">\n<div class=\"single1-sz\">\n<div class=\"title1\">\n<p>Liczba no\u017cy (szt.) 2<\/p>\n<\/div>\n<\/div>\n<\/div>\n<div class=\"col-6 col-sm-6 col-md-6 col-lg-6 single1\">\n<div class=\"single1-sz\">\n<div class=\"title1\">\n<p>Pojemno\u015b\u0107 kosza (L) 200<\/p>\n<\/div>\n<\/div>\n<\/div>\n<div class=\"col-6 col-sm-6 col-md-6 col-lg-6 single1\">\n<div class=\"single1-sz\">\n<div class=\"title1\">\n<p>Waga (kg) 245<\/p>\n<\/div>\n<\/div>\n<\/div>\n<\/div>\n<\/div>\n<\/div>","protected":false},"featured_media":7736,"comment_status":"open","ping_status":"closed","template":"","meta":[],"product_brand":[88],"product_cat":[59],"product_tag":[],"class_list":{"0":"post-7734","1":"product","2":"type-product","3":"status-publish","4":"has-post-thumbnail","6":"product_brand-cub-cadet","7":"product_cat-traktorki-kosiarki","9":"first","10":"instock","11":"shipping-taxable","12":"purchasable","13":"product-type-simple"},"_links":{"self":[{"href":"https:\/\/plmaszyny.online\/en\/wp-json\/wp\/v2\/product\/7734","targetHints":{"allow":["GET"]}}],"collection":[{"href":"https:\/\/plmaszyny.online\/en\/wp-json\/wp\/v2\/product"}],"about":[{"href":"https:\/\/plmaszyny.online\/en\/wp-json\/wp\/v2\/types\/product"}],"replies":[{"embeddable":true,"href":"https:\/\/plmaszyny.online\/en\/wp-json\/wp\/v2\/comments?post=7734"}],"wp:featuredmedia":[{"embeddable":true,"href":"https:\/\/plmaszyny.online\/en\/wp-json\/wp\/v2\/media\/7736"}],"wp:attachment":[{"href":"https:\/\/plmaszyny.online\/en\/wp-json\/wp\/v2\/media?parent=7734"}],"wp:term":[{"taxonomy":"product_brand","embeddable":true,"href":"https:\/\/plmaszyny.online\/en\/wp-json\/wp\/v2\/product_brand?post=7734"},{"taxonomy":"product_cat","embeddable":true,"href":"https:\/\/plmaszyny.online\/en\/wp-json\/wp\/v2\/product_cat?post=7734"},{"taxonomy":"product_tag","embeddable":true,"href":"https:\/\/plmaszyny.online\/en\/wp-json\/wp\/v2\/product_tag?post=7734"}],"curies":[{"name":"wp","href":"https:\/\/api.w.org\/{rel}","templated":true}]}}