{"id":7731,"date":"2026-02-24T09:55:37","date_gmt":"2026-02-24T09:55:37","guid":{"rendered":"https:\/\/plmaszyny.online\/?post_type=product&#038;p=7731"},"modified":"2026-02-26T10:14:58","modified_gmt":"2026-02-26T10:14:58","slug":"iseki-sxg-327-122-wysoki-wysyp","status":"publish","type":"product","link":"https:\/\/plmaszyny.online\/en\/product\/iseki-sxg-327-122-wysoki-wysyp\/","title":{"rendered":"Iseki SXG 327 &#8211; 122 &#8211; wysoki wysyp"},"content":{"rendered":"<p>Obejrzyj wideo<\/p>\n\n\n\n<p>Iseki SXG 327 &#8211; 122 &#8211; wysoki wysyp<\/p>\n\n\n\n<h3 class=\"wp-block-heading\"><strong><\/strong>Globalny<strong>&nbsp;sukces-jako\u015b\u0107 i precyzja<\/strong><\/h3>\n\n\n\n<p>Kiedy s\u0142yszymy&nbsp;<strong>ISEKI<\/strong>, my\u015blimy&nbsp;<strong>niezawodno\u015b\u0107, najnowsza technologia, wysoka jako\u015b\u0107 produktu i presti\u017c<\/strong>. Za nazw\u0105 marki kryje si\u0119 90-letnie do\u015bwiadczenie w produkcji ci\u0105gnik\u00f3w rolniczych, najnowsza japo\u0144ska technologia, fabryki rozmieszczone na ca\u0142ym \u015bwiecie, niemiecka precyzja, nowoczesny proces produkcyjny i do tego najbardziej rozwini\u0119ta sie\u0107 dystrybucji w sektorze mini ci\u0105gnik\u00f3w i traktork\u00f3w rolniczych oraz setki tysi\u0119cy zadowolonych klient\u00f3w na ca\u0142ym \u015bwiecie.<\/p>\n\n\n\n<h3 class=\"wp-block-heading\"><strong>Mi\u0119dzynarodowy lider w produkcji kosiarek<\/strong><\/h3>\n\n\n\n<p>Produkty&nbsp;<strong>Iseki<\/strong>&nbsp;to po\u0142\u0105czenie&nbsp;<strong>najwy\u017cej japo\u0144skiej technologii<\/strong>, jako\u015bci u\u017cytych materia\u0142\u00f3w oraz&nbsp;<strong>niemieckiej precyzji.<\/strong><\/p>\n\n\n\n<p>Kosiarka samojezdna z serii&nbsp;<strong>SXG3<\/strong>&nbsp;model<strong>&nbsp;327<\/strong>&nbsp;jest idealnym narz\u0119dziem dla&nbsp;<strong>wymagaj\u0105cych klient\u00f3w.<\/strong>&nbsp;Jest jednym z najs\u0142ynniejszych sprz\u0119t\u00f3w marki, co zawdzi\u0119cza wysokiej technologii i jako\u015bci wykonania. Posiada 3-cylindrowy silnik o mocy&nbsp;<strong>22 KM<\/strong>&nbsp;nap\u0119dzany dieslem i ch\u0142odzony ciecz\u0105 zapewnia maszynie optymaln\u0105 moc nawet przy niewielkiej pr\u0119dko\u015bci, w r\u00f3\u017cnych warunkach atmosferycznych.<\/p>\n\n\n\n<p>Zar\u00f3wno przy kr\u00f3tkiej, jak i wysokiej trawie, model&nbsp;<strong>SXG 327<\/strong>&nbsp;osi\u0105ga doskona\u0142\u0105 jako\u015b\u0107 ci\u0119cia dzi\u0119ki zachodzeniu na siebie obrys\u00f3w no\u017cy. Nap\u0119d no\u017cy odbywa si\u0119 za po\u015brednictwem wa\u0142u kardana przez przek\u0142adni\u0119 k\u0105tow\u0105. Dany model posiada<strong>&nbsp;szeroko\u015b\u0107 robocz\u0105 1220<\/strong>&nbsp;<strong>mm<\/strong>&nbsp;oraz du\u017cy kosz z wysokim<strong>&nbsp;wysypem<\/strong>&nbsp;<strong>o<\/strong>&nbsp;<strong>pojemno\u015bci 650 L<\/strong>.<\/p>\n\n\n\n<p>Maszyna posiada tempomat kt\u00f3ry umo\u017cliwia wygodne koszenie du\u017cych powierzchni trawnika. Sta\u0142a pr\u0119dko\u015b\u0107 gwarantuje r\u00f3wnomierne ci\u0119cie i skupienie si\u0119 na pracy. Hydraulika umo\u017cliwia sterowanie koszem na traw\u0119 z siedzenia kierowcy. Dzi\u0119ki temu mo\u017cna opr\u00f3\u017cni\u0107 go bezpo\u015brednio do przyczepy lub kontenera. Idealnie nadaje si\u0119 do roz\u0142adunku skoszonej trawy na przygotowan\u0105 przyczep\u0119.<\/p>\n\n\n\n<p>Dodatkowo w danym modelu o&nbsp;<strong>szeroko\u015bci roboczej 1220 mm&nbsp;<\/strong>jest mo\u017cliwo\u015b\u0107<strong>&nbsp;<\/strong>zmiany trybu koszenia ze zbieraniem do zbiornika na mulczowanie skoszonej trawy opcja prosta do zmiany bez u\u017cycia narz\u0119dzi.&nbsp;<strong>Elektryczne za\u0142\u0105czenie kosiska<\/strong>&nbsp;w tym modelu agregat tn\u0105cy za\u0142\u0105cza si\u0119 poprzez wci\u015bni\u0119cie przycisku.<\/p>\n\n\n\n<h3 class=\"wp-block-heading\">R\u00f3\u017cnice mi\u0119dzy modelami i wyposa\u017cenie poszczeg\u00f3lnych egzemplarzy:<\/h3>\n\n\n\n<ul class=\"wp-block-list\">\n<li>Iseki SXG327 22 KM \/ niski wysyp \/ szeroko\u015b\u0107 koszenia 1220 mm \/ kosz 590 litr\u00f3w,<\/li>\n\n\n\n<li>Iseki SXG327 22 KM \/ wysoki wysyp \/ szeroko\u015b\u0107 koszenia 1220 mm \/ kosz 650 litr\u00f3w,<\/li>\n\n\n\n<li>Iseki SXG327 22 KM \/ wysoki wysyp \/ szeroko\u015b\u0107 koszenia 1370 mm \/ kosz 650 litr\u00f3w,<\/li>\n\n\n\n<li>Iseki SXG327 22 KM \/ niski wysyp \/ szeroko\u015b\u0107 koszenia 1370 mm \/ kosz 590 litr\u00f3w,<\/li>\n<\/ul>\n\n\n\n<p><strong>Warto zaznaczy\u0107, \u017ce traktorek-kosiarka samojezdna Iseki SXG 327<\/strong>&nbsp;nadaje si\u0119 nie tylko do sprawnego koszenia teren\u00f3w zielonych o du\u017cej powierzchni, ale tak\u017ce do&nbsp;<strong>od\u015bnie\u017cania, zamiatania, zbierania li\u015bci, posypywania piaskiem czy sol\u0105, nawo\u017cenia<\/strong>&nbsp;(wyst\u0119puje mo\u017cliwo\u015b\u0107 dokupienia osprz\u0119tu). Czyni to kosiark\u0119 profesjonalnym sprz\u0119tem kt\u00f3rym mo\u017cna wykorzystywa\u0107 przez ca\u0142y rok.<\/p>\n\n\n\n<h3 class=\"wp-block-heading\">Model SXG 327 idealnie sprawdzi si\u0119 na:<\/h3>\n\n\n\n<ul class=\"wp-block-list\">\n<li>obszary miejskie i komunalne<\/li>\n\n\n\n<li>parki i boiska sportowe<\/li>\n\n\n\n<li>tereny kempingowe<\/li>\n\n\n\n<li>zarz\u0105dzanie obiektami i nieruchomo\u015bciami<\/li>\n\n\n\n<li>chodniki i wysepki drogowe<\/li>\n<\/ul>\n\n\n\n<h4 class=\"wp-block-heading\">Specyfikacja<\/h4>\n\n\n\n<p>Stan<\/p>\n\n\n\n<p>Nowy<\/p>\n\n\n\n<p>Osprz\u0119t<\/p>\n\n\n\n<p>Kosiarka mi\u0119dzyosiowa<\/p>\n\n\n\n<p>Kolor<\/p>\n\n\n\n<p>Niebieski<\/p>\n\n\n\n<p>Silnik<\/p>\n\n\n\n<p>3 &#8211; cylindrowy diesel ch\u0142odzony ciecz\u0105<\/p>\n\n\n\n<p>Moc (KM\/HP)<\/p>\n\n\n\n<p>22<\/p>\n\n\n\n<p>Pojemno\u015b\u0107 silnika (cm3 \/ ccm)<\/p>\n\n\n\n<p>1123<\/p>\n\n\n\n<p>Znamionowa pr\u0119dko\u015b\u0107 obrotowa silnika (obr\/min)<\/p>\n\n\n\n<p>2600<\/p>\n\n\n\n<p>Szeroko\u015b\u0107 koszenia (mm)<\/p>\n\n\n\n<p>1220<\/p>\n\n\n\n<p>Regulacja wysoko\u015bci koszenia<\/p>\n\n\n\n<p>Hydrauliczna<\/p>\n\n\n\n<p>Liczba no\u017cy (szt.)<\/p>\n\n\n\n<p>2<\/p>\n\n\n\n<p>Koszenie na biegu wstecznym<\/p>\n\n\n\n<p>TAK<\/p>\n\n\n\n<p>Pojemno\u015b\u0107 kosza (L)<\/p>\n\n\n\n<p>650<\/p>\n\n\n\n<p>Skrzynia bieg\u00f3w<\/p>\n\n\n\n<p>Hydrostatyczna<\/p>\n\n\n\n<p>Maksymalna pr\u0119dko\u015b\u0107 jazdy do przodu (km\/h)<\/p>\n\n\n\n<p>19<\/p>\n\n\n\n<p>Wspomaganie kierownicy<\/p>\n\n\n\n<p>TAK<\/p>\n\n\n\n<p>Blokada mechanizmu r\u00f3\u017cnicowego<\/p>\n\n\n\n<p>TAK<\/p>\n\n\n\n<p>Tempomat<\/p>\n\n\n\n<p>TAK<\/p>\n\n\n\n<p>Opr\u00f3\u017cnianie kosza<\/p>\n\n\n\n<p>Wysoki wysyp<\/p>\n\n\n\n<p>Typ opon (y)<\/p>\n\n\n\n<p>Trawiaste<\/p>\n\n\n\n<p>D\u0142ugo\u015b\u0107 ca\u0142kowita (mm)<\/p>\n\n\n\n<p>2110<\/p>\n\n\n\n<p>Rozmiar opon prz\u00f3d \/ ty\u0142<\/p>\n\n\n\n<p>18 x 8.50-8 \/ 26 x 10.50 &#8211; 12<\/p>\n\n\n\n<p>Hamulec r\u0119czny\/postojowy<\/p>\n\n\n\n<p>D\u017awignia<\/p>\n\n\n\n<p>Dodatkowe<\/p>\n\n\n\n<p>Kabina<br>Przedni TUZ<br>Przedni wa\u0142ek WOM \/ PTO<\/p>\n\n\n\n<p>Szeroko\u015b\u0107 ca\u0142kowita (mm)<\/p>\n\n\n\n<p>1100 &#8211; 1440<\/p>\n\n\n\n<p>Wysoko\u015b\u0107 ca\u0142kowita (mm)<\/p>\n\n\n\n<p>1850 &#8211; 2022<\/p>","protected":false},"excerpt":{"rendered":"<div class=\"col-12 col-lg-4 page-product4-about-single1 logo-brand\">\n<div class=\"page-product-spec\">\n<div class=\"row\">\n<div class=\"col-6 col-sm-6 col-md-6 col-lg-6 single1\">\n<div class=\"single1-sz\">\n<div class=\"ico\">\u00a0<\/div>\n<div class=\"title1\">\n<p>Stan Nowy<\/p>\n<\/div>\n<\/div>\n<\/div>\n<div class=\"col-6 col-sm-6 col-md-6 col-lg-6 single1\">\n<div class=\"single1-sz\">\n<div class=\"title1\">\n<p>Moc (KM\/HP) 22<\/p>\n<\/div>\n<\/div>\n<\/div>\n<div class=\"col-6 col-sm-6 col-md-6 col-lg-6 single1\">\n<div class=\"single1-sz\">\n<div class=\"title1\">\n<p>Liczba no\u017cy (szt.) 2<\/p>\n<\/div>\n<\/div>\n<\/div>\n<div class=\"col-6 col-sm-6 col-md-6 col-lg-6 single1\">\n<div class=\"single1-sz\">\n<div class=\"title1\">\n<p>Pojemno\u015b\u0107 kosza (L) 650<\/p>\n<\/div>\n<\/div>\n<\/div>\n<div class=\"col-6 col-sm-6 col-md-6 col-lg-6 single1\">\n<div class=\"single1-sz\">\n<div class=\"title1\">\n<p>Skrzynia bieg\u00f3w Hydrostatyczna<\/p>\n<\/div>\n<\/div>\n<\/div>\n<div class=\"col-6 col-sm-6 col-md-6 col-lg-6 single1\">\n<div class=\"single1-sz\">\n<div class=\"title1\">\n<p>Wspomaganie kierownicy TAK<\/p>\n<\/div>\n<\/div>\n<\/div>\n<\/div>\n<\/div>\n<div class=\"row page-product-spec\">\n<div class=\"col-12\">\u00a0<\/div>\n<\/div>\n<\/div>","protected":false},"featured_media":7733,"comment_status":"open","ping_status":"closed","template":"","meta":[],"product_brand":[77],"product_cat":[59],"product_tag":[],"class_list":{"0":"post-7731","1":"product","2":"type-product","3":"status-publish","4":"has-post-thumbnail","6":"product_brand-stiga","7":"product_cat-traktorki-kosiarki","9":"first","10":"instock","11":"shipping-taxable","12":"purchasable","13":"product-type-simple"},"_links":{"self":[{"href":"https:\/\/plmaszyny.online\/en\/wp-json\/wp\/v2\/product\/7731","targetHints":{"allow":["GET"]}}],"collection":[{"href":"https:\/\/plmaszyny.online\/en\/wp-json\/wp\/v2\/product"}],"about":[{"href":"https:\/\/plmaszyny.online\/en\/wp-json\/wp\/v2\/types\/product"}],"replies":[{"embeddable":true,"href":"https:\/\/plmaszyny.online\/en\/wp-json\/wp\/v2\/comments?post=7731"}],"wp:featuredmedia":[{"embeddable":true,"href":"https:\/\/plmaszyny.online\/en\/wp-json\/wp\/v2\/media\/7733"}],"wp:attachment":[{"href":"https:\/\/plmaszyny.online\/en\/wp-json\/wp\/v2\/media?parent=7731"}],"wp:term":[{"taxonomy":"product_brand","embeddable":true,"href":"https:\/\/plmaszyny.online\/en\/wp-json\/wp\/v2\/product_brand?post=7731"},{"taxonomy":"product_cat","embeddable":true,"href":"https:\/\/plmaszyny.online\/en\/wp-json\/wp\/v2\/product_cat?post=7731"},{"taxonomy":"product_tag","embeddable":true,"href":"https:\/\/plmaszyny.online\/en\/wp-json\/wp\/v2\/product_tag?post=7731"}],"curies":[{"name":"wp","href":"https:\/\/api.w.org\/{rel}","templated":true}]}}