{"id":7719,"date":"2026-02-24T09:51:29","date_gmt":"2026-02-24T09:51:29","guid":{"rendered":"https:\/\/plmaszyny.online\/?post_type=product&#038;p=7719"},"modified":"2026-02-26T10:16:18","modified_gmt":"2026-02-26T10:16:18","slug":"stiga-park-300-m-z-agregatem-park-85-combi-mq","status":"publish","type":"product","link":"https:\/\/plmaszyny.online\/en\/product\/stiga-park-300-m-z-agregatem-park-85-combi-mq\/","title":{"rendered":"Stiga Park 300 M z agregatem Park 85 Combi MQ"},"content":{"rendered":"<p>Obejrzyj wideo<\/p>\n\n\n\n<p>Stiga Park 300 M z agregatem Park 85 Combi MQ<\/p>\n\n\n\n<p>Marzysz o&nbsp;<strong>mocnym<\/strong>,&nbsp;<strong>niezawodnym<\/strong>&nbsp;traktorku ogrodowym, daj\u0105cym&nbsp;<strong>maksimum przyjemno\u015bci<\/strong>&nbsp;pracy i&nbsp;<strong>minimum Twojego wysi\u0142ku<\/strong>? Ten produkt jest zdecydowanie dla Ciebie! To nieoceniony sprz\u0119t, kt\u00f3ry&nbsp;<strong>b\u0119dzie Ci towarzyszy\u0142 o ka\u017cdej porze roku<\/strong>. Pomo\u017ce wygra\u0107 w wysok\u0105 trawa, a tak\u017ce por\u0105 zimow\u0105 nie pozwoli Ci sp\u00f3\u017ani\u0107 si\u0119 do pracy&nbsp;<strong>po obfitych opadach \u015bniegu<\/strong>. Masz do\u015b\u0107 widoku Twojego s\u0105siada, kt\u00f3ry relaksuje si\u0119 na tarasie, a jego trawnik wygl\u0105da ob\u0142\u0119dnie? Zaskocz go!&nbsp;<strong>Odkryj wielofunkcyjno\u015b\u0107<\/strong>&nbsp;traktork\u00f3w ogrodowych, a Tw\u00f3j trawnik b\u0119dzie wygl\u0105da\u0142 lepiej.<\/p>\n\n\n\n<p>Traktory ogrodowe&nbsp;<strong>Stiga Park<\/strong>&nbsp;to wyj\u0105tkowa linia produkt\u00f3w z&nbsp;<strong>przednim agregatem tn\u0105cym<\/strong>. Taka maszyna rewelacyjnie sprawdzi si\u0119 je\u015bli potrzebujesz dotrze\u0107 do trudnodost\u0119pnych miejsc, poradzi sobie z nier\u00f3wno\u015bciami terenu. Dzi\u0119ki&nbsp;<strong>przegubowemu uk\u0142adowi kierowniczemu<\/strong>&nbsp;manewrowanie wok\u00f3\u0142 przeszk\u00f3d takich jak kwietniki, kamienie czy drzewa b\u0119dzie przyjemno\u015bci\u0105.&nbsp;<strong>Stiga Park 300 M<\/strong>&nbsp;zosta\u0142 wyposa\u017cony w&nbsp;<strong>jednocylindrowy<\/strong>&nbsp;silnik spalinowy&nbsp;<strong>Stiga ST 400<\/strong>&nbsp;o pojemno\u015bci&nbsp;<strong>414 cm3<\/strong>&nbsp;i&nbsp;<strong>mocy 7,10 kW<\/strong>&nbsp;przy&nbsp;<strong>3200 obr.\/min<\/strong>. Nowa konstrukcja maski traktorka sprawi\u0142a, \u017ce nabra\u0142 nowoczesnego i atrakcyjnego wygl\u0105du, a dzi\u0119ki regulacji fotela i ergonomicznej kierownicy koszenie sta\u0142o si\u0119 przyjemniejsze. Zastanawiasz si\u0119 jak\u0105 pr\u0119dko\u015b\u0107 osi\u0105gniesz? Maksymalna to nawet&nbsp;<strong>9 km\/h<\/strong>&nbsp;plus nieoceniony&nbsp;<strong>nap\u0119d na tylne ko\u0142a<\/strong>. Takie atuty pozwol\u0105 Ci na koszenie obszar\u00f3w do&nbsp;<strong>2 500 m2<\/strong>.<\/p>\n\n\n\n<h2 class=\"wp-block-heading\">Lubisz, kiedy jedno urz\u0105dzenie ma wiele funkcji?<\/h2>\n\n\n\n<p>W takim razie polubisz traktor ogrodowy&nbsp;<strong>Stiga Park 300M<\/strong>. To maszyna wielosezonowa, w modelu&nbsp;<strong>z agregatem Park 85 Combi MQ<\/strong>&nbsp;mo\u017cesz wybra\u0107 opcje idealn\u0105 przy d\u0142u\u017cszej trawie &#8211; koszenia i wyrzutu tylnego lub&nbsp;<strong>mulczowania<\/strong>. Proces ten polega na&nbsp;<strong>rozdrabnianiu trawy<\/strong>, a nast\u0119pnie&nbsp;<strong>rozsiewaniu jej<\/strong>&nbsp;na trawniku, co pomaga u\u017cy\u017ani\u0107 gleb\u0119. Traktor posiada manualn\u0105&nbsp;<strong>regulacj\u0119 wysoko\u015bci<\/strong>&nbsp;koszenia, w zestawie z&nbsp;<strong>agregatem Park 85 Combi<\/strong>&nbsp;wysko\u015b\u0107 ta wynosi&nbsp;<strong>25-85 mm<\/strong>&nbsp;a szeroko\u015b\u0107 robocza to&nbsp;<strong>85 cm<\/strong>. Atutem serii Park jest zamontowany z przodu mechanizm tn\u0105cy, to daje pe\u0142n\u0105 kontrol\u0119 nad maszyn\u0105 i koszeniem. Czyszczenie mechanizmu jest wyj\u0105tkowo \u0142atwe, za spraw\u0105 technologii&nbsp;<strong>Stiga Quick Flip,<\/strong>&nbsp;kt\u00f3ra pozwala na bezproblemowe podniesienie agregatu tn\u0105cego. Firma Stiga wyposa\u017cy\u0142a sw\u00f3j produkt w&nbsp;<strong>system RAC<\/strong>, kt\u00f3ry umo\u017cliwia sprawne i dok\u0142adne pod\u0142\u0105czenie agregatu tn\u0105cego a tak\u017ce innych cz\u0119\u015bci czy akcesori\u00f3w, co pozwoli na wszystkie Twoje szale\u0144stwa ogrodowe.<\/p>\n\n\n\n<h3 class=\"wp-block-heading\">Co zapewni Ci komfort pracy na Stiga Park 300 M?<\/h3>\n\n\n\n<ul class=\"wp-block-list\">\n<li>System QuickFlip oraz RAC<\/li>\n\n\n\n<li>Funkcjonalna kierownica<\/li>\n\n\n\n<li>Du\u017ca ilo\u015b\u0107 miejsca na nogi pozwalaj\u0105ca na wygodne i szybkie koszenie<\/li>\n\n\n\n<li>Mo\u017cliwo\u015b\u0107 wyginania si\u0119 maszyny w \u015brodku pozwala na bezpieczn\u0105 precyzyjn\u0105 jazd\u0119<\/li>\n\n\n\n<li>4,2-litrowy zbiornik paliwa z wska\u017anikiem zape\u0142nienia<\/li>\n<\/ul>\n\n\n\n<h3 class=\"wp-block-heading\">Wybierz niezawodny traktor Stiga Park 300 M z agregatem Park 85 Combi MQ i sta\u0144 si\u0119 kr\u00f3lem swojego ogrodu.<\/h3>\n\n\n\n<p>Potrzebujesz traktorka o wi\u0119kszych mo\u017cliwo\u015bciach? Zobacz model\u00a0<\/p>\n\n\n\n<p>*Prezentowany produkt to nowa ods\u0142ona wcze\u015bniejszego modelu: Stiga&nbsp;Park 120 z agregatem Combi 85 QF<\/p>\n\n\n\n<p>Lokalizacja N1<\/p>\n\n\n\n<h4 class=\"wp-block-heading\">Specyfikacja<\/h4>\n\n\n\n<p>Stan<\/p>\n\n\n\n<p>Nowy<\/p>\n\n\n\n<p>Marka<\/p>\n\n\n\n<p>Stiga<\/p>\n\n\n\n<p>Kolor<\/p>\n\n\n\n<p>\u017b\u00f3\u0142ty<\/p>\n\n\n\n<p>Silnik<\/p>\n\n\n\n<p>Spalinowy<\/p>\n\n\n\n<p>Marka silnika<\/p>\n\n\n\n<p>Stiga<\/p>\n\n\n\n<p>Model silnika<\/p>\n\n\n\n<p>Stiga ST 400<\/p>\n\n\n\n<p>Moc (kW)<\/p>\n\n\n\n<p>7.10<\/p>\n\n\n\n<p>Pojemno\u015b\u0107 skokowa (cm3)<\/p>\n\n\n\n<p>414<\/p>\n\n\n\n<p>Liczba cylindr\u00f3w (szt.)<\/p>\n\n\n\n<p>1<\/p>\n\n\n\n<p>Znamionowa pr\u0119dko\u015b\u0107 obrotowa silnika (obr\/min)<\/p>\n\n\n\n<p>3200<\/p>\n\n\n\n<p>System ch\u0142odzenia<\/p>\n\n\n\n<p>Powietrze<\/p>\n\n\n\n<p>Pojemno\u015b\u0107 zbiornika paliwa (L)<\/p>\n\n\n\n<p>4,2<\/p>\n\n\n\n<p>System koszenia<\/p>\n\n\n\n<p>Wyrzut tylny, mulczowanie<\/p>\n\n\n\n<p>Powierzchnia koszenia (m2)<\/p>\n\n\n\n<p>2 500<\/p>\n\n\n\n<p>Szeroko\u015b\u0107 robocza (mm)<\/p>\n\n\n\n<p>850<\/p>\n\n\n\n<p>Regulacja wysoko\u015bci koszenia<\/p>\n\n\n\n<p>Manualna<\/p>\n\n\n\n<p>Liczba no\u017cy (szt.)<\/p>\n\n\n\n<p>2<\/p>\n\n\n\n<p>Podno\u015bnik agregatu<\/p>\n\n\n\n<p>Manualny<\/p>\n\n\n\n<p>Nap\u0119d<\/p>\n\n\n\n<p>2&#215;4 2WD<\/p>\n\n\n\n<p>Przek\u0142adnia<\/p>\n\n\n\n<p>Hydrostatyczna<\/p>\n\n\n\n<p>Pr\u0119dko\u015b\u0107 maksymalna (km\/h)<\/p>\n\n\n\n<p>9<\/p>\n\n\n\n<p>Licznik motogodzin<\/p>\n\n\n\n<p>NIE<\/p>\n\n\n\n<p>Tempomat<\/p>\n\n\n\n<p>NIE<\/p>\n\n\n\n<p>\u015awiat\u0142a przednie<\/p>\n\n\n\n<p>NIE<\/p>\n\n\n\n<p>Wyposa\u017cenie<\/p>\n\n\n\n<p>Hak holowniczy<\/p>\n\n\n\n<p>Rozmiar k\u00f3\u0142 prz\u00f3d \/ ty\u0142<\/p>\n\n\n\n<p>14.3&#215;5.60-8 \/ 14.3&#215;5.60-8<\/p>\n\n\n\n<p>Waga (kg)<\/p>\n\n\n\n<p>221<\/p>\n\n\n\n<p>Gwarancja<\/p>\n\n\n\n<p>Tak<\/p>\n\n\n\n<p>Napi\u0119cie akumulatora (V)<\/p>\n\n\n\n<p>12<\/p>\n\n\n\n<p>Pojemno\u015b\u0107 akumulatora (Ah)<\/p>\n\n\n\n<p>18<\/p>\n\n\n\n<p>Dodatkowe<\/p>\n\n\n\n<p>Schowek<br>zaczep<\/p>","protected":false},"excerpt":{"rendered":"<div class=\"col-6 col-sm-6 col-md-6 col-lg-6 single1\">\n<div class=\"single1-sz\">\n<div class=\"ico\">\u00a0<\/div>\n<div class=\"title1\">\n<p>Stan Nowy<\/p>\n<\/div>\n<\/div>\n<\/div>\n<div class=\"col-6 col-sm-6 col-md-6 col-lg-6 single1\">\n<div class=\"single1-sz\">\n<div class=\"title1\">\n<p>Moc (kW) 7.10<\/p>\n<\/div>\n<\/div>\n<\/div>\n<div class=\"col-6 col-sm-6 col-md-6 col-lg-6 single1\">\n<div class=\"single1-sz\">\n<div class=\"title1\">\n<p>Szeroko\u015b\u0107 robocza (mm) 850<\/p>\n<\/div>\n<\/div>\n<\/div>\n<div class=\"col-6 col-sm-6 col-md-6 col-lg-6 single1\">\n<div class=\"single1-sz\">\n<div class=\"title1\">\n<p>Liczba no\u017cy (szt.) 2<\/p>\n<\/div>\n<\/div>\n<\/div>\n<div class=\"col-6 col-sm-6 col-md-6 col-lg-6 single1\">\n<div class=\"single1-sz\">\n<div class=\"title1\">\n<p>Nap\u0119d 2&#215;4 2WD<\/p>\n<\/div>\n<\/div>\n<\/div>\n<div class=\"col-6 col-sm-6 col-md-6 col-lg-6 single1\">\n<div class=\"single1-sz\">\n<div class=\"title1\">\n<p>Waga (kg) 221<\/p>\n<\/div>\n<\/div>\n<\/div>","protected":false},"featured_media":7751,"comment_status":"open","ping_status":"closed","template":"","meta":[],"product_brand":[77],"product_cat":[59],"product_tag":[],"class_list":{"0":"post-7719","1":"product","2":"type-product","3":"status-publish","4":"has-post-thumbnail","6":"product_brand-stiga","7":"product_cat-traktorki-kosiarki","9":"first","10":"instock","11":"shipping-taxable","12":"purchasable","13":"product-type-simple"},"_links":{"self":[{"href":"https:\/\/plmaszyny.online\/en\/wp-json\/wp\/v2\/product\/7719","targetHints":{"allow":["GET"]}}],"collection":[{"href":"https:\/\/plmaszyny.online\/en\/wp-json\/wp\/v2\/product"}],"about":[{"href":"https:\/\/plmaszyny.online\/en\/wp-json\/wp\/v2\/types\/product"}],"replies":[{"embeddable":true,"href":"https:\/\/plmaszyny.online\/en\/wp-json\/wp\/v2\/comments?post=7719"}],"wp:featuredmedia":[{"embeddable":true,"href":"https:\/\/plmaszyny.online\/en\/wp-json\/wp\/v2\/media\/7751"}],"wp:attachment":[{"href":"https:\/\/plmaszyny.online\/en\/wp-json\/wp\/v2\/media?parent=7719"}],"wp:term":[{"taxonomy":"product_brand","embeddable":true,"href":"https:\/\/plmaszyny.online\/en\/wp-json\/wp\/v2\/product_brand?post=7719"},{"taxonomy":"product_cat","embeddable":true,"href":"https:\/\/plmaszyny.online\/en\/wp-json\/wp\/v2\/product_cat?post=7719"},{"taxonomy":"product_tag","embeddable":true,"href":"https:\/\/plmaszyny.online\/en\/wp-json\/wp\/v2\/product_tag?post=7719"}],"curies":[{"name":"wp","href":"https:\/\/api.w.org\/{rel}","templated":true}]}}