{"id":7714,"date":"2026-02-24T09:48:51","date_gmt":"2026-02-24T09:48:51","guid":{"rendered":"https:\/\/plmaszyny.online\/?post_type=product&#038;p=7714"},"modified":"2026-02-26T10:16:41","modified_gmt":"2026-02-26T10:16:41","slug":"stiga-tornado-5108-w","status":"publish","type":"product","link":"https:\/\/plmaszyny.online\/en\/product\/stiga-tornado-5108-w\/","title":{"rendered":"Stiga Tornado 5108 W"},"content":{"rendered":"<p>Stiga Tornado 5108 W<\/p>\n\n\n\n<p>Marzysz o mocnym, niezawodnym&nbsp;<strong>traktorku ogrodowym<\/strong>, daj\u0105cym maksimum przyjemno\u015bci pracy i minimum Twojego wysi\u0142ku? Ten produkt jest zdecydowanie dla Ciebie! To nieoceniony sprz\u0119t, kt\u00f3ry b\u0119dzie Ci towarzyszy\u0142 o ka\u017cdej porze roku. Pomo\u017ce wygra\u0107 w wysok\u0105 trawa, a tak\u017ce por\u0105 zimow\u0105 nie pozwoli Ci si\u0119 sp\u00f3\u017ani\u0107 do pracy po obfitych opadach \u015bniegu. Masz do\u015b\u0107 widoku Twojego s\u0105siada, kt\u00f3ry relaksuje si\u0119 na tarasie, a jego trawnik wygl\u0105da ob\u0142\u0119dnie?<\/p>\n\n\n\n<h3 class=\"wp-block-heading\">Zaskocz go!&nbsp;<strong>Odkryj wielofunkcyjno\u015b\u0107<\/strong>&nbsp;traktork\u00f3w ogrodowych, a Tw\u00f3j trawnik b\u0119dzie wygl\u0105da\u0142 lepiej.<\/h3>\n\n\n\n<p><strong>Traktorek ogrodowy Stiga<\/strong>&nbsp;Tornado 5108 W zosta\u0142 wyposa\u017cony w dwucylindrowy, silnik spalinowy&nbsp;<strong>Stiga<\/strong>&nbsp;ST 550 Twin o pojemno\u015bci 586 cm3 i mocy 10,80 kW przy 2800 obr.\/min. Nowa konstrukcja maski&nbsp;<strong>traktorka kosiarki<\/strong>&nbsp;sprawi\u0142a, \u017ce nabra\u0142 nowoczesnego i atrakcyjnego wygl\u0105du, a dzi\u0119ki regulacji fotela i ergonomicznej podnoszonej kierownicy z mi\u0119kkim uchwytem koszenie sta\u0142o si\u0119 przyjemniejsze. Atutem tego modelu jest nieoceniony nap\u0119d na tylne 20-calowe ko\u0142a, co gwarantuje lepsz\u0105 przyczepno\u015b\u0107 podczas pracy.&nbsp;<strong>Traktorkiem ogrodowym Stiga<\/strong>&nbsp;Tornado 5108 W mo\u017cesz skosi\u0107 obszar nawet 6 500 m2.<\/p>\n\n\n\n<h2 class=\"wp-block-heading\">Lubisz, kiedy jedno urz\u0105dzenie ma wiele funkcji?<\/h2>\n\n\n\n<p>W takim razie polubisz&nbsp;<strong>traktor ogrodowy Stiga<\/strong>&nbsp;Tornado 5108 W. Masz do wyboru dwa tryby pracy, opr\u00f3cz funkcji mulczowania po dokupieniu zestawu mulczuj\u0105cego, maszyna posiada wyrzut boczny. Je\u015bli trawa jest zbyt wysoka, aby by\u0142a poddana mulczowaniu, jest \u015bcinana i wyrzucana z du\u017c\u0105 moc\u0105 r\u00f3wnomiernie z prawej strony&nbsp;<strong>traktora<\/strong>. Wybieraj\u0105c funkcje mulczowania, fragmenty trawy s\u0105 zatrzymywane pod agregatem i rozdrabniane, a nast\u0119pnie wyrzucane z du\u017c\u0105 si\u0142\u0105 powietrza na trawnik. Trawa z biegiem czasu ulega rozk\u0142adowi, co stanowi naturalny naw\u00f3z i u\u017cy\u017ania gleb\u0119.<\/p>\n\n\n\n<p><strong>Traktor<\/strong>&nbsp;posiada manualn\u0105 regulacj\u0119 wysoko\u015bci koszenia a\u017c w 7 stopniach od 25 do 80 mm, a szeroko\u015b\u0107 robocza no\u017ca tn\u0105cego wynosi a\u017c 108 cm. Nie tylko du\u017ce przestrzenie, ale tak\u017ce dok\u0142adne koszenie wok\u00f3\u0142 przeszk\u00f3d jest mo\u017cliwe z traktorkiem Stiga Tornado 5108 W. Pr\u0119dko\u015b\u0107 jazdy do przodu i do ty\u0142u reguluje si\u0119 no\u017cnie, nie trzeba si\u0119 zatrzymywa\u0107 ani zmienia\u0107 bieg\u00f3w, to daje jeszcze lepsz\u0105 skr\u0119tno\u015b\u0107. Dzi\u0119ki przemy\u015blanemu systemowi wymiany akcesori\u00f3w ten ci\u0105gnik ogrodniczy mo\u017cna \u0142atwo przekszta\u0142ci\u0107 w p\u0142ug \u015bnie\u017cny lub rozsiewacz.<\/p>\n\n\n\n<h3 class=\"wp-block-heading\">Co zapewni Ci komfort pracy na Stiga Tornado 5108 W:<\/h3>\n\n\n\n<ul class=\"wp-block-list\">\n<li>Wygodny, regulowany fotel z amortyzacj\u0105 nier\u00f3wno\u015bci terenu<\/li>\n\n\n\n<li>Funkcjonalna kierownica z mi\u0119kkim uchwytem<\/li>\n\n\n\n<li>Dwa antypo\u015blizgowe 20-calowe ko\u0142a<\/li>\n\n\n\n<li>Du\u017ca ilo\u015b\u0107 miejsca na nogi pozwalaj\u0105ca na wygodne i szybkie koszenie<\/li>\n\n\n\n<li>Siedzenie z wy\u0142\u0105cznikiem bezpiecze\u0144stwa<\/li>\n\n\n\n<li>Wtyczka pozwalaj\u0105ca na mycie podwozia i no\u017cy<\/li>\n\n\n\n<li>6-litrowy zbiornik paliwa<\/li>\n<\/ul>\n\n\n\n<h3 class=\"wp-block-heading\">Wybierz niezawodny traktor Stiga Tornado 5108 W i sta\u0144 si\u0119 kr\u00f3lem swojego ogrodu.<\/h3>\n\n\n\n<p>Podoba Ci si\u0119 ten model, ale poszukujesz traktorka do mniejszych obszar\u00f3w?<\/p>\n\n\n\n<p>Zobacz\u00a0kt\u00f3ry bez problemu poradzi sobie na powierzchni 5 000m2.<\/p>\n\n\n\n<p>*Prezentowany produkt to nowa ods\u0142ona wcze\u015bniejszego modelu: Stiga Tornado 2108 HW<\/p>\n\n\n\n<p><strong>**\u0141adowarka i wk\u0142adka do mulczowania Stiga sprzedawane oddzielnie.<\/strong><\/p>\n\n\n\n<p><strong>Lokalizacja : K5<\/strong><\/p>\n\n\n\n<h4 class=\"wp-block-heading\">Specyfikacja<\/h4>\n\n\n\n<p>Stan<\/p>\n\n\n\n<p>Nowy<\/p>\n\n\n\n<p>Marka<\/p>\n\n\n\n<p>Stiga<\/p>\n\n\n\n<p>Kolor<\/p>\n\n\n\n<p>\u017b\u00f3\u0142ty<\/p>\n\n\n\n<p>Silnik<\/p>\n\n\n\n<p>4 &#8211; suwowy, spalinowy, g\u00f3rnozaworowy<\/p>\n\n\n\n<p>Marka silnika<\/p>\n\n\n\n<p>Stiga<\/p>\n\n\n\n<p>Model silnika<\/p>\n\n\n\n<p>Stiga ST 550 Twin<\/p>\n\n\n\n<p>Moc (kW)<\/p>\n\n\n\n<p>10.80<\/p>\n\n\n\n<p>Pojemno\u015b\u0107 skokowa (cm3)<\/p>\n\n\n\n<p>586<\/p>\n\n\n\n<p>Liczba cylindr\u00f3w (szt.)<\/p>\n\n\n\n<p>2<\/p>\n\n\n\n<p>Znamionowa pr\u0119dko\u015b\u0107 obrotowa silnika (obr\/min)<\/p>\n\n\n\n<p>2800<\/p>\n\n\n\n<p>System ch\u0142odzenia<\/p>\n\n\n\n<p>Powietrze<\/p>\n\n\n\n<p>Pojemno\u015b\u0107 zbiornika paliwa (L)<\/p>\n\n\n\n<p>6<\/p>\n\n\n\n<p>System koszenia<\/p>\n\n\n\n<p>Wyrzut boczny, mulczowanie (opcjonalnie)<\/p>\n\n\n\n<p>Rodzaj systemu tn\u0105cego<\/p>\n\n\n\n<p>Z centralnym agregatem tn\u0105cym<\/p>\n\n\n\n<p>Powierzchnia koszenia (m2)<\/p>\n\n\n\n<p>6 500<\/p>\n\n\n\n<p>Szeroko\u015b\u0107 robocza (mm)<\/p>\n\n\n\n<p>1080<\/p>\n\n\n\n<p>Wysoko\u015b\u0107 koszenia (mm)<\/p>\n\n\n\n<p>25 &#8211; 80<\/p>\n\n\n\n<p>Regulacja wysoko\u015bci koszenia<\/p>\n\n\n\n<p>Manualna z d\u017awigni\u0105, 7-stopniowa<\/p>\n\n\n\n<p>Liczba no\u017cy (szt.)<\/p>\n\n\n\n<p>2<\/p>\n\n\n\n<p>Sprz\u0119g\u0142o no\u017ca<\/p>\n\n\n\n<p>Elektromagnetyczne<\/p>\n\n\n\n<p>Funkcja mulczowania<\/p>\n\n\n\n<p>Opcja<\/p>\n\n\n\n<p>Koszenie na biegu wstecznym<\/p>\n\n\n\n<p>TAK<\/p>\n\n\n\n<p>Nap\u0119d<\/p>\n\n\n\n<p>2&#215;4 2WD<\/p>\n\n\n\n<p>Skrzynia bieg\u00f3w<\/p>\n\n\n\n<p>Hydrostatyczna<\/p>\n\n\n\n<p>Licznik motogodzin<\/p>\n\n\n\n<p>NIE<\/p>\n\n\n\n<p>Ko\u0142a<\/p>\n\n\n\n<p>Zapobiegaj\u0105ce skalpowaniu trawnika<\/p>\n\n\n\n<p>Panel<\/p>\n\n\n\n<p>NIE<\/p>\n\n\n\n<p>Tempomat<\/p>\n\n\n\n<p>NIE<\/p>\n\n\n\n<p>Fotel<\/p>\n\n\n\n<p>Komfortowy, regulowany<\/p>\n\n\n\n<p>Przednia belka \u017celiwna<\/p>\n\n\n\n<p>TAK<\/p>\n\n\n\n<p>Ko\u0142a antypo\u015blizgowe<\/p>\n\n\n\n<p>2<\/p>\n\n\n\n<p>Z\u0142\u0105cze do mycia<\/p>\n\n\n\n<p>TAK<\/p>\n\n\n\n<p>Kierownica<\/p>\n\n\n\n<p>Ergonomiczna<\/p>\n\n\n\n<p>Wy\u0142\u0105cznik bezpiecze\u0144stwa<\/p>\n\n\n\n<p>TAK<\/p>\n\n\n\n<p>Wyposa\u017cenie<\/p>\n\n\n\n<p>Schowek<br>Uchwyt na kubek<br>Zaczep (opcja)<br>Zderzak<br>\u0141adowarka (opcja)<br>\u015awiat\u0142a przednie LED<\/p>\n\n\n\n<p>Wymiary (mm)<\/p>\n\n\n\n<p>1726 X 1315 X 1100<\/p>\n\n\n\n<p>Rozmiar k\u00f3\u0142 prz\u00f3d \/ ty\u0142<\/p>\n\n\n\n<p>15&#8243;\/20&#8243;<\/p>\n\n\n\n<p>Min. promie\u0144 skr\u0119tu (mm)<\/p>\n\n\n\n<p>650<\/p>\n\n\n\n<p>Waga (kg)<\/p>\n\n\n\n<p>176<\/p>\n\n\n\n<p>Napi\u0119cie akumulatora (V)<\/p>\n\n\n\n<p>12<\/p>\n\n\n\n<p>Pojemno\u015b\u0107 akumulatora (Ah)<\/p>\n\n\n\n<p>18<\/p>\n\n\n\n<p>Funkcja mycia obudowy<\/p>\n\n\n\n<p>TAK<\/p>","protected":false},"excerpt":{"rendered":"<div class=\"col-6 col-sm-6 col-md-6 col-lg-6 single1\">\n<div class=\"single1-sz\">\n<div class=\"ico\">\u00a0<\/div>\n<div class=\"title1\">\n<p>Stan Nowy<\/p>\n<\/div>\n<\/div>\n<\/div>\n<div class=\"col-6 col-sm-6 col-md-6 col-lg-6 single1\">\n<div class=\"single1-sz\">\n<div class=\"title1\">\n<p>Moc (kW) 10.80<\/p>\n<\/div>\n<\/div>\n<\/div>\n<div class=\"col-6 col-sm-6 col-md-6 col-lg-6 single1\">\n<div class=\"single1-sz\">\n<div class=\"title1\">\n<p>Szeroko\u015b\u0107 robocza (mm) 1080<\/p>\n<\/div>\n<\/div>\n<\/div>\n<div class=\"col-6 col-sm-6 col-md-6 col-lg-6 single1\">\n<div class=\"single1-sz\">\n<div class=\"title1\">\n<p>Liczba no\u017cy (szt.) 2<\/p>\n<\/div>\n<\/div>\n<\/div>\n<div class=\"col-6 col-sm-6 col-md-6 col-lg-6 single1\">\n<div class=\"single1-sz\">\n<div class=\"title1\">\n<p>Nap\u0119d 2&#215;4 2WD<\/p>\n<\/div>\n<\/div>\n<\/div>\n<div class=\"col-6 col-sm-6 col-md-6 col-lg-6 single1\">\n<div class=\"single1-sz\">\n<div class=\"title1\">\n<p>Skrzynia bieg\u00f3w Hydrostatyczna<\/p>\n<\/div>\n<\/div>\n<\/div>\n<div class=\"col-6 col-sm-6 col-md-6 col-lg-6 single1\">\n<div class=\"single1-sz\">\n<div class=\"title1\">\n<p>Waga (kg) 176<\/p>\n<\/div>\n<\/div>\n<\/div>","protected":false},"featured_media":7717,"comment_status":"open","ping_status":"closed","template":"","meta":[],"product_brand":[77],"product_cat":[59],"product_tag":[],"class_list":{"0":"post-7714","1":"product","2":"type-product","3":"status-publish","4":"has-post-thumbnail","6":"product_brand-stiga","7":"product_cat-traktorki-kosiarki","9":"first","10":"instock","11":"shipping-taxable","12":"purchasable","13":"product-type-simple"},"_links":{"self":[{"href":"https:\/\/plmaszyny.online\/en\/wp-json\/wp\/v2\/product\/7714","targetHints":{"allow":["GET"]}}],"collection":[{"href":"https:\/\/plmaszyny.online\/en\/wp-json\/wp\/v2\/product"}],"about":[{"href":"https:\/\/plmaszyny.online\/en\/wp-json\/wp\/v2\/types\/product"}],"replies":[{"embeddable":true,"href":"https:\/\/plmaszyny.online\/en\/wp-json\/wp\/v2\/comments?post=7714"}],"wp:featuredmedia":[{"embeddable":true,"href":"https:\/\/plmaszyny.online\/en\/wp-json\/wp\/v2\/media\/7717"}],"wp:attachment":[{"href":"https:\/\/plmaszyny.online\/en\/wp-json\/wp\/v2\/media?parent=7714"}],"wp:term":[{"taxonomy":"product_brand","embeddable":true,"href":"https:\/\/plmaszyny.online\/en\/wp-json\/wp\/v2\/product_brand?post=7714"},{"taxonomy":"product_cat","embeddable":true,"href":"https:\/\/plmaszyny.online\/en\/wp-json\/wp\/v2\/product_cat?post=7714"},{"taxonomy":"product_tag","embeddable":true,"href":"https:\/\/plmaszyny.online\/en\/wp-json\/wp\/v2\/product_tag?post=7714"}],"curies":[{"name":"wp","href":"https:\/\/api.w.org\/{rel}","templated":true}]}}