{"id":7710,"date":"2026-02-24T09:46:59","date_gmt":"2026-02-24T09:46:59","guid":{"rendered":"https:\/\/plmaszyny.online\/?post_type=product&#038;p=7710"},"modified":"2026-02-26T10:17:07","modified_gmt":"2026-02-26T10:17:07","slug":"stiga-combi-166","status":"publish","type":"product","link":"https:\/\/plmaszyny.online\/en\/product\/stiga-combi-166\/","title":{"rendered":"Stiga Combi 166"},"content":{"rendered":"<p>Stiga Combi 166<\/p>\n\n\n\n<p>Wysokiej jako\u015bci traktor ogrodowy Stiga Combi bez problemu poradzi sobie z trudnymi podjazdami i ostrymi \u0142ukami. Zalet\u0105 traktork\u00f3w Combi jest&nbsp;<strong>doskona\u0142a skr\u0119tno\u015b\u0107<\/strong>, co daje mo\u017cliwo\u015b\u0107 koszenia nawet w bardzo w\u0105skich alejkach zapewniaj\u0105c przy tym&nbsp;<strong>wysoki komfort pracy<\/strong>. Idealnie nadaje si\u0119 do koszenia obszar\u00f3w o wielko\u015bci do 1500m2. Dzi\u0119ki traktorkowi ogrodowemu zaoszcz\u0119dzisz sporo czasu w por\u00f3wnaniu z tradycyjnym koszeniem, efekt przero\u015bnie Twoje oczekiwania.<\/p>\n\n\n\n<p>Traktorek ogrodowy&nbsp;<strong>Stiga Combi 166<\/strong>&nbsp;to maszyna idealna do trudno dost\u0119pnych miejsc, w\u0105skich \u015bcie\u017cek, bogatych rabat i nasadze\u0144. Dzi\u0119ki&nbsp;<strong>szeroko\u015bci koszenia 66 cm<\/strong>&nbsp;precyzyjne koszenie nawet w\u0105skich&nbsp;alejek nie b\u0119dzie stanowi\u0107 wyzwania.&nbsp;<strong>Przek\u0142adnia hydrostatyczna<\/strong>&nbsp;zapewnia niezwykle p\u0142ynn\u0105 oraz dynamiczn\u0105 prac\u0119 traktorka. Po wyborze kierunku jazdy regulujemy jedynie jej pr\u0119dko\u015b\u0107, dociskaj\u0105c d\u017awigni\u0119 no\u017cn\u0105. Jest to zdecydowanie produkt dedykowany posiadaczom ogrod\u00f3w wymagaj\u0105cych cz\u0119stych manewr\u00f3w.<\/p>\n\n\n\n<p>Maszyna ta posiada niezawodny&nbsp;<strong>jednocylindrowy silnik<\/strong>&nbsp;Stiga ST 250 ES o mocy 3,60 kW i pojemno\u015bci 224 cm3.&nbsp;<strong>System koszenia 3 w 1<\/strong>&nbsp;daj\u0105cy mo\u017cliwo\u015b\u0107 wybory pomi\u0119dzy zbieraniem, wyrzutem bocznym i mulczowaniem &#8211; po dokupieniu dodatkowej wk\u0142adki mulczuj\u0105cej &#8211; w zale\u017cno\u015bci od sezonu i trawnika. Natomiast wysoko\u015b\u0107 koszenia jest regulowana&nbsp;<strong>centralnie w 6 poziomach<\/strong>, a du\u017cy kosz o pojemno\u015bci 150L zapewni komfortow\u0105 prac\u0119. Z takimi parametrami mo\u017cesz kosi\u0107 obszar o powierzchni do 1500m2<\/p>\n\n\n\n<p><strong>Co polepszy jako\u015b\u0107 pracy na Stiga Combi 166?:<\/strong><\/p>\n\n\n\n<ul class=\"wp-block-list\">\n<li>Rewelacyjna skr\u0119tno\u015b\u0107<\/li>\n\n\n\n<li>System koszenia 3 w 1<\/li>\n\n\n\n<li>Ergonomiczna kierownica<\/li>\n\n\n\n<li>Nap\u0119d hydrostatyczny<\/li>\n\n\n\n<li>Pojemno\u015b\u0107 kosza 150 l<\/li>\n\n\n\n<li>Du\u017ca ilo\u015b\u0107 miejsca na nogi pozwalaj\u0105ca na wygodne i szybkie koszenie<\/li>\n<\/ul>\n\n\n\n<p>Je\u017celi szukasz traktorka Combi o mocniejszym silniku, koniecznie zobacz model:<\/p>\n\n\n\n<p>*Prezentowany produkt to nowa ods\u0142ona wcze\u015bniejszego modelu:&nbsp;<strong>Stiga Combi 1066 HQ<\/strong><\/p>\n\n\n\n<p>**\u0141adowarka i wk\u0142adka do mulczowania STIGA sprzedawane oddzielnie.<\/p>\n\n\n\n<p>Lokalizacja: K12<\/p>\n\n\n\n<h4 class=\"wp-block-heading\">Specyfikacja<\/h4>\n\n\n\n<p>Stan<\/p>\n\n\n\n<p>Nowy<\/p>\n\n\n\n<p>Marka<\/p>\n\n\n\n<p>Stiga<\/p>\n\n\n\n<p>Kolor<\/p>\n\n\n\n<p>\u017b\u00f3\u0142ty<\/p>\n\n\n\n<p>Marka silnika<\/p>\n\n\n\n<p>Stiga<\/p>\n\n\n\n<p>Model silnika<\/p>\n\n\n\n<p>Stiga ST 250 ES<\/p>\n\n\n\n<p>Moc (kW)<\/p>\n\n\n\n<p>3.60<\/p>\n\n\n\n<p>Pojemno\u015b\u0107 silnika (cm3 \/ ccm)<\/p>\n\n\n\n<p>224<\/p>\n\n\n\n<p>Liczba cylindr\u00f3w (szt.)<\/p>\n\n\n\n<p>1<\/p>\n\n\n\n<p>Znamionowa pr\u0119dko\u015b\u0107 obrotowa silnika (obr\/min)<\/p>\n\n\n\n<p>2450<\/p>\n\n\n\n<p>Pojemno\u015b\u0107 zbiornika paliwa (L)<\/p>\n\n\n\n<p>3,8<\/p>\n\n\n\n<p>System koszenia<\/p>\n\n\n\n<p>Zbieranie do kosza, mulczowanie (opcja), boczny wyrzut<\/p>\n\n\n\n<p>Rodzaj systemu tn\u0105cego<\/p>\n\n\n\n<p>Z centralnym agregatem tn\u0105cym<\/p>\n\n\n\n<p>Szeroko\u015b\u0107 robocza (mm)<\/p>\n\n\n\n<p>660<\/p>\n\n\n\n<p>Wysoko\u015b\u0107 koszenia (mm)<\/p>\n\n\n\n<p>30 &#8211; 76<\/p>\n\n\n\n<p>Regulacja wysoko\u015bci koszenia<\/p>\n\n\n\n<p>Centralna, 6-stopniowa<\/p>\n\n\n\n<p>Liczba no\u017cy (szt.)<\/p>\n\n\n\n<p>1<\/p>\n\n\n\n<p>Podno\u015bnik agregatu<\/p>\n\n\n\n<p>Manualny<\/p>\n\n\n\n<p>Pojemno\u015b\u0107 kosza (L)<\/p>\n\n\n\n<p>150<\/p>\n\n\n\n<p>Nap\u0119d<\/p>\n\n\n\n<p>2&#215;4 2WD<\/p>\n\n\n\n<p>Przek\u0142adnia<\/p>\n\n\n\n<p>Hydrostatyczna<\/p>\n\n\n\n<p>Licznik motogodzin<\/p>\n\n\n\n<p>NIE<\/p>\n\n\n\n<p>Tempomat<\/p>\n\n\n\n<p>NIE<\/p>\n\n\n\n<p>Fotel<\/p>\n\n\n\n<p>Regulowany<\/p>\n\n\n\n<p>Ko\u0142a antypo\u015blizgowe<\/p>\n\n\n\n<p>NIE<\/p>\n\n\n\n<p>Z\u0142\u0105cze do mycia<\/p>\n\n\n\n<p>TAK<\/p>\n\n\n\n<p>Zaczep do przyczepy<\/p>\n\n\n\n<p>NIE<\/p>\n\n\n\n<p>\u015awiat\u0142a przednie<\/p>\n\n\n\n<p>NIE<\/p>\n\n\n\n<p>Opr\u00f3\u017cnianie kosza<\/p>\n\n\n\n<p>Manualne<\/p>\n\n\n\n<p>Wy\u0142\u0105cznik bezpiecze\u0144stwa<\/p>\n\n\n\n<p>TAK<\/p>\n\n\n\n<p>Wyposa\u017cenie<\/p>\n\n\n\n<p>Schowek<\/p>\n\n\n\n<p>Wymiary (mm)<\/p>\n\n\n\n<p>1825 \/ 722 \/ 1047<\/p>\n\n\n\n<p>Wielko\u015b\u0107 opakowania (mm)<\/p>\n\n\n\n<p>1510 X 800 X 838<\/p>\n\n\n\n<p>Rozmiar k\u00f3\u0142 prz\u00f3d \/ ty\u0142<\/p>\n\n\n\n<p>13&#215;5.00-6&#8243; \/ 13&#215;6.00-6&#8243;<\/p>\n\n\n\n<p>Waga (kg)<\/p>\n\n\n\n<p>131<\/p>\n\n\n\n<p>Napi\u0119cie akumulatora (V)<\/p>\n\n\n\n<p>12<\/p>\n\n\n\n<p>Pojemno\u015b\u0107 akumulatora (Ah)<\/p>\n\n\n\n<p>9<\/p>","protected":false},"excerpt":{"rendered":"<div class=\"col-6 col-sm-6 col-md-6 col-lg-6 single1\">\n<div class=\"single1-sz\">\n<div class=\"ico\">\u00a0<\/div>\n<div class=\"title1\">\n<p>Stan Nowy<\/p>\n<\/div>\n<\/div>\n<\/div>\n<div class=\"col-6 col-sm-6 col-md-6 col-lg-6 single1\">\n<div class=\"single1-sz\">\n<div class=\"title1\">\n<p>Moc (kW) 3.60<\/p>\n<\/div>\n<\/div>\n<\/div>\n<div class=\"col-6 col-sm-6 col-md-6 col-lg-6 single1\">\n<div class=\"single1-sz\">\n<div class=\"title1\">\n<p>Szeroko\u015b\u0107 robocza (mm) 660<\/p>\n<\/div>\n<\/div>\n<\/div>\n<div class=\"col-6 col-sm-6 col-md-6 col-lg-6 single1\">\n<div class=\"single1-sz\">\n<div class=\"title1\">\n<p>Liczba no\u017cy (szt.) 1<\/p>\n<\/div>\n<\/div>\n<\/div>\n<div class=\"col-6 col-sm-6 col-md-6 col-lg-6 single1\">\n<div class=\"single1-sz\">\n<div class=\"title1\">\n<p>Pojemno\u015b\u0107 kosza (L) 150<\/p>\n<\/div>\n<\/div>\n<\/div>\n<div class=\"col-6 col-sm-6 col-md-6 col-lg-6 single1\">\n<div class=\"single1-sz\">\n<div class=\"title1\">\n<p>Nap\u0119d 2&#215;4 2WD<\/p>\n<\/div>\n<\/div>\n<\/div>\n<div class=\"col-6 col-sm-6 col-md-6 col-lg-6 single1\">\n<div class=\"single1-sz\">\n<div class=\"title1\">\n<p>Zaczep do przyczepy NIE<\/p>\n<\/div>\n<\/div>\n<\/div>\n<div class=\"col-6 col-sm-6 col-md-6 col-lg-6 single1\">\n<div class=\"single1-sz\">\n<div class=\"title1\">\n<p>Waga (kg) 131<\/p>\n<\/div>\n<\/div>\n<\/div>","protected":false},"featured_media":7713,"comment_status":"open","ping_status":"closed","template":"","meta":[],"product_brand":[77],"product_cat":[59],"product_tag":[],"class_list":{"0":"post-7710","1":"product","2":"type-product","3":"status-publish","4":"has-post-thumbnail","6":"product_brand-stiga","7":"product_cat-traktorki-kosiarki","9":"first","10":"instock","11":"shipping-taxable","12":"purchasable","13":"product-type-simple"},"_links":{"self":[{"href":"https:\/\/plmaszyny.online\/en\/wp-json\/wp\/v2\/product\/7710","targetHints":{"allow":["GET"]}}],"collection":[{"href":"https:\/\/plmaszyny.online\/en\/wp-json\/wp\/v2\/product"}],"about":[{"href":"https:\/\/plmaszyny.online\/en\/wp-json\/wp\/v2\/types\/product"}],"replies":[{"embeddable":true,"href":"https:\/\/plmaszyny.online\/en\/wp-json\/wp\/v2\/comments?post=7710"}],"wp:featuredmedia":[{"embeddable":true,"href":"https:\/\/plmaszyny.online\/en\/wp-json\/wp\/v2\/media\/7713"}],"wp:attachment":[{"href":"https:\/\/plmaszyny.online\/en\/wp-json\/wp\/v2\/media?parent=7710"}],"wp:term":[{"taxonomy":"product_brand","embeddable":true,"href":"https:\/\/plmaszyny.online\/en\/wp-json\/wp\/v2\/product_brand?post=7710"},{"taxonomy":"product_cat","embeddable":true,"href":"https:\/\/plmaszyny.online\/en\/wp-json\/wp\/v2\/product_cat?post=7710"},{"taxonomy":"product_tag","embeddable":true,"href":"https:\/\/plmaszyny.online\/en\/wp-json\/wp\/v2\/product_tag?post=7710"}],"curies":[{"name":"wp","href":"https:\/\/api.w.org\/{rel}","templated":true}]}}