{"id":7704,"date":"2026-02-24T09:44:57","date_gmt":"2026-02-24T09:44:57","guid":{"rendered":"https:\/\/plmaszyny.online\/?post_type=product&#038;p=7704"},"modified":"2026-02-26T10:17:30","modified_gmt":"2026-02-26T10:17:30","slug":"stiga-estate-584","status":"publish","type":"product","link":"https:\/\/plmaszyny.online\/en\/product\/stiga-estate-584\/","title":{"rendered":"Stiga Estate 584"},"content":{"rendered":"<p>Stiga Estate 584<\/p>\n\n\n\n<p>Marzysz o mocnym, niezawodnym<strong>&nbsp;traktorku ogrodowym<\/strong>, daj\u0105cym maksimum przyjemno\u015bci pracy i minimum Twojego wysi\u0142ku? Ten produkt jest zdecydowanie dla Ciebie! To nieoceniony sprz\u0119t, kt\u00f3ry b\u0119dzie Ci towarzyszy\u0142 podczas prac ogrodowych.&nbsp;<strong>Traktorek-kosiarka<\/strong>&nbsp;pomo\u017ce Ci wygra\u0107 w wysok\u0105 traw\u0105 i u\u0142atwi piel\u0119gnacje Twojego trawnika. Masz do\u015b\u0107 widoku Twojego s\u0105siada, kt\u00f3ry relaksuje si\u0119 na tarasie, a jego trawnik wygl\u0105da ob\u0142\u0119dnie? Zaskocz go! Odkryj wielofunkcyjno\u015b\u0107&nbsp;<strong>traktork\u00f3w ogrodowych<\/strong>, a Tw\u00f3j trawnik b\u0119dzie wygl\u0105da\u0142 lepiej.<\/p>\n\n\n\n<p><strong>Traktorek ogrodowy<\/strong>&nbsp;<strong>Stiga&nbsp;Estate&nbsp;584<\/strong>&nbsp;zosta\u0142 wyposa\u017cony w jednocylindrowy silnik spalinowy&nbsp;Stiga&nbsp;ST&nbsp;500 o pojemno\u015bci 452&nbsp;cm3&nbsp;i mocy 7,40 kW przy 2400 obr.\/min. Wraz z kolejnym nowym modelem&nbsp;traktorka-kosiarki&nbsp;<strong>Stiga<\/strong>&nbsp;wprowadza na rynek traktork\u00f3w nowoczesne wzornictwo, a tak\u017ce proponuje sporo nowych funkcji. Efektowna konstrukcja maski traktorka sprawia, \u017ce nabra\u0142 on nowoczesnego i atrakcyjnego wygl\u0105du, a dzi\u0119ki regulacji fotela i ergonomicznej kierownicy z mi\u0119kkim uchwytem koszenie staje si\u0119 przyjemniejsze.<\/p>\n\n\n\n<p>Model ten zosta\u0142 wyposa\u017cony w przek\u0142adni\u0119 hydrostatyczn\u0105, daje ona mo\u017cliwo\u015b\u0107 kontrolowania pr\u0119dko\u015bci jazdy i pozwala na p\u0142ynne przyspieszanie bez konieczno\u015bci zmiany bieg\u00f3w. Takie atuty pozwol\u0105 Ci na koszenie obszar\u00f3w do 3500&nbsp;m2\/h.<\/p>\n\n\n\n<h2 class=\"wp-block-heading\">Lubisz, kiedy jedno urz\u0105dzenie ma wiele funkcji?<\/h2>\n\n\n\n<p>W takim razie polubisz&nbsp;<strong>traktor ogrodowy<\/strong>&nbsp;Stiga&nbsp;Estate&nbsp;584. Masz do wyboru opcje zbierania do materia\u0142owego du\u017cego 240 litrowego kosza, po dokupieniu wk\u0142adki mulczuj\u0105cej \u2014 mulczowania. Proces ten polega na rozdrabnianiu trawy, a nast\u0119pnie rozsiewaniu jej na trawniku, co pomaga u\u017cy\u017ani\u0107 gleb\u0119.&nbsp;<strong>Traktorek kosiarka<\/strong>&nbsp;Estate&nbsp;584 ma tak\u017ce opcj\u0119 pracy w trybie wyrzutu tylnego, w tej formie pracy \u015bcinana trawa jest uk\u0142adana w r\u00f3wnych rz\u0119dach. Traktor kosiarka posiada manualn\u0105 regulacj\u0119 wysoko\u015bci koszenia a\u017c w 7 stopniach od 25 do 80 mm, a szeroko\u015b\u0107 robocza no\u017ca tn\u0105cego wynosi 84 cm. Twoj\u0105 prac\u0119 u\u0142atwi wygodne, elektromagnetyczne sprz\u0119g\u0142o w\u0142\u0105czania no\u017cy, kt\u00f3re obs\u0142uguje si\u0119 jednym przyciskiem. Firma&nbsp;<strong>Stiga<\/strong>&nbsp;wyposa\u017cy\u0142a sw\u00f3j produkt w mocne \u015bwiat\u0142a przednie LED oraz du\u017cy&nbsp;6L&nbsp;zbiornik paliwa, pozwol\u0105 one na wszystkie Twoje szale\u0144stwa ogrodowe. Dzi\u0119ki przemy\u015blanemu systemowi wymiany akcesori\u00f3w ten ci\u0105gnik ogrodniczy mo\u017cna \u0142atwo dopasowa\u0107 do swoich potrzeb.<\/p>\n\n\n\n<h3 class=\"wp-block-heading\">Co zapewni Ci komfort pracy na&nbsp;Stiga&nbsp;Estate&nbsp;584?<\/h3>\n\n\n\n<ul class=\"wp-block-list\">\n<li>Wygodny, regulowany fotel z amortyzacj\u0105 nier\u00f3wno\u015bci terenu<\/li>\n\n\n\n<li>Funkcjonalna kierownica z mi\u0119kkim uchwytem<\/li>\n\n\n\n<li>Du\u017ca ilo\u015b\u0107 miejsca na nogi pozwalaj\u0105ca na wygodne i szybkie koszenie<\/li>\n\n\n\n<li>Reflektory LED pozwol\u0105 na bezpieczn\u0105, energooszcz\u0119dn\u0105 prac\u0119 nawet po zmroku<\/li>\n\n\n\n<li>Panel sterowania z diodami LED do monitorowania wska\u017anik\u00f3w dzia\u0142ania<\/li>\n\n\n\n<li>Siedzenie z wy\u0142\u0105cznikiem bezpiecze\u0144stwa<\/li>\n\n\n\n<li>Wtyczka pozwalaj\u0105ca na mycie podwozia i no\u017cy<\/li>\n\n\n\n<li>Kosz na traw\u0119 o pojemno\u015bci 240 L<\/li>\n\n\n\n<li>6-litrowy zbiornik paliwa<\/li>\n<\/ul>\n\n\n\n<p>Wybierz niezawodny traktor&nbsp;Stiga&nbsp;Estate&nbsp;584 i sta\u0144 si\u0119 kr\u00f3lem swojego ogrodu!<\/p>\n\n\n\n<p>Potrzebujesz traktorka, kt\u00f3ry poradzi sobie z jeszcze wi\u0119kszym obszarem do skoszenia? Zobacz\u00a0model\u00a0<\/p>\n\n\n\n<p>*\u0141adowarka, wk\u0142adka do mulczowania oraz zaczep do przyczepy sprzedawane s\u0105 oddzielnie.<\/p>\n\n\n\n<p>Lokalizacja: K5<\/p>\n\n\n\n<h4 class=\"wp-block-heading\">Specyfikacja<\/h4>\n\n\n\n<p>Stan<\/p>\n\n\n\n<p>Nowy<\/p>\n\n\n\n<p>Marka<\/p>\n\n\n\n<p>Stiga<\/p>\n\n\n\n<p>Kolor<\/p>\n\n\n\n<p>\u017b\u00f3\u0142ty<\/p>\n\n\n\n<p>Marka silnika<\/p>\n\n\n\n<p>Stiga<\/p>\n\n\n\n<p>Model silnika<\/p>\n\n\n\n<p>ST 500<\/p>\n\n\n\n<p>Moc znamionowa silnika (kW \/ rpm)<\/p>\n\n\n\n<p>7,40 \/ 2400<\/p>\n\n\n\n<p>Pojemno\u015b\u0107 skokowa (cm3)<\/p>\n\n\n\n<p>452<\/p>\n\n\n\n<p>Liczba cylindr\u00f3w (szt.)<\/p>\n\n\n\n<p>1<\/p>\n\n\n\n<p>System ch\u0142odzenia<\/p>\n\n\n\n<p>Powietrze<\/p>\n\n\n\n<p>Pojemno\u015b\u0107 zbiornika paliwa (L)<\/p>\n\n\n\n<p>6<\/p>\n\n\n\n<p>System koszenia<\/p>\n\n\n\n<p>Zbieranie do kosza, mulczowanie (opcja)<\/p>\n\n\n\n<p>Rodzaj systemu tn\u0105cego<\/p>\n\n\n\n<p>Z centralnym agregatem tn\u0105cym<\/p>\n\n\n\n<p>Powierzchnia koszenia (m2)<\/p>\n\n\n\n<p>3 500<\/p>\n\n\n\n<p>Szeroko\u015b\u0107 robocza (mm)<\/p>\n\n\n\n<p>840<\/p>\n\n\n\n<p>Wysoko\u015b\u0107 koszenia (mm)<\/p>\n\n\n\n<p>25 &#8211; 80<\/p>\n\n\n\n<p>Regulacja wysoko\u015bci koszenia<\/p>\n\n\n\n<p>Manualna z d\u017awigni\u0105, 7-stopniowa<\/p>\n\n\n\n<p>Liczba no\u017cy (szt.)<\/p>\n\n\n\n<p>2<\/p>\n\n\n\n<p>System za\u0142\u0105czania no\u017cy<\/p>\n\n\n\n<p>Elektryczny<\/p>\n\n\n\n<p>Funkcja mulczowania<\/p>\n\n\n\n<p>Opcja<\/p>\n\n\n\n<p>Koszenie na biegu wstecznym<\/p>\n\n\n\n<p>TAK<\/p>\n\n\n\n<p>Pojemno\u015b\u0107 kosza (L)<\/p>\n\n\n\n<p>240<\/p>\n\n\n\n<p>Nap\u0119d<\/p>\n\n\n\n<p>2&#215;4 2WD<\/p>\n\n\n\n<p>Skrzynia bieg\u00f3w<\/p>\n\n\n\n<p>Hydrostatyczna<\/p>\n\n\n\n<p>Przek\u0142adnia<\/p>\n\n\n\n<p>Hydrostatyczna<\/p>\n\n\n\n<p>Licznik motogodzin<\/p>\n\n\n\n<p>NIE<\/p>\n\n\n\n<p>Ko\u0142a<\/p>\n\n\n\n<p>Zapobiegaj\u0105ce skalpowaniu trawnika<\/p>\n\n\n\n<p>Tempomat<\/p>\n\n\n\n<p>NIE<\/p>\n\n\n\n<p>Fotel<\/p>\n\n\n\n<p>Komfortowy, regulowany<\/p>\n\n\n\n<p>Przednia belka \u017celiwna<\/p>\n\n\n\n<p>TAK<\/p>\n\n\n\n<p>Ko\u0142a antypo\u015blizgowe<\/p>\n\n\n\n<p>2<\/p>\n\n\n\n<p>Z\u0142\u0105cze do mycia<\/p>\n\n\n\n<p>TAK<\/p>\n\n\n\n<p>Opr\u00f3\u017cnianie kosza<\/p>\n\n\n\n<p>Manualne<\/p>\n\n\n\n<p>Wy\u0142\u0105cznik bezpiecze\u0144stwa<\/p>\n\n\n\n<p>TAK<\/p>\n\n\n\n<p>Wyposa\u017cenie<\/p>\n\n\n\n<p>Panel z ikonami LED<br>Schowek<br>Uchwyt na kubek<br>Zderzak<br>\u015awiat\u0142a przednie LED<\/p>\n\n\n\n<p>Wymiary (mm)<\/p>\n\n\n\n<p>2338 x 880 x 1100<\/p>\n\n\n\n<p>Rozmiar k\u00f3\u0142 prz\u00f3d \/ ty\u0142<\/p>\n\n\n\n<p>15 x 6.00-6 \/ 18 x 8.50-8<\/p>\n\n\n\n<p>Min. promie\u0144 skr\u0119tu (mm)<\/p>\n\n\n\n<p>800<\/p>\n\n\n\n<p>Waga (kg)<\/p>\n\n\n\n<p>168<\/p>\n\n\n\n<p>Napi\u0119cie akumulatora (V)<\/p>\n\n\n\n<p>12<\/p>\n\n\n\n<p>Pojemno\u015b\u0107 akumulatora (Ah)<\/p>\n\n\n\n<p>18<\/p>","protected":false},"excerpt":{"rendered":"<div class=\"col-6 col-sm-6 col-md-6 col-lg-6 single1\">\n<div class=\"single1-sz\">\n<div class=\"ico\">\u00a0<\/div>\n<div class=\"title1\">\n<p>Stan Nowy<\/p>\n<\/div>\n<\/div>\n<\/div>\n<div class=\"col-6 col-sm-6 col-md-6 col-lg-6 single1\">\n<div class=\"single1-sz\">\n<div class=\"title1\">\n<p>Szeroko\u015b\u0107 robocza (mm) 840<\/p>\n<\/div>\n<\/div>\n<\/div>\n<div class=\"col-6 col-sm-6 col-md-6 col-lg-6 single1\">\n<div class=\"single1-sz\">\n<div class=\"title1\">\n<p>Liczba no\u017cy (szt.) 2<\/p>\n<\/div>\n<\/div>\n<\/div>\n<div class=\"col-6 col-sm-6 col-md-6 col-lg-6 single1\">\n<div class=\"single1-sz\">\n<div class=\"title1\">\n<p>Pojemno\u015b\u0107 kosza (L) 240<\/p>\n<\/div>\n<\/div>\n<\/div>\n<div class=\"col-6 col-sm-6 col-md-6 col-lg-6 single1\">\n<div class=\"single1-sz\">\n<div class=\"title1\">\n<p>Nap\u0119d 2&#215;4 2WD<\/p>\n<\/div>\n<\/div>\n<\/div>\n<div class=\"col-6 col-sm-6 col-md-6 col-lg-6 single1\">\n<div class=\"single1-sz\">\n<div class=\"title1\">\n<p>Skrzynia bieg\u00f3w Hydrostatyczna<\/p>\n<\/div>\n<\/div>\n<\/div>\n<div class=\"col-6 col-sm-6 col-md-6 col-lg-6 single1\">\n<div class=\"single1-sz\">\n<div class=\"title1\">\n<p>Waga (kg) 168<\/p>\n<\/div>\n<\/div>\n<\/div>","protected":false},"featured_media":7708,"comment_status":"open","ping_status":"closed","template":"","meta":[],"product_brand":[77],"product_cat":[59],"product_tag":[],"class_list":{"0":"post-7704","1":"product","2":"type-product","3":"status-publish","4":"has-post-thumbnail","6":"product_brand-stiga","7":"product_cat-traktorki-kosiarki","9":"first","10":"instock","11":"shipping-taxable","12":"purchasable","13":"product-type-simple"},"_links":{"self":[{"href":"https:\/\/plmaszyny.online\/en\/wp-json\/wp\/v2\/product\/7704","targetHints":{"allow":["GET"]}}],"collection":[{"href":"https:\/\/plmaszyny.online\/en\/wp-json\/wp\/v2\/product"}],"about":[{"href":"https:\/\/plmaszyny.online\/en\/wp-json\/wp\/v2\/types\/product"}],"replies":[{"embeddable":true,"href":"https:\/\/plmaszyny.online\/en\/wp-json\/wp\/v2\/comments?post=7704"}],"wp:featuredmedia":[{"embeddable":true,"href":"https:\/\/plmaszyny.online\/en\/wp-json\/wp\/v2\/media\/7708"}],"wp:attachment":[{"href":"https:\/\/plmaszyny.online\/en\/wp-json\/wp\/v2\/media?parent=7704"}],"wp:term":[{"taxonomy":"product_brand","embeddable":true,"href":"https:\/\/plmaszyny.online\/en\/wp-json\/wp\/v2\/product_brand?post=7704"},{"taxonomy":"product_cat","embeddable":true,"href":"https:\/\/plmaszyny.online\/en\/wp-json\/wp\/v2\/product_cat?post=7704"},{"taxonomy":"product_tag","embeddable":true,"href":"https:\/\/plmaszyny.online\/en\/wp-json\/wp\/v2\/product_tag?post=7704"}],"curies":[{"name":"wp","href":"https:\/\/api.w.org\/{rel}","templated":true}]}}