{"id":7696,"date":"2026-02-24T09:42:08","date_gmt":"2026-02-24T09:42:08","guid":{"rendered":"https:\/\/plmaszyny.online\/?post_type=product&#038;p=7696"},"modified":"2026-02-26T10:18:04","modified_gmt":"2026-02-26T10:18:04","slug":"stiga-park-500-wx-z-agregatem-combi-100-q-plus","status":"publish","type":"product","link":"https:\/\/plmaszyny.online\/en\/product\/stiga-park-500-wx-z-agregatem-combi-100-q-plus\/","title":{"rendered":"Stiga Park 500 WX z agregatem Combi 100 Q Plus"},"content":{"rendered":"<p>Obejrzyj wideo<\/p>\n\n\n\n<p>Stiga Park 500 WX z agregatem Combi 100 Q Plus<\/p>\n\n\n\n<p>Marzysz o&nbsp;<strong>mocnym<\/strong>,&nbsp;<strong>niezawodnym<\/strong>&nbsp;traktorku ogrodowym, daj\u0105cym&nbsp;<strong>maksimum przyjemno\u015bci<\/strong>&nbsp;pracy i&nbsp;<strong>minimum Twojego wysi\u0142ku<\/strong>? Ten produkt jest zdecydowanie dla Ciebie! To nieoceniony sprz\u0119t, kt\u00f3ry&nbsp;<strong>b\u0119dzie Ci towarzyszy\u0142 o ka\u017cdej porze roku<\/strong>. Pomo\u017ce wygra\u0107 w wysok\u0105 trawa, a tak\u017ce por\u0105 zimow\u0105 nie pozwoli Ci sp\u00f3\u017ani\u0107 si\u0119 do pracy&nbsp;<strong>po obfitych opadach \u015bniegu<\/strong>. Masz do\u015b\u0107 widoku Twojego s\u0105siada, kt\u00f3ry relaksuje si\u0119 na tarasie, a jego trawnik wygl\u0105da ob\u0142\u0119dnie? Zaskocz go!&nbsp;<strong>Odkryj wielofunkcyjno\u015b\u0107<\/strong>&nbsp;traktork\u00f3w ogrodowych, a Tw\u00f3j trawnik b\u0119dzie wygl\u0105da\u0142 lepiej.<\/p>\n\n\n\n<p><strong>Traktory ogrodowe Stiga<\/strong>&nbsp;Park to wyj\u0105tkowa linia produkt\u00f3w z przednim agregatem tn\u0105cym. Taka maszyna rewelacyjnie sprawdzi si\u0119, je\u015bli potrzebujesz dotrze\u0107 do trudnodost\u0119pnych miejsc, poradzi sobie z nier\u00f3wno\u015bciami terenu dzi\u0119ki dzia\u0142aniu na zasadzie p\u0142ywaj\u0105cej platformy. Za spraw\u0105 przegubowego uk\u0142adu kierowniczego manewrowanie wok\u00f3\u0142 przeszk\u00f3d takich jak kwietniki, du\u017ce ozdobne kamienie czy drzewa b\u0119dzie przyjemno\u015bci\u0105.&nbsp;<strong>Stiga Park&nbsp;500&nbsp;WX<\/strong>&nbsp;zosta\u0142 wyposa\u017cony w dwucylindrowy&nbsp;<strong>silnik spalinowy<\/strong>&nbsp;Stiga ST 550 Twin o pojemno\u015bci 586 cm3 i mocy 11,90 kW przy 3200 obr.\/min. Nowy design&nbsp;<strong>traktorka kosiarki<\/strong>&nbsp;sprawi\u0142, \u017ce nabra\u0142 innowacyjnego&nbsp;i atrakcyjnego wygl\u0105du, a dzi\u0119ki regulacji fotela i ergonomicznej kierownicy&nbsp;z dodatkow\u0105 ga\u0142k\u0105 koszenie sta\u0142o si\u0119 przyjemniejsze. Zastanawiasz si\u0119 jak\u0105 pr\u0119dko\u015b\u0107 osi\u0105gniesz? Maksymalna to nawet 10 km\/h plus bardzo wa\u017cna funkcja &#8211; nieoceniony&nbsp;<strong>nap\u0119d na 4 ko\u0142a<\/strong>. Takie atuty pozwol\u0105 Ci na koszenie obszar\u00f3w do 7 500 m2\/h.<\/p>\n\n\n\n<h2 class=\"wp-block-heading\">Lubisz, kiedy jedno urz\u0105dzenie ma wiele funkcji?<\/h2>\n\n\n\n<p>W takim razie polubisz&nbsp;<strong>traktor ogrodowy&nbsp;<\/strong>Stiga Park&nbsp;500&nbsp;WX. To maszyna wielosezonowa, w&nbsp;<strong>zestawie z agregatem<\/strong>&nbsp;Combi 100 Q Plus&nbsp;mo\u017cesz wybra\u0107 opcj\u0119 idealn\u0105 przy d\u0142u\u017cszej trawie &#8211; koszenia i wyrzutu tylnego lub mulczowania. Proces ten polega na rozdrabnianiu trawy, a nast\u0119pnie rozsiewaniu jej na trawniku, co pomaga u\u017cy\u017ani\u0107 gleb\u0119.&nbsp;<strong>Traktor<\/strong>&nbsp;posiada elektryczn\u0105 regulacj\u0119 wysoko\u015bci koszenia, w zestawie z&nbsp;agregatem&nbsp;Combi 100 Q Plus&nbsp;wysoko\u015b\u0107 ta wynosi 25-90 mm a szeroko\u015b\u0107 robocza wynosi 100 cm. Atutem serii Park jest zamontowany z przodu&nbsp;<strong>mechanizm tn\u0105cy<\/strong>, to daje pe\u0142n\u0105 kontrol\u0119 nad maszyn\u0105 i koszeniem. Czyszczenie mechanizmu jest wyj\u0105tkowo \u0142atwe, za spraw\u0105&nbsp;<strong>technologii Stiga Quick Flip<\/strong>, kt\u00f3ra pozwala na bezproblemowe podniesienie agregatu tn\u0105cego. Firma Stiga wyposa\u017cy\u0142a sw\u00f3j produkt w \u015bwiat\u0142a przednie LED oraz du\u017cy 12L zbiornik paliwa, co pozwoli na wszystkie Twoje szale\u0144stwa ogrodowe. Dzi\u0119ki przemy\u015blanemu systemowi wymiany akcesori\u00f3w oraz szybkiemu po\u0142\u0105czeniu RAC ten&nbsp;<strong>ci\u0105gnik ogrodniczy<\/strong>&nbsp;mo\u017cna \u0142atwo przekszta\u0142ci\u0107 w&nbsp;<strong>p\u0142ug \u015bnie\u017cny<\/strong>&nbsp;czy inn\u0105 przydatn\u0105 maszyn\u0119.<\/p>\n\n\n\n<p><strong>Co zapewni Ci komfort pracy na&nbsp;<\/strong><strong>Stiga Park&nbsp;500&nbsp;WX<\/strong><strong>?:<\/strong><\/p>\n\n\n\n<ul class=\"wp-block-list\">\n<li>Wygodny, regulowany fotel z amortyzacj\u0105 nier\u00f3wno\u015bci terenu<\/li>\n\n\n\n<li>Funkcjonalna kierownica z dodatkow\u0105 ga\u0142k\u0105<\/li>\n\n\n\n<li>Du\u017ca ilo\u015b\u0107 miejsca na nogi pozwalaj\u0105ca na wygodne i szybkie koszenie<\/li>\n\n\n\n<li>Reflektory LED pozwol\u0105 na bezpieczn\u0105, energooszcz\u0119dn\u0105 prac\u0119 nawet po zmroku<\/li>\n\n\n\n<li>Mo\u017cliwo\u015b\u0107 wyginania si\u0119 maszyny w&nbsp;centralnej jej cz\u0119\u015bci&nbsp;pozwala na bezpieczn\u0105 precyzyjn\u0105 jazd\u0119<\/li>\n\n\n\n<li>12-litrowy zbiornik paliwa<\/li>\n<\/ul>\n\n\n\n<h3 class=\"wp-block-heading\"><\/h3>\n\n\n\n<h3 class=\"wp-block-heading\">Wybierz niezawodny traktor Stiga Park 500 WX z agregatem Combi 100 Q Plus i sta\u0144 si\u0119 kr\u00f3lem swojego ogrodu.<\/h3>\n\n\n\n<p>Potrzebujesz traktorka z koszem? Zobacz model\u00a0<\/p>\n\n\n\n<p>*Prezentowany produkt to nowa ods\u0142ona wcze\u015bniejszego modelu: Stiga Park 320 PWX z agregatem Park 105 Combi EL QF &nbsp;<strong><\/strong><\/p>\n\n\n\n<h4 class=\"wp-block-heading\">Specyfikacja<\/h4>\n\n\n\n<p>Stan<\/p>\n\n\n\n<p>Nowy<\/p>\n\n\n\n<p>Marka<\/p>\n\n\n\n<p>Stiga<\/p>\n\n\n\n<p>Kolor<\/p>\n\n\n\n<p>\u017b\u00f3\u0142ty<\/p>\n\n\n\n<p>Silnik<\/p>\n\n\n\n<p>Spalinowy<\/p>\n\n\n\n<p>Marka silnika<\/p>\n\n\n\n<p>Stiga<\/p>\n\n\n\n<p>Model silnika<\/p>\n\n\n\n<p>Stiga ST 550 Twin<\/p>\n\n\n\n<p>Moc (kW)<\/p>\n\n\n\n<p>11.90<\/p>\n\n\n\n<p>Pojemno\u015b\u0107 skokowa (cm3)<\/p>\n\n\n\n<p>586<\/p>\n\n\n\n<p>Liczba cylindr\u00f3w (szt.)<\/p>\n\n\n\n<p>2<\/p>\n\n\n\n<p>Znamionowa pr\u0119dko\u015b\u0107 obrotowa silnika (obr\/min)<\/p>\n\n\n\n<p>3200<\/p>\n\n\n\n<p>System ch\u0142odzenia<\/p>\n\n\n\n<p>Powietrze<\/p>\n\n\n\n<p>Pojemno\u015b\u0107 zbiornika paliwa (L)<\/p>\n\n\n\n<p>12<\/p>\n\n\n\n<p>System koszenia<\/p>\n\n\n\n<p>Wyrzut tylny, mulczowanie<\/p>\n\n\n\n<p>Powierzchnia koszenia (m2)<\/p>\n\n\n\n<p>7500<\/p>\n\n\n\n<p>Szeroko\u015b\u0107 robocza (mm)<\/p>\n\n\n\n<p>1000<\/p>\n\n\n\n<p>Wysoko\u015b\u0107 koszenia (mm)<\/p>\n\n\n\n<p>25 &#8211; 90<\/p>\n\n\n\n<p>Regulacja wysoko\u015bci koszenia<\/p>\n\n\n\n<p>Elektryczna<\/p>\n\n\n\n<p>Liczba no\u017cy (szt.)<\/p>\n\n\n\n<p>3<\/p>\n\n\n\n<p>Podno\u015bnik agregatu<\/p>\n\n\n\n<p>Manualny<\/p>\n\n\n\n<p>Nap\u0119d<\/p>\n\n\n\n<p>4&#215;4 4WD<\/p>\n\n\n\n<p>Rodzaj nap\u0119du<\/p>\n\n\n\n<p>Paskowy<\/p>\n\n\n\n<p>Przek\u0142adnia<\/p>\n\n\n\n<p>Hydrostatyczna<\/p>\n\n\n\n<p>Licznik motogodzin<\/p>\n\n\n\n<p>NIE<\/p>\n\n\n\n<p>Maksymalna pr\u0119dko\u015b\u0107 podczas pracy (km\/h)<\/p>\n\n\n\n<p>10<\/p>\n\n\n\n<p>Tempomat<\/p>\n\n\n\n<p>NIE<\/p>\n\n\n\n<p>Fotel<\/p>\n\n\n\n<p>Komfortowy, regulowany<\/p>\n\n\n\n<p>Kierownica<\/p>\n\n\n\n<p>Regulowana, z ga\u0142k\u0105 na kierownicy<\/p>\n\n\n\n<p>Wyposa\u017cenie<\/p>\n\n\n\n<p>Hak holowniczy<br>O\u015bwietlenie LED<br>RAC<br>Schowek<\/p>\n\n\n\n<p>Wymiary (mm)<\/p>\n\n\n\n<p>1960 X 864 X 1236<\/p>\n\n\n\n<p>Rozmiar k\u00f3\u0142 prz\u00f3d \/ ty\u0142<\/p>\n\n\n\n<p>16&#8243;\/16&#8243;<\/p>\n\n\n\n<p>Waga (kg)<\/p>\n\n\n\n<p>280<\/p>\n\n\n\n<p>Napi\u0119cie akumulatora (V)<\/p>\n\n\n\n<p>12<\/p>\n\n\n\n<p>Pojemno\u015b\u0107 akumulatora (Ah)<\/p>\n\n\n\n<p>30<\/p>","protected":false},"excerpt":{"rendered":"<div class=\"col-6 col-sm-6 col-md-6 col-lg-6 single1\">\n<div class=\"single1-sz\">\n<div class=\"ico\">\u00a0<\/div>\n<div class=\"title1\">\n<p>Stan Nowy<\/p>\n<\/div>\n<\/div>\n<\/div>\n<div class=\"col-6 col-sm-6 col-md-6 col-lg-6 single1\">\n<div class=\"single1-sz\">\n<div class=\"title1\">\n<p>Moc (kW) 11.90<\/p>\n<\/div>\n<\/div>\n<\/div>\n<div class=\"col-6 col-sm-6 col-md-6 col-lg-6 single1\">\n<div class=\"single1-sz\">\n<div class=\"title1\">\n<p>Szeroko\u015b\u0107 robocza (mm) 1000<\/p>\n<\/div>\n<\/div>\n<\/div>\n<div class=\"col-6 col-sm-6 col-md-6 col-lg-6 single1\">\n<div class=\"single1-sz\">\n<div class=\"title1\">\n<p>Liczba no\u017cy (szt.) 3<\/p>\n<\/div>\n<\/div>\n<\/div>\n<div class=\"col-6 col-sm-6 col-md-6 col-lg-6 single1\">\n<div class=\"single1-sz\">\n<div class=\"title1\">\n<p>Nap\u0119d 4&#215;4 4WD<\/p>\n<\/div>\n<\/div>\n<\/div>\n<div class=\"col-6 col-sm-6 col-md-6 col-lg-6 single1\">\n<div class=\"single1-sz\">\n<div class=\"title1\">\n<p>Waga (kg) 280<\/p>\n<\/div>\n<\/div>\n<\/div>","protected":false},"featured_media":7700,"comment_status":"open","ping_status":"closed","template":"","meta":[],"product_brand":[77],"product_cat":[59],"product_tag":[],"class_list":{"0":"post-7696","1":"product","2":"type-product","3":"status-publish","4":"has-post-thumbnail","6":"product_brand-stiga","7":"product_cat-traktorki-kosiarki","9":"first","10":"instock","11":"shipping-taxable","12":"purchasable","13":"product-type-simple"},"_links":{"self":[{"href":"https:\/\/plmaszyny.online\/en\/wp-json\/wp\/v2\/product\/7696","targetHints":{"allow":["GET"]}}],"collection":[{"href":"https:\/\/plmaszyny.online\/en\/wp-json\/wp\/v2\/product"}],"about":[{"href":"https:\/\/plmaszyny.online\/en\/wp-json\/wp\/v2\/types\/product"}],"replies":[{"embeddable":true,"href":"https:\/\/plmaszyny.online\/en\/wp-json\/wp\/v2\/comments?post=7696"}],"wp:featuredmedia":[{"embeddable":true,"href":"https:\/\/plmaszyny.online\/en\/wp-json\/wp\/v2\/media\/7700"}],"wp:attachment":[{"href":"https:\/\/plmaszyny.online\/en\/wp-json\/wp\/v2\/media?parent=7696"}],"wp:term":[{"taxonomy":"product_brand","embeddable":true,"href":"https:\/\/plmaszyny.online\/en\/wp-json\/wp\/v2\/product_brand?post=7696"},{"taxonomy":"product_cat","embeddable":true,"href":"https:\/\/plmaszyny.online\/en\/wp-json\/wp\/v2\/product_cat?post=7696"},{"taxonomy":"product_tag","embeddable":true,"href":"https:\/\/plmaszyny.online\/en\/wp-json\/wp\/v2\/product_tag?post=7696"}],"curies":[{"name":"wp","href":"https:\/\/api.w.org\/{rel}","templated":true}]}}