{"id":7692,"date":"2026-02-24T09:39:42","date_gmt":"2026-02-24T09:39:42","guid":{"rendered":"https:\/\/plmaszyny.online\/?post_type=product&#038;p=7692"},"modified":"2026-02-26T10:23:06","modified_gmt":"2026-02-26T10:23:06","slug":"kubota-gr1600-ii","status":"publish","type":"product","link":"https:\/\/plmaszyny.online\/en\/product\/kubota-gr1600-ii\/","title":{"rendered":"Kubota GR1600-II"},"content":{"rendered":"<p>Kubota GR1600-II<\/p>\n\n\n\n<p>Kubota GR1600-II.<\/p>\n\n\n\n<p>&nbsp; &nbsp; &nbsp; &nbsp; Traktorek kosiarka&nbsp;<strong>Kubota GR1600-II<\/strong>&nbsp;to kosiarka dzi\u0119ki wzmocnionej konstrukcji&nbsp;<strong>przeznaczona jest do koszenia du\u017cych powierzchni<\/strong>&nbsp;zar\u00f3wno prywatnych jak w firmach \u015bwiadcz\u0105cych us\u0142ugi piel\u0119gnacyjne. Wzmocniona rama i zwi\u0119kszona wytrzyma\u0142o\u015b\u0107 poszczeg\u00f3lnych element\u00f3w gwarantuje d\u0142ugie i bez awaryjne u\u017cytkowanie.&nbsp;&nbsp;<br><br>&nbsp; &nbsp; &nbsp; &nbsp;&nbsp;<strong>Kubota GR1600<\/strong>&nbsp;wyposa\u017cona jest w dwu cylindrowy silnik diesla o mocy przeliczeniowej&nbsp;<strong>13KM<\/strong>. Nap\u0119d kosiarki na jedn\u0105 o\u015b z&nbsp;<strong>hydrostatyczna skrzynia bieg\u00f3w<\/strong>&nbsp;obs\u0142ugiwana peda\u0142em no\u017cnym. Maksymalna pr\u0119dko\u015b\u0107 jazdy do przodu to 10km\/h a do ty\u0142u to 5 km\/h.<br><br>&nbsp; &nbsp; &nbsp; &nbsp; Kosisko kosiarki Kubota&nbsp;<strong>RCK42GREV-2<\/strong>&nbsp;to dwu no\u017cowy agregat o&nbsp;<strong>szeroko\u015bci roboczej 107<\/strong>&nbsp;cm z regulacj\u0105 Od 25 do 105 mm.<\/p>\n\n\n\n<h4 class=\"wp-block-heading\">Specyfikacja<\/h4>\n\n\n\n<p>Silnik<\/p>\n\n\n\n<p>2 &#8211; cylindrowy diesel ch\u0142odzony ciecz\u0105<\/p>\n\n\n\n<p>Szeroko\u015b\u0107 robocza (mm)<\/p>\n\n\n\n<p>1070<\/p>\n\n\n\n<p>Regulacja wysoko\u015bci koszenia<\/p>\n\n\n\n<p>12-stopniowa<\/p>\n\n\n\n<p>Ilo\u015b\u0107 no\u017cy<\/p>\n\n\n\n<p>2<\/p>\n\n\n\n<p>Pojemno\u015b\u0107 kosza (L)<\/p>\n\n\n\n<p>370<\/p>\n\n\n\n<p>Skrzynia bieg\u00f3w<\/p>\n\n\n\n<p>Hydrostatyczna<\/p>\n\n\n\n<p>D\u0142ugo\u015b\u0107 \/ Szeroko\u015b\u0107 \/ Wysoko\u015b\u0107 (mm)<\/p>\n\n\n\n<p>2710 \/ 1110 \/ 1190<\/p>\n\n\n\n<p>Rozstaw osi (mm)<\/p>\n\n\n\n<p>1310<\/p>","protected":false},"excerpt":{"rendered":"<div class=\"col-6 col-sm-6 col-md-6 col-lg-6 single1\">\n<div class=\"single1-sz\">\n<div class=\"ico\">\u00a0<\/div>\n<div class=\"title1\">\n<p>Szeroko\u015b\u0107 robocza (mm) 1070<\/p>\n<\/div>\n<\/div>\n<\/div>\n<div class=\"col-6 col-sm-6 col-md-6 col-lg-6 single1\">\n<div class=\"single1-sz\">\n<div class=\"title1\">\n<p>Ilo\u015b\u0107 no\u017cy 2<\/p>\n<\/div>\n<\/div>\n<\/div>\n<div class=\"col-6 col-sm-6 col-md-6 col-lg-6 single1\">\n<div class=\"single1-sz\">\n<div class=\"title1\">\n<p>Pojemno\u015b\u0107 kosza (L) 370<\/p>\n<\/div>\n<\/div>\n<\/div>\n<div class=\"col-6 col-sm-6 col-md-6 col-lg-6 single1\">\n<div class=\"single1-sz\">\n<div class=\"title1\">\n<p>Skrzynia bieg\u00f3w Hydrostatyczna<\/p>\n<\/div>\n<\/div>\n<\/div>","protected":false},"featured_media":7695,"comment_status":"open","ping_status":"closed","template":"","meta":[],"product_brand":[89],"product_cat":[59],"product_tag":[],"class_list":{"0":"post-7692","1":"product","2":"type-product","3":"status-publish","4":"has-post-thumbnail","6":"product_brand-kubota","7":"product_cat-traktorki-kosiarki","9":"first","10":"instock","11":"shipping-taxable","12":"purchasable","13":"product-type-simple"},"_links":{"self":[{"href":"https:\/\/plmaszyny.online\/en\/wp-json\/wp\/v2\/product\/7692","targetHints":{"allow":["GET"]}}],"collection":[{"href":"https:\/\/plmaszyny.online\/en\/wp-json\/wp\/v2\/product"}],"about":[{"href":"https:\/\/plmaszyny.online\/en\/wp-json\/wp\/v2\/types\/product"}],"replies":[{"embeddable":true,"href":"https:\/\/plmaszyny.online\/en\/wp-json\/wp\/v2\/comments?post=7692"}],"wp:featuredmedia":[{"embeddable":true,"href":"https:\/\/plmaszyny.online\/en\/wp-json\/wp\/v2\/media\/7695"}],"wp:attachment":[{"href":"https:\/\/plmaszyny.online\/en\/wp-json\/wp\/v2\/media?parent=7692"}],"wp:term":[{"taxonomy":"product_brand","embeddable":true,"href":"https:\/\/plmaszyny.online\/en\/wp-json\/wp\/v2\/product_brand?post=7692"},{"taxonomy":"product_cat","embeddable":true,"href":"https:\/\/plmaszyny.online\/en\/wp-json\/wp\/v2\/product_cat?post=7692"},{"taxonomy":"product_tag","embeddable":true,"href":"https:\/\/plmaszyny.online\/en\/wp-json\/wp\/v2\/product_tag?post=7692"}],"curies":[{"name":"wp","href":"https:\/\/api.w.org\/{rel}","templated":true}]}}