{"id":7688,"date":"2026-02-24T09:38:02","date_gmt":"2026-02-24T09:38:02","guid":{"rendered":"https:\/\/plmaszyny.online\/?post_type=product&#038;p=7688"},"modified":"2026-02-26T10:23:39","modified_gmt":"2026-02-26T10:23:39","slug":"kubota-r122z-21km","status":"publish","type":"product","link":"https:\/\/plmaszyny.online\/en\/product\/kubota-r122z-21km\/","title":{"rendered":"Kubota R122Z 21KM"},"content":{"rendered":"<p>Kubota R122Z 21KM<\/p>\n\n\n\n<p>Kubota R122Z.<\/p>\n\n\n\n<p>&nbsp; &nbsp; &nbsp; &nbsp; Bardzo nowoczesny i zaawansowany model kosiarki z zerowym promieniem skr\u0119tu&nbsp;<strong>Kubota R122Z<\/strong>&nbsp;to&nbsp;<strong>profesjonalna kosiarka z przeznaczeniem dla u\u017cytkownik\u00f3w prywatnych<\/strong>. Kosiarka z silnikiem&nbsp;<strong>Kawasaki FR651V<\/strong>&nbsp;obs\u0142ugiwana jest za pomoc\u0105 dw\u00f3ch d\u017awigni ( jazda do przodu i do ty\u0142u oraz skr\u0119t prawo\/lewo ).&nbsp;<br><br>&nbsp; &nbsp; &nbsp; &nbsp; Kosiarka posiada&nbsp;<strong>agregat kosz\u0105cy o szeroko\u015bci 42 cali<\/strong>&nbsp;( 107 cm ), regulowany ( 12 pozycji ) i peda\u0142 ( mechaniczny ) bezpiecze\u0144stwa po wci\u015bni\u0119ciu, kt\u00f3rego&nbsp;<strong>kosisko kosiarki<\/strong>&nbsp;natychmiast unosi si\u0119 do g\u00f3ry co pozwala unikn\u0105\u0107 kontaktu z elementem niepo\u017c\u0105danym podczas koszenia.<br><br>&nbsp; &nbsp; &nbsp; &nbsp;&nbsp;<strong>Kosiarka Kubota&nbsp;RCK42P-122Z-EU<\/strong>&nbsp;opr\u00f3cz wysokiej wydajno\u015bci koszenia i p\u0142askiej pod\u0142odze jest bardzo wygodna w u\u017cytkowaniu dzi\u0119ki wysoko umieszczonemu fotelowi kierowcy i intuicyjnie umieszczonych innych element\u00f3w steruj\u0105cych.&nbsp;<\/p>\n\n\n\n<h4 class=\"wp-block-heading\">Specyfikacja<\/h4>\n\n\n\n<p>Marka<\/p>\n\n\n\n<p>Kubota<\/p>\n\n\n\n<p>Model silnika<\/p>\n\n\n\n<p>Kawasaki FR 651 V<\/p>\n\n\n\n<p>Moc (KM\/HP)<\/p>\n\n\n\n<p>21<\/p>\n\n\n\n<p>Szeroko\u015b\u0107 robocza (mm)<\/p>\n\n\n\n<p>1070<\/p>\n\n\n\n<p>Regulacja wysoko\u015bci koszenia<\/p>\n\n\n\n<p>12-stopniowa<\/p>\n\n\n\n<p>D\u0142ugo\u015b\u0107 \/ Szeroko\u015b\u0107 \/ Wysoko\u015b\u0107 (mm)<\/p>\n\n\n\n<p>1890 \/ 1400 \/ 1660 (z pa\u0142akiem)<\/p>\n\n\n\n<p>Wymiary (mm)<\/p>\n\n\n\n<p>1890 x 690 x 445<\/p>\n\n\n\n<p>Rozstaw osi (mm)<\/p>\n\n\n\n<p>1230<\/p>\n\n\n\n<p>Rozmiar opon prz\u00f3d \/ ty\u0142<\/p>\n\n\n\n<p>11 x 4 &#8211; 5 \/ 18 x 7.5 &#8211; 14<\/p>\n\n\n\n<p>Waga (kg)<\/p>\n\n\n\n<p>280<\/p>","protected":false},"excerpt":{"rendered":"<div id=\"about\" class=\"col-12 page-product4-single page-product4-about\">\n<div class=\"row\">\n<div class=\"col-12 col-lg-4 page-product4-about-single1 logo-brand\">\n<div class=\"col-6 col-sm-6 col-md-6 col-lg-6 single1\">\n<div class=\"single1-sz\">\n<div class=\"ico\">\u00a0<\/div>\n<div class=\"title1\">\n<p>Moc (KM\/HP) 21<\/p>\n<\/div>\n<\/div>\n<\/div>\n<div class=\"col-6 col-sm-6 col-md-6 col-lg-6 single1\">\n<div class=\"single1-sz\">\n<div class=\"title1\">\n<p>Szeroko\u015b\u0107 robocza (mm) 1070<\/p>\n<\/div>\n<\/div>\n<\/div>\n<div class=\"col-6 col-sm-6 col-md-6 col-lg-6 single1\">\n<div class=\"single1-sz\">\n<div class=\"title1\">\n<p>Waga (kg) 280<\/p>\n<\/div>\n<\/div>\n<\/div>\n<\/div>\n<\/div>\n<\/div>","protected":false},"featured_media":7691,"comment_status":"open","ping_status":"closed","template":"","meta":[],"product_brand":[89],"product_cat":[59],"product_tag":[],"class_list":{"0":"post-7688","1":"product","2":"type-product","3":"status-publish","4":"has-post-thumbnail","6":"product_brand-kubota","7":"product_cat-traktorki-kosiarki","9":"first","10":"instock","11":"shipping-taxable","12":"purchasable","13":"product-type-simple"},"_links":{"self":[{"href":"https:\/\/plmaszyny.online\/en\/wp-json\/wp\/v2\/product\/7688","targetHints":{"allow":["GET"]}}],"collection":[{"href":"https:\/\/plmaszyny.online\/en\/wp-json\/wp\/v2\/product"}],"about":[{"href":"https:\/\/plmaszyny.online\/en\/wp-json\/wp\/v2\/types\/product"}],"replies":[{"embeddable":true,"href":"https:\/\/plmaszyny.online\/en\/wp-json\/wp\/v2\/comments?post=7688"}],"wp:featuredmedia":[{"embeddable":true,"href":"https:\/\/plmaszyny.online\/en\/wp-json\/wp\/v2\/media\/7691"}],"wp:attachment":[{"href":"https:\/\/plmaszyny.online\/en\/wp-json\/wp\/v2\/media?parent=7688"}],"wp:term":[{"taxonomy":"product_brand","embeddable":true,"href":"https:\/\/plmaszyny.online\/en\/wp-json\/wp\/v2\/product_brand?post=7688"},{"taxonomy":"product_cat","embeddable":true,"href":"https:\/\/plmaszyny.online\/en\/wp-json\/wp\/v2\/product_cat?post=7688"},{"taxonomy":"product_tag","embeddable":true,"href":"https:\/\/plmaszyny.online\/en\/wp-json\/wp\/v2\/product_tag?post=7688"}],"curies":[{"name":"wp","href":"https:\/\/api.w.org\/{rel}","templated":true}]}}