{"id":7676,"date":"2026-02-24T09:33:06","date_gmt":"2026-02-24T09:33:06","guid":{"rendered":"https:\/\/plmaszyny.online\/?post_type=product&#038;p=7676"},"modified":"2026-02-26T10:26:52","modified_gmt":"2026-02-26T10:26:52","slug":"cub-cadet-xz5-l107","status":"publish","type":"product","link":"https:\/\/plmaszyny.online\/en\/product\/cub-cadet-xz5-l107\/","title":{"rendered":"Cub Cadet XZ5 L107"},"content":{"rendered":"<p>Obejrzyj wideo<\/p>\n\n\n\n<p>Cub Cadet XZ5 L107<\/p>\n\n\n\n<p>Kosiarki samojezdne&nbsp;<strong>Cub Cadet<\/strong>&nbsp;z serii<strong>&nbsp;Zero Turn<\/strong>&nbsp;to linia o unikalnej technologii obracania o 360\u00b0. Modele te cechuje \u0142atwo\u015b\u0107 omijania przeszk\u00f3d,&nbsp;efektywno\u015b\u0107 pracy i wytrzyma\u0142o\u015b\u0107. To&nbsp;<strong>wysokiej klasy<\/strong>&nbsp;maszyny z najpotrzebniejszymi funkcjami zapewniaj\u0105ce&nbsp;<strong>wydajno\u015b\u0107<\/strong>&nbsp;oraz posiadaj\u0105ce&nbsp;<strong>du\u017c\u0105 moc<\/strong>, kt\u00f3re rewelacyjnie sprawdz\u0105 si\u0119 jako pomocnik dla du\u017cych trawnik\u00f3w.&nbsp;<\/p>\n\n\n\n<p><strong>Traktorek ogrodowy Cub Cadet<\/strong>&nbsp;XZ5 L107&nbsp;o&nbsp;wyj\u0105tkowej mocy urz\u0105dzenia, umo\u017cliwia precyzje koszenie obszar\u00f3w nawet do 10 000 m2\/h!&nbsp;<strong>Traktorek kosiarka<\/strong>&nbsp;XZ5 L107 oferuje&nbsp;107&nbsp;cm szeroko\u015bci roboczej,&nbsp;mo\u017cliwo\u015b\u0107 a\u017c 15-stopniowej regulacji wysoko\u015bci koszenia od 25&nbsp;do 115 mm a jego maksymalna pr\u0119dko\u015b\u0107 to 12 km\/h, dzi\u0119ki czemu kosi szybciej o 50% ni\u017c tradycyjne traktorki ogrodowe.<\/p>\n\n\n\n<p>Seria XZ5 wyposa\u017cona zosta\u0142a w w bardzo mocne oraz trwa\u0142e agregaty tn\u0105ce, dodatkowo lekka konstrukcja element\u00f3w stalowych zapewnia d\u0142ug\u0105 \u017cywotno\u015b\u0107 maszyny. Agregat wyposa\u017cony jest w 2 no\u017ce co&nbsp;pozwala na szybkie i efektywne koszenie.&nbsp;<\/p>\n\n\n\n<h2 class=\"wp-block-heading\">A co oferuje model Cub Cadet&nbsp;XZ5 L107?<\/h2>\n\n\n\n<p>Przede wszystkim&nbsp;<strong>silnik Cub Cadet&nbsp;<\/strong>o mocy znamionowej 11,4 kW oraz pojemno\u015bci a\u017c 679 cm3 jest du\u017c\u0105 zalet\u0105 tej niepozornej maszyny. Traktorek zosta\u0142 wyposa\u017cony w hydrostatyczny uk\u0142ad nap\u0119dowy, umo\u017cliwiaj\u0105cy p\u0142ynne ale i dynamiczne ruchy maszyny bez konieczno\u015bci zmiany bieg\u00f3w. Zalet\u0105&nbsp;<strong>traktorka ogrodowego<\/strong>&nbsp;s\u0105 niskie wibracje, dzi\u0119ki gumowym matom pod\u0142ogowym, a tak\u017ce sprz\u0119g\u0142o elektromagnetyczne. Dodatkowo technologia RevTEK (Reverse Mowing Technology) pozwala na koszenie podczas jazdy na biegu wstecznym.<\/p>\n\n\n\n<p>Warto doda\u0107, \u017ce ten&nbsp;<strong>traktor ogrodowy<\/strong>&nbsp;posiada ergonomiczne siedzisko z pod\u0142okietnikami, najwi\u0119ksze opony w swojej klasie 11 x 6 \/ 20 x 8 oraz solidn\u0105 stalow\u0105 ram\u0119 zapewniaj\u0105ca d\u0142ug\u0105 \u017cywotno\u015b\u0107.&nbsp;Trwa\u0142a karoseria odporna na uderzenia i blakni\u0119cie zapewni na d\u0142ugo idealny wygl\u0105d traktorka.&nbsp;<\/p>\n\n\n\n<p>Reflektor przedni LED zapewni natomiast bezpieczn\u0105 prac\u0119 o \u015bwicie i zmierzchu.&nbsp;<\/p>\n\n\n\n<h3 class=\"wp-block-heading\">Jakie masz jeszcze mo\u017cliwo\u015bci?<\/h3>\n\n\n\n<ul class=\"wp-block-list\">\n<li>Po&nbsp;zamontowaniu wk\u0142adki mulczuj\u0105cej masz opcje&nbsp;mulczowania. Proces ten polega na&nbsp;rozdrabnianiu trawy, a nast\u0119pnie&nbsp;rozsiewaniu jej&nbsp;na trawniku, co pomaga&nbsp;u\u017cy\u017ani\u0107 gleb\u0119,<\/li>\n\n\n\n<li>Je\u015bli chcesz wybra\u0107 opcj\u0119 zbierania do kosza to&nbsp;Cub Cadet XZ5 L107&nbsp;posiada mo\u017cliwo\u015b\u0107 zamontowania kosza (opcjonalnie) o pojemno\u015bci 230 litr\u00f3w,<\/li>\n\n\n\n<li>Oczywi\u015bcie opcj\u0105 standardow\u0105 jest wyrzut boczny poprzez deflektor wyrzutu,<\/li>\n\n\n\n<li>Wszystkie modele z serii XZ maj\u0105 mo\u017cliwo\u015b\u0107 zamontowania zaczepu, dzi\u0119ki czemu do swojego traktorka mo\u017cesz zamontowa\u0107 przyczepk\u0119, walec czy rozsiewacz.&nbsp;&nbsp;<\/li>\n<\/ul>\n\n\n\n<p>Na koniec pracy bez trudno\u015bci oczy\u015bcisz kosisko swojej maszyny, dzi\u0119ki systemowi mycia obudowy. Po pod\u0142\u0105czeniu w\u0119\u017ca ogrodowego do szybkoz\u0142\u0105czki na obudowie traktorka ogrodowego.&nbsp;<\/p>\n\n\n\n<h2 class=\"wp-block-heading\">Je\u015bli szukasz urz\u0105dzenia z mocnym silnikiem, kt\u00f3re pomo\u017ce Ci szybko i wygodnie upora\u0107 si\u0119 z koszeniem trawy model Cub Cadet&nbsp;XZ5 L107 jest w\u0142a\u015bnie dla Ciebie!<\/h2>\n\n\n\n<p>*Zdj\u0119cia przedstawiaj\u0105 model traktorka z kosiskiem w rozmiarze 127<\/p>\n\n\n\n<p>Lokalizacja N1, K17<\/p>\n\n\n\n<h4 class=\"wp-block-heading\">Specyfikacja<\/h4>\n\n\n\n<p>Stan<\/p>\n\n\n\n<p>Nowy<\/p>\n\n\n\n<p>Marka<\/p>\n\n\n\n<p>Cub Cadet<\/p>\n\n\n\n<p>Kolor<\/p>\n\n\n\n<p>\u017b\u00f3\u0142ty<\/p>\n\n\n\n<p>Silnik<\/p>\n\n\n\n<p>Spalinowy benzynowy<\/p>\n\n\n\n<p>Marka silnika<\/p>\n\n\n\n<p>Cub Cadet<\/p>\n\n\n\n<p>Moc (kW)<\/p>\n\n\n\n<p>11.40<\/p>\n\n\n\n<p>Pojemno\u015b\u0107 silnika (cm3 \/ ccm)<\/p>\n\n\n\n<p>679<\/p>\n\n\n\n<p>Znamionowa pr\u0119dko\u015b\u0107 obrotowa silnika (obr\/min)<\/p>\n\n\n\n<p>2350<\/p>\n\n\n\n<p>Pojemno\u015b\u0107 zbiornika paliwa (L)<\/p>\n\n\n\n<p>13,25<\/p>\n\n\n\n<p>Powierzchnia koszenia (m2)<\/p>\n\n\n\n<p>10 000<\/p>\n\n\n\n<p>Szeroko\u015b\u0107 robocza (mm)<\/p>\n\n\n\n<p>1070<\/p>\n\n\n\n<p>Wysoko\u015b\u0107 koszenia (mm)<\/p>\n\n\n\n<p>25 &#8211; 115<\/p>\n\n\n\n<p>Regulacja wysoko\u015bci koszenia<\/p>\n\n\n\n<p>Manulana, 15-stopniowa<\/p>\n\n\n\n<p>Liczba no\u017cy (szt.)<\/p>\n\n\n\n<p>2<\/p>\n\n\n\n<p>Sprz\u0119g\u0142o no\u017ca<\/p>\n\n\n\n<p>Elektromagnetyczne<\/p>\n\n\n\n<p>Funkcja mulczowania<\/p>\n\n\n\n<p>Opcja<\/p>\n\n\n\n<p>Nap\u0119d<\/p>\n\n\n\n<p>2&#215;4 2WD<\/p>\n\n\n\n<p>Skrzynia bieg\u00f3w<\/p>\n\n\n\n<p>Hydrostatyczna<\/p>\n\n\n\n<p>Przek\u0142adnia<\/p>\n\n\n\n<p>Hydrostatyczna<\/p>\n\n\n\n<p>Liczba bieg\u00f3w prz\u00f3d \/ ty\u0142<\/p>\n\n\n\n<p>1 \/ 1<\/p>\n\n\n\n<p>Licznik motogodzin<\/p>\n\n\n\n<p>TAK<\/p>\n\n\n\n<p>Fotel<\/p>\n\n\n\n<p>Komfortowy z wysokim oparciem<br>Regulowany<\/p>\n\n\n\n<p>Z\u0142\u0105cze do mycia<\/p>\n\n\n\n<p>TAK<\/p>\n\n\n\n<p>Zaczep do przyczepy<\/p>\n\n\n\n<p>Opcja<\/p>\n\n\n\n<p>Wyposa\u017cenie<\/p>\n\n\n\n<p>Deflektor pokosu<br>Kosz na traw\u0119 (opcja)<br>Pojemnik na narz\u0119dzia<br>\u015awiat\u0142a przednie LED<\/p>\n\n\n\n<p>Rozmiar k\u00f3\u0142 prz\u00f3d \/ ty\u0142<\/p>\n\n\n\n<p>11 x 6 \/ 20 x 8<\/p>\n\n\n\n<p>Waga (kg)<\/p>\n\n\n\n<p>267<\/p>\n\n\n\n<p>System rozruchowy<\/p>\n\n\n\n<p>Elektryczny<\/p>\n\n\n\n<p>Napi\u0119cie akumulatora (V)<\/p>\n\n\n\n<p>12<\/p>\n\n\n\n<p>Ci\u0119cie na wstecznym biegu<\/p>\n\n\n\n<p>TAK<\/p>\n\n\n\n<p>Rodzaj paliwa<\/p>\n\n\n\n<p>Benzyna bezo\u0142owiowa<\/p>","protected":false},"excerpt":{"rendered":"<div class=\"col-12 col-lg-4 page-product4-about-single1 logo-brand\">\n<div class=\"col-6 col-sm-6 col-md-6 col-lg-6 single1\">\n<div class=\"single1-sz\">\n<div class=\"ico\">\u00a0<\/div>\n<div class=\"title1\">\n<p>Stan Nowy<\/p>\n<\/div>\n<\/div>\n<\/div>\n<div class=\"col-6 col-sm-6 col-md-6 col-lg-6 single1\">\n<div class=\"single1-sz\">\n<div class=\"title1\">\n<p>Moc (kW) 11.40<\/p>\n<\/div>\n<\/div>\n<\/div>\n<div class=\"col-6 col-sm-6 col-md-6 col-lg-6 single1\">\n<div class=\"single1-sz\">\n<div class=\"title1\">\n<p>Szeroko\u015b\u0107 robocza (mm) 1070<\/p>\n<\/div>\n<\/div>\n<\/div>\n<div class=\"col-6 col-sm-6 col-md-6 col-lg-6 single1\">\n<div class=\"single1-sz\">\n<div class=\"title1\">\n<p>Liczba no\u017cy (szt.) 2<\/p>\n<\/div>\n<\/div>\n<\/div>\n<div class=\"col-6 col-sm-6 col-md-6 col-lg-6 single1\">\n<div class=\"single1-sz\">\n<div class=\"title1\">\n<p>Nap\u0119d 2&#215;4 2WD<\/p>\n<\/div>\n<\/div>\n<\/div>\n<div class=\"col-6 col-sm-6 col-md-6 col-lg-6 single1\">\n<div class=\"single1-sz\">\n<div class=\"title1\">\n<p>Skrzynia bieg\u00f3w Hydrostatyczna<\/p>\n<\/div>\n<\/div>\n<\/div>\n<div class=\"col-6 col-sm-6 col-md-6 col-lg-6 single1\">\n<div class=\"single1-sz\">\n<div class=\"title1\">\n<p>Zaczep do przyczepy Opcja<\/p>\n<\/div>\n<\/div>\n<\/div>\n<div class=\"col-6 col-sm-6 col-md-6 col-lg-6 single1\">\n<div class=\"single1-sz\">\n<div class=\"title1\">\n<p>Waga (kg) 267<\/p>\n<\/div>\n<\/div>\n<\/div>\n<\/div>","protected":false},"featured_media":7680,"comment_status":"open","ping_status":"closed","template":"","meta":[],"product_brand":[88],"product_cat":[59],"product_tag":[],"class_list":{"0":"post-7676","1":"product","2":"type-product","3":"status-publish","4":"has-post-thumbnail","6":"product_brand-cub-cadet","7":"product_cat-traktorki-kosiarki","9":"first","10":"instock","11":"shipping-taxable","12":"purchasable","13":"product-type-simple"},"_links":{"self":[{"href":"https:\/\/plmaszyny.online\/en\/wp-json\/wp\/v2\/product\/7676","targetHints":{"allow":["GET"]}}],"collection":[{"href":"https:\/\/plmaszyny.online\/en\/wp-json\/wp\/v2\/product"}],"about":[{"href":"https:\/\/plmaszyny.online\/en\/wp-json\/wp\/v2\/types\/product"}],"replies":[{"embeddable":true,"href":"https:\/\/plmaszyny.online\/en\/wp-json\/wp\/v2\/comments?post=7676"}],"wp:featuredmedia":[{"embeddable":true,"href":"https:\/\/plmaszyny.online\/en\/wp-json\/wp\/v2\/media\/7680"}],"wp:attachment":[{"href":"https:\/\/plmaszyny.online\/en\/wp-json\/wp\/v2\/media?parent=7676"}],"wp:term":[{"taxonomy":"product_brand","embeddable":true,"href":"https:\/\/plmaszyny.online\/en\/wp-json\/wp\/v2\/product_brand?post=7676"},{"taxonomy":"product_cat","embeddable":true,"href":"https:\/\/plmaszyny.online\/en\/wp-json\/wp\/v2\/product_cat?post=7676"},{"taxonomy":"product_tag","embeddable":true,"href":"https:\/\/plmaszyny.online\/en\/wp-json\/wp\/v2\/product_tag?post=7676"}],"curies":[{"name":"wp","href":"https:\/\/api.w.org\/{rel}","templated":true}]}}