{"id":7671,"date":"2026-02-24T09:21:29","date_gmt":"2026-02-24T09:21:29","guid":{"rendered":"https:\/\/plmaszyny.online\/?post_type=product&#038;p=7671"},"modified":"2026-02-26T10:27:15","modified_gmt":"2026-02-26T10:27:15","slug":"solo-by-al-ko-t18-105-4-hd-v2-premium-pro","status":"publish","type":"product","link":"https:\/\/plmaszyny.online\/en\/product\/solo-by-al-ko-t18-105-4-hd-v2-premium-pro\/","title":{"rendered":"Solo by AL-KO T18-105.4 HD V2 Premium Pro"},"content":{"rendered":"<p>Obejrzyj wideo<\/p>\n\n\n\n<p>Solo by AL-KO T18-105.4 HD V2 Premium Pro<\/p>\n\n\n\n<p>\u015anisz o&nbsp;<strong>mocnym<\/strong>,&nbsp;<strong>niezawodnym<\/strong>&nbsp;traktorku ogrodowym, daj\u0105cym&nbsp;<strong>maksimum przyjemno\u015bci<\/strong>&nbsp;pracy i&nbsp;<strong>minimum<\/strong>&nbsp;Twojego&nbsp;<strong>wysi\u0142ku<\/strong>? Ten produkt jest zdecydowanie dla Ciebie! To nieoceniony sprz\u0119t, kt\u00f3ry b\u0119dzie Ci towarzyszy\u0142 o ka\u017cdej porze roku,&nbsp;<strong>wygra z wysok\u0105 traw\u0105<\/strong>&nbsp;i pozwoli Ci&nbsp;<strong>nie sp\u00f3\u017ani\u0107 si\u0119 do pracy<\/strong>&nbsp;po obfitych opadach \u015bniegu. Masz&nbsp;<strong>do\u015b\u0107<\/strong>&nbsp;widoku Twojego s\u0105siada, kt\u00f3ry&nbsp;<strong>relaksuje<\/strong>&nbsp;si\u0119 na tarasie, a jego trawnik wygl\u0105da ob\u0142\u0119dnie?&nbsp;<strong>Zaskocz go!<\/strong>&nbsp;Tw\u00f3j trawnik&nbsp;<strong>b\u0119dzie wygl\u0105da\u0142 lepiej<\/strong>, a Ty&nbsp;<strong>odkryjesz na nowo<\/strong>,&nbsp;<strong>wygod\u0119<\/strong>&nbsp;swoich mebli ogrodowych!<\/p>\n\n\n\n<p>Wysokiej klasy urz\u0105dzenie&nbsp;<strong>Solo by AL-KO T18-105.6 HD-A V2<\/strong>, to niezwykle wszechstronna maszyna o&nbsp;<strong>du\u017cej mocy silnika<\/strong>, niestraszne mu rozleg\u0142e powierzchnie nawet&nbsp;<strong>do 9 000 m2<\/strong>. Traktorek zosta\u0142 wyposa\u017cony w dwucylindrowy, silnik spalinowy&nbsp;<strong>Briggs&amp;Stratton Intek 7160 V2<\/strong>&nbsp;o pojemno\u015bci 656<strong>&nbsp;cm3 i mocy 9,1 kW<\/strong>. Obroty silnika? Poka\u017ane \u2013 a\u017c&nbsp;<strong>2 900 obrot\u00f3w na minut\u0119<\/strong>. Dzi\u0119ki nowej konstrukcji temperatura pracy silnika jest zminimalizowana a wytrzyma\u0142o\u015b\u0107 lepsza. Jak\u0105&nbsp;<strong>pr\u0119dko\u015b\u0107<\/strong>&nbsp;osi\u0105gniesz? Maksymalna to&nbsp;nawet<strong>&nbsp;11 km\/h<\/strong>&nbsp;co pozostawia daleko w tyle konkurencj\u0119 \u2013 Twojego s\u0105siada te\u017c! Takie atuty pozwol\u0105 Ci na koszenie du\u017cych obszar\u00f3w, zapomnisz o \u017cmudnej pracy na ogrodzie i zmarzni\u0119tym nosie podczas od\u015bnie\u017cania zim\u0105. Ta bardzo<strong>&nbsp;\u0142atwa w obs\u0142udze<\/strong>&nbsp;kosiarka, posiada wbudowan\u0105&nbsp;<strong>przek\u0142adni\u0119 hydrostatyczn\u0105 G700<\/strong>&nbsp;dzi\u0119ki czemu, ustalisz sta\u0142e tempo pracy w zale\u017cno\u015bci od tego, z czym przyjdzie Ci si\u0119 zmierzy\u0107. Firma Solo by AL-KO wyposa\u017cy\u0142a swoje produkty w mocne i niezawodne&nbsp;<strong>ramy Heavy Duty<\/strong>, kt\u00f3re cechuje twardo\u015b\u0107 i odporno\u015b\u0107 na wszystkie Twoje szale\u0144stwa ogrodowe.&nbsp;<strong>Model T23-125.6 HD-A V2<\/strong>&nbsp;posiada&nbsp;<strong>\u017celiwn\u0105 o\u015b przedni\u0105<\/strong>, kt\u00f3ra zabezpiecza dodatkowo agregat kosz\u0105cy przed uszkodzeniem. Traktor ten b\u0119dzie&nbsp;<strong>niezawodnym urz\u0105dzeniem<\/strong>, a Ty staniesz si\u0119&nbsp;<strong>kr\u00f3lem swojego ogrodu<\/strong>.<\/p>\n\n\n\n<h2 class=\"wp-block-heading\">Co zapewni Ci komfort pracy na Solo by AL-KO T23-125.6 HD-A V2?<\/h2>\n\n\n\n<ul class=\"wp-block-list\">\n<li>Wygodny, regulowany fotel z amortyzacj\u0105 nier\u00f3wno\u015bci terenu<\/li>\n\n\n\n<li>Funkcjonalna kierownica z mi\u0119kkim uchwytem<\/li>\n\n\n\n<li>Du\u017ce, szerokie ko\u0142a o rozmiarze 20&#8243; z ty\u0142u i 16&#8243; z przodu zagwarantuj\u0105 \u015bwietn\u0105 przyczepno\u015b\u0107<\/li>\n\n\n\n<li>Ergonomicznie rozstawione peda\u0142y jazdy do przodu i do ty\u0142u oraz du\u017ca ilo\u015b\u0107 miejsca na nogi pozwol\u0105 na wygodne i szybkie koszenie<\/li>\n\n\n\n<li>Pojemno\u015b\u0107 kosza to a\u017c 310L a o jego zape\u0142nieniu informuje sygna\u0142 d\u017awi\u0119kowy<\/li>\n\n\n\n<li>Energooszcz\u0119dne reflektory LED-owe pozwol\u0105 na bezpieczn\u0105 prac\u0119 nawet po zmroku<\/li>\n\n\n\n<li>Wyposa\u017cenie maszyny w tempomat, umo\u017cliwi utrzymanie sta\u0142ej pr\u0119dko\u015bci silnika. Zu\u017cycie paliwa b\u0119dzie mniejsze a praca przyjemniejsza bez konieczno\u015bci kontrolowania pr\u0119dko\u015bci.<\/li>\n<\/ul>\n\n\n\n<p>Lubisz, kiedy&nbsp;<strong>jedno urz\u0105dzenie<\/strong>&nbsp;ma&nbsp;<strong>wiele funkcji?<\/strong>&nbsp;W takim razie z traktorkiem ogrodowym&nbsp;<strong>Solo by AL-KO T23-125.6 HD-A V2<\/strong>&nbsp;si\u0119 polubisz. Zbieranie do materia\u0142owego du\u017cego&nbsp;<strong>310L kosza<\/strong>&nbsp;z plastikowymi wzmocnieniami lub&nbsp;<strong>mulczowanie<\/strong>, czyli rozdrabnianie trawy, a nast\u0119pnie rozsiewanie jej na trawniku, co u\u017cy\u017ani gleb\u0119 &#8211; Ty wybierasz. Traktor&nbsp;<strong>Solo by AL-KO T23-125.6 HD-A V2<\/strong>&nbsp;jest wyposa\u017cony w centraln\u0105&nbsp;<strong>regulacj\u0119 wysoko\u015bci koszenia<\/strong>&nbsp;a\u017c w 7 stopniach od&nbsp;<strong>30 do 90 mm<\/strong>, a szeroko\u015b\u0107 robocza no\u017ca tn\u0105cego z podw\u00f3jnym ostrzem wynosi 105 cm. Agregat nap\u0119dzany jest&nbsp;<strong>paskiem z\u0119batym<\/strong>, a nie jak w wi\u0119kszo\u015bci traktork\u00f3w paskiem klinowym, co&nbsp;<strong>zapobiega zu\u017cywaniu si\u0119 no\u017cy<\/strong>. To potwierdza, jak bardzo&nbsp;<strong>trwa\u0142\u0105 i niezawodn\u0105<\/strong>&nbsp;maszyn\u0105 jest traktorek ogrodowy&nbsp;<strong>Solo by AL-KO T23-125.6 HD-A V2<\/strong>.<\/p>\n\n\n\n<p>Do tego modelu dost\u0119pna jest szeroka gama akcesori\u00f3w m.in.: deflektor pokosu, walec, p\u0142ug \u015bnie\u017cny, \u0142a\u0144cuchy na ko\u0142a, ko\u0142a rolnicze, rozsiewacz, przyczepka.<\/p>\n\n\n\n<p>Lokalizacja K16<\/p>\n\n\n\n<h4 class=\"wp-block-heading\">Specyfikacja<\/h4>\n\n\n\n<p>Magazyn: K16<\/p>\n\n\n\n<p>Stan<\/p>\n\n\n\n<p>Nowy<\/p>\n\n\n\n<p>Marka<\/p>\n\n\n\n<p>Solo by AL-KO<\/p>\n\n\n\n<p>Kolor<\/p>\n\n\n\n<p>Czerwony<\/p>\n\n\n\n<p>Model silnika<\/p>\n\n\n\n<p>Briggs &amp; Stratton Intek 7160 V2<\/p>\n\n\n\n<p>Moc (kW)<\/p>\n\n\n\n<p>9.10<\/p>\n\n\n\n<p>Pojemno\u015b\u0107 silnika (cm3 \/ ccm)<\/p>\n\n\n\n<p>656<\/p>\n\n\n\n<p>Liczba cylindr\u00f3w (szt.)<\/p>\n\n\n\n<p>2<\/p>\n\n\n\n<p>Znamionowa pr\u0119dko\u015b\u0107 obrotowa silnika (obr\/min)<\/p>\n\n\n\n<p>2450<\/p>\n\n\n\n<p>System koszenia<\/p>\n\n\n\n<p>Zbieranie do kosza, mulczowanie<\/p>\n\n\n\n<p>Powierzchnia koszenia (m2)<\/p>\n\n\n\n<p>9 000<\/p>\n\n\n\n<p>Szeroko\u015b\u0107 robocza (mm)<\/p>\n\n\n\n<p>1050<\/p>\n\n\n\n<p>Wysoko\u015b\u0107 koszenia (mm)<\/p>\n\n\n\n<p>30 &#8211; 90<\/p>\n\n\n\n<p>Regulacja wysoko\u015bci koszenia<\/p>\n\n\n\n<p>Centralna, 7-stopniowa<\/p>\n\n\n\n<p>Sprz\u0119g\u0142o no\u017ca<\/p>\n\n\n\n<p>Elektromagnetyczne<\/p>\n\n\n\n<p>Pojemno\u015b\u0107 kosza (L)<\/p>\n\n\n\n<p>310<\/p>\n\n\n\n<p>Przek\u0142adnia<\/p>\n\n\n\n<p>Hydrostatyczna<\/p>\n\n\n\n<p>Maksymalna pr\u0119dko\u015b\u0107 jazdy do przodu (km\/h)<\/p>\n\n\n\n<p>11<\/p>\n\n\n\n<p>Tempomat<\/p>\n\n\n\n<p>Opcja<\/p>\n\n\n\n<p>Elektryczne opr\u00f3\u017cnianie kosza<\/p>\n\n\n\n<p>Opcja<\/p>\n\n\n\n<p>Opr\u00f3\u017cnianie kosza<\/p>\n\n\n\n<p>Manualne<\/p>\n\n\n\n<p>Wyposa\u017cenie<\/p>\n\n\n\n<p>Funkcja Smart Cocpit (opcja)<br>Pod\u0142okietniki (opcja)<br>Zderzak (opcja)<\/p>\n\n\n\n<p>D\u0142ugo\u015b\u0107 \/ Szeroko\u015b\u0107 \/ Wysoko\u015b\u0107 (mm)<\/p>\n\n\n\n<p>2510 \/ 1100 \/ 1170<\/p>\n\n\n\n<p>Rozmiar k\u00f3\u0142 prz\u00f3d \/ ty\u0142<\/p>\n\n\n\n<p>16 x 6.5-8 \/ 20 x 10.0-8<\/p>","protected":false},"excerpt":{"rendered":"<div class=\"col-12 col-lg-4 page-product4-about-single1 logo-brand\">\n<div class=\"col-6 col-sm-6 col-md-6 col-lg-6 single1\">\n<div class=\"single1-sz\">\n<div class=\"ico\">\u00a0<\/div>\n<div class=\"title1\">\n<p>Stan Nowy<\/p>\n<\/div>\n<\/div>\n<\/div>\n<div class=\"col-6 col-sm-6 col-md-6 col-lg-6 single1\">\n<div class=\"single1-sz\">\n<div class=\"title1\">\n<p>Moc (kW) 9.10<\/p>\n<\/div>\n<\/div>\n<\/div>\n<div class=\"col-6 col-sm-6 col-md-6 col-lg-6 single1\">\n<div class=\"single1-sz\">\n<div class=\"title1\">\n<p>Szeroko\u015b\u0107 robocza (mm) 1050<\/p>\n<\/div>\n<\/div>\n<\/div>\n<div class=\"col-6 col-sm-6 col-md-6 col-lg-6 single1\">\n<div class=\"single1-sz\">\n<div class=\"title1\">\n<p>Pojemno\u015b\u0107 kosza (L) 310<\/p>\n<\/div>\n<\/div>\n<\/div>\n<\/div>","protected":false},"featured_media":7675,"comment_status":"open","ping_status":"closed","template":"","meta":[],"product_brand":[87],"product_cat":[59],"product_tag":[],"class_list":{"0":"post-7671","1":"product","2":"type-product","3":"status-publish","4":"has-post-thumbnail","6":"product_brand-solo-by-al-ko","7":"product_cat-traktorki-kosiarki","9":"first","10":"instock","11":"shipping-taxable","12":"purchasable","13":"product-type-simple"},"_links":{"self":[{"href":"https:\/\/plmaszyny.online\/en\/wp-json\/wp\/v2\/product\/7671","targetHints":{"allow":["GET"]}}],"collection":[{"href":"https:\/\/plmaszyny.online\/en\/wp-json\/wp\/v2\/product"}],"about":[{"href":"https:\/\/plmaszyny.online\/en\/wp-json\/wp\/v2\/types\/product"}],"replies":[{"embeddable":true,"href":"https:\/\/plmaszyny.online\/en\/wp-json\/wp\/v2\/comments?post=7671"}],"wp:featuredmedia":[{"embeddable":true,"href":"https:\/\/plmaszyny.online\/en\/wp-json\/wp\/v2\/media\/7675"}],"wp:attachment":[{"href":"https:\/\/plmaszyny.online\/en\/wp-json\/wp\/v2\/media?parent=7671"}],"wp:term":[{"taxonomy":"product_brand","embeddable":true,"href":"https:\/\/plmaszyny.online\/en\/wp-json\/wp\/v2\/product_brand?post=7671"},{"taxonomy":"product_cat","embeddable":true,"href":"https:\/\/plmaszyny.online\/en\/wp-json\/wp\/v2\/product_cat?post=7671"},{"taxonomy":"product_tag","embeddable":true,"href":"https:\/\/plmaszyny.online\/en\/wp-json\/wp\/v2\/product_tag?post=7671"}],"curies":[{"name":"wp","href":"https:\/\/api.w.org\/{rel}","templated":true}]}}