{"id":7663,"date":"2026-02-24T09:18:35","date_gmt":"2026-02-24T09:18:35","guid":{"rendered":"https:\/\/plmaszyny.online\/?post_type=product&#038;p=7663"},"modified":"2026-02-25T12:24:24","modified_gmt":"2026-02-25T12:24:24","slug":"solo-by-al-ko-t22-105-4-hd-v2-sd-premium-pro","status":"publish","type":"product","link":"https:\/\/plmaszyny.online\/en\/product\/solo-by-al-ko-t22-105-4-hd-v2-sd-premium-pro\/","title":{"rendered":"Solo by AL-KO T22-105.4 HD V2 SD Premium Pro"},"content":{"rendered":"<p>Obejrzyj wideo<\/p>\n\n\n\n<p>Solo by AL-KO T22-105.4 HD V2 SD Premium Pro<\/p>\n\n\n\n<p>Wysokiej jako\u015bci&nbsp;<strong>traktor ogrodowy AL-KO<\/strong>&nbsp;rewelacyjnie poradzi sobie na grz\u0105skich i podmok\u0142ych terenach. Za spraw\u0105 wyposa\u017cenia do w blokad\u0119 mechanizmu r\u00f3\u017cnicowego sprz\u0119t ten b\u0119dzie niezawodny w ka\u017cdych warunkach. Idealnie nadaje si\u0119 do koszenia du\u017cych powierzchni, a dzi\u0119ki bardzo mocnemu silnikowi przyda si\u0119 tak\u017ce w sezonie zimowym \u2013 do od\u015bnie\u017cania. Szeroka oferta akcesori\u00f3w pozwoli w 100% wykorzysta\u0107 mo\u017cliwo\u015bci tej niezawodnej, ca\u0142orocznej maszyny. Je\u015bli szukasz nowoczesnego urz\u0105dzenia, kt\u00f3re podo\u0142a nawet najtrudniejszym zadaniom, to b\u0119dzie w\u0142a\u015bnie ten produkt.<\/p>\n\n\n\n<p><strong>Traktor ogrodowy Solo by AL-KO T22 105.4 HD V2 SD<\/strong>&nbsp;zosta\u0142 wyposa\u017cony w dwucylindrowy, wydajny silnik spalinowy&nbsp;<strong>Briggs &amp; Stratton<\/strong>&nbsp;Intek 7220 V2 o pojemno\u015bci 656 cm3 i mocy 11,7 kW. Osi\u0105ga do 2450 obrot\u00f3w na minut\u0119. Dzi\u0119ki silnikowi dwucylindrowemu oraz jego nowej konstrukcji temperatura pracy silnika jest zminimalizowana a wytrzyma\u0142o\u015b\u0107 silnika lepsza. Takie atuty pozwalaj\u0105 na cz\u0119ste koszenie du\u017cych obszar\u00f3w \u2013 nawet do 9 000 m2. Aby zapewni\u0107 jak najlepsz\u0105 przyczepno\u015b\u0107 k\u00f3\u0142 podczas pracy w trudnym terenie i zapobieganie po\u015blizgowi k\u00f3\u0142, nale\u017cy wyr\u00f3wna\u0107 pr\u0119dko\u015b\u0107 obrotow\u0105 k\u00f3\u0142. Maszyna posiada przek\u0142adni\u0119 hydrostatyczn\u0105, dzi\u0119ki kt\u00f3rej mo\u017cemy ustali\u0107 sta\u0142e tempo dopasowane do wykonywanej pracy. Posiada r\u00f3wnie\u017c tempomat kt\u00f3ry niezwykle u\u0142atwia prac\u0119 na maszynie.<\/p>\n\n\n\n<h2 class=\"wp-block-heading\">Co poprawi Tw\u00f3j komfort pracy na Solo by AL-KO T22-105.1 HD-A V2?<\/h2>\n\n\n\n<ul class=\"wp-block-list\">\n<li>Wygodny,&nbsp;<strong>regulowany fotel<\/strong>&nbsp;z amortyzacj\u0105 nier\u00f3wno\u015bci terenu<\/li>\n\n\n\n<li>Funkcjonalna kierownica z mi\u0119kkim uchwytem<\/li>\n\n\n\n<li>Du\u017ce,&nbsp;<strong>szerokie przednie i tylne ko\u0142a<\/strong>&nbsp;zagwarantuj\u0105 \u015bwietn\u0105 przyczepno\u015b\u0107<\/li>\n\n\n\n<li>Ergonomicznie rozstawione peda\u0142y jazdy do przodu i do ty\u0142u oraz&nbsp;<strong>du\u017ca ilo\u015b\u0107 miejsca na nogi<\/strong>&nbsp;pozwol\u0105 na wygodne i szybkie koszenie<\/li>\n\n\n\n<li><strong>Pojemno\u015b\u0107 kosza to a\u017c 310L<\/strong>&nbsp;a o jego zape\u0142nieniu informuje sygna\u0142 d\u017awi\u0119kowy<\/li>\n\n\n\n<li>Energooszcz\u0119dne&nbsp;<strong>reflektory LED-owe<\/strong>&nbsp;umo\u017cliwi\u0105 bezpieczn\u0105 prac\u0119 nawet po zmroku<\/li>\n\n\n\n<li><strong>Smart Cockpit &#8211;&nbsp;<\/strong>mo\u017cemy zainstalowa\u0107 nasz telefon w uchwycie po\u0142\u0105czy\u0107 z maszyn\u0105 i mie\u0107 wgl\u0105d w poszczeg\u00f3lne parametry<\/li>\n<\/ul>\n\n\n\n<h2 class=\"wp-block-heading\">Parametry kt\u00f3re widzimy na SMART COCKPIT to:<\/h2>\n\n\n\n<ul class=\"wp-block-list\">\n<li>Wska\u017anik napi\u0119cia baterii<\/li>\n\n\n\n<li>Wydajno\u015b\u0107 koszenia<\/li>\n\n\n\n<li>Maksymalny pozosta\u0142y czas koszenia<\/li>\n\n\n\n<li>Wskazanie dotychczasowego czasu pracy<\/li>\n\n\n\n<li>Og\u00f3lny czas pracy<\/li>\n\n\n\n<li>Wska\u017anik poziomu paliwa<\/li>\n\n\n\n<li>Pr\u0119dko\u015b\u0107<\/li>\n\n\n\n<li>Wska\u017anik nachylenia (warto\u015bci w dw\u00f3ch osiach)<\/li>\n<\/ul>\n\n\n\n<p>Model ten daje mo\u017cliwo\u015b\u0107 wybrania jednej z dw\u00f3ch opcji koszenia \u2013&nbsp;<strong>zbieranie do materia\u0142owego kosza<\/strong>&nbsp;z plastikowymi wzmocnieniami lub&nbsp;<strong>mulczowanie<\/strong>, czyli rozdrabnianie trawy, a nast\u0119pnie rozsiewanie jej na trawniku, co u\u017cy\u017ania gleb\u0119. Traktor&nbsp;<strong>Solo by AL-KO T22 105.4 HD V2<\/strong>&nbsp;SD ma mo\u017cliwo\u015b\u0107 regulacji wysoko\u015bci koszenia a\u017c w 7 stopniach, od 30 do 90 mm za pomoc\u0105 d\u017awigni a szeroko\u015b\u0107 robocza wynosi 105 cm. Firma Solo by AL-KO wyposa\u017cy\u0142a swoje produkty w mocne i niezawodne&nbsp;<strong>ramy Heavy Duty<\/strong>, kt\u00f3re cechuje twardo\u015b\u0107 i odporno\u015b\u0107. To sprawia, \u017ce traktor ten b\u0119dzie niezawodnym urz\u0105dzeniem w Twoim gospodarstwie.<\/p>\n\n\n\n<h4 class=\"wp-block-heading\">Specyfikacja<\/h4>\n\n\n\n<p>Marka<\/p>\n\n\n\n<p>Solo by AL-KO<\/p>\n\n\n\n<p>Kolor<\/p>\n\n\n\n<p>Czerwony<\/p>\n\n\n\n<p>Model silnika<\/p>\n\n\n\n<p>Briggs &amp; Stratton Intek 7220 V2<\/p>\n\n\n\n<p>Moc (kW)<\/p>\n\n\n\n<p>11.70<\/p>\n\n\n\n<p>Pojemno\u015b\u0107 silnika (cm3 \/ ccm)<\/p>\n\n\n\n<p>656<\/p>\n\n\n\n<p>Liczba cylindr\u00f3w (szt.)<\/p>\n\n\n\n<p>2<\/p>\n\n\n\n<p>Pojemno\u015b\u0107 zbiornika paliwa (L)<\/p>\n\n\n\n<p>8<\/p>\n\n\n\n<p>System koszenia<\/p>\n\n\n\n<p>Zbieranie do kosza, mulczowanie, wyrzut tylny (opcja)<\/p>\n\n\n\n<p>Rodzaj systemu tn\u0105cego<\/p>\n\n\n\n<p>Z centralnym agregatem tn\u0105cym<\/p>\n\n\n\n<p>Powierzchnia koszenia (m2)<\/p>\n\n\n\n<p>9 000<\/p>\n\n\n\n<p>Szeroko\u015b\u0107 robocza (mm)<\/p>\n\n\n\n<p>1050<\/p>\n\n\n\n<p>Wysoko\u015b\u0107 koszenia (mm)<\/p>\n\n\n\n<p>30 &#8211; 90<\/p>\n\n\n\n<p>Regulacja wysoko\u015bci koszenia<\/p>\n\n\n\n<p>Centralna, 7-stopniowa<\/p>\n\n\n\n<p>Liczba no\u017cy (szt.)<\/p>\n\n\n\n<p>2<\/p>\n\n\n\n<p>Sprz\u0119g\u0142o no\u017ca<\/p>\n\n\n\n<p>Elektromagnetyczne<\/p>\n\n\n\n<p>Funkcja mulczowania<\/p>\n\n\n\n<p>TAK<\/p>\n\n\n\n<p>Pojemno\u015b\u0107 kosza (L)<\/p>\n\n\n\n<p>310<\/p>\n\n\n\n<p>Skrzynia bieg\u00f3w<\/p>\n\n\n\n<p>Hydrostatyczna<\/p>\n\n\n\n<p>Tempomat<\/p>\n\n\n\n<p>TAK<\/p>\n\n\n\n<p>Fotel<\/p>\n\n\n\n<p>Regulowany<\/p>\n\n\n\n<p>Wska\u017anik pozycji nape\u0142nienia kosza<\/p>\n\n\n\n<p>TAK<\/p>\n\n\n\n<p>Wyposa\u017cenie<\/p>\n\n\n\n<p>Funkcja SMART COCKPIT<br>O\u015bwietlenie LED<br>Pod\u0142okietniki (opcja)<br>Zderzak<\/p>\n\n\n\n<p>Rozmiar k\u00f3\u0142 prz\u00f3d \/ ty\u0142<\/p>\n\n\n\n<p>16 x 6.5-8 \/ 23 x 10.5-12<\/p>\n\n\n\n<p>Rama<\/p>\n\n\n\n<p>Heavy Duty<\/p>","protected":false},"excerpt":{"rendered":"<div id=\"about\" class=\"col-12 page-product4-single page-product4-about\">\n<div class=\"row\">\n<div class=\"col-12 col-lg-4 page-product4-about-single1 logo-brand\">\n<div class=\"col-6 col-sm-6 col-md-6 col-lg-6 single1\">\n<div class=\"single1-sz\">\n<div class=\"ico\"><img decoding=\"async\" class=\"img-fluid\" src=\"https:\/\/traktor.com.pl\/themes\/traktor\/assets\/img\/icons\/moc2.svg\" alt=\"moc2\" width=\"60\" height=\"60\" \/><\/div>\n<div class=\"title1\">\n<p>Moc (kW) 11.70<\/p>\n<\/div>\n<\/div>\n<\/div>\n<div class=\"col-6 col-sm-6 col-md-6 col-lg-6 single1\">\n<div class=\"single1-sz\">\n<div class=\"ico\"><img decoding=\"async\" class=\"img-fluid\" src=\"https:\/\/traktor.com.pl\/themes\/traktor\/assets\/img\/icons\/szerokosc_robocza.svg\" alt=\"szerokosc_robocza\" width=\"60\" height=\"60\" \/><\/div>\n<div class=\"title1\">\n<p>Szeroko\u015b\u0107 robocza (mm) 1050<\/p>\n<\/div>\n<\/div>\n<\/div>\n<div class=\"col-6 col-sm-6 col-md-6 col-lg-6 single1\">\n<div class=\"single1-sz\">\n<div class=\"ico\"><img decoding=\"async\" class=\"img-fluid\" src=\"https:\/\/traktor.com.pl\/themes\/traktor\/assets\/img\/icons\/noz.svg\" alt=\"waga\" width=\"60\" height=\"60\" \/><\/div>\n<div class=\"title1\">\n<p>Liczba no\u017cy (szt.) 2<\/p>\n<\/div>\n<\/div>\n<\/div>\n<div class=\"col-6 col-sm-6 col-md-6 col-lg-6 single1\">\n<div class=\"single1-sz\">\n<div class=\"ico\"><img loading=\"lazy\" decoding=\"async\" class=\"img-fluid\" src=\"https:\/\/traktor.com.pl\/themes\/traktor\/assets\/img\/pojemnosc_kosza.svg\" alt=\"pojemno\u015b\u0107 kosza\" width=\"60\" height=\"60\" \/><\/div>\n<div class=\"title1\">\n<p>Pojemno\u015b\u0107 kosza (L) 310<\/p>\n<\/div>\n<\/div>\n<\/div>\n<div class=\"col-6 col-sm-6 col-md-6 col-lg-6 single1\">\n<div class=\"single1-sz\">\n<div class=\"ico\"><img loading=\"lazy\" decoding=\"async\" class=\"img-fluid\" src=\"https:\/\/traktor.com.pl\/themes\/traktor\/assets\/img\/icons\/skrzynia_biegow.svg\" alt=\"skrzynia_biegow\" width=\"60\" height=\"60\" \/><\/div>\n<div class=\"title1\">\n<p>Skrzynia bieg\u00f3w Hydrostatyczna<\/p>\n<\/div>\n<\/div>\n<\/div>\n<\/div>\n<\/div>\n<\/div>","protected":false},"featured_media":7668,"comment_status":"open","ping_status":"closed","template":"","meta":[],"product_brand":[87],"product_cat":[59],"product_tag":[],"class_list":{"0":"post-7663","1":"product","2":"type-product","3":"status-publish","4":"has-post-thumbnail","6":"product_brand-solo-by-al-ko","7":"product_cat-traktorki-kosiarki","9":"first","10":"instock","11":"shipping-taxable","12":"purchasable","13":"product-type-simple"},"_links":{"self":[{"href":"https:\/\/plmaszyny.online\/en\/wp-json\/wp\/v2\/product\/7663","targetHints":{"allow":["GET"]}}],"collection":[{"href":"https:\/\/plmaszyny.online\/en\/wp-json\/wp\/v2\/product"}],"about":[{"href":"https:\/\/plmaszyny.online\/en\/wp-json\/wp\/v2\/types\/product"}],"replies":[{"embeddable":true,"href":"https:\/\/plmaszyny.online\/en\/wp-json\/wp\/v2\/comments?post=7663"}],"wp:featuredmedia":[{"embeddable":true,"href":"https:\/\/plmaszyny.online\/en\/wp-json\/wp\/v2\/media\/7668"}],"wp:attachment":[{"href":"https:\/\/plmaszyny.online\/en\/wp-json\/wp\/v2\/media?parent=7663"}],"wp:term":[{"taxonomy":"product_brand","embeddable":true,"href":"https:\/\/plmaszyny.online\/en\/wp-json\/wp\/v2\/product_brand?post=7663"},{"taxonomy":"product_cat","embeddable":true,"href":"https:\/\/plmaszyny.online\/en\/wp-json\/wp\/v2\/product_cat?post=7663"},{"taxonomy":"product_tag","embeddable":true,"href":"https:\/\/plmaszyny.online\/en\/wp-json\/wp\/v2\/product_tag?post=7663"}],"curies":[{"name":"wp","href":"https:\/\/api.w.org\/{rel}","templated":true}]}}