{"id":7655,"date":"2026-02-24T09:16:39","date_gmt":"2026-02-24T09:16:39","guid":{"rendered":"https:\/\/plmaszyny.online\/?post_type=product&#038;p=7655"},"modified":"2026-02-25T12:23:15","modified_gmt":"2026-02-25T12:23:15","slug":"solo-by-al-ko-t13-93-3-hd-comfort","status":"publish","type":"product","link":"https:\/\/plmaszyny.online\/en\/product\/solo-by-al-ko-t13-93-3-hd-comfort\/","title":{"rendered":"Solo by AL-KO T13-93.3 HD Comfort"},"content":{"rendered":"<p>Solo by AL-KO T13-93.3 HD Comfort<\/p>\n\n\n\n<p>Wysokiej jako\u015bci&nbsp;<strong>traktor ogrodowy AL-KO<\/strong>&nbsp;bardzo prosty w obs\u0142udze i zapewniaj\u0105cy komfort pracy. Idealnie nadaje si\u0119 do koszenia du\u017cych powierzchni, a dzi\u0119ki bardzo mocnemu silnikowi \u015bwietnie sprawdzi si\u0119 tak\u017ce w sezonie zimowym \u2013 do od\u015bnie\u017cania. Szeroka oferta akcesori\u00f3w pozwoli w 100% wykorzysta\u0107 mo\u017cliwo\u015bci tej niezawodnej, ca\u0142orocznej maszyny. Je\u015bli szukasz nowoczesnego urz\u0105dzenia, kt\u00f3re podo\u0142a nawet najtrudniejszym zadaniom, to b\u0119dzie w\u0142a\u015bnie ten produkt.<\/p>\n\n\n\n<h2 class=\"wp-block-heading\"><strong>Zalety Solo by AL-KO T 13.93.3 HD<\/strong><\/h2>\n\n\n\n<ul class=\"wp-block-list\">\n<li>Ergonomiczny i szeroki fotel kierowcy zapewnia komfort pracy. Fotel posiada regulacj\u0119 do przodu i do ty\u0142u.<\/li>\n\n\n\n<li>Szerokie ko\u0142a zapewniaj\u0105 doskona\u0142\u0105 przyczepno\u015b\u0107 na ka\u017cdej powierzchni jednocze\u015bnie nie zostawiaj\u0105c \u015blad\u00f3w.<\/li>\n\n\n\n<li>Mocne o\u015bwietlenie w technologii LED u\u0142atwia prac\u0119 o zmroku. Jest szczeg\u00f3lnie przydatne zim\u0105, gdy traktor pracuje od\u015bnie\u017caj\u0105c.<\/li>\n\n\n\n<li>\u0141atwo\u015b\u0107 wsiadania i zsiadania , p\u0142aska pod\u0142oga dla maksymalnej swobody i komfortu prowadzenia.<\/li>\n\n\n\n<li>Zachwycaj\u0105ca optyka i doskona\u0142e wykonanie to atuty przyci\u0105gaj\u0105ce wzrok ka\u017cdego klienta.<\/li>\n\n\n\n<li>Stabilna, sztywna i trwa\u0142a rama nie poddaje si\u0119 nawet najwi\u0119kszym obci\u0105\u017ceniom. Przemy\u015blana w ka\u017cdym detalu konstrukcja podwozia os\u0142ania ruchome cz\u0119\u015bci.<\/li>\n\n\n\n<li>Kosz o du\u017cej pojemno\u015bci jest wyposa\u017cony w d\u017awi\u0119kowy sygnalizator nape\u0142nienia. Dodatkowa ikona wy\u015bwietlacza informuje u\u017cytkownika o konieczno\u015bci opr\u00f3\u017cnienia kosza.<\/li>\n\n\n\n<li>\u0141atwe opr\u00f3\u017cnianie kosza za pomoc\u0105 d\u017awigni teleskopowej.<\/li>\n\n\n\n<li>Centralna, wielostopniowa regulacja wysoko\u015bci koszenia umo\u017cliwia precyzyjn\u0105 oraz spersonalizowan\u0105 prac\u0119 w ka\u017cdych warunkach<\/li>\n<\/ul>\n\n\n\n<p>Dzi\u0119ki przemy\u015blanemu&nbsp;<strong>systemowi wymiany akcesori\u00f3w<\/strong>&nbsp;ten ci\u0105gnik ogrodowy mo\u017cna \u0142atwo przekszta\u0142ci\u0107 w p\u0142ug \u015bnie\u017cny, walec, a tak\u017ce rozsiewacz. Do tego modelu dost\u0119pna jest szeroka gama akcesori\u00f3w m.in. : zderzak, walec, p\u0142ug \u015bnie\u017cny, \u015bwiat\u0142a LED, ko\u0142a rolnicze, rozsiewacz, pokrowiec, \u0142a\u0144cuchy na ko\u0142a, przyczepka Combi Trailer CT 400.<\/p>\n\n\n\n<h4 class=\"wp-block-heading\">Specyfikacja<\/h4>\n\n\n\n<p>Stan<\/p>\n\n\n\n<p>Nowy<\/p>\n\n\n\n<p>Marka<\/p>\n\n\n\n<p>Solo by AL-KO<\/p>\n\n\n\n<p>Kolor<\/p>\n\n\n\n<p>Czerwony<\/p>\n\n\n\n<p>Silnik<\/p>\n\n\n\n<p>Spalinowy<\/p>\n\n\n\n<p>Model silnika<\/p>\n\n\n\n<p>Briggs &amp; Stratton 3130 Powerbuilt<\/p>\n\n\n\n<p>Moc (kW)<\/p>\n\n\n\n<p>6.30<\/p>\n\n\n\n<p>Pojemno\u015b\u0107 skokowa (cm3)<\/p>\n\n\n\n<p>344<\/p>\n\n\n\n<p>Liczba cylindr\u00f3w (szt.)<\/p>\n\n\n\n<p>1<\/p>\n\n\n\n<p>System koszenia<\/p>\n\n\n\n<p>Zbieranie do kosza, mulczowanie (opcja)<\/p>\n\n\n\n<p>Powierzchnia koszenia (m2)<\/p>\n\n\n\n<p>6 000<\/p>\n\n\n\n<p>Wysoko\u015b\u0107 koszenia (mm)<\/p>\n\n\n\n<p>30 &#8211; 80<\/p>\n\n\n\n<p>Regulacja wysoko\u015bci koszenia<\/p>\n\n\n\n<p>Centralna, 6-stopniowa<\/p>\n\n\n\n<p>Liczba no\u017cy (szt.)<\/p>\n\n\n\n<p>2<\/p>\n\n\n\n<p>Sprz\u0119g\u0142o no\u017ca<\/p>\n\n\n\n<p>Elektromagnetyczne<\/p>\n\n\n\n<p>Pojemno\u015b\u0107 kosza (L)<\/p>\n\n\n\n<p>250<\/p>\n\n\n\n<p>Przek\u0142adnia<\/p>\n\n\n\n<p>Hydrostatyczna<\/p>\n\n\n\n<p>Tempomat<\/p>\n\n\n\n<p>NIE<\/p>\n\n\n\n<p>Fotel<\/p>\n\n\n\n<p>Komfortowy z wysokim oparciem<\/p>\n\n\n\n<p>Opr\u00f3\u017cnianie kosza<\/p>\n\n\n\n<p>Manualne<\/p>\n\n\n\n<p>Rozmiar k\u00f3\u0142 prz\u00f3d \/ ty\u0142<\/p>\n\n\n\n<p>15 x 6.00-6 \/ 18 x 8.50-8<\/p>","protected":false},"excerpt":{"rendered":"<div class=\"col-12 col-lg-4 page-product4-about-single1 logo-brand\">\n<div class=\"col-6 col-sm-6 col-md-6 col-lg-6 single1\">\n<div class=\"single1-sz\">\n<div class=\"ico\"><img decoding=\"async\" class=\"img-fluid\" src=\"https:\/\/traktor.com.pl\/themes\/traktor\/assets\/img\/icons\/stan.svg\" alt=\"stan\" width=\"60\" height=\"60\" \/><\/div>\n<div class=\"title1\">\n<p>Stan Nowy<\/p>\n<\/div>\n<\/div>\n<\/div>\n<div class=\"col-6 col-sm-6 col-md-6 col-lg-6 single1\">\n<div class=\"single1-sz\">\n<div class=\"ico\"><img decoding=\"async\" class=\"img-fluid\" src=\"https:\/\/traktor.com.pl\/themes\/traktor\/assets\/img\/icons\/moc2.svg\" alt=\"moc2\" width=\"60\" height=\"60\" \/><\/div>\n<div class=\"title1\">\n<p>Moc (kW) 6.30<\/p>\n<\/div>\n<\/div>\n<\/div>\n<div class=\"col-6 col-sm-6 col-md-6 col-lg-6 single1\">\n<div class=\"single1-sz\">\n<div class=\"ico\"><img decoding=\"async\" class=\"img-fluid\" src=\"https:\/\/traktor.com.pl\/themes\/traktor\/assets\/img\/icons\/noz.svg\" alt=\"waga\" width=\"60\" height=\"60\" \/><\/div>\n<div class=\"title1\">\n<p>Liczba no\u017cy (szt.) 2<\/p>\n<\/div>\n<\/div>\n<\/div>\n<div class=\"col-6 col-sm-6 col-md-6 col-lg-6 single1\">\n<div class=\"single1-sz\">\n<div class=\"ico\"><img loading=\"lazy\" decoding=\"async\" class=\"img-fluid\" src=\"https:\/\/traktor.com.pl\/themes\/traktor\/assets\/img\/pojemnosc_kosza.svg\" alt=\"pojemno\u015b\u0107 kosza\" width=\"60\" height=\"60\" \/><\/div>\n<div class=\"title1\">\n<p>Pojemno\u015b\u0107 kosza (L) 250<\/p>\n<\/div>\n<\/div>\n<\/div>\n<\/div>","protected":false},"featured_media":7662,"comment_status":"open","ping_status":"closed","template":"","meta":[],"product_brand":[87],"product_cat":[59],"product_tag":[],"class_list":{"0":"post-7655","1":"product","2":"type-product","3":"status-publish","4":"has-post-thumbnail","6":"product_brand-solo-by-al-ko","7":"product_cat-traktorki-kosiarki","9":"first","10":"instock","11":"shipping-taxable","12":"purchasable","13":"product-type-simple"},"_links":{"self":[{"href":"https:\/\/plmaszyny.online\/en\/wp-json\/wp\/v2\/product\/7655","targetHints":{"allow":["GET"]}}],"collection":[{"href":"https:\/\/plmaszyny.online\/en\/wp-json\/wp\/v2\/product"}],"about":[{"href":"https:\/\/plmaszyny.online\/en\/wp-json\/wp\/v2\/types\/product"}],"replies":[{"embeddable":true,"href":"https:\/\/plmaszyny.online\/en\/wp-json\/wp\/v2\/comments?post=7655"}],"wp:featuredmedia":[{"embeddable":true,"href":"https:\/\/plmaszyny.online\/en\/wp-json\/wp\/v2\/media\/7662"}],"wp:attachment":[{"href":"https:\/\/plmaszyny.online\/en\/wp-json\/wp\/v2\/media?parent=7655"}],"wp:term":[{"taxonomy":"product_brand","embeddable":true,"href":"https:\/\/plmaszyny.online\/en\/wp-json\/wp\/v2\/product_brand?post=7655"},{"taxonomy":"product_cat","embeddable":true,"href":"https:\/\/plmaszyny.online\/en\/wp-json\/wp\/v2\/product_cat?post=7655"},{"taxonomy":"product_tag","embeddable":true,"href":"https:\/\/plmaszyny.online\/en\/wp-json\/wp\/v2\/product_tag?post=7655"}],"curies":[{"name":"wp","href":"https:\/\/api.w.org\/{rel}","templated":true}]}}