{"id":7650,"date":"2026-02-24T09:06:38","date_gmt":"2026-02-24T09:06:38","guid":{"rendered":"https:\/\/plmaszyny.online\/?post_type=product&#038;p=7650"},"modified":"2026-02-25T12:22:23","modified_gmt":"2026-02-25T12:22:23","slug":"iseki-cm-7006-h","status":"publish","type":"product","link":"https:\/\/plmaszyny.online\/en\/product\/iseki-cm-7006-h\/","title":{"rendered":"Iseki CM 7006 H"},"content":{"rendered":"<p>Iseki CM 7006 H<\/p>\n\n\n\n<h3 class=\"wp-block-heading\">Mi\u0119dzynarodowy lider w produkcji kosiarek<\/h3>\n\n\n\n<p>Produkty&nbsp;<strong>Iseki<\/strong>&nbsp;to po\u0142\u0105czenie najwy\u017cej japo\u0144skiej technologii, najwy\u017cszej jako\u015bci u\u017cytych materia\u0142\u00f3w oraz niemieckiej precyzji, dok\u0142adno\u015bci wykonywanych zada\u0144 i co dla firmy&nbsp;<strong>Iseki<\/strong>&nbsp;najwa\u017cniejsze partnerskiego podej\u015bcia do klient\u00f3w i lokalnych dystrybutor\u00f3w (nowoczesne centra szkoleniowe dla dealer\u00f3w). Zapotrzebowanie na mini ci\u0105gniki obu tych kraj\u00f3w przy obustronnej wymianie technologii i idei doprowadzi\u0142o oba kraje do produkcji najlepszych ci\u0105gnik\u00f3w sub-kompaktowych na \u015bwiecie, a firm\u0119&nbsp;Iseki&nbsp;uplasowa\u0142o na 3 miejscu w Japonii, uwzgl\u0119dniaj\u0105c udzia\u0142y w rynku i daj\u0105c czo\u0142owe miejsce na globalnym rynku.<\/p>\n\n\n\n<p>Traktorek ogrodowy&nbsp;<strong>Iseki CM 7006 H<\/strong>&nbsp;to wygodny, kompaktowy model, kt\u00f3ry zosta\u0142 stworzony z my\u015bl\u0105 o klientach, kt\u00f3rzy szukaj\u0105 wydajnego i niezawodnego produktu. Z pomoc\u0105 tego traktorka z pewno\u015bci\u0105&nbsp;Tw\u00f3j trawnik osi\u0105gnie stan idealny, a zaoszcz\u0119dzony czas przeznaczysz na relaks w ogrodzie.<\/p>\n\n\n\n<p><strong>Traktorek ogrodowy Iseki<\/strong>&nbsp;CM 7006 H zosta\u0142 wyposa\u017cony w jednocylindrowy, silnik spalinowy&nbsp;Briggs &amp; Stratton o mocy 3,32 kW przy 2450 obr.\/min. Silnik ten cechuje si\u0119 wyj\u0105tkow\u0105 wydajno\u015bci\u0105 i niskim zu\u017cyciem paliwa.&nbsp;<strong>Traktorek<\/strong>&nbsp;posiada hydrostatyczny uk\u0142ad nap\u0119dowy, umo\u017cliwiaj\u0105cy p\u0142ynne, ale i dynamiczne ruchy maszyny bez konieczno\u015bci zmiany bieg\u00f3w. Jest to bardzo wygodna przek\u0142adnia, zapewniaj\u0105ca komfort i \u0142atwo\u015b\u0107 obs\u0142ugi maszyny.<\/p>\n\n\n\n<h2 class=\"wp-block-heading\">Marzysz o traktorku wielofunkcyjnym?<\/h2>\n\n\n\n<p>W takim razie&nbsp;traktorek&nbsp;marki&nbsp;<strong>Iseki<\/strong>&nbsp;spe\u0142ni twoje oczekiwania. Masz do wyboru zbieranie do&nbsp;<strong>150 L kosza<\/strong>, kt\u00f3ry opr\u00f3\u017cniany jest z pozycji operatora za pomoc\u0105 wygodnej, wyprofilowanej d\u017awigni. Kolejnym sposobem koszenia jest mulczowanie, za pomoc\u0105 wk\u0142adki do\u0142\u0105czonej do zestawu. Wybieraj\u0105c funkcje mulczowania, fragmenty trawy s\u0105 zatrzymywane pod agregatem i rozdrabniane, a nast\u0119pnie wyrzucane z du\u017c\u0105 si\u0142\u0105 powietrza na trawnik. Trawa z biegiem czasu ulega rozk\u0142adowi, co stanowi naturalny naw\u00f3z i u\u017cy\u017ania gleb\u0119. Funkcj\u0105, kt\u00f3ra przyda si\u0119, je\u015bli chcesz szybko skosi\u0107 traw\u0119, jest wyrzut tylny. Mo\u017cesz go zastosowa\u0107 po dokupieniu deflektora pokosu.<\/p>\n\n\n\n<p>Maszyna posiada manualn\u0105 regulacj\u0119 wysoko\u015bci koszenia w 5 stopniach od 30 do 64 mm, a szeroko\u015b\u0107 robocza no\u017ca tn\u0105cego wynosi 66 cm. Nie tylko wi\u0119ksze przestrzenie, ale tak\u017ce dok\u0142adne koszenie wok\u00f3\u0142 przeszk\u00f3d jest mo\u017cliwe z traktorkiem<strong>&nbsp;Iseki CM 7006 H<\/strong>. Tak fantastyczn\u0105 maszyn\u0105 mo\u017cesz skosi\u0107 zar\u00f3wno wi\u0119kszy ogr\u00f3d, martwi\u0105c si\u0119 jednocze\u015bnie o w\u0105skie alejki czy sprawne omijanie nasadze\u0144 i rabat z ro\u015blinami. Budowa traktorka idealnie nadaje si\u0119 do manewrowania mi\u0119dzy ro\u015blinami, wyj\u0105tkowa skr\u0119tno\u015b\u0107 maszyny zdecydowanie umili prac\u0119 i zapewni wi\u0119kszy komfort.<\/p>\n\n\n\n<h2 class=\"wp-block-heading\">Co poprawi Tw\u00f3j komfort pracy na&nbsp;Iseki CM 7006 H?<\/h2>\n\n\n\n<ul class=\"wp-block-list\">\n<li>Niezawodny silnik znanej na ca\u0142ym \u015bwiecie marki Briggs &amp; Stratton<\/li>\n\n\n\n<li>Przek\u0142adnia hydrostatyczna<\/li>\n\n\n\n<li>Szeroki zakres regulacji wysoko\u015bci koszenia<\/li>\n\n\n\n<li>Wygodny, regulowany fotel z amortyzacj\u0105 nier\u00f3wno\u015bci terenu<\/li>\n\n\n\n<li>Funkcjonalna kierownica z mi\u0119kkim obiciem<\/li>\n\n\n\n<li>Wyj\u0105tkowa skr\u0119tno\u015b\u0107<\/li>\n<\/ul>\n\n\n\n<p>Podoba Ci si\u0119 ten model, ale poszukujesz traktorka do&nbsp;wi\u0119kszych powierzchni? Koniecznie zobacz&nbsp;model:&nbsp;<a href=\"https:\/\/traktor.com.pl\/pl\/traktorki-kosiarki\/8997-iseki-cm-7226-h.html\">Iseki CM 7226 H<\/a><\/p>\n\n\n\n<p>Lokalizacja: N1, K6<\/p>\n\n\n\n<h4 class=\"wp-block-heading\">Specyfikacja<\/h4>\n\n\n\n<p>Stan<\/p>\n\n\n\n<p>Nowy<\/p>\n\n\n\n<p>Marka<\/p>\n\n\n\n<p>Iseki<\/p>\n\n\n\n<p>Marka silnika<\/p>\n\n\n\n<p>Briggs &amp; Stratton<\/p>\n\n\n\n<p>Moc (kW)<\/p>\n\n\n\n<p>3.32<\/p>\n\n\n\n<p>Pojemno\u015b\u0107 silnika (cm3 \/ ccm)<\/p>\n\n\n\n<p>223<\/p>\n\n\n\n<p>Liczba cylindr\u00f3w (szt.)<\/p>\n\n\n\n<p>1<\/p>\n\n\n\n<p>Znamionowa pr\u0119dko\u015b\u0107 obrotowa silnika (obr\/min)<\/p>\n\n\n\n<p>2450<\/p>\n\n\n\n<p>Pojemno\u015b\u0107 zbiornika paliwa (L)<\/p>\n\n\n\n<p>3,8<\/p>\n\n\n\n<p>Szeroko\u015b\u0107 robocza (mm)<\/p>\n\n\n\n<p>660<\/p>\n\n\n\n<p>Wysoko\u015b\u0107 koszenia (mm)<\/p>\n\n\n\n<p>20 &#8211; 150<\/p>\n\n\n\n<p>Regulacja wysoko\u015bci koszenia<\/p>\n\n\n\n<p>5-stopniowa<\/p>\n\n\n\n<p>Liczba no\u017cy (szt.)<\/p>\n\n\n\n<p>1<\/p>\n\n\n\n<p>System za\u0142\u0105czania no\u017cy<\/p>\n\n\n\n<p>Manualnie<\/p>\n\n\n\n<p>Funkcja mulczowania<\/p>\n\n\n\n<p>TAK<\/p>\n\n\n\n<p>Pojemno\u015b\u0107 kosza (L)<\/p>\n\n\n\n<p>150<\/p>\n\n\n\n<p>Nap\u0119d<\/p>\n\n\n\n<p>2&#215;4 2WD<\/p>\n\n\n\n<p>Skrzynia bieg\u00f3w<\/p>\n\n\n\n<p>Hydrostatyczna<\/p>\n\n\n\n<p>Pr\u0119dko\u015b\u0107 maksymalna (km\/h)<\/p>\n\n\n\n<p>8<\/p>\n\n\n\n<p>Tempomat<\/p>\n\n\n\n<p>NIE<\/p>\n\n\n\n<p>Fotel<\/p>\n\n\n\n<p>Komfortowy<\/p>\n\n\n\n<p>Wyposa\u017cenie<\/p>\n\n\n\n<p>Zaczep<br>Zestaw mulczuj\u0105cy<br>\u0141adowarka<\/p>\n\n\n\n<p>Wymiary (mm)<\/p>\n\n\n\n<p>1800 \/ 1460 \/ 1100<\/p>\n\n\n\n<p>Rozmiar k\u00f3\u0142 prz\u00f3d \/ ty\u0142<\/p>\n\n\n\n<p>13&#215;4.00-4 \/ 15&#215;5.00-6<\/p>\n\n\n\n<p>Promie\u0144 skr\u0119tu ( mm )<\/p>\n\n\n\n<p>1500<\/p>\n\n\n\n<p>Waga (kg)<\/p>\n\n\n\n<p>129<\/p>\n\n\n\n<p>Rodzaj paliwa<\/p>\n\n\n\n<p>Benzyna bezo\u0142owiowa<\/p>","protected":false},"excerpt":{"rendered":"<div id=\"about\" class=\"col-12 page-product4-single page-product4-about\">\n<div class=\"row\">\n<div class=\"col-12 col-lg-4 page-product4-about-single1 logo-brand\">\n<div class=\"col-6 col-sm-6 col-md-6 col-lg-6 single1\">\n<div class=\"single1-sz\">\n<div class=\"ico\"><img decoding=\"async\" class=\"img-fluid\" src=\"https:\/\/traktor.com.pl\/themes\/traktor\/assets\/img\/icons\/stan.svg\" alt=\"stan\" width=\"60\" height=\"60\" \/><\/div>\n<div class=\"title1\">\n<p>Stan Nowy<\/p>\n<\/div>\n<\/div>\n<\/div>\n<div class=\"col-6 col-sm-6 col-md-6 col-lg-6 single1\">\n<div class=\"single1-sz\">\n<div class=\"ico\"><img decoding=\"async\" class=\"img-fluid\" src=\"https:\/\/traktor.com.pl\/themes\/traktor\/assets\/img\/icons\/moc2.svg\" alt=\"moc2\" width=\"60\" height=\"60\" \/><\/div>\n<div class=\"title1\">\n<p>Moc (kW) 3.32<\/p>\n<\/div>\n<\/div>\n<\/div>\n<div class=\"col-6 col-sm-6 col-md-6 col-lg-6 single1\">\n<div class=\"single1-sz\">\n<div class=\"ico\"><img decoding=\"async\" class=\"img-fluid\" src=\"https:\/\/traktor.com.pl\/themes\/traktor\/assets\/img\/icons\/szerokosc_robocza.svg\" alt=\"szerokosc_robocza\" width=\"60\" height=\"60\" \/><\/div>\n<div class=\"title1\">\n<p>Szeroko\u015b\u0107 robocza (mm) 660<\/p>\n<\/div>\n<\/div>\n<\/div>\n<div class=\"col-6 col-sm-6 col-md-6 col-lg-6 single1\">\n<div class=\"single1-sz\">\n<div class=\"ico\"><img loading=\"lazy\" decoding=\"async\" class=\"img-fluid\" src=\"https:\/\/traktor.com.pl\/themes\/traktor\/assets\/img\/icons\/noz.svg\" alt=\"waga\" width=\"60\" height=\"60\" \/><\/div>\n<div class=\"title1\">\n<p>Liczba no\u017cy (szt.) 1<\/p>\n<\/div>\n<\/div>\n<\/div>\n<div class=\"col-6 col-sm-6 col-md-6 col-lg-6 single1\">\n<div class=\"single1-sz\">\n<div class=\"ico\"><img loading=\"lazy\" decoding=\"async\" class=\"img-fluid\" src=\"https:\/\/traktor.com.pl\/themes\/traktor\/assets\/img\/pojemnosc_kosza.svg\" alt=\"pojemno\u015b\u0107 kosza\" width=\"60\" height=\"60\" \/><\/div>\n<div class=\"title1\">\n<p>Pojemno\u015b\u0107 kosza (L) 150<\/p>\n<\/div>\n<\/div>\n<\/div>\n<div class=\"col-6 col-sm-6 col-md-6 col-lg-6 single1\">\n<div class=\"single1-sz\">\n<div class=\"ico\"><img loading=\"lazy\" decoding=\"async\" class=\"img-fluid\" src=\"https:\/\/traktor.com.pl\/themes\/traktor\/assets\/img\/icons\/naped.svg\" alt=\"naped\" width=\"60\" height=\"60\" \/><\/div>\n<div class=\"title1\">\n<p>Nap\u0119d 2&#215;4 2WD<\/p>\n<\/div>\n<\/div>\n<\/div>\n<div class=\"col-6 col-sm-6 col-md-6 col-lg-6 single1\">\n<div class=\"single1-sz\">\n<div class=\"ico\"><img loading=\"lazy\" decoding=\"async\" class=\"img-fluid\" src=\"https:\/\/traktor.com.pl\/themes\/traktor\/assets\/img\/icons\/skrzynia_biegow.svg\" alt=\"skrzynia_biegow\" width=\"60\" height=\"60\" \/><\/div>\n<div class=\"title1\">\n<p>Skrzynia bieg\u00f3w Hydrostatyczna<\/p>\n<\/div>\n<\/div>\n<\/div>\n<div class=\"col-6 col-sm-6 col-md-6 col-lg-6 single1\">\n<div class=\"single1-sz\">\n<div class=\"ico\"><img loading=\"lazy\" decoding=\"async\" class=\"img-fluid\" src=\"https:\/\/traktor.com.pl\/themes\/traktor\/assets\/img\/icons\/waga.svg\" alt=\"waga\" width=\"60\" height=\"60\" \/><\/div>\n<div class=\"title1\">\n<p>Waga (kg) 129<\/p>\n<\/div>\n<\/div>\n<\/div>\n<\/div>\n<\/div>\n<\/div>","protected":false},"featured_media":7654,"comment_status":"open","ping_status":"closed","template":"","meta":[],"product_brand":[86],"product_cat":[59],"product_tag":[],"class_list":{"0":"post-7650","1":"product","2":"type-product","3":"status-publish","4":"has-post-thumbnail","6":"product_brand-iseki","7":"product_cat-traktorki-kosiarki","9":"first","10":"instock","11":"shipping-taxable","12":"purchasable","13":"product-type-simple"},"_links":{"self":[{"href":"https:\/\/plmaszyny.online\/en\/wp-json\/wp\/v2\/product\/7650","targetHints":{"allow":["GET"]}}],"collection":[{"href":"https:\/\/plmaszyny.online\/en\/wp-json\/wp\/v2\/product"}],"about":[{"href":"https:\/\/plmaszyny.online\/en\/wp-json\/wp\/v2\/types\/product"}],"replies":[{"embeddable":true,"href":"https:\/\/plmaszyny.online\/en\/wp-json\/wp\/v2\/comments?post=7650"}],"wp:featuredmedia":[{"embeddable":true,"href":"https:\/\/plmaszyny.online\/en\/wp-json\/wp\/v2\/media\/7654"}],"wp:attachment":[{"href":"https:\/\/plmaszyny.online\/en\/wp-json\/wp\/v2\/media?parent=7650"}],"wp:term":[{"taxonomy":"product_brand","embeddable":true,"href":"https:\/\/plmaszyny.online\/en\/wp-json\/wp\/v2\/product_brand?post=7650"},{"taxonomy":"product_cat","embeddable":true,"href":"https:\/\/plmaszyny.online\/en\/wp-json\/wp\/v2\/product_cat?post=7650"},{"taxonomy":"product_tag","embeddable":true,"href":"https:\/\/plmaszyny.online\/en\/wp-json\/wp\/v2\/product_tag?post=7650"}],"curies":[{"name":"wp","href":"https:\/\/api.w.org\/{rel}","templated":true}]}}