{"id":7646,"date":"2026-02-24T09:02:59","date_gmt":"2026-02-24T09:02:59","guid":{"rendered":"https:\/\/plmaszyny.online\/?post_type=product&#038;p=7646"},"modified":"2026-02-25T12:21:26","modified_gmt":"2026-02-25T12:21:26","slug":"iseki-sxg-324-wysoki-wysyp","status":"publish","type":"product","link":"https:\/\/plmaszyny.online\/en\/product\/iseki-sxg-324-wysoki-wysyp\/","title":{"rendered":"Iseki SXG 324 &#8211; wysoki wysyp"},"content":{"rendered":"<p>Iseki SXG 324 &#8211; wysoki wysyp<\/p>\n\n\n\n<h3 class=\"wp-block-heading\">Globalny sukces-jako\u015b\u0107 i precyzja<\/h3>\n\n\n\n<p>Kiedy s\u0142yszymy&nbsp;<strong>ISEKI<\/strong>, my\u015blimy niezawodno\u015b\u0107, najnowsza technologia, wysoka jako\u015b\u0107 produktu i presti\u017c. Za nazw\u0105 marki kryje si\u0119 90-letnie do\u015bwiadczenie w produkcji ci\u0105gnik\u00f3w rolniczych, najnowsza japo\u0144ska technologia, fabryki rozmieszczone na ca\u0142ym \u015bwiecie, niemiecka precyzja, nowoczesny proces produkcyjny i do tego najbardziej rozwini\u0119ta sie\u0107 dystrybucji w sektorze mini ci\u0105gnik\u00f3w i traktork\u00f3w rolniczych oraz setki tysi\u0119cy zadowolonych klient\u00f3w na ca\u0142ym \u015bwiecie.<\/p>\n\n\n\n<h3 class=\"wp-block-heading\">Mi\u0119dzynarodowy lider w produkcji kosiarek<\/h3>\n\n\n\n<p>Produkty&nbsp;<strong>Iseki<\/strong>&nbsp;to po\u0142\u0105czenie&nbsp;<strong>najwy\u017cej japo\u0144skiej technologii<\/strong>, najwy\u017cszej jako\u015bci u\u017cytych materia\u0142\u00f3w oraz&nbsp;<strong>niemieckiej precyzji<\/strong>, dok\u0142adno\u015bci wykonywanych zada\u0144 i co dla firmy&nbsp;<strong>Iseki<\/strong>&nbsp;najwa\u017cniejsze partnerskiego podej\u015bcia do klient\u00f3w i lokalnych dystrybutor\u00f3w (nowoczesne centra szkoleniowe dla dealer\u00f3w). Zapotrzebowanie na mini ci\u0105gniki obu tych kraj\u00f3w przy obustronnej wymianie technologii i idei doprowadzi\u0142o oba kraje do produkcji najlepszych ci\u0105gnik\u00f3w sub-kompaktowych na \u015bwiecie, a firm\u0119 ISEKI uplasowa\u0142o na 3 miejscu w Japonii, uwzgl\u0119dniaj\u0105c udzia\u0142y w rynku i daj\u0105c czo\u0142owe miejsce na globalnym rynku.<\/p>\n\n\n\n<h2 class=\"wp-block-heading\">Seria SXG 3 &#8211;&nbsp;maszyny do zada\u0144 specjalnych!<\/h2>\n\n\n\n<p>Seria&nbsp;SXG 3 to wysokiej jako\u015bci 3-cylindrowe silniki Iseki oferuj\u0105ce moc od 20 &#8211; 22 KM. S\u0105 to silniki bardzo ekonomiczne, spe\u0142niaj\u0105ce wszelkie najnowsze normy emisji spalin &#8211; Stage V. Modele serii SXG 3 wyposa\u017cone s\u0105 w bezstopniow\u0105 przek\u0142adni\u0119 hydrostatyczn\u0105. Skrzynia obs\u0142ugiwana za pomoc\u0105 dw\u00f3ch peda\u0142\u00f3w do przodu oraz do ty\u0142u zapewnia wysoki komfort pracy. Maksymalna pr\u0119dko\u015b\u0107 pracy to 19 km\/h.<\/p>\n\n\n\n<p><strong>Traktorek ogrodowy Iseki<\/strong>&nbsp;SXG 324 zosta\u0142 wyposa\u017cony 3-cylindrowy silnik spalinowy&nbsp;o mocy 14,6 kW (20 KM) przy 2600 obr.\/min. Silnik ten cechuje si\u0119 wyj\u0105tkow\u0105 wydajno\u015bci\u0105 i niskim zu\u017cyciem paliwa.&nbsp;<strong>Traktorek<\/strong>&nbsp;posiada hydrostatyczny uk\u0142ad nap\u0119dowy, umo\u017cliwiaj\u0105cy p\u0142ynne, ale i dynamiczne ruchy maszyny bez konieczno\u015bci zmiany bieg\u00f3w. Jest to bardzo wygodna przek\u0142adnia, zapewniaj\u0105ca komfort i \u0142atwo\u015b\u0107 obs\u0142ugi maszyny.<\/p>\n\n\n\n<h3 class=\"wp-block-heading\">Marzysz o traktorku do koszenia wi\u0119kszych powierzchni? Model SXG 324 to wyb\u00f3r idealny!<\/h3>\n\n\n\n<p>W takim razie&nbsp;traktorek&nbsp;marki&nbsp;<strong>Iseki<\/strong>&nbsp;spe\u0142ni twoje oczekiwania. Masz do wyboru zbieranie do bardzo pojemnego 650 L kosza, kt\u00f3ry opr\u00f3\u017cniany jest hydraulicznie z pozycji operatora za pomoc\u0105 wygodnej, wyprofilowanej d\u017awigni. Traktorek wyposa\u017cony jest w wysoki wysyp. Kolejnym sposobem koszenia jest mulczowanie. Traktorek wyposa\u017cony jest w no\u017ce mulczuj\u0105ce, do tej funkcji nalezy dokupi\u0107 jedynie sam\u0105 wk\u0142adk\u0119 (nie jest do\u0142\u0105czona do zestawu). Wybieraj\u0105c funkcje mulczowania, fragmenty trawy s\u0105 zatrzymywane pod agregatem i rozdrabniane, a nast\u0119pnie wyrzucane z du\u017c\u0105 si\u0142\u0105 powietrza na trawnik. Trawa z biegiem czasu ulega rozk\u0142adowi, co stanowi naturalny naw\u00f3z i u\u017cy\u017ania gleb\u0119.<\/p>\n\n\n\n<p>Maszyna posiada manualn\u0105 regulacj\u0119 wysoko\u015bci koszenia w 6 stopniach od 30 do 90 mm, a szeroko\u015b\u0107 robocza no\u017ca tn\u0105cego wynosi 122 cm. Jest to traktorek ogrodowy, kt\u00f3ry zdecydowanie sprawdzi si\u0119 na wi\u0119kszych powierzchniach.<\/p>\n\n\n\n<h2 class=\"wp-block-heading\">Co poprawi Tw\u00f3j komfort pracy na&nbsp;Iseki SXG 324?<\/h2>\n\n\n\n<ul class=\"wp-block-list\">\n<li>Niezawodny wysokopr\u0119\u017cny silnik<\/li>\n\n\n\n<li>Przek\u0142adnia hydrostatyczna<\/li>\n\n\n\n<li>Szeroki zakres regulacji wysoko\u015bci koszenia<\/li>\n\n\n\n<li>Wygodny, regulowany fotel<\/li>\n\n\n\n<li>Funkcjonalna kierownica z mi\u0119kkim obiciem<\/li>\n\n\n\n<li>Pojemny&nbsp;kosz na traw\u0119 650 L<\/li>\n\n\n\n<li>O\u015bwietlenie LED, pozwalaj\u0105ce na prac\u0119 tak\u017ce po zmroku<\/li>\n\n\n\n<li>Hydrauliczne opr\u00f3\u017cnianie kosza oraz wysoki wysyp<\/li>\n\n\n\n<li>Opony chroni\u0105ce dar\u0144 trawnika<\/li>\n\n\n\n<li>A\u017c&nbsp;21 litrowy zbiornik paliwa<\/li>\n<\/ul>\n\n\n\n<p>Lokalizacja : N1<\/p>\n\n\n\n<h4 class=\"wp-block-heading\">Specyfikacja<\/h4>\n\n\n\n<p>Stan<\/p>\n\n\n\n<p>Nowy<\/p>\n\n\n\n<p>Marka<\/p>\n\n\n\n<p>Iseki<\/p>\n\n\n\n<p>Pojemno\u015b\u0107 skokowa (cm3)<\/p>\n\n\n\n<p>1123<\/p>\n\n\n\n<p>Liczba cylindr\u00f3w (szt.)<\/p>\n\n\n\n<p>3<\/p>\n\n\n\n<p>Znamionowa pr\u0119dko\u015b\u0107 obrotowa silnika (obr\/min)<\/p>\n\n\n\n<p>2600<\/p>\n\n\n\n<p>Pojemno\u015b\u0107 kosza (L)<\/p>\n\n\n\n<p>650<\/p>\n\n\n\n<p>Nap\u0119d<\/p>\n\n\n\n<p>2&#215;4 2WD<\/p>\n\n\n\n<p>Skrzynia bieg\u00f3w<\/p>\n\n\n\n<p>Hydrostatyczna<\/p>\n\n\n\n<p>Maksymalna pr\u0119dko\u015b\u0107 jazdy do przodu (km\/h)<\/p>\n\n\n\n<p>16,6<\/p>\n\n\n\n<p>Opr\u00f3\u017cnianie kosza<\/p>\n\n\n\n<p>Hydrauliczne<br>Wysoki wysyp<\/p>\n\n\n\n<p>D\u0142ugo\u015b\u0107 ca\u0142kowita (mm)<\/p>\n\n\n\n<p>2110<\/p>\n\n\n\n<p>Rozmiar k\u00f3\u0142 prz\u00f3d \/ ty\u0142<\/p>\n\n\n\n<p>16 x 6.5-8 \/ 23 x 10.5-12<\/p>\n\n\n\n<p>Waga (kg)<\/p>\n\n\n\n<p>810<\/p>\n\n\n\n<p>Szeroko\u015b\u0107 ca\u0142kowita (mm)<\/p>\n\n\n\n<p>1100 &#8211; 1440<\/p>\n\n\n\n<p>Wysoko\u015b\u0107 ca\u0142kowita (mm)<\/p>\n\n\n\n<p>1850 &#8211; 2022<\/p>","protected":false},"excerpt":{"rendered":"<div class=\"col-12 col-lg-4 page-product4-about-single1 logo-brand\">\n<div class=\"col-6 col-sm-6 col-md-6 col-lg-6 single1\">\n<div class=\"single1-sz\">\n<div class=\"ico\"><img decoding=\"async\" class=\"img-fluid\" src=\"https:\/\/traktor.com.pl\/themes\/traktor\/assets\/img\/icons\/stan.svg\" alt=\"stan\" width=\"60\" height=\"60\" \/><\/div>\n<div class=\"title1\">\n<p>Stan Nowy<\/p>\n<\/div>\n<\/div>\n<\/div>\n<div class=\"col-6 col-sm-6 col-md-6 col-lg-6 single1\">\n<div class=\"single1-sz\">\n<div class=\"ico\"><img decoding=\"async\" class=\"img-fluid\" src=\"https:\/\/traktor.com.pl\/themes\/traktor\/assets\/img\/pojemnosc_kosza.svg\" alt=\"pojemno\u015b\u0107 kosza\" width=\"60\" height=\"60\" \/><\/div>\n<div class=\"title1\">\n<p>Pojemno\u015b\u0107 kosza (L) 650<\/p>\n<\/div>\n<\/div>\n<\/div>\n<div class=\"col-6 col-sm-6 col-md-6 col-lg-6 single1\">\n<div class=\"single1-sz\">\n<div class=\"ico\"><img decoding=\"async\" class=\"img-fluid\" src=\"https:\/\/traktor.com.pl\/themes\/traktor\/assets\/img\/icons\/naped.svg\" alt=\"naped\" width=\"60\" height=\"60\" \/><\/div>\n<div class=\"title1\">\n<p>Nap\u0119d 2&#215;4 2WD<\/p>\n<\/div>\n<\/div>\n<\/div>\n<div class=\"col-6 col-sm-6 col-md-6 col-lg-6 single1\">\n<div class=\"single1-sz\">\n<div class=\"ico\"><img loading=\"lazy\" decoding=\"async\" class=\"img-fluid\" src=\"https:\/\/traktor.com.pl\/themes\/traktor\/assets\/img\/icons\/skrzynia_biegow.svg\" alt=\"skrzynia_biegow\" width=\"60\" height=\"60\" \/><\/div>\n<div class=\"title1\">\n<p>Skrzynia bieg\u00f3w Hydrostatyczna<\/p>\n<\/div>\n<\/div>\n<\/div>\n<div class=\"col-6 col-sm-6 col-md-6 col-lg-6 single1\">\n<div class=\"single1-sz\">\n<div class=\"ico\"><img loading=\"lazy\" decoding=\"async\" class=\"img-fluid\" src=\"https:\/\/traktor.com.pl\/themes\/traktor\/assets\/img\/icons\/waga.svg\" alt=\"waga\" width=\"60\" height=\"60\" \/><\/div>\n<div class=\"title1\">\n<p>Waga (kg) 810<\/p>\n<\/div>\n<\/div>\n<\/div>\n<\/div>","protected":false},"featured_media":7648,"comment_status":"open","ping_status":"closed","template":"","meta":[],"product_brand":[86],"product_cat":[59],"product_tag":[],"class_list":{"0":"post-7646","1":"product","2":"type-product","3":"status-publish","4":"has-post-thumbnail","6":"product_brand-iseki","7":"product_cat-traktorki-kosiarki","9":"first","10":"instock","11":"shipping-taxable","12":"purchasable","13":"product-type-simple"},"_links":{"self":[{"href":"https:\/\/plmaszyny.online\/en\/wp-json\/wp\/v2\/product\/7646","targetHints":{"allow":["GET"]}}],"collection":[{"href":"https:\/\/plmaszyny.online\/en\/wp-json\/wp\/v2\/product"}],"about":[{"href":"https:\/\/plmaszyny.online\/en\/wp-json\/wp\/v2\/types\/product"}],"replies":[{"embeddable":true,"href":"https:\/\/plmaszyny.online\/en\/wp-json\/wp\/v2\/comments?post=7646"}],"wp:featuredmedia":[{"embeddable":true,"href":"https:\/\/plmaszyny.online\/en\/wp-json\/wp\/v2\/media\/7648"}],"wp:attachment":[{"href":"https:\/\/plmaszyny.online\/en\/wp-json\/wp\/v2\/media?parent=7646"}],"wp:term":[{"taxonomy":"product_brand","embeddable":true,"href":"https:\/\/plmaszyny.online\/en\/wp-json\/wp\/v2\/product_brand?post=7646"},{"taxonomy":"product_cat","embeddable":true,"href":"https:\/\/plmaszyny.online\/en\/wp-json\/wp\/v2\/product_cat?post=7646"},{"taxonomy":"product_tag","embeddable":true,"href":"https:\/\/plmaszyny.online\/en\/wp-json\/wp\/v2\/product_tag?post=7646"}],"curies":[{"name":"wp","href":"https:\/\/api.w.org\/{rel}","templated":true}]}}