{"id":7641,"date":"2026-02-24T08:57:52","date_gmt":"2026-02-24T08:57:52","guid":{"rendered":"https:\/\/plmaszyny.online\/?post_type=product&#038;p=7641"},"modified":"2026-02-25T12:20:34","modified_gmt":"2026-02-25T12:20:34","slug":"iseki-sxg-216","status":"publish","type":"product","link":"https:\/\/plmaszyny.online\/en\/product\/iseki-sxg-216\/","title":{"rendered":"Iseki SXG 216+"},"content":{"rendered":"<p>Iseki SXG 216+<\/p>\n\n\n\n<h2 class=\"wp-block-heading\"><strong>Globalny sukces-jako\u015b\u0107 i precyzja<\/strong><\/h2>\n\n\n\n<p>Kiedy s\u0142yszymy&nbsp;<strong>ISEKI<\/strong>, my\u015blimy&nbsp;<strong>niezawodno\u015b\u0107, najnowsza technologia, wysoka jako\u015b\u0107 produktu i presti\u017c<\/strong>. Za nazw\u0105 marki kryje si\u0119 90-letnie do\u015bwiadczenie w produkcji ci\u0105gnik\u00f3w rolniczych, najnowsza japo\u0144ska technologia, fabryki rozmieszczone na ca\u0142ym \u015bwiecie, niemiecka precyzja, nowoczesny proces produkcyjny i do tego najbardziej rozwini\u0119ta sie\u0107 dystrybucji w sektorze mini ci\u0105gnik\u00f3w i traktork\u00f3w rolniczych oraz setki tysi\u0119cy zadowolonych klient\u00f3w na ca\u0142ym \u015bwiecie.<\/p>\n\n\n\n<h3 class=\"wp-block-heading\"><strong>Mi\u0119dzynarodowy lider w produkcji kosiarek<\/strong><\/h3>\n\n\n\n<p>Produkty&nbsp;<strong>Iseki<\/strong>&nbsp;to po\u0142\u0105czenie&nbsp;<strong>najwy\u017cej japo\u0144skiej technologii<\/strong>, najwy\u017cszej jako\u015bci u\u017cytych materia\u0142\u00f3w oraz&nbsp;<strong>niemieckiej precyzji<\/strong>, dok\u0142adno\u015bci wykonywanych zada\u0144 i co dla firmy&nbsp;<strong>Iseki<\/strong>&nbsp;najwa\u017cniejsze partnerskiego podej\u015bcia do klient\u00f3w i lokalnych dystrybutor\u00f3w (nowoczesne centra szkoleniowe dla dealer\u00f3w). Zapotrzebowanie na mini ci\u0105gniki obu tych kraj\u00f3w przy obustronnej wymianie technologii i idei doprowadzi\u0142o oba kraje do produkcji najlepszych ci\u0105gnik\u00f3w sub-kompaktowych na \u015bwiecie, a firm\u0119 ISEKI uplasowa\u0142o na 3 miejscu w Japonii, uwzgl\u0119dniaj\u0105c udzia\u0142y w rynku i daj\u0105c czo\u0142owe miejsce na globalnym rynku.<\/p>\n\n\n\n<h2 class=\"wp-block-heading\">Iseki SXG2 zamiatanie, koszenie, od\u015bnie\u017canie nie tylko dla pocz\u0105tkuj\u0105cych<\/h2>\n\n\n\n<p>Kosiarka samojezdna&nbsp;<strong>Iseki<\/strong>&nbsp;serii&nbsp;<strong>SXG2<\/strong>&nbsp;to&nbsp;<strong>kosiarka<\/strong>&nbsp;przeznaczona dla pocz\u0105tkuj\u0105cych u\u017cytkownik\u00f3w dzi\u0119ki, kt\u00f3rej nie tylko skosimy traw\u0119, ale r\u00f3wnie\u017c od\u015bnie\u017cymy zim\u0105 posesje czy drog\u0119 podczas jesiennych porz\u0105dk\u00f3w kosiarka&nbsp;<strong>SXG216<\/strong>&nbsp;mo\u017cemy r\u00f3wnie\u017c zamiata\u0107 li\u015bcie lub usuwa\u0107 zabrudzenia z twardych powierzchni, a nawet rozrzuca\u0107 naw\u00f3z lub posypywa\u0107 powierzchnie sol\u0105.<\/p>\n\n\n\n<h3 class=\"wp-block-heading\">Traktorek kosiarka Iseki SXG 2 to dwie wersje r\u00f3\u017cni\u0105ce si\u0119 sposobem opr\u00f3\u017cniania kosza:<\/h3>\n\n\n\n<ul class=\"wp-block-list\">\n<li>Iseki&nbsp;<strong>SXG 216+<\/strong>&nbsp;<strong>M<\/strong>&nbsp;z wysypem manualnym (r\u0119cznym),<\/li>\n\n\n\n<li><strong>Iseki SXG 216+ H<\/strong>&nbsp;z wysypem elektrycznym (uruchamianym przyciskiem).<\/li>\n<\/ul>\n\n\n\n<h3 class=\"wp-block-heading\">Iseki SXG 216+ najwa\u017cniejsze cechy i charakterystyka produktu<\/h3>\n\n\n\n<p><strong>Traktorek kosiarka Iseki SXG 216+<\/strong>&nbsp;to kosiarka ze skrzyni\u0105 hydrostatyczn\u0105 obs\u0142ugiwan\u0105 dwoma peda\u0142ami no\u017cnymi, z 2-cylindrowym silnikiem diesla o mocy 13,9 KM, kosiskiem o szeroko\u015bci 1020 mm z dodatkow\u0105 opcj\u0105 mulczowania i koszem na traw\u0119 o pojemno\u015bci 380 litr\u00f3w. Stabilna konstrukcja, ergonomia w u\u017cytkowaniu i niesamowita zwinno\u015b\u0107 to tylko niekt\u00f3re cechy charakterystyczne dla traktorka ogrodowego&nbsp;<strong>SXG 216+<\/strong>&nbsp;ponadto:<\/p>\n\n\n\n<ul class=\"wp-block-list\">\n<li>maksymalna pr\u0119dko\u015b\u0107 jazdy do przodu 11km\/h,<\/li>\n\n\n\n<li>hydrostatyczna skrzynia bieg\u00f3w<\/li>\n\n\n\n<li>6-cio stopniowa regulacja wysoko\u015bci koszenia (30 \/ 40 \/ 50 \/ 70 i 90 mm),<\/li>\n\n\n\n<li>agregat kosz\u0105cy zawieszony na spr\u0119\u017cynach gazowych,<\/li>\n\n\n\n<li>opcja mulczowania w standardzie,<\/li>\n\n\n\n<li>kosisko nap\u0119dzane poprzez przek\u0142adnie k\u0105tow\u0105 zamiast pask\u00f3w klinowych,<\/li>\n\n\n\n<li>niewielkie zu\u017cycie paliwa.<\/li>\n<\/ul>\n\n\n\n<p><strong>Iseki SXG 216+<\/strong>&nbsp;to niezawodne maszyny przeznaczone do d\u0142ugiej i ci\u0119\u017ckiej pracy nawet przez ca\u0142y dzie\u0144. Seria&nbsp;<strong>SXG2<\/strong>&nbsp;to sprz\u0119t przeznaczony dla u\u017cytkownik\u00f3w, kt\u00f3rzy ceni\u0105 sobie profesjonalizm oraz komfort i wydajno\u015b\u0107 w pracy. Najwy\u017csza technologia produkcji oparta na 90-letnim do\u015bwiadczeniu w produkcji maszyn i urz\u0105dze\u0144 rolniczo-ogrodniczych to dla u\u017cytkownika pewno\u015b\u0107 d\u0142ugoletniego, bezawaryjnego u\u017cytkowania maszyny przy bardzo ekonomicznym zu\u017cyciu paliwa.<\/p>\n\n\n\n<p>Opcje dodatkowe i osprz\u0119t do kosiarek SXG2 p\u0142ug do \u015bniegu, rozsiewacz, posypywarka,<\/p>\n\n\n\n<p>Lokalizacja : N1<\/p>\n\n\n\n<h4 class=\"wp-block-heading\">Specyfikacja<\/h4>\n\n\n\n<p>Stan<\/p>\n\n\n\n<p>Nowy<\/p>\n\n\n\n<p>Marka<\/p>\n\n\n\n<p>Iseki<\/p>\n\n\n\n<p>Kolor<\/p>\n\n\n\n<p>Niebieski<\/p>\n\n\n\n<p>Silnik<\/p>\n\n\n\n<p>2 &#8211; cylindrowy diesel ch\u0142odzony ciecz\u0105<\/p>\n\n\n\n<p>Moc (KM\/HP)<\/p>\n\n\n\n<p>13.9<\/p>\n\n\n\n<p>Moc (kW)<\/p>\n\n\n\n<p>11<\/p>\n\n\n\n<p>Pojemno\u015b\u0107 skokowa (cm3)<\/p>\n\n\n\n<p>688<\/p>\n\n\n\n<p>Znamionowa pr\u0119dko\u015b\u0107 obrotowa silnika (obr\/min)<\/p>\n\n\n\n<p>2800<\/p>\n\n\n\n<p>Szeroko\u015b\u0107 robocza (mm)<\/p>\n\n\n\n<p>1020<\/p>\n\n\n\n<p>Liczba no\u017cy (szt.)<\/p>\n\n\n\n<p>2<\/p>\n\n\n\n<p>Nap\u0119d<\/p>\n\n\n\n<p>2&#215;4 2WD<\/p>\n\n\n\n<p>Skrzynia bieg\u00f3w<\/p>\n\n\n\n<p>Hydrostatyczna<\/p>\n\n\n\n<p>Pr\u0119dko\u015b\u0107 maksymalna (km\/h)<\/p>\n\n\n\n<p>11<\/p>\n\n\n\n<p>Wspomaganie kierownicy<\/p>\n\n\n\n<p>NIE<\/p>\n\n\n\n<p>Wymiary (mm)<\/p>\n\n\n\n<p>2484 \/ 2035 \/ 1070<\/p>\n\n\n\n<p>Rozstaw osi (mm)<\/p>\n\n\n\n<p>1220<\/p>","protected":false},"excerpt":{"rendered":"<div class=\"col-6 col-sm-6 col-md-6 col-lg-6 single1\">\n<div class=\"single1-sz\">\n<div class=\"ico\"><img decoding=\"async\" class=\"img-fluid\" src=\"https:\/\/traktor.com.pl\/themes\/traktor\/assets\/img\/icons\/stan.svg\" alt=\"stan\" width=\"60\" height=\"60\" \/><\/div>\n<div class=\"title1\">\n<p>Stan Nowy<\/p>\n<\/div>\n<\/div>\n<\/div>\n<div class=\"col-6 col-sm-6 col-md-6 col-lg-6 single1\">\n<div class=\"single1-sz\">\n<div class=\"ico\"><img decoding=\"async\" class=\"img-fluid\" src=\"https:\/\/traktor.com.pl\/themes\/traktor\/assets\/img\/icons\/moc2.svg\" alt=\"moc2\" width=\"60\" height=\"60\" \/><\/div>\n<div class=\"title1\">\n<p>Moc (KM\/HP) 13.9<\/p>\n<\/div>\n<\/div>\n<\/div>\n<div class=\"col-6 col-sm-6 col-md-6 col-lg-6 single1\">\n<div class=\"single1-sz\">\n<div class=\"ico\"><img decoding=\"async\" class=\"img-fluid\" src=\"https:\/\/traktor.com.pl\/themes\/traktor\/assets\/img\/icons\/moc2.svg\" alt=\"moc2\" width=\"60\" height=\"60\" \/><\/div>\n<div class=\"title1\">\n<p>Moc (kW) 11<\/p>\n<\/div>\n<\/div>\n<\/div>\n<div class=\"col-6 col-sm-6 col-md-6 col-lg-6 single1\">\n<div class=\"single1-sz\">\n<div class=\"ico\"><img decoding=\"async\" class=\"img-fluid\" src=\"https:\/\/traktor.com.pl\/themes\/traktor\/assets\/img\/icons\/szerokosc_robocza.svg\" alt=\"szerokosc_robocza\" width=\"60\" height=\"60\" \/><\/div>\n<div class=\"title1\">\n<p>Szeroko\u015b\u0107 robocza (mm) 1020<\/p>\n<\/div>\n<\/div>\n<\/div>\n<div class=\"col-6 col-sm-6 col-md-6 col-lg-6 single1\">\n<div class=\"single1-sz\">\n<div class=\"ico\"><img loading=\"lazy\" decoding=\"async\" class=\"img-fluid\" src=\"https:\/\/traktor.com.pl\/themes\/traktor\/assets\/img\/icons\/noz.svg\" alt=\"waga\" width=\"60\" height=\"60\" \/><\/div>\n<div class=\"title1\">\n<p>Liczba no\u017cy (szt.) 2<\/p>\n<\/div>\n<\/div>\n<\/div>\n<div class=\"col-6 col-sm-6 col-md-6 col-lg-6 single1\">\n<div class=\"single1-sz\">\n<div class=\"ico\"><img loading=\"lazy\" decoding=\"async\" class=\"img-fluid\" src=\"https:\/\/traktor.com.pl\/themes\/traktor\/assets\/img\/icons\/naped.svg\" alt=\"naped\" width=\"60\" height=\"60\" \/><\/div>\n<div class=\"title1\">\n<p>Nap\u0119d 2&#215;4 2WD<\/p>\n<\/div>\n<\/div>\n<\/div>\n<div class=\"col-6 col-sm-6 col-md-6 col-lg-6 single1\">\n<div class=\"single1-sz\">\n<div class=\"ico\"><img loading=\"lazy\" decoding=\"async\" class=\"img-fluid\" src=\"https:\/\/traktor.com.pl\/themes\/traktor\/assets\/img\/icons\/skrzynia_biegow.svg\" alt=\"skrzynia_biegow\" width=\"60\" height=\"60\" \/><\/div>\n<div class=\"title1\">\n<p>Skrzynia bieg\u00f3w Hydrostatyczna<\/p>\n<\/div>\n<\/div>\n<\/div>\n<div class=\"col-6 col-sm-6 col-md-6 col-lg-6 single1\">\n<div class=\"single1-sz\">\n<div class=\"ico\"><img loading=\"lazy\" decoding=\"async\" class=\"img-fluid\" src=\"https:\/\/traktor.com.pl\/themes\/traktor\/assets\/img\/icons\/wspomaganie.svg\" alt=\"wspomaganie\" width=\"60\" height=\"60\" \/><\/div>\n<div class=\"title1\">\n<p>Wspomaganie kierownicy NIE<\/p>\n<\/div>\n<\/div>\n<\/div>","protected":false},"featured_media":7645,"comment_status":"open","ping_status":"closed","template":"","meta":[],"product_brand":[86],"product_cat":[59],"product_tag":[],"class_list":{"0":"post-7641","1":"product","2":"type-product","3":"status-publish","4":"has-post-thumbnail","6":"product_brand-iseki","7":"product_cat-traktorki-kosiarki","9":"first","10":"instock","11":"shipping-taxable","12":"purchasable","13":"product-type-simple"},"_links":{"self":[{"href":"https:\/\/plmaszyny.online\/en\/wp-json\/wp\/v2\/product\/7641","targetHints":{"allow":["GET"]}}],"collection":[{"href":"https:\/\/plmaszyny.online\/en\/wp-json\/wp\/v2\/product"}],"about":[{"href":"https:\/\/plmaszyny.online\/en\/wp-json\/wp\/v2\/types\/product"}],"replies":[{"embeddable":true,"href":"https:\/\/plmaszyny.online\/en\/wp-json\/wp\/v2\/comments?post=7641"}],"wp:featuredmedia":[{"embeddable":true,"href":"https:\/\/plmaszyny.online\/en\/wp-json\/wp\/v2\/media\/7645"}],"wp:attachment":[{"href":"https:\/\/plmaszyny.online\/en\/wp-json\/wp\/v2\/media?parent=7641"}],"wp:term":[{"taxonomy":"product_brand","embeddable":true,"href":"https:\/\/plmaszyny.online\/en\/wp-json\/wp\/v2\/product_brand?post=7641"},{"taxonomy":"product_cat","embeddable":true,"href":"https:\/\/plmaszyny.online\/en\/wp-json\/wp\/v2\/product_cat?post=7641"},{"taxonomy":"product_tag","embeddable":true,"href":"https:\/\/plmaszyny.online\/en\/wp-json\/wp\/v2\/product_tag?post=7641"}],"curies":[{"name":"wp","href":"https:\/\/api.w.org\/{rel}","templated":true}]}}