{"id":7636,"date":"2026-02-24T08:53:11","date_gmt":"2026-02-24T08:53:11","guid":{"rendered":"https:\/\/plmaszyny.online\/?post_type=product&#038;p=7636"},"modified":"2026-02-26T15:19:11","modified_gmt":"2026-02-26T15:19:11","slug":"przyczepa-rolnicza-jednoosiowa-z-kiprem-geograss","status":"publish","type":"product","link":"https:\/\/plmaszyny.online\/en\/product\/przyczepa-rolnicza-jednoosiowa-z-kiprem-geograss\/","title":{"rendered":"Przyczepa rolnicza jednoosiowa z kiprem Geograss"},"content":{"rendered":"<h3 class=\"wp-block-heading\">Jak wybra\u0107 uniwersaln\u0105 przyczep\u0119 do ci\u0105gnika?&nbsp;<\/h3>\n\n\n\n<p><strong>Uniwersalna przyczepa rolnicza<\/strong>&nbsp;to podstawowe i niezb\u0119dne narz\u0119dzie gospodarskie wykorzystywane przy ka\u017cdym rodzaju produkcji rolnej&nbsp;czy sadowniczej. Na rynku dost\u0119pnych mamy bardzo du\u017co modeli i marek i przeznaczane do r\u00f3\u017cnego rodzaju \u0142adunku. Najwa\u017cniejszym parametrem, na kt\u00f3ry musimy zwr\u00f3ci\u0107 uwag\u0119 przy zakupie przyczepy rolniczej to moc i masa w\u0142asna ci\u0105gnika, wielko\u015b\u0107 i \u0142adowno\u015b\u0107 przyczepy. Dodatkowym atutem przyczepy rolniczej do mniejszych ci\u0105gnik\u00f3w b\u0119d\u0105 hamulce oraz&nbsp;<strong>mo\u017cliwo\u015b\u0107 kiprowania<\/strong>, oraz standardowo \u015bci\u0105gane wszystkie burty.<\/p>\n\n\n\n<h3 class=\"wp-block-heading\">Rodzaje przyczep rolniczych:<\/h3>\n\n\n\n<ul class=\"wp-block-list\">\n<li>przyczepa rolnicza centralno-osiowa, 1-osiowa,<\/li>\n\n\n\n<li>przyczepa rolnicza 2-osiowa,<\/li>\n\n\n\n<li>przyczepa rolnicza 3-osiowa,<\/li>\n\n\n\n<li>przyczepa rolnicza 2-osiowa ze skr\u0119tnym dyszlem,<\/li>\n\n\n\n<li>przyczepa rolnicza 3-osiowa ze skr\u0119tnym dyszlem.<\/li>\n<\/ul>\n\n\n\n<h4 class=\"wp-block-heading\">Uniwersalna przyczepa rolnicza&nbsp;jednoosiowa z kiprem Geograss:<\/h4>\n\n\n\n<p><strong>Przyczepa rolnicza jedno osiowa<\/strong>&nbsp;z osi\u0105 zamontowan\u0105 centralnie do platformy&nbsp;najazdowym i z hamulcem r\u0119cznym postojowym. Przyczepa przeznaczona jest dla mniejszych ci\u0105gnik\u00f3w, do&nbsp;<strong>mini traktork\u00f3w<\/strong>&nbsp;wszystkich marek. Jedno osiowa&nbsp;<strong>przyczepa rolnicza z kiprowaniem<\/strong>&nbsp;marki Geograss to&nbsp;<strong>uniwersalna przyczepa<\/strong>&nbsp;do ci\u0105gni\u0119cia z ci\u0105gnikiem rolniczym, mini traktorkiem lub innym pojazdem.&nbsp;<\/p>\n\n\n\n<p>W przypadku wysy\u0142ki kurierskiej, przyczepa jest do samodzielnego z\u0142o\u017cenia.<\/p>\n\n\n\n<p>*Przyczepa nie podlega rejestracji<\/p>\n\n\n\n<h4 class=\"wp-block-heading\">Specyfikacja<\/h4>\n\n\n\n<p>Stan<\/p>\n\n\n\n<p>Nowy<\/p>\n\n\n\n<p>Marka<\/p>\n\n\n\n<p>Geograss<\/p>\n\n\n\n<p>D\u0142ugo\u015b\u0107 (mm)<\/p>\n\n\n\n<p>2050<\/p>\n\n\n\n<p>Szeroko\u015b\u0107 (mm)<\/p>\n\n\n\n<p>1250<\/p>\n\n\n\n<p>Wysoko\u015b\u0107 burt (y) (mm)<\/p>\n\n\n\n<p>400<\/p>\n\n\n\n<p>Ilo\u015b\u0107 si\u0142ownik\u00f3w hydraulicznych<\/p>\n\n\n\n<p>1<\/p>","protected":false},"excerpt":{"rendered":"<div class=\"ico\">\u00a0<\/div>\n<div class=\"title1\">\n<p>Stan Nowy<\/p>\n<\/div>","protected":false},"featured_media":7640,"comment_status":"open","ping_status":"closed","template":"","meta":[],"product_brand":[73],"product_cat":[63],"product_tag":[],"class_list":{"0":"post-7636","1":"product","2":"type-product","3":"status-publish","4":"has-post-thumbnail","6":"product_brand-geograss","7":"product_cat-przyczepy","9":"first","10":"instock","11":"shipping-taxable","12":"purchasable","13":"product-type-simple"},"_links":{"self":[{"href":"https:\/\/plmaszyny.online\/en\/wp-json\/wp\/v2\/product\/7636","targetHints":{"allow":["GET"]}}],"collection":[{"href":"https:\/\/plmaszyny.online\/en\/wp-json\/wp\/v2\/product"}],"about":[{"href":"https:\/\/plmaszyny.online\/en\/wp-json\/wp\/v2\/types\/product"}],"replies":[{"embeddable":true,"href":"https:\/\/plmaszyny.online\/en\/wp-json\/wp\/v2\/comments?post=7636"}],"wp:featuredmedia":[{"embeddable":true,"href":"https:\/\/plmaszyny.online\/en\/wp-json\/wp\/v2\/media\/7640"}],"wp:attachment":[{"href":"https:\/\/plmaszyny.online\/en\/wp-json\/wp\/v2\/media?parent=7636"}],"wp:term":[{"taxonomy":"product_brand","embeddable":true,"href":"https:\/\/plmaszyny.online\/en\/wp-json\/wp\/v2\/product_brand?post=7636"},{"taxonomy":"product_cat","embeddable":true,"href":"https:\/\/plmaszyny.online\/en\/wp-json\/wp\/v2\/product_cat?post=7636"},{"taxonomy":"product_tag","embeddable":true,"href":"https:\/\/plmaszyny.online\/en\/wp-json\/wp\/v2\/product_tag?post=7636"}],"curies":[{"name":"wp","href":"https:\/\/api.w.org\/{rel}","templated":true}]}}