{"id":7631,"date":"2026-02-24T08:49:33","date_gmt":"2026-02-24T08:49:33","guid":{"rendered":"https:\/\/plmaszyny.online\/?post_type=product&#038;p=7631"},"modified":"2026-02-26T15:19:39","modified_gmt":"2026-02-26T15:19:39","slug":"przyczepka-ogrodowa-do-quada-atv-kd-t01a-4farmer","status":"publish","type":"product","link":"https:\/\/plmaszyny.online\/en\/product\/przyczepka-ogrodowa-do-quada-atv-kd-t01a-4farmer\/","title":{"rendered":"Przyczepka ogrodowa do quada (ATV) KD-T01A 4FARMER"},"content":{"rendered":"<p><strong>Przyczepki ATV<\/strong>&nbsp;to praktyczne akcesoria, kt\u00f3re znacz\u0105co zwi\u0119kszaj\u0105 mo\u017cliwo\u015bci pojazd\u00f3w takich jak quady i mini ci\u0105gniki. Dzi\u0119ki nim mo\u017cna w prosty i wygodny spos\u00f3b przewozi\u0107 r\u00f3\u017cnego rodzaju materia\u0142y \u2013 od drewna i ga\u0142\u0119zi, po narz\u0119dzia, pasz\u0119 czy inne \u0142adunki potrzebne w codziennej pracy.&nbsp;<strong>Przyczepki do quada<\/strong>&nbsp;sprawdzaj\u0105 si\u0119 w gospodarstwie rolnym, w lesie, ogrodzie czy na terenach rekreacyjnych. Solidna konstrukcja i \u0142atwo\u015b\u0107 u\u017cytkowania sprawiaj\u0105, \u017ce s\u0105 niezast\u0105pione zar\u00f3wno w pracy, jak i podczas aktywnego wypoczynku. Wybierz&nbsp;<strong>przyczepk\u0119 do ATV<\/strong>, kt\u00f3ra najlepiej odpowiada Twoim potrzebom i ciesz si\u0119 wi\u0119ksz\u0105 funkcjonalno\u015bci\u0105 swojego pojazdu.<\/p>\n\n\n\n<p>Najwa\u017cniejsze cechy&nbsp;<strong>przyczepki ogrodowej do quada (ATV) KD-T01A 4FARMER<\/strong>&nbsp;<\/p>\n\n\n\n<ul class=\"wp-block-list\">\n<li>przyczepka wykonana jest z blachy ocynkowanej,<\/li>\n\n\n\n<li>otwierane s\u0105 przednie oraz tylne burty, dzi\u0119ki czemu mo\u017cna \u0142atwo wy\u0142adowa\u0107 przewo\u017cony materia\u0142.<\/li>\n<\/ul>\n\n\n\n<h4 class=\"wp-block-heading\">Specyfikacja<\/h4>\n\n\n\n<p>Stan<\/p>\n\n\n\n<p>Nowy<\/p>\n\n\n\n<p>Marka<\/p>\n\n\n\n<p>4Farmer<\/p>\n\n\n\n<p>Kolor<\/p>\n\n\n\n<p>Srebrny<\/p>\n\n\n\n<p>D\u0142ugo\u015b\u0107 ca\u0142kowita (mm)<\/p>\n\n\n\n<p>2730<\/p>\n\n\n\n<p>Wysoko\u015b\u0107 burt (y) (mm)<\/p>\n\n\n\n<p>450<\/p>\n\n\n\n<p>Waga (kg)<\/p>\n\n\n\n<p>110<\/p>\n\n\n\n<p>Szeroko\u015b\u0107 ca\u0142kowita z oponami (mm)<\/p>\n\n\n\n<p>1550<\/p>\n\n\n\n<p>Rozmiar opon (y)<\/p>\n\n\n\n<p>22 x 11-8<\/p>\n\n\n\n<p>D\u0142ugo\u015b\u0107 dyszla (mm)<\/p>\n\n\n\n<p>1200<\/p>\n\n\n\n<p>Szeroko\u015b\u0107 wewn\u0119trzna (mm)<\/p>\n\n\n\n<p>900<\/p>\n\n\n\n<p>Wysoko\u015b\u0107 ca\u0142kowita (mm)<\/p>\n\n\n\n<p>900 (od pod\u0142o\u017ca)<\/p>\n\n\n\n<p>D\u0142ugo\u015b\u0107 wewn\u0119trzna (mm)<\/p>\n\n\n\n<p>1450<\/p>","protected":false},"excerpt":{"rendered":"<div class=\"col-12 col-lg-4 page-product4-desc-single1\">\n<div class=\"title2\">\n<div class=\"col-6 col-sm-6 col-md-6 col-lg-6 single1\">\n<div class=\"single1-sz\">\n<div class=\"ico\">\u00a0<\/div>\n<div class=\"title1\">\n<p>Stan Nowy<\/p>\n<\/div>\n<\/div>\n<\/div>\n<div class=\"col-6 col-sm-6 col-md-6 col-lg-6 single1\">\n<div class=\"single1-sz\">\n<div class=\"ico\">\n<div class=\"title1\">\n<p>Waga (kg) 110<\/p>\n<\/div>\n<\/div>\n<\/div>\n<\/div>\n<\/div>\n<\/div>","protected":false},"featured_media":7635,"comment_status":"open","ping_status":"closed","template":"","meta":[],"product_brand":[68],"product_cat":[63],"product_tag":[],"class_list":{"0":"post-7631","1":"product","2":"type-product","3":"status-publish","4":"has-post-thumbnail","6":"product_brand-4farmer","7":"product_cat-przyczepy","9":"first","10":"instock","11":"shipping-taxable","12":"purchasable","13":"product-type-simple"},"_links":{"self":[{"href":"https:\/\/plmaszyny.online\/en\/wp-json\/wp\/v2\/product\/7631","targetHints":{"allow":["GET"]}}],"collection":[{"href":"https:\/\/plmaszyny.online\/en\/wp-json\/wp\/v2\/product"}],"about":[{"href":"https:\/\/plmaszyny.online\/en\/wp-json\/wp\/v2\/types\/product"}],"replies":[{"embeddable":true,"href":"https:\/\/plmaszyny.online\/en\/wp-json\/wp\/v2\/comments?post=7631"}],"wp:featuredmedia":[{"embeddable":true,"href":"https:\/\/plmaszyny.online\/en\/wp-json\/wp\/v2\/media\/7635"}],"wp:attachment":[{"href":"https:\/\/plmaszyny.online\/en\/wp-json\/wp\/v2\/media?parent=7631"}],"wp:term":[{"taxonomy":"product_brand","embeddable":true,"href":"https:\/\/plmaszyny.online\/en\/wp-json\/wp\/v2\/product_brand?post=7631"},{"taxonomy":"product_cat","embeddable":true,"href":"https:\/\/plmaszyny.online\/en\/wp-json\/wp\/v2\/product_cat?post=7631"},{"taxonomy":"product_tag","embeddable":true,"href":"https:\/\/plmaszyny.online\/en\/wp-json\/wp\/v2\/product_tag?post=7631"}],"curies":[{"name":"wp","href":"https:\/\/api.w.org\/{rel}","templated":true}]}}