{"id":7618,"date":"2026-02-24T08:43:15","date_gmt":"2026-02-24T08:43:15","guid":{"rendered":"https:\/\/plmaszyny.online\/?post_type=product&#038;p=7618"},"modified":"2026-02-26T15:20:06","modified_gmt":"2026-02-26T15:20:06","slug":"przyczepa-rolnicza-jednoosiowa-2-5t-z-kiprem-i-nadstawkami-z-siatki-4farmer","status":"publish","type":"product","link":"https:\/\/plmaszyny.online\/en\/product\/przyczepa-rolnicza-jednoosiowa-2-5t-z-kiprem-i-nadstawkami-z-siatki-4farmer\/","title":{"rendered":"Przyczepa rolnicza jednoosiowa 2.5T z kiprem i nadstawkami z siatki 4FARMER"},"content":{"rendered":"<p>Uniwersalna&nbsp;<strong>przyczepa rolnicza<\/strong>&nbsp;to podstawowe i niezb\u0119dne narz\u0119dzie gospodarskie wykorzystywane przy ka\u017cdym rodzaju produkcji rolnej czy sadowniczej. Na rynku dost\u0119pnych mamy bardzo du\u017co modeli przyczep przeznaczonych do r\u00f3\u017cnego rodzaju \u0142adunku. Najwa\u017cniejszym parametrem, na kt\u00f3ry musimy zwr\u00f3ci\u0107 uwag\u0119 przy zakupie&nbsp;<strong>przyczepy<\/strong>&nbsp;rolniczej to moc i masa w\u0142asna ci\u0105gnika oraz wielko\u015b\u0107 i<strong>&nbsp;\u0142adowno\u015b\u0107 przyczepy<\/strong>.<\/p>\n\n\n\n<p>Odpowiedni wyb\u00f3r&nbsp;<strong>przyczepy rolniczej<\/strong>&nbsp;ma bardzo du\u017ce znaczenie, wp\u0142ywa na wydajno\u015b\u0107, komfort i bezpiecze\u0144stwo pracy. Powinien by\u0107 uzale\u017cniony od potrzeb i oczekiwa\u0144 u\u017cytkownika. Wielko\u015b\u0107,&nbsp;<strong>przyczepy<\/strong>&nbsp;rodzaj, parametry ci\u0105gnika, a tak\u017ce jej \u0142adowno\u015b\u0107 to informacje niezb\u0119dne przy wyborze odpowiedniej&nbsp;<strong>przyczepy<\/strong>&nbsp;do gospodarstwa.<\/p>\n\n\n\n<h3 class=\"wp-block-heading\">Przyczepa rolnicza jednoosiowa 2.5T z kiprem 4FARMER<\/h3>\n\n\n\n<p>Jest to standardowy model oferowany&nbsp;przez nasza firm\u0119. Podstawowa wersja&nbsp;nie posiada hamulca, wszystkie burty s\u0105 \u015bci\u0105gane, a kiprowanie odbywa si\u0119&nbsp;hydraulicznie na trzy strony.<\/p>\n\n\n\n<p>Ud\u017awig przyczepki to oko\u0142o&nbsp;2500 kg.<\/p>\n\n\n\n<h3 class=\"wp-block-heading\">Najwa\u017cniejsze cechy przyczepy rolniczej jednoosiowej 2.5T z kiprem 4FARMER:<\/h3>\n\n\n\n<ul class=\"wp-block-list\">\n<li>kiprowanie na 3 strony,<\/li>\n\n\n\n<li>\u015bci\u0105gane wszystkie burty (blokada sworzniami),<\/li>\n\n\n\n<li>ko\u0142o podporowe,<\/li>\n\n\n\n<li>nadstawki z siatki podwy\u017cszaj\u0105ce burty przyczepy o 50 cm.<\/li>\n<\/ul>\n\n\n\n<p>*Uwaga: Kiprowanie na boki mo\u017ce odbywa\u0107 si\u0119 tylko po wcze\u015bniejszym \u015bci\u0105gni\u0119ciu nadstawek.&nbsp;<\/p>\n\n\n\n<p>**Uwaga: Przyczepa dost\u0119pna jest w r\u00f3\u017cnych kolorach.<\/p>\n\n\n\n<p>***Przyczepa nie podlega rejestracji<\/p>\n\n\n\n<h4 class=\"wp-block-heading\">Specyfikacja<\/h4>\n\n\n\n<p>Stan<\/p>\n\n\n\n<p>Nowy<\/p>\n\n\n\n<p>Produkcja<\/p>\n\n\n\n<p>Produkt polski<\/p>\n\n\n\n<p>Marka<\/p>\n\n\n\n<p>4Farmer<\/p>\n\n\n\n<p>Zaczep do przyczepy<\/p>\n\n\n\n<p>R\u0119czny, oczko zaczepowe<\/p>\n\n\n\n<p>Wysoko\u015b\u0107 (mm)<\/p>\n\n\n\n<p>1 440<\/p>\n\n\n\n<p>D\u0142ugo\u015b\u0107 ca\u0142kowita (mm)<\/p>\n\n\n\n<p>3 700<\/p>\n\n\n\n<p>Szeroko\u015b\u0107 (mm)<\/p>\n\n\n\n<p>1 520<\/p>\n\n\n\n<p>D\u0142ugo\u015b\u0107 robocza (mm)<\/p>\n\n\n\n<p>2 550<\/p>\n\n\n\n<p>\u015arednica sworzni (a) (mm)<\/p>\n\n\n\n<p>30<\/p>\n\n\n\n<p>Wysoko\u015b\u0107 burt (y) (mm)<\/p>\n\n\n\n<p>500<\/p>\n\n\n\n<p>\u0141adowno\u015b\u0107 (kg)<\/p>\n\n\n\n<p>2500<\/p>\n\n\n\n<p>Kiprowanie<\/p>\n\n\n\n<p>3 strony<br>Hydrauliczne<\/p>","protected":false},"excerpt":{"rendered":"<div class=\"col-12 col-lg-4 page-product4-desc-single1\">\n<div class=\"title1\">\n<div class=\"col-6 col-sm-6 col-md-6 col-lg-6 single1\">\n<div class=\"single1-sz\">\n<div class=\"ico\">\u00a0<\/div>\n<div class=\"title1\">\n<p>Stan Nowy<\/p>\n<\/div>\n<\/div>\n<\/div>\n<div class=\"col-6 col-sm-6 col-md-6 col-lg-6 single1\">\n<div class=\"single1-sz\">\n<div class=\"ico\">\n<div class=\"title1\">\n<p>Zaczep do przyczepy R\u0119czny, oczko zaczepowe<\/p>\n<\/div>\n<\/div>\n<\/div>\n<\/div>\n<\/div>\n<\/div>","protected":false},"featured_media":7622,"comment_status":"open","ping_status":"closed","template":"","meta":[],"product_brand":[68],"product_cat":[63],"product_tag":[],"class_list":{"0":"post-7618","1":"product","2":"type-product","3":"status-publish","4":"has-post-thumbnail","6":"product_brand-4farmer","7":"product_cat-przyczepy","9":"first","10":"instock","11":"shipping-taxable","12":"purchasable","13":"product-type-simple"},"_links":{"self":[{"href":"https:\/\/plmaszyny.online\/en\/wp-json\/wp\/v2\/product\/7618","targetHints":{"allow":["GET"]}}],"collection":[{"href":"https:\/\/plmaszyny.online\/en\/wp-json\/wp\/v2\/product"}],"about":[{"href":"https:\/\/plmaszyny.online\/en\/wp-json\/wp\/v2\/types\/product"}],"replies":[{"embeddable":true,"href":"https:\/\/plmaszyny.online\/en\/wp-json\/wp\/v2\/comments?post=7618"}],"wp:featuredmedia":[{"embeddable":true,"href":"https:\/\/plmaszyny.online\/en\/wp-json\/wp\/v2\/media\/7622"}],"wp:attachment":[{"href":"https:\/\/plmaszyny.online\/en\/wp-json\/wp\/v2\/media?parent=7618"}],"wp:term":[{"taxonomy":"product_brand","embeddable":true,"href":"https:\/\/plmaszyny.online\/en\/wp-json\/wp\/v2\/product_brand?post=7618"},{"taxonomy":"product_cat","embeddable":true,"href":"https:\/\/plmaszyny.online\/en\/wp-json\/wp\/v2\/product_cat?post=7618"},{"taxonomy":"product_tag","embeddable":true,"href":"https:\/\/plmaszyny.online\/en\/wp-json\/wp\/v2\/product_tag?post=7618"}],"curies":[{"name":"wp","href":"https:\/\/api.w.org\/{rel}","templated":true}]}}