{"id":7607,"date":"2026-02-24T08:38:44","date_gmt":"2026-02-24T08:38:44","guid":{"rendered":"https:\/\/plmaszyny.online\/?post_type=product&#038;p=7607"},"modified":"2026-02-26T15:20:39","modified_gmt":"2026-02-26T15:20:39","slug":"przyczepa-rolnicza-jednoosiowa-2t-alu-geograss","status":"publish","type":"product","link":"https:\/\/plmaszyny.online\/en\/product\/przyczepa-rolnicza-jednoosiowa-2t-alu-geograss\/","title":{"rendered":"Przyczepa rolnicza jednoosiowa 2T ALU Geograss"},"content":{"rendered":"<h3 class=\"wp-block-heading\">Jak wybra\u0107 uniwersaln\u0105 przyczep\u0119 do ci\u0105gnika?&nbsp;<\/h3>\n\n\n\n<p><strong>Uniwersalna przyczepa rolnicza<\/strong>&nbsp;to podstawowe i niezb\u0119dne narz\u0119dzie gospodarskie wykorzystywane przy ka\u017cdym rodzaju produkcji rolnej&nbsp;czy sadowniczej. Na rynku dost\u0119pnych mamy bardzo du\u017co modeli i marek i przeznaczane do r\u00f3\u017cnego rodzaju \u0142adunku. Najwa\u017cniejszym parametrem, na kt\u00f3ry musimy zwr\u00f3ci\u0107 uwag\u0119 przy zakupie przyczepy rolniczej to moc i masa w\u0142asna ci\u0105gnika, wielko\u015b\u0107 i \u0142adowno\u015b\u0107 przyczepy. Dodatkowym atutem przyczepy rolniczej do mniejszych ci\u0105gnik\u00f3w b\u0119d\u0105 hamulce oraz&nbsp;<strong>mo\u017cliwo\u015b\u0107 kiprowania<\/strong>, oraz standardowo \u015bci\u0105gane wszystkie burty.<\/p>\n\n\n\n<h3 class=\"wp-block-heading\">Uniwersalna przyczepa rolnicza&nbsp;Geograss<\/h3>\n\n\n\n<p><strong>Przyczepa rolnicza jednoosiowa<\/strong>&nbsp;z osi\u0105 zamontowan\u0105&nbsp;za centralnym punktem&nbsp;platformy o dopuszczalnej maksymalnej \u0142adowno\u015bci&nbsp;<strong>2&nbsp;tony<\/strong>&nbsp;i z dyszlem, kt\u00f3rego&nbsp;zaczep&nbsp;mo\u017cna&nbsp;regulowa\u0107&nbsp;do dw\u00f3ch r\u00f3\u017cnych wysoko\u015bci tj. 270 i 540 mm od ziemi. Przyczepa przeznaczona jest dla mniejszych ci\u0105gnik\u00f3w i do&nbsp;<strong>mini traktork\u00f3w<\/strong>&nbsp;wszystkich marek.<\/p>\n\n\n\n<p>Jednoosiowa&nbsp;<strong>przyczepa rolnicza z kiprowaniem<\/strong>&nbsp;<strong>na trzy strony<\/strong>&nbsp;marki&nbsp;<strong>GEOGRASS<\/strong>&nbsp;to&nbsp;<strong>uniwersalna przyczepa&nbsp;<\/strong>do ci\u0105gni\u0119cia za ci\u0105gnikiem rolniczym, mini traktorkiem lub innym pojazdem. Przyczepa w standardzie wyposa\u017cona zosta\u0142a w<strong>&nbsp;\u015bwiat\u0142a&nbsp;stop, \u015bwiat\u0142a pozycyjne&nbsp;<\/strong>oraz \u015bwiat\u0142a odblaskowe.<\/p>\n\n\n\n<p>Odpowiedni wyb\u00f3r przyczepy rolniczej&nbsp;ma bardzo du\u017ce znaczenie na komfort, bezpiecze\u0144stwo i higien\u0119 pracy&nbsp;oraz powinien by\u0107 uzale\u017cniony od potrzeb i oczekiwa\u0144 u\u017cytkownika. Jaka wielko\u015b\u0107 przyczepy, rodzaj paramenty ci\u0105gnika,&nbsp;typ przyczepy i jej \u0142adowno\u015b\u0107&nbsp;to&nbsp;podstawowe pytania, jakie trzeba sobie zada\u0107 przy wyborze odpowiedniej dla siebie i gospodarstwa przyczepy.<\/p>\n\n\n\n<p>*Przyczepa nie podlega rejestracji<\/p>\n\n\n\n<h4 class=\"wp-block-heading\">Specyfikacja<\/h4>\n\n\n\n<p>Stan<\/p>\n\n\n\n<p>Nowy<\/p>\n\n\n\n<p>Marka<\/p>\n\n\n\n<p>Geograss<\/p>\n\n\n\n<p>Osprz\u0119t<\/p>\n\n\n\n<p>Przyczepa<\/p>\n\n\n\n<p>Kolor<\/p>\n\n\n\n<p>Pomara\u0144czowy<br>Srebrny<\/p>\n\n\n\n<p>D\u0142ugo\u015b\u0107 (mm)<\/p>\n\n\n\n<p>2830<\/p>\n\n\n\n<p>D\u0142ugo\u015b\u0107 ca\u0142kowita (mm)<\/p>\n\n\n\n<p>3940<\/p>\n\n\n\n<p>Szeroko\u015b\u0107 (mm)<\/p>\n\n\n\n<p>1560<\/p>\n\n\n\n<p>\u0141adowno\u015b\u0107 (kg)<\/p>\n\n\n\n<p>2000<\/p>\n\n\n\n<p>Waga (kg)<\/p>\n\n\n\n<p>360<\/p>\n\n\n\n<p>Rozmiar opon (y)<\/p>\n\n\n\n<p>185R14<\/p>","protected":false},"excerpt":{"rendered":"<div class=\"col-12 col-lg-4 page-product4-desc-single1\">\n<div class=\"title2\">\n<div class=\"col-6 col-sm-6 col-md-6 col-lg-6 single1\">\n<div class=\"single1-sz\">\n<div class=\"ico\">\u00a0<\/div>\n<div class=\"title1\">\n<p>Stan Nowy<\/p>\n<\/div>\n<\/div>\n<\/div>\n<div class=\"col-6 col-sm-6 col-md-6 col-lg-6 single1\">\n<div class=\"single1-sz\">\n<div class=\"title1\">\n<p>Waga (kg) 360<\/p>\n<\/div>\n<\/div>\n<\/div>\n<\/div>\n<\/div>","protected":false},"featured_media":7611,"comment_status":"open","ping_status":"closed","template":"","meta":[],"product_brand":[73],"product_cat":[63],"product_tag":[],"class_list":{"0":"post-7607","1":"product","2":"type-product","3":"status-publish","4":"has-post-thumbnail","6":"product_brand-geograss","7":"product_cat-przyczepy","9":"first","10":"instock","11":"shipping-taxable","12":"purchasable","13":"product-type-simple"},"_links":{"self":[{"href":"https:\/\/plmaszyny.online\/en\/wp-json\/wp\/v2\/product\/7607","targetHints":{"allow":["GET"]}}],"collection":[{"href":"https:\/\/plmaszyny.online\/en\/wp-json\/wp\/v2\/product"}],"about":[{"href":"https:\/\/plmaszyny.online\/en\/wp-json\/wp\/v2\/types\/product"}],"replies":[{"embeddable":true,"href":"https:\/\/plmaszyny.online\/en\/wp-json\/wp\/v2\/comments?post=7607"}],"wp:featuredmedia":[{"embeddable":true,"href":"https:\/\/plmaszyny.online\/en\/wp-json\/wp\/v2\/media\/7611"}],"wp:attachment":[{"href":"https:\/\/plmaszyny.online\/en\/wp-json\/wp\/v2\/media?parent=7607"}],"wp:term":[{"taxonomy":"product_brand","embeddable":true,"href":"https:\/\/plmaszyny.online\/en\/wp-json\/wp\/v2\/product_brand?post=7607"},{"taxonomy":"product_cat","embeddable":true,"href":"https:\/\/plmaszyny.online\/en\/wp-json\/wp\/v2\/product_cat?post=7607"},{"taxonomy":"product_tag","embeddable":true,"href":"https:\/\/plmaszyny.online\/en\/wp-json\/wp\/v2\/product_tag?post=7607"}],"curies":[{"name":"wp","href":"https:\/\/api.w.org\/{rel}","templated":true}]}}