{"id":7602,"date":"2026-02-24T08:36:38","date_gmt":"2026-02-24T08:36:38","guid":{"rendered":"https:\/\/plmaszyny.online\/?post_type=product&#038;p=7602"},"modified":"2026-02-26T15:20:48","modified_gmt":"2026-02-26T15:20:48","slug":"przyczepa-rolnicza-jednoosiowa-alu-geograss","status":"publish","type":"product","link":"https:\/\/plmaszyny.online\/en\/product\/przyczepa-rolnicza-jednoosiowa-alu-geograss\/","title":{"rendered":"Przyczepa rolnicza jednoosiowa ALU Geograss"},"content":{"rendered":"<h3 class=\"wp-block-heading\">Jak wybra\u0107 uniwersaln\u0105 przyczep\u0119 do ci\u0105gnika?<\/h3>\n\n\n\n<p>Uniwersalna&nbsp;<strong>przyczepa rolnicza<\/strong>&nbsp;to podstawowe i niezb\u0119dne narz\u0119dzie gospodarskie wykorzystywane przy ka\u017cdym rodzaju produkcji rolnej czy sadowniczej. Na rynku dost\u0119pnych mamy bardzo du\u017co modeli i marek i przeznaczane do r\u00f3\u017cnego rodzaju \u0142adunku. Najwa\u017cniejszym parametrem, na kt\u00f3ry musimy zwr\u00f3ci\u0107 uwag\u0119 przy zakupie&nbsp;<strong>przyczepy<\/strong>&nbsp;rolniczej to moc i masa w\u0142asna ci\u0105gnika, wielko\u015b\u0107 i<strong>&nbsp;\u0142adowno\u015b\u0107 przyczepy<\/strong>.<\/p>\n\n\n\n<p>Odpowiedni wyb\u00f3r&nbsp;<strong>przyczepy rolniczej<\/strong>&nbsp;ma bardzo du\u017ce znaczenie na wydajno\u015b\u0107, komfort i bezpiecze\u0144stwo pracy. Powinien by\u0107 uzale\u017cniony od potrzeb i oczekiwa\u0144 u\u017cytkownika. Wielko\u015b\u0107,&nbsp;<strong>przyczepy<\/strong>&nbsp;rodzaj, parametry ci\u0105gnika a tak\u017ce jej \u0142adowno\u015b\u0107 to informacje niezb\u0119dne przy wyborze odpowiedniej&nbsp;<strong>przyczepy<\/strong>&nbsp;do gospodarstwa.<\/p>\n\n\n\n<p>Dodatkowym atutem przyczepy rolniczej do mniejszych ci\u0105gnik\u00f3w b\u0119d\u0105 hamulce oraz mo\u017cliwo\u015b\u0107 kiprowania na 3 strony, oraz standardowo \u015bci\u0105gane wszystkie burty.<\/p>\n\n\n\n<h3 class=\"wp-block-heading\">Uniwersalna przyczepa rolnicza z kiprem Geograss<\/h3>\n\n\n\n<p><strong>Przyczepa rolnicza<\/strong>&nbsp;jednoosiowa z regulowanym ko\u0142em podporowym oraz zdejmowanymi wszystkimi burtami to produkt, kt\u00f3ry sprawdzi si\u0119 w ka\u017cdych warunkach. Przyczepa przeznaczona jest dla mniejszych ci\u0105gnik\u00f3w, do mini traktork\u00f3w wszystkich marek. Jedno osiowa przyczepa rolnicza z kiprowaniem marki&nbsp;<strong>Geograss<\/strong>&nbsp;to uniwersalna przyczepa do transportu z ci\u0105gnikiem rolniczym, mini traktorkiem lub innym pojazdem. Bardzo solidne wykonanie, aluminiowe mocne burty, zaczepiana do traktora za pomoc\u0105 sworznia.<\/p>\n\n\n\n<p>*Przyczepa nie podlega rejestracji<\/p>\n\n\n\n<h4 class=\"wp-block-heading\">Specyfikacja<\/h4>\n\n\n\n<p>Stan<\/p>\n\n\n\n<p>Nowy<\/p>\n\n\n\n<p>Marka<\/p>\n\n\n\n<p>Geograss<\/p>\n\n\n\n<p>Wyposa\u017cenie<\/p>\n\n\n\n<p>Ko\u0142o podporowe, regulowane<\/p>\n\n\n\n<p>D\u0142ugo\u015b\u0107 (mm)<\/p>\n\n\n\n<p>2050<\/p>\n\n\n\n<p>Szeroko\u015b\u0107 (mm)<\/p>\n\n\n\n<p>1250<\/p>\n\n\n\n<p>Wysoko\u015b\u0107 burt (y) (mm)<\/p>\n\n\n\n<p>400<\/p>\n\n\n\n<p>Ilo\u015b\u0107 si\u0142ownik\u00f3w hydraulicznych<\/p>\n\n\n\n<p>1<\/p>\n\n\n\n<p>Kiprowanie<\/p>\n\n\n\n<p>Hydrauliczne<\/p>","protected":false},"excerpt":{"rendered":"<div class=\"col-12 col-lg-4 page-product4-desc-single1\">\n<div class=\"title2\">\n<div class=\"col-6 col-sm-6 col-md-6 col-lg-6 single1\">\n<div class=\"single1-sz\">\n<div class=\"ico\">\u00a0<\/div>\n<div class=\"title1\">\n<p>Stan Nowy<\/p>\n<\/div>\n<\/div>\n<\/div>\n<div class=\"col-6 col-sm-6 col-md-6 col-lg-6 single1\">\n<div class=\"single1-sz\">\n<div class=\"title2\">\n<p>&nbsp;<\/p>\n<\/div>\n<\/div>\n<\/div>\n<\/div>\n<\/div>","protected":false},"featured_media":7606,"comment_status":"open","ping_status":"closed","template":"","meta":[],"product_brand":[73],"product_cat":[63],"product_tag":[],"class_list":{"0":"post-7602","1":"product","2":"type-product","3":"status-publish","4":"has-post-thumbnail","6":"product_brand-geograss","7":"product_cat-przyczepy","9":"first","10":"instock","11":"shipping-taxable","12":"purchasable","13":"product-type-simple"},"_links":{"self":[{"href":"https:\/\/plmaszyny.online\/en\/wp-json\/wp\/v2\/product\/7602","targetHints":{"allow":["GET"]}}],"collection":[{"href":"https:\/\/plmaszyny.online\/en\/wp-json\/wp\/v2\/product"}],"about":[{"href":"https:\/\/plmaszyny.online\/en\/wp-json\/wp\/v2\/types\/product"}],"replies":[{"embeddable":true,"href":"https:\/\/plmaszyny.online\/en\/wp-json\/wp\/v2\/comments?post=7602"}],"wp:featuredmedia":[{"embeddable":true,"href":"https:\/\/plmaszyny.online\/en\/wp-json\/wp\/v2\/media\/7606"}],"wp:attachment":[{"href":"https:\/\/plmaszyny.online\/en\/wp-json\/wp\/v2\/media?parent=7602"}],"wp:term":[{"taxonomy":"product_brand","embeddable":true,"href":"https:\/\/plmaszyny.online\/en\/wp-json\/wp\/v2\/product_brand?post=7602"},{"taxonomy":"product_cat","embeddable":true,"href":"https:\/\/plmaszyny.online\/en\/wp-json\/wp\/v2\/product_cat?post=7602"},{"taxonomy":"product_tag","embeddable":true,"href":"https:\/\/plmaszyny.online\/en\/wp-json\/wp\/v2\/product_tag?post=7602"}],"curies":[{"name":"wp","href":"https:\/\/api.w.org\/{rel}","templated":true}]}}