{"id":7599,"date":"2026-02-24T08:34:58","date_gmt":"2026-02-24T08:34:58","guid":{"rendered":"https:\/\/plmaszyny.online\/?post_type=product&#038;p=7599"},"modified":"2026-02-26T15:21:04","modified_gmt":"2026-02-26T15:21:04","slug":"przyczepa-rolnicza-jednoosiowa-15t-z-oswietleniem-trx","status":"publish","type":"product","link":"https:\/\/plmaszyny.online\/en\/product\/przyczepa-rolnicza-jednoosiowa-15t-z-oswietleniem-trx\/","title":{"rendered":"Przyczepa rolnicza jednoosiowa 1,5T z o\u015bwietleniem TRX"},"content":{"rendered":"<p>Uniwersalna&nbsp;<strong>przyczepa rolnicza<\/strong>&nbsp;to podstawowe i niezb\u0119dne narz\u0119dzie gospodarskie wykorzystywane przy ka\u017cdym rodzaju produkcji rolnej czy sadowniczej. Na rynku mo\u017cna spotka\u0107 przyczepy o r\u00f3\u017cnych parametrach za\u0142adunku, rozmiarach, kiprowaniu. Najwa\u017cniejszym parametrem, na kt\u00f3ry musimy zwr\u00f3ci\u0107 uwag\u0119 przy zakupie&nbsp;<strong>przyczepy<\/strong>&nbsp;rolniczej to moc i masa w\u0142asna ci\u0105gnika oraz rozmiar i<strong>&nbsp;\u0142adowno\u015b\u0107 przyczepy<\/strong>.<\/p>\n\n\n\n<p>Odpowiedni wyb\u00f3r&nbsp;<strong>przyczepy rolniczej<\/strong>&nbsp;ma bardzo&nbsp;du\u017cy wp\u0142yw&nbsp;na wydajno\u015b\u0107, komfort i bezpiecze\u0144stwo pracy. Powinien by\u0107 uzale\u017cniony od potrzeb i oczekiwa\u0144 u\u017cytkownika.<\/p>\n\n\n\n<p>Dodatkowym atutem&nbsp;<strong>przyczepy rolniczej<\/strong>&nbsp;do mniejszych ci\u0105gnik\u00f3w b\u0119d\u0105 hamulce oraz mo\u017cliwo\u015b\u0107 kiprowania, a tak\u017ce standardowo \u015bci\u0105gane wszystkie burty. Uniwersalna&nbsp;<strong>przyczepa rolnicza<\/strong>&nbsp;z mo\u017cliwo\u015bci\u0105 kiprowania, posiada dodatkowo o\u015bwietlenie, a jej maksymalna \u0142adowno\u015b\u0107 to&nbsp;<strong>1,5T<\/strong>. Bardzo solidnie wykonana, zaczepiana do traktora za pomoc\u0105 sworznia. Posiada podp\u00f3rk\u0119 pod zaczep.<\/p>\n\n\n\n<p>W przypadku wysy\u0142ki kurierskiej, przyczepa jest do samodzielnego z\u0142o\u017cenia.<\/p>\n\n\n\n<p>*Przyczepa nie podlega rejestracji<\/p>\n\n\n\n<h4 class=\"wp-block-heading\">Specyfikacja<\/h4>\n\n\n\n<p>Stan<\/p>\n\n\n\n<p>Nowy<\/p>\n\n\n\n<p>D\u0142ugo\u015b\u0107 (mm)<\/p>\n\n\n\n<p>2150<\/p>\n\n\n\n<p>Szeroko\u015b\u0107 (mm)<\/p>\n\n\n\n<p>1100<\/p>\n\n\n\n<p>Wysoko\u015b\u0107 burt (y) (mm)<\/p>\n\n\n\n<p>400<\/p>\n\n\n\n<p>\u0141adowno\u015b\u0107 (kg)<\/p>\n\n\n\n<p>1500<\/p>\n\n\n\n<p>Waga (kg)<\/p>\n\n\n\n<p>250<\/p>\n\n\n\n<p>Kiprowanie<\/p>\n\n\n\n<p>Hydrauliczne<br>Na ty\u0142<\/p>","protected":false},"excerpt":{"rendered":"<div class=\"col-12 col-lg-4 page-product4-desc-single1\">\n<div class=\"title2\">\n<div class=\"col-6 col-sm-6 col-md-6 col-lg-6 single1\">\n<div class=\"single1-sz\">\n<div class=\"ico\">\u00a0<\/div>\n<div class=\"title1\">\n<p>Stan Nowy<\/p>\n<\/div>\n<\/div>\n<\/div>\n<div class=\"col-6 col-sm-6 col-md-6 col-lg-6 single1\">\n<div class=\"single1-sz\">\n<div class=\"title1\">\n<p>Waga (kg) 390<\/p>\n<\/div>\n<\/div>\n<\/div>\n<\/div>\n<\/div>","protected":false},"featured_media":7601,"comment_status":"open","ping_status":"closed","template":"","meta":[],"product_brand":[72],"product_cat":[63],"product_tag":[],"class_list":{"0":"post-7599","1":"product","2":"type-product","3":"status-publish","4":"has-post-thumbnail","6":"product_brand-trx","7":"product_cat-przyczepy","9":"first","10":"instock","11":"shipping-taxable","12":"purchasable","13":"product-type-simple"},"_links":{"self":[{"href":"https:\/\/plmaszyny.online\/en\/wp-json\/wp\/v2\/product\/7599","targetHints":{"allow":["GET"]}}],"collection":[{"href":"https:\/\/plmaszyny.online\/en\/wp-json\/wp\/v2\/product"}],"about":[{"href":"https:\/\/plmaszyny.online\/en\/wp-json\/wp\/v2\/types\/product"}],"replies":[{"embeddable":true,"href":"https:\/\/plmaszyny.online\/en\/wp-json\/wp\/v2\/comments?post=7599"}],"wp:featuredmedia":[{"embeddable":true,"href":"https:\/\/plmaszyny.online\/en\/wp-json\/wp\/v2\/media\/7601"}],"wp:attachment":[{"href":"https:\/\/plmaszyny.online\/en\/wp-json\/wp\/v2\/media?parent=7599"}],"wp:term":[{"taxonomy":"product_brand","embeddable":true,"href":"https:\/\/plmaszyny.online\/en\/wp-json\/wp\/v2\/product_brand?post=7599"},{"taxonomy":"product_cat","embeddable":true,"href":"https:\/\/plmaszyny.online\/en\/wp-json\/wp\/v2\/product_cat?post=7599"},{"taxonomy":"product_tag","embeddable":true,"href":"https:\/\/plmaszyny.online\/en\/wp-json\/wp\/v2\/product_tag?post=7599"}],"curies":[{"name":"wp","href":"https:\/\/api.w.org\/{rel}","templated":true}]}}