{"id":7559,"date":"2026-02-24T08:07:05","date_gmt":"2026-02-24T08:07:05","guid":{"rendered":"https:\/\/plmaszyny.online\/?post_type=product&#038;p=7559"},"modified":"2026-02-26T15:22:45","modified_gmt":"2026-02-26T15:22:45","slug":"przyczepa-rolnicza-dwuosiowa-25t-z-kiprem-i-nadstawkami-4farmer-3","status":"publish","type":"product","link":"https:\/\/plmaszyny.online\/en\/product\/przyczepa-rolnicza-dwuosiowa-25t-z-kiprem-i-nadstawkami-4farmer-3\/","title":{"rendered":"Przyczepa rolnicza dwuosiowa 2,5T z kiprem i nadstawkami 4FARMER"},"content":{"rendered":"<p>Uniwersalna&nbsp;<strong>przyczepa rolnicza<\/strong>&nbsp;to podstawowe i niezb\u0119dne narz\u0119dzie gospodarskie wykorzystywane przy ka\u017cdym rodzaju produkcji rolnej czy sadowniczej. Na rynku dost\u0119pnych mamy bardzo du\u017co modeli i marek i przeznaczane do r\u00f3\u017cnego rodzaju \u0142adunku. Najwa\u017cniejszym parametrem, na kt\u00f3ry musimy zwr\u00f3ci\u0107 uwag\u0119 przy zakupie&nbsp;<strong>przyczepy<\/strong>&nbsp;rolniczej to moc i masa w\u0142asna ci\u0105gnika, wielko\u015b\u0107 i<strong>&nbsp;\u0142adowno\u015b\u0107 przyczepy<\/strong>.<\/p>\n\n\n\n<p>Odpowiedni wyb\u00f3r&nbsp;<strong>przyczepy rolniczej<\/strong>&nbsp;ma bardzo du\u017ce znaczenie na wydajno\u015b\u0107, komfort i bezpiecze\u0144stwo pracy. Powinien by\u0107 uzale\u017cniony od potrzeb i oczekiwa\u0144 u\u017cytkownika. Wielko\u015b\u0107,&nbsp;<strong>przyczepy<\/strong>&nbsp;rodzaj, parametry ci\u0105gnika a tak\u017ce jej \u0142adowno\u015b\u0107 to informacje niezb\u0119dne przy wyborze odpowiedniej&nbsp;<strong>przyczepy<\/strong>&nbsp;do gospodarstwa.<\/p>\n\n\n\n<h3 class=\"wp-block-heading\">Uniwersalno\u015b\u0107 i niezawodno\u015b\u0107 &#8211;&nbsp;przyczepa 4FARMER<\/h3>\n\n\n\n<p>Solidnie wykonana przyczepa rolnicza, dwuosiowa z osi\u0105 zamontowan\u0105 centralnie do platformy o dopuszczalnej maksymalnej \u0142adowno\u015bci 2,5 tony oraz kiprowaniem na&nbsp;trzy strony idealnie sprawdzi si\u0119 zar\u00f3wno w gospodarstwie rolnym, jak i podczas wi\u0119kszych prac komunalnych. Dodatkowo przyczepa posiada \u015bci\u0105gane burty.<\/p>\n\n\n\n<h3 class=\"wp-block-heading\">Najwa\u017cniejsze cechy przyczepy rolniczej dwuosiowej 2,5T z kiprem 4FARMER:<\/h3>\n\n\n\n<ul class=\"wp-block-list\">\n<li>kiprowanie na 3 strony,<\/li>\n\n\n\n<li>\u015bci\u0105gane wszystkie burty (blokada sworzniami),<\/li>\n\n\n\n<li>ko\u0142o podporowe,<\/li>\n\n\n\n<li>nadstawki pe\u0142ne podwy\u017cszaj\u0105ce burty przyczepy o 37 cm.<\/li>\n<\/ul>\n\n\n\n<p>*Uwaga: Kiprowanie na boki mo\u017ce odbywa\u0107 si\u0119 tylko po wcze\u015bniejszym \u015bci\u0105gni\u0119ciu nadstawek.&nbsp;<\/p>\n\n\n\n<p>**Przyczepy wyst\u0119puj\u0105 w r\u00f3\u017cnych kolorach &#8211; czerwony, niebieski, pomara\u0144czowy, zielony, czarny.<\/p>\n\n\n\n<p>***Przyczepa nie podlega rejestracji<\/p>\n\n\n\n<h4 class=\"wp-block-heading\">Specyfikacja<\/h4>\n\n\n\n<p>Stan<\/p>\n\n\n\n<p>Nowy<\/p>\n\n\n\n<p>Produkcja<\/p>\n\n\n\n<p>Produkt polski<\/p>\n\n\n\n<p>Marka<\/p>\n\n\n\n<p>4Farmer<\/p>\n\n\n\n<p>Kolor<\/p>\n\n\n\n<p>Niebieski<\/p>\n\n\n\n<p>Wyposa\u017cenie<\/p>\n\n\n\n<p>Ko\u0142o podporowe<br>Nadstawki pe\u0142ne<\/p>\n\n\n\n<p>Wysoko\u015b\u0107 (mm)<\/p>\n\n\n\n<p>1100 (od pod\u0142o\u017ca)<\/p>\n\n\n\n<p>D\u0142ugo\u015b\u0107 ca\u0142kowita (mm)<\/p>\n\n\n\n<p>2440 (platforma)<\/p>\n\n\n\n<p>Szeroko\u015b\u0107 (mm)<\/p>\n\n\n\n<p>1240<\/p>\n\n\n\n<p>\u015arednica sworzni (a) (mm)<\/p>\n\n\n\n<p>25<\/p>\n\n\n\n<p>Wysoko\u015b\u0107 burt (y) (mm)<\/p>\n\n\n\n<p>370<br>740<\/p>\n\n\n\n<p>\u0141adowno\u015b\u0107 (kg)<\/p>\n\n\n\n<p>2500<\/p>\n\n\n\n<p>Rozmiar opon (y)<\/p>\n\n\n\n<p>20 x 10-8<\/p>\n\n\n\n<p>Szeroko\u015b\u0107 ca\u0142kowita (mm)<\/p>\n\n\n\n<p>1350<\/p>\n\n\n\n<p>Kiprowanie<\/p>\n\n\n\n<p>3 strony<br>Hydrauliczne<\/p>\n\n\n\n<p>Wymiary skrzyni \u0142adunkowej (mm)<\/p>\n\n\n\n<p>2280 x 1180 x 370 (wewn\u0119trzne)<\/p>","protected":false},"excerpt":{"rendered":"<div class=\"ico\">\u00a0<\/div>\n<div class=\"title1\">\n<p>Stan Nowy<\/p>\n<\/div>","protected":false},"featured_media":7563,"comment_status":"open","ping_status":"closed","template":"","meta":[],"product_brand":[68],"product_cat":[63],"product_tag":[],"class_list":{"0":"post-7559","1":"product","2":"type-product","3":"status-publish","4":"has-post-thumbnail","6":"product_brand-4farmer","7":"product_cat-przyczepy","9":"first","10":"instock","11":"shipping-taxable","12":"purchasable","13":"product-type-simple"},"_links":{"self":[{"href":"https:\/\/plmaszyny.online\/en\/wp-json\/wp\/v2\/product\/7559","targetHints":{"allow":["GET"]}}],"collection":[{"href":"https:\/\/plmaszyny.online\/en\/wp-json\/wp\/v2\/product"}],"about":[{"href":"https:\/\/plmaszyny.online\/en\/wp-json\/wp\/v2\/types\/product"}],"replies":[{"embeddable":true,"href":"https:\/\/plmaszyny.online\/en\/wp-json\/wp\/v2\/comments?post=7559"}],"wp:featuredmedia":[{"embeddable":true,"href":"https:\/\/plmaszyny.online\/en\/wp-json\/wp\/v2\/media\/7563"}],"wp:attachment":[{"href":"https:\/\/plmaszyny.online\/en\/wp-json\/wp\/v2\/media?parent=7559"}],"wp:term":[{"taxonomy":"product_brand","embeddable":true,"href":"https:\/\/plmaszyny.online\/en\/wp-json\/wp\/v2\/product_brand?post=7559"},{"taxonomy":"product_cat","embeddable":true,"href":"https:\/\/plmaszyny.online\/en\/wp-json\/wp\/v2\/product_cat?post=7559"},{"taxonomy":"product_tag","embeddable":true,"href":"https:\/\/plmaszyny.online\/en\/wp-json\/wp\/v2\/product_tag?post=7559"}],"curies":[{"name":"wp","href":"https:\/\/api.w.org\/{rel}","templated":true}]}}