{"id":7536,"date":"2026-02-24T07:47:44","date_gmt":"2026-02-24T07:47:44","guid":{"rendered":"https:\/\/plmaszyny.online\/?post_type=product&#038;p=7536"},"modified":"2026-02-26T15:10:28","modified_gmt":"2026-02-26T15:10:28","slug":"plug-obrotowy-po230-jednoskibowy-geograss","status":"publish","type":"product","link":"https:\/\/plmaszyny.online\/en\/product\/plug-obrotowy-po230-jednoskibowy-geograss\/","title":{"rendered":"P\u0142ug obrotowy PO230 jednoskibowy Geograss"},"content":{"rendered":"<p>Lekki&nbsp;<strong>p\u0142ug<\/strong>&nbsp;z obracanymi sekcjami \u2013 odk\u0142ada skib\u0119 zar\u00f3wno na praw\u0105 jak i na lew\u0105 stron\u0119.<\/p>\n\n\n\n<p>Idealnie nadaje si\u0119 do ma\u0142ych traktor\u00f3w. Obracane zamiennie sekcje pozwalaj\u0105 na szybkie wykonanie&nbsp;<strong>orki<\/strong>&nbsp;r\u00f3wnie\u017c w ciasnych miejscach gdzie trudno utrzyma\u0107 tradycyjny system redlin.<\/p>\n\n\n\n<p><strong>P\u0142ug obrotowy PO230 Geograss<\/strong>&nbsp;posiada 3-punktowy zaczep Kat 1 oraz regulowan\u0105 wysoko\u015b\u0107 za pomoc\u0105&nbsp;<strong>ko\u0142a podporowego<\/strong>. Minimalna moc ci\u0105gnika potrzebna do prawid\u0142owej pracy&nbsp;<strong>p\u0142uga<\/strong>&nbsp;to 14K. Dobrze sprawdzi si\u0119 przy wykonywaniu&nbsp;<strong>podorywek<\/strong>&nbsp;i&nbsp;<strong>orek \u015brednich<\/strong>, stworzony z my\u015bl\u0105 o pracy na ma\u0142ych i nieregularnych dzia\u0142kach.<\/p>\n\n\n\n<h4 class=\"wp-block-heading\">Specyfikacja<\/h4>\n\n\n\n<p>Stan<\/p>\n\n\n\n<p>Nowy<\/p>\n\n\n\n<p>Marka<\/p>\n\n\n\n<p>Geograss<\/p>\n\n\n\n<p>TUZ<\/p>\n\n\n\n<p>3 &#8211; punktowy<br>KAT I<\/p>\n\n\n\n<p>Waga (kg)<\/p>\n\n\n\n<p>80<\/p>","protected":false},"excerpt":{"rendered":"<div class=\"col-12 col-lg-4 page-product4-desc-single1\">\n<div class=\"title2\">\n<div class=\"page-product-brand\">\n<div class=\"product-manufacturer\">\n<div class=\"product-brand-bottom\">\u00a0<\/div>\n<\/div>\n<\/div>\n<div class=\"page-product-spec\">\n<div class=\"row\">\n<div class=\"col-6 col-sm-6 col-md-6 col-lg-6 single1\">\n<div class=\"single1-sz\">\n<div class=\"title1\">\n<p>Stan Nowy<\/p>\n<\/div>\n<\/div>\n<\/div>\n<div class=\"col-6 col-sm-6 col-md-6 col-lg-6 single1\">\n<div class=\"single1-sz\">\n<div class=\"title1\">\n<p>Waga (kg) 80<\/p>\n<\/div>\n<\/div>\n<\/div>\n<\/div>\n<\/div>\n<\/div>\n<\/div>","protected":false},"featured_media":7540,"comment_status":"open","ping_status":"closed","template":"","meta":[],"product_brand":[73],"product_cat":[61],"product_tag":[],"class_list":{"0":"post-7536","1":"product","2":"type-product","3":"status-publish","4":"has-post-thumbnail","6":"product_brand-geograss","7":"product_cat-maszyny-rolnicze","9":"first","10":"instock","11":"shipping-taxable","12":"purchasable","13":"product-type-simple"},"_links":{"self":[{"href":"https:\/\/plmaszyny.online\/en\/wp-json\/wp\/v2\/product\/7536","targetHints":{"allow":["GET"]}}],"collection":[{"href":"https:\/\/plmaszyny.online\/en\/wp-json\/wp\/v2\/product"}],"about":[{"href":"https:\/\/plmaszyny.online\/en\/wp-json\/wp\/v2\/types\/product"}],"replies":[{"embeddable":true,"href":"https:\/\/plmaszyny.online\/en\/wp-json\/wp\/v2\/comments?post=7536"}],"wp:featuredmedia":[{"embeddable":true,"href":"https:\/\/plmaszyny.online\/en\/wp-json\/wp\/v2\/media\/7540"}],"wp:attachment":[{"href":"https:\/\/plmaszyny.online\/en\/wp-json\/wp\/v2\/media?parent=7536"}],"wp:term":[{"taxonomy":"product_brand","embeddable":true,"href":"https:\/\/plmaszyny.online\/en\/wp-json\/wp\/v2\/product_brand?post=7536"},{"taxonomy":"product_cat","embeddable":true,"href":"https:\/\/plmaszyny.online\/en\/wp-json\/wp\/v2\/product_cat?post=7536"},{"taxonomy":"product_tag","embeddable":true,"href":"https:\/\/plmaszyny.online\/en\/wp-json\/wp\/v2\/product_tag?post=7536"}],"curies":[{"name":"wp","href":"https:\/\/api.w.org\/{rel}","templated":true}]}}