{"id":7531,"date":"2026-02-24T07:45:54","date_gmt":"2026-02-24T07:45:54","guid":{"rendered":"https:\/\/plmaszyny.online\/?post_type=product&#038;p=7531"},"modified":"2026-02-26T15:10:46","modified_gmt":"2026-02-26T15:10:46","slug":"plug-dwuskibowy-z-kolem-podporowym-demarol","status":"publish","type":"product","link":"https:\/\/plmaszyny.online\/en\/product\/plug-dwuskibowy-z-kolem-podporowym-demarol\/","title":{"rendered":"P\u0142ug dwuskibowy z ko\u0142em podporowym Demarol"},"content":{"rendered":"<h2 class=\"wp-block-heading\">Rodzaje orki i p\u0142ug\u00f3w do orania<\/h2>\n\n\n\n<p>Dla prawid\u0142owego wzrostu ro\u015blin i upraw oraz efektywnych zbior\u00f3w jednym z najwa\u017cniejszych zabieg\u00f3w jest&nbsp;<strong>oranie ziemi<\/strong>. Ork\u0119 wykonuj\u0119 si\u0119 po zako\u0144czeniu zbior\u00f3w przed zim\u0105 (bardziej efektywna), ale r\u00f3wnie\u017c na wiosn\u0119 przed rozpocz\u0119ciem&nbsp;wysiewu czy sadzenia. Podstawow\u0105 funkcj\u0105 zabiegu orania ziemi jest&nbsp;<strong>spulchnienie gleby<\/strong>, zniszczenie chwast\u00f3w czy<strong>&nbsp;mieszanie gleby<\/strong>&nbsp;i s\u0142u\u017c\u0105 do tego w\u0142a\u015bnie r\u00f3\u017cnego rodzaju&nbsp;<strong>p\u0142ugi do orania<\/strong>. Bez wzgl\u0119du na rodzaj u\u017cytego p\u0142uga rozr\u00f3\u017cniamy trzy g\u0142\u00f3wne rodzaje orki tj. zasadnicz\u0105, uzupe\u0142niaj\u0105c\u0105 i ork\u0119 specjaln\u0105, w kt\u00f3rych&nbsp;wyst\u0119puj\u0105 r\u00f3\u017cne podrodzaje takie jak:<\/p>\n\n\n\n<ul class=\"wp-block-list\">\n<li>orka podorywkowa,<\/li>\n\n\n\n<li>orka przedzimowa,<\/li>\n\n\n\n<li>orka siewna,<\/li>\n\n\n\n<li>orka przykrywaj\u0105ca,<\/li>\n\n\n\n<li>orka wiosenna,<\/li>\n<\/ul>\n\n\n\n<p>dla najbardziej konwencjonalnej metody uprawy gleby&nbsp;podstawowym urz\u0105dzeniem jest&nbsp;<strong>p\u0142ug orny<\/strong>. Podstawowe p\u0142ugi do orania ziemi&nbsp;dzielimy na p\u0142ugi ze wzgl\u0119du na budow\u0119:<\/p>\n\n\n\n<ul class=\"wp-block-list\">\n<li><strong>p\u0142ug lemieszowy<\/strong>,<\/li>\n\n\n\n<li>p\u0142ug talerzowy,<\/li>\n<\/ul>\n\n\n\n<p>ze wzgl\u0119du na spos\u00f3b orania ziemi:<\/p>\n\n\n\n<ul class=\"wp-block-list\">\n<li><strong>p\u0142ug zagonowy<\/strong>,<\/li>\n\n\n\n<li>p\u0142ug bez zagonowy (obrotowy),<\/li>\n<\/ul>\n\n\n\n<p>i ze wzgl\u0119du na spos\u00f3b&nbsp;po\u0142\u0105czenia z&nbsp;ci\u0105gnikiem:<\/p>\n\n\n\n<ul class=\"wp-block-list\">\n<li><strong>p\u0142ug zawieszany (TUZ)<\/strong>,<\/li>\n\n\n\n<li>p\u0142ug p\u00f3\u0142 zawieszany (TUZ + ko\u0142o (a) jezdne),<\/li>\n\n\n\n<li>p\u0142ug przyczepiany (ci\u0105gni\u0119te na w\u0142asnych ko\u0142ach).<\/li>\n<\/ul>\n\n\n\n<p><strong>P\u0142ug zagonowy dwuskibowy Demarol<\/strong>&nbsp;to p\u0142ug, kt\u00f3ry sk\u0142ada si\u0119 z lemiesza, s\u0142upicy i odk\u0142adnicy oraz ko\u0142a podporowego i jest to&nbsp;<strong>p\u0142ug<\/strong>, kt\u00f3ry zawiesza si\u0119 do ci\u0105gnika na zaczep 3-punktowey&nbsp;<strong>Kat I<\/strong>.&nbsp;Czerwony<strong>&nbsp;p\u0142ug Demarol&nbsp;<\/strong>to&nbsp;<strong>p\u0142ug z regulacj\u0105<\/strong>&nbsp;boczn\u0105 co pozwala na przesuni\u0119cie poziome p\u0142uga wzgl\u0119dem osi ci\u0105gnika, regulacje wzd\u0142u\u017cna oraz posiada regulowan\u0105 wysoko\u015b\u0107&nbsp;po\u0142o\u017cenia ko\u0142a podporowego.<\/p>\n\n\n\n<h3 class=\"wp-block-heading\">Podstawowe informacje o Demarol p\u0142ug dwuskibowy zagonowy z regulacj\u0105::<\/h3>\n\n\n\n<ul class=\"wp-block-list\">\n<li>d\u0142ugo\u015b\u0107: 1200 mm,<\/li>\n\n\n\n<li>szeroko\u015b\u0107: 800 mm,<\/li>\n\n\n\n<li>wysoko\u015b\u0107: 970 mm,<\/li>\n\n\n\n<li>lemiesz: 700 x 400 mm,<\/li>\n\n\n\n<li>d\u0142ugo\u015b\u0107 sworzni: 77 mm,<\/li>\n\n\n\n<li>\u015brednica sworzni: 23 mm,<\/li>\n\n\n\n<li>waga: 85 kg.<\/li>\n<\/ul>\n\n\n\n<p><strong>Regulacja p\u0142uga Demarol<\/strong>&nbsp;mo\u017cliwa jest w dw\u00f3ch p\u0142aszczyznach pionowej i poziomej (poprzecznej i wzd\u0142u\u017cnej). Pierwsza odpowiada za przesuni\u0119cie boczne wzgl\u0119dem osi ci\u0105gnika a druga regulacja pod\u0142u\u017cne za zmian\u0119 k\u0105ta ustawienia ramy p\u0142uga wzgl\u0119dem ziemi, co powoduje zmian\u0119 nacisku p\u0142ozy na bruzd\u0119, co bezpo\u015brednio odpowiada za niewielkie zmniejszenie lub zwi\u0119kszenie szeroko\u015bci orki.<\/p>\n\n\n\n<p>Dok\u0142adny opis i spos\u00f3b regulacji p\u0142uga&nbsp;<strong>Demarol<\/strong>&nbsp;jest&nbsp;przedstawiony w instrukcji obs\u0142ugi do\u0142\u0105czonej do p\u0142uga wraz z kart\u0105 gwarancyjn\u0105 i&nbsp;katalogiem cz\u0119\u015bci zamiennych.<\/p>\n\n\n\n<h4 class=\"wp-block-heading\">Specyfikacja<\/h4>\n\n\n\n<p>Stan<\/p>\n\n\n\n<p>Nowy<\/p>\n\n\n\n<p>Marka<\/p>\n\n\n\n<p>Demarol<\/p>\n\n\n\n<p>Kolor<\/p>\n\n\n\n<p>Czerwony<\/p>\n\n\n\n<p>D\u0142ugo\u015b\u0107 (mm)<\/p>\n\n\n\n<p>1200<\/p>\n\n\n\n<p>Wysoko\u015b\u0107 (mm)<\/p>\n\n\n\n<p>970<\/p>\n\n\n\n<p>Szeroko\u015b\u0107 (mm)<\/p>\n\n\n\n<p>800<\/p>\n\n\n\n<p>Wymiary (mm)<\/p>\n\n\n\n<p>400 x 700 (lemiesz)<\/p>\n\n\n\n<p>Waga (kg)<\/p>\n\n\n\n<p>85<\/p>\n\n\n\n<p>D\u0142ugo\u015b\u0107 sworzni (a) (mm)<\/p>\n\n\n\n<p>77<\/p>\n\n\n\n<p>\u015arednica sworzni (mm)<\/p>\n\n\n\n<p>23<\/p>","protected":false},"excerpt":{"rendered":"<div class=\"col-12 col-lg-4 page-product4-desc-single1\">\n<div class=\"title2\">\n<div class=\"col-6 col-sm-6 col-md-6 col-lg-6 single1\">\n<div class=\"single1-sz\">\n<div class=\"ico\">\u00a0<\/div>\n<div class=\"title1\">\n<p>Stan Nowy<\/p>\n<\/div>\n<\/div>\n<\/div>\n<div class=\"col-6 col-sm-6 col-md-6 col-lg-6 single1\">\n<div class=\"single1-sz\">\n<div class=\"title1\">\n<p>Waga (kg) 85<\/p>\n<\/div>\n<\/div>\n<\/div>\n<\/div>\n<\/div>","protected":false},"featured_media":7535,"comment_status":"open","ping_status":"closed","template":"","meta":[],"product_brand":[76],"product_cat":[61],"product_tag":[],"class_list":{"0":"post-7531","1":"product","2":"type-product","3":"status-publish","4":"has-post-thumbnail","6":"product_brand-demarol","7":"product_cat-maszyny-rolnicze","9":"first","10":"instock","11":"shipping-taxable","12":"purchasable","13":"product-type-simple"},"_links":{"self":[{"href":"https:\/\/plmaszyny.online\/en\/wp-json\/wp\/v2\/product\/7531","targetHints":{"allow":["GET"]}}],"collection":[{"href":"https:\/\/plmaszyny.online\/en\/wp-json\/wp\/v2\/product"}],"about":[{"href":"https:\/\/plmaszyny.online\/en\/wp-json\/wp\/v2\/types\/product"}],"replies":[{"embeddable":true,"href":"https:\/\/plmaszyny.online\/en\/wp-json\/wp\/v2\/comments?post=7531"}],"wp:featuredmedia":[{"embeddable":true,"href":"https:\/\/plmaszyny.online\/en\/wp-json\/wp\/v2\/media\/7535"}],"wp:attachment":[{"href":"https:\/\/plmaszyny.online\/en\/wp-json\/wp\/v2\/media?parent=7531"}],"wp:term":[{"taxonomy":"product_brand","embeddable":true,"href":"https:\/\/plmaszyny.online\/en\/wp-json\/wp\/v2\/product_brand?post=7531"},{"taxonomy":"product_cat","embeddable":true,"href":"https:\/\/plmaszyny.online\/en\/wp-json\/wp\/v2\/product_cat?post=7531"},{"taxonomy":"product_tag","embeddable":true,"href":"https:\/\/plmaszyny.online\/en\/wp-json\/wp\/v2\/product_tag?post=7531"}],"curies":[{"name":"wp","href":"https:\/\/api.w.org\/{rel}","templated":true}]}}