{"id":7526,"date":"2026-02-24T07:40:19","date_gmt":"2026-02-24T07:40:19","guid":{"rendered":"https:\/\/plmaszyny.online\/?post_type=product&#038;p=7526"},"modified":"2026-02-26T15:11:10","modified_gmt":"2026-02-26T15:11:10","slug":"sadzarka-uniwersalna-do-rozsady-lapkowa-dwurzedowa-su2-160-cm-terol","status":"publish","type":"product","link":"https:\/\/plmaszyny.online\/en\/product\/sadzarka-uniwersalna-do-rozsady-lapkowa-dwurzedowa-su2-160-cm-terol\/","title":{"rendered":"Sadzarka uniwersalna do rozsady \u0142apkowa dwurz\u0119dowa SU2 160 cm Terol"},"content":{"rendered":"<p>Dzi\u0119ki mo\u017cliwo\u015bciom wsp\u00f3\u0142czesnej produkcji&nbsp;<strong>maszyn rolniczych<\/strong>, a tak\u017ce post\u0119powi techniki, praca w&nbsp;<strong>gospodarstwie rolnym<\/strong>&nbsp;staje si\u0119 mniej obci\u0105\u017caj\u0105ca i bardziej zautomatyzowana. Dla wielu gospodarstw rolniczych nieocenione s\u0105&nbsp;<strong>maszyny rolnicze<\/strong>&nbsp;pozwalaj\u0105ce zaoszcz\u0119dzi\u0107 czas i uzyska\u0107 lepsz\u0105 efektywno\u015b\u0107 wykonywanej pracy.<\/p>\n\n\n\n<h2 class=\"wp-block-heading\">Czym jest sadzarka do rozsady?<\/h2>\n\n\n\n<p>S\u0142u\u017cy ona do sadzenia wszelkiego rodzaju rozsad niedoniczkowych o wysoko\u015bciach 8 \u2013 80 cm w uprawach polowych. Wysadzanie rozsad z pojemnik\u00f3w wielodoniczkowych mo\u017ce odbywa\u0107 si\u0119 w dowolnie wybranej szeroko\u015bci mi\u0119dzyrz\u0119dzi w zale\u017cno\u015bci od wymaga\u0144 uprawy. Z pomoc\u0105 sadzarki mo\u017cemy sadzi\u0107&nbsp;<strong>uprawy truskawki<\/strong>, kapusty, selera, pora, broku\u0142a, papryki, tytoniu oraz k\u0142\u0105czy i korzeni, r\u00f3\u017c oraz krzew\u00f3w.<\/p>\n\n\n\n<h3 class=\"wp-block-heading\">Jak wyposa\u017cona jest Sadzarka uniwersalna do rozsady \u0142apkowa dwurz\u0119dowa SU2 160 cm Terol?<\/h3>\n\n\n\n<p>Model SU2 jest to sadzarka zbudowana w uk\u0142adzie dwurz\u0119dowym, posiada ram\u0119 no\u015bn\u0105 o d\u0142ugo\u015bci 160 cm osadzon\u0105 na ko\u0142ach podporowych z dwiema sekcjami. Na ka\u017cdej z sekcji znajduje si\u0119 5 chwytak\u00f3w \u0142apkowych. S\u0105 to chwytaki gumowe samozaciskowe. Ten model pozwala sadzi\u0107 na g\u0142\u0119boko\u015bci 5 \u2013 25 cm.<\/p>\n\n\n\n<p>Dodatkowo maszyna ta wyposa\u017cona jest w kroje tarczowe zamontowane na redlicy. Dla wygody sadzarka posiada dwa blaty na rozsad\u0119 oraz st\u00f3\u0142. Mamy do wyboru trzy zakresy pr\u0119dko\u015bci tarczy \u2013 przyspieszanie i op\u00f3\u017anianie.<\/p>\n\n\n\n<p><strong>Sadzarka dwurz\u0119dowa<\/strong>&nbsp;to idealna maszyna, aby usprawni\u0107 prace polowe, ale tak\u017ce zaoszcz\u0119dzi\u0107 czas i skutecznie wykona\u0107 rozsad\u0119 z pojemnik\u00f3w.<\/p>\n\n\n\n<h4 class=\"wp-block-heading\">Specyfikacja<\/h4>\n\n\n\n<p>Stan<\/p>\n\n\n\n<p>Nowy<\/p>\n\n\n\n<p>Marka<\/p>\n\n\n\n<p>Terol<\/p>\n\n\n\n<p>Wyposa\u017cenie<\/p>\n\n\n\n<p>Ko\u0142a podporowe<br>Kroje<br>St\u00f3\u0142<\/p>\n\n\n\n<p>Waga (kg)<\/p>\n\n\n\n<p>210<\/p>\n\n\n\n<p>G\u0142\u0119boko\u015b\u0107 robocza (mm)<\/p>\n\n\n\n<p>50 &#8211; 250<\/p>\n\n\n\n<p>Ilo\u015b\u0107 chwytak\u00f3w na sekcji<\/p>\n\n\n\n<p>5<\/p>\n\n\n\n<p>Odst\u0119p ro\u015bliny w rz\u0119dzie (mm)<\/p>\n\n\n\n<p>80-2000<\/p>","protected":false},"excerpt":{"rendered":"<div class=\"col-12 col-lg-4 page-product4-desc-single1\">\n<div class=\"title2\">\n<div class=\"col-6 col-sm-6 col-md-6 col-lg-6 single1\">\n<div class=\"single1-sz\">\n<div class=\"ico\">\u00a0<\/div>\n<div class=\"title1\">\n<p>Stan Nowy<\/p>\n<\/div>\n<\/div>\n<\/div>\n<div class=\"col-6 col-sm-6 col-md-6 col-lg-6 single1\">\n<div class=\"single1-sz\">\n<div class=\"title1\">\n<p>Waga (kg) 210<\/p>\n<\/div>\n<\/div>\n<\/div>\n<\/div>\n<\/div>","protected":false},"featured_media":7530,"comment_status":"open","ping_status":"closed","template":"","meta":[],"product_brand":[84],"product_cat":[61],"product_tag":[],"class_list":{"0":"post-7526","1":"product","2":"type-product","3":"status-publish","4":"has-post-thumbnail","6":"product_brand-terol","7":"product_cat-maszyny-rolnicze","9":"first","10":"instock","11":"shipping-taxable","12":"purchasable","13":"product-type-simple"},"_links":{"self":[{"href":"https:\/\/plmaszyny.online\/en\/wp-json\/wp\/v2\/product\/7526","targetHints":{"allow":["GET"]}}],"collection":[{"href":"https:\/\/plmaszyny.online\/en\/wp-json\/wp\/v2\/product"}],"about":[{"href":"https:\/\/plmaszyny.online\/en\/wp-json\/wp\/v2\/types\/product"}],"replies":[{"embeddable":true,"href":"https:\/\/plmaszyny.online\/en\/wp-json\/wp\/v2\/comments?post=7526"}],"wp:featuredmedia":[{"embeddable":true,"href":"https:\/\/plmaszyny.online\/en\/wp-json\/wp\/v2\/media\/7530"}],"wp:attachment":[{"href":"https:\/\/plmaszyny.online\/en\/wp-json\/wp\/v2\/media?parent=7526"}],"wp:term":[{"taxonomy":"product_brand","embeddable":true,"href":"https:\/\/plmaszyny.online\/en\/wp-json\/wp\/v2\/product_brand?post=7526"},{"taxonomy":"product_cat","embeddable":true,"href":"https:\/\/plmaszyny.online\/en\/wp-json\/wp\/v2\/product_cat?post=7526"},{"taxonomy":"product_tag","embeddable":true,"href":"https:\/\/plmaszyny.online\/en\/wp-json\/wp\/v2\/product_tag?post=7526"}],"curies":[{"name":"wp","href":"https:\/\/api.w.org\/{rel}","templated":true}]}}