{"id":7522,"date":"2026-02-24T07:35:01","date_gmt":"2026-02-24T07:35:01","guid":{"rendered":"https:\/\/plmaszyny.online\/?post_type=product&#038;p=7522"},"modified":"2026-02-26T15:11:25","modified_gmt":"2026-02-26T15:11:25","slug":"sadzarka-dwurzedowa-do-sadzenia-roslin-bulwiastych-bomet","status":"publish","type":"product","link":"https:\/\/plmaszyny.online\/en\/product\/sadzarka-dwurzedowa-do-sadzenia-roslin-bulwiastych-bomet\/","title":{"rendered":"Sadzarka dwurz\u0119dowa do sadzenia ro\u015blin bulwiastych Bomet"},"content":{"rendered":"<p><strong>Sadzarka<\/strong>&nbsp;zawieszana jest na zaczep TUZ&nbsp;traktora Kat I i Kat II, a mechanizm, kt\u00f3ry jest odpowiedzialny za&nbsp;<strong>sadzenie&nbsp;ziemniak\u00f3w&nbsp;<\/strong>jest&nbsp;nap\u0119dzany ko\u0142ami&nbsp;<strong>sadzarki<\/strong>&nbsp;podczas jazdy ci\u0105gnika.&nbsp;<strong>Sadzarka<\/strong>&nbsp;sk\u0142ada si\u0119 ze zbiornika osadzanego na ramie, do kt\u00f3rej przykr\u0119cone s\u0105 redlice i p\u0142ugi zagarniaj\u0105ce ziemie.<\/p>\n\n\n\n<p>Podczas jazdy ci\u0105gnika, ko\u0142a&nbsp;<strong>sadzarki<\/strong>&nbsp;wprawiaj\u0105 w ruch ko\u0142o z\u0119bate na kt\u00f3rym zaczepiony jest \u0142a\u0144cuch z chwytakami znajduj\u0105cy si\u0119 wewn\u0105trz zbiornika. Pionowo unoszone ziemniaki na okr\u0105g\u0142ych chwytakach spadaj\u0105 nast\u0119pnie do rowka zrobionego wcze\u015bniej redlic\u0105 i zagarni\u0119te ziemia poprzez specjalne zgarniacze.&nbsp;<\/p>\n\n\n\n<p>Odleg\u0142o\u015b\u0107 wysadzania mo\u017cemy regulowa\u0107, zmieniaj\u0105c wielko\u015b\u0107 metalowych k\u00f3\u0142&nbsp;<strong>sadzarki<\/strong>.<\/p>\n\n\n\n<h4 class=\"wp-block-heading\">Specyfikacja<\/h4>\n\n\n\n<p>Stan<\/p>\n\n\n\n<p>Nowy<\/p>\n\n\n\n<p>Marka<\/p>\n\n\n\n<p>Bomet<\/p>\n\n\n\n<p>Minimalna wymagana moc ci\u0105gnika (KM HP PS)<\/p>\n\n\n\n<p>28<\/p>\n\n\n\n<p>TUZ<\/p>\n\n\n\n<p>3 &#8211; punktowy<br>KAT I<br>KAT II<\/p>\n\n\n\n<p>Pojemno\u015b\u0107 (kg)<\/p>\n\n\n\n<p>180<\/p>\n\n\n\n<p>Waga (kg)<\/p>\n\n\n\n<p>210<\/p>\n\n\n\n<p>G\u0142\u0119boko\u015b\u0107 robocza (mm)<\/p>\n\n\n\n<p>100 &#8211; 150<\/p>","protected":false},"excerpt":{"rendered":"<div class=\"col-12 col-lg-4 page-product4-desc-single1\">\n<div class=\"title1\">\n<div class=\"col-6 col-sm-6 col-md-6 col-lg-6 single1\">\n<div class=\"single1-sz\">\n<div class=\"ico\">\u00a0<\/div>\n<div class=\"title1\">\n<p>Stan Nowy<\/p>\n<\/div>\n<\/div>\n<\/div>\n<div class=\"col-6 col-sm-6 col-md-6 col-lg-6 single1\">\n<div class=\"single1-sz\">\n<div class=\"title1\">\n<p>Minimalna wymagana moc ci\u0105gnika (KM HP PS) 28<\/p>\n<\/div>\n<\/div>\n<\/div>\n<div class=\"col-6 col-sm-6 col-md-6 col-lg-6 single1\">\n<div class=\"single1-sz\">\n<div class=\"title1\">\n<p>Waga (kg) 210<\/p>\n<\/div>\n<\/div>\n<\/div>\n<\/div>\n<\/div>","protected":false},"featured_media":7525,"comment_status":"open","ping_status":"closed","template":"","meta":[],"product_brand":[82],"product_cat":[61],"product_tag":[],"class_list":{"0":"post-7522","1":"product","2":"type-product","3":"status-publish","4":"has-post-thumbnail","6":"product_brand-bomet","7":"product_cat-maszyny-rolnicze","9":"first","10":"instock","11":"shipping-taxable","12":"purchasable","13":"product-type-simple"},"_links":{"self":[{"href":"https:\/\/plmaszyny.online\/en\/wp-json\/wp\/v2\/product\/7522","targetHints":{"allow":["GET"]}}],"collection":[{"href":"https:\/\/plmaszyny.online\/en\/wp-json\/wp\/v2\/product"}],"about":[{"href":"https:\/\/plmaszyny.online\/en\/wp-json\/wp\/v2\/types\/product"}],"replies":[{"embeddable":true,"href":"https:\/\/plmaszyny.online\/en\/wp-json\/wp\/v2\/comments?post=7522"}],"wp:featuredmedia":[{"embeddable":true,"href":"https:\/\/plmaszyny.online\/en\/wp-json\/wp\/v2\/media\/7525"}],"wp:attachment":[{"href":"https:\/\/plmaszyny.online\/en\/wp-json\/wp\/v2\/media?parent=7522"}],"wp:term":[{"taxonomy":"product_brand","embeddable":true,"href":"https:\/\/plmaszyny.online\/en\/wp-json\/wp\/v2\/product_brand?post=7522"},{"taxonomy":"product_cat","embeddable":true,"href":"https:\/\/plmaszyny.online\/en\/wp-json\/wp\/v2\/product_cat?post=7522"},{"taxonomy":"product_tag","embeddable":true,"href":"https:\/\/plmaszyny.online\/en\/wp-json\/wp\/v2\/product_tag?post=7522"}],"curies":[{"name":"wp","href":"https:\/\/api.w.org\/{rel}","templated":true}]}}