{"id":7520,"date":"2026-02-24T07:28:55","date_gmt":"2026-02-24T07:28:55","guid":{"rendered":"https:\/\/plmaszyny.online\/?post_type=product&#038;p=7520"},"modified":"2026-02-26T15:11:39","modified_gmt":"2026-02-26T15:11:39","slug":"opryskiwacz-sadowniczy-tl400s-ps60-jagodnik-14-400l-tad-len","status":"publish","type":"product","link":"https:\/\/plmaszyny.online\/en\/product\/opryskiwacz-sadowniczy-tl400s-ps60-jagodnik-14-400l-tad-len\/","title":{"rendered":"Opryskiwacz sadowniczy TL400S-PS60 &#8222;Jagodnik 14&#8221; 400L Tad-Len"},"content":{"rendered":"<p><strong>Opryskiwacz sadowniczy<\/strong>&nbsp;to podstawowe narz\u0119dzie ka\u017cdego ogrodnika. S\u0142u\u017cy do rozpylania \u015brodk\u00f3w ochrony ro\u015blin, nawadniania oraz nawo\u017cenia dolistnego To tak\u017ce urz\u0105dzenie niezb\u0119dne do walki z uci\u0105\u017cliwymi szkodnikami naszych upraw, jak r\u00f3wnie\u017c do zwalczania na du\u017cych powierzchniach insekt\u00f3w uci\u0105\u017cliwych dla ludzi i zwierz\u0105t.<\/p>\n\n\n\n<p>Bogata oferta produkt\u00f3w dost\u0119pnych na rynku sprawia, \u017ce zakup odpowiedniego urz\u0105dzenia staje si\u0119 nie lada wyzwaniem. Dlatego decyduj\u0105c si\u0119 na zakup&nbsp;<strong>opryskiwacza<\/strong>&nbsp;do naszego gospodarstwa musimy dopasowa\u0107 sprz\u0119t do swoich potrzeb. Nale\u017cy wzi\u0105\u0107 pod uwag\u0119 powierzchni\u0119 uprawy oraz ilo\u015b\u0107 wykonywanych zabieg\u00f3w. W naszym klimacie, gdzie cz\u0119sto wyst\u0119puj\u0105 przymrozki wiosenne opryskiwacz ogrodniczy doskonale sprawdza si\u0119 przy zamg\u0142awianiu, chroni\u0105c plony przed przemarzaniem.<\/p>\n\n\n\n<h2 class=\"wp-block-heading\">Opryskiwacz sadowniczy TL400S-PS60 &#8222;Jagodnik 14&#8221; 400L Tad-Len &#8211; najwa\u017cniejsze informacje<\/h2>\n\n\n\n<p>Jest to model sadowniczy z przystawk\u0105&nbsp;wentylatorow\u0105 okr\u0105g\u0142\u0105 (model 4028) oraz dodatkowo wyposa\u017cony w kolumn\u0119 &#8222;Jagodnik 14&#8221; (KOLUMNA \u201e14\u201d). Model ten posiada pojemno\u015b\u0107 400L, wyposa\u017cony jest w ko\u0144c\u00f3wki&nbsp;standardowe w ilo\u015bci 14 szt. po 7 szt. z obydwu stron kolumny.<\/p>\n\n\n\n<p>Opryskiwacz wyposa\u017cony jest w pomp\u0119 przeponowo &#8211; t\u0142okow\u0105 Monsun PS60 (Tad-Len 20). Jest to pompa dwucylindrowa, \u0142o\u017cyskowana na \u0142o\u017cyskach tocznych i \u015blizgowych. Wykonana jest ze stopu aluminium, tworzyw sztucznych oraz dobrego gatunku stali, co czyni j\u0105 odporn\u0105 na korozyjne dzia\u0142anie nawoz\u00f3w oraz \u015brodk\u00f3w ochrony ro\u015blin. Pompa z dwiema ko\u0144c\u00f3wkami wielowypustowymi wa\u0142u, przeznaczona jest dla opryskiwaczy sadowniczych. Przy 540 obr\/min wydajno\u015b\u0107 pompy to 110 l\/min.<\/p>\n\n\n\n<h2 class=\"wp-block-heading\">Opryskiwacze sadownicze&nbsp;przystosowane s\u0105 do nawo\u017cenia oraz realizowania specjalistycznych zabieg\u00f3w ochrony ro\u015blin.<\/h2>\n\n\n\n<p><strong>Marka Tad-Len&nbsp;<\/strong>oferuje<strong>&nbsp;opryskiwacze<\/strong>&nbsp;z mo\u017cliwo\u015bci\u0105 wyboru odpowiedniej&nbsp;<strong>przystawki,&nbsp;<\/strong>pojemno\u015bci zbiornika, oraz typu ko\u0144c\u00f3wek. Wszystko to aby jak najlepiej dopasowa\u0107 urz\u0105dzenie do indywidualnych potrzeb klienta.<\/p>\n\n\n\n<h2 class=\"wp-block-heading\">Oferowane&nbsp;maszyny s\u0105 niezawodne i \u0142atwe w obs\u0142udze, a tak\u017ce spe\u0142niaj\u0105 europejskie wymogi bezpiecze\u0144stwa.<\/h2>\n\n\n\n<p><strong>Opryskiwacz sadowniczy<\/strong>&nbsp;<strong>zawieszany<\/strong>&nbsp;mo\u017ce mie\u0107 tak\u017ce pojemno\u015b\u0107 zbiornika 500l, 600l , 800l, 1000l.<\/p>\n\n\n\n<p>Istnieje mo\u017cliwo\u015b\u0107 wyboru innej przystawki sadowniczej:<\/p>\n\n\n\n<ul class=\"wp-block-list\">\n<li>przystawka tradycyjna do sadu<\/li>\n\n\n\n<li>przystawka kolumnowa do ro\u015blin jagodowych\u00a0<\/li>\n\n\n\n<li>przystawka kolumnowa do ro\u015blin jagodowych i do niskich drzew.<\/li>\n<\/ul>\n\n\n\n<h4 class=\"wp-block-heading\">Specyfikacja<\/h4>\n\n\n\n<p>Stan<\/p>\n\n\n\n<p>Nowy<\/p>\n\n\n\n<p>Pojemno\u015b\u0107 (L)<\/p>\n\n\n\n<p>400<\/p>\n\n\n\n<p>Waga (kg)<\/p>\n\n\n\n<p>230<\/p>\n\n\n\n<p>Pr\u0119dko\u015b\u0107 transportowa (km\/h)<\/p>\n\n\n\n<p>20<\/p>\n\n\n\n<p>Szeroko\u015b\u0107 ca\u0142kowita (mm)<\/p>\n\n\n\n<p>1500<\/p>\n\n\n\n<p>Liczba rozpylaczy (szt.)<\/p>\n\n\n\n<p>14<\/p>\n\n\n\n<p>Nominalna wydajno\u015b\u0107 pompy (L\/min)<\/p>\n\n\n\n<p>60<\/p>\n\n\n\n<p>Nacisk na zaczep (kg)<\/p>\n\n\n\n<p>750<\/p>\n\n\n\n<p>Zapotrzebowanie mocy (kW)<\/p>\n\n\n\n<p>8,8<\/p>\n\n\n\n<p>Zaw\u00f3r steruj\u0105cy<\/p>\n\n\n\n<p>ZSF<\/p>","protected":false},"excerpt":{"rendered":"<div class=\"col-12 col-lg-4 page-product4-desc-single1\">\n<div class=\"title2\">\n<div class=\"col-6 col-sm-6 col-md-6 col-lg-6 single1\">\n<div class=\"single1-sz\">\n<div class=\"ico\">\u00a0<\/div>\n<div class=\"title1\">\n<p>Stan Nowy<\/p>\n<\/div>\n<\/div>\n<\/div>\n<div class=\"col-6 col-sm-6 col-md-6 col-lg-6 single1\">\n<div class=\"single1-sz\">\n<div class=\"title1\">\n<p>Waga (kg) 230<\/p>\n<\/div>\n<\/div>\n<\/div>\n<\/div>\n<\/div>","protected":false},"featured_media":7521,"comment_status":"open","ping_status":"closed","template":"","meta":[],"product_brand":[83],"product_cat":[61],"product_tag":[],"class_list":{"0":"post-7520","1":"product","2":"type-product","3":"status-publish","4":"has-post-thumbnail","6":"product_brand-tad-len","7":"product_cat-maszyny-rolnicze","9":"first","10":"instock","11":"shipping-taxable","12":"purchasable","13":"product-type-simple"},"_links":{"self":[{"href":"https:\/\/plmaszyny.online\/en\/wp-json\/wp\/v2\/product\/7520","targetHints":{"allow":["GET"]}}],"collection":[{"href":"https:\/\/plmaszyny.online\/en\/wp-json\/wp\/v2\/product"}],"about":[{"href":"https:\/\/plmaszyny.online\/en\/wp-json\/wp\/v2\/types\/product"}],"replies":[{"embeddable":true,"href":"https:\/\/plmaszyny.online\/en\/wp-json\/wp\/v2\/comments?post=7520"}],"wp:featuredmedia":[{"embeddable":true,"href":"https:\/\/plmaszyny.online\/en\/wp-json\/wp\/v2\/media\/7521"}],"wp:attachment":[{"href":"https:\/\/plmaszyny.online\/en\/wp-json\/wp\/v2\/media?parent=7520"}],"wp:term":[{"taxonomy":"product_brand","embeddable":true,"href":"https:\/\/plmaszyny.online\/en\/wp-json\/wp\/v2\/product_brand?post=7520"},{"taxonomy":"product_cat","embeddable":true,"href":"https:\/\/plmaszyny.online\/en\/wp-json\/wp\/v2\/product_cat?post=7520"},{"taxonomy":"product_tag","embeddable":true,"href":"https:\/\/plmaszyny.online\/en\/wp-json\/wp\/v2\/product_tag?post=7520"}],"curies":[{"name":"wp","href":"https:\/\/api.w.org\/{rel}","templated":true}]}}