{"id":7514,"date":"2026-02-24T07:26:19","date_gmt":"2026-02-24T07:26:19","guid":{"rendered":"https:\/\/plmaszyny.online\/?post_type=product&#038;p=7514"},"modified":"2026-02-26T15:11:57","modified_gmt":"2026-02-26T15:11:57","slug":"opryskiwacz-elektryczny-atv-cisnieniowy-12v-60l-sx-cz60c","status":"publish","type":"product","link":"https:\/\/plmaszyny.online\/en\/product\/opryskiwacz-elektryczny-atv-cisnieniowy-12v-60l-sx-cz60c\/","title":{"rendered":"Opryskiwacz elektryczny ATV, ci\u015bnieniowy 12V, 60L, SX-CZ60C"},"content":{"rendered":"<p><strong>Opryskiwacz ci\u015bnieniowy<\/strong>&nbsp;<strong>elektryczny<\/strong>&nbsp;to podstawowe narz\u0119dzie ka\u017cdego ogrodnika. S\u0142u\u017cy do&nbsp;<strong>rozpylania<\/strong>&nbsp;\u015brodk\u00f3w ochrony ro\u015blin,&nbsp;<strong>nawadniania<\/strong>&nbsp;oraz&nbsp;<strong>nawo\u017cenia<\/strong>&nbsp;<strong>dolistnego<\/strong>&nbsp;To tak\u017ce urz\u0105dzenie niezb\u0119dne do walki z uci\u0105\u017cliwymi szkodnikami naszych upraw, jak r\u00f3wnie\u017c do&nbsp;<strong>zwalczania<\/strong>&nbsp;na du\u017cych powierzchniach insekt\u00f3w uci\u0105\u017cliwych dla ludzi i zwierz\u0105t. Bogata oferta produkt\u00f3w dost\u0119pnych na rynku sprawia, \u017ce zakup odpowiedniego urz\u0105dzenia staje si\u0119 nie lada wyzwaniem.<\/p>\n\n\n\n<p>Dlatego decyduj\u0105c si\u0119 na zakup&nbsp;<strong>opryskiwacza<\/strong>&nbsp;do naszego gospodarstwa musimy dopasowa\u0107 sprz\u0119t do swoich potrzeb. Nale\u017cy wzi\u0105\u0107 pod uwag\u0119 powierzchni\u0119 uprawy oraz ilo\u015b\u0107 wykonywanych zabieg\u00f3w.<\/p>\n\n\n\n<h3 class=\"wp-block-heading\">Opryskiwacz elektryczny ci\u015bnieniowy 12V 60L SX-CZ60C<\/h3>\n\n\n\n<p>Stosuj\u0105c&nbsp;<strong>opryskiwacz elektryczny ci\u015bnieniowy<\/strong>&nbsp;aplikacja preparatu wykonana jest w spos\u00f3b wydajny i bardzo prosty. Dzi\u0119ki odpowiedniej d\u0142ugo\u015bci lancy urz\u0105dzenie<strong>&nbsp;rozpyla<\/strong>&nbsp;szkodliwe substancje w bezpiecznej odleg\u0142o\u015bci nie nara\u017caj\u0105c u\u017cytkownika na wdychanie preparatu.<\/p>\n\n\n\n<p>*D\u0142ugo\u015bci: Rozga\u0142\u0119\u017anik dysz 25 cm, ramiona 50 cm.<\/p>\n\n\n\n<p>Magazyn<\/p>\n\n\n\n<p>K08<\/p>\n\n\n\n<h4 class=\"wp-block-heading\">Specyfikacja<\/h4>\n\n\n\n<p>Magazyn: K08<\/p>\n\n\n\n<p>Stan<\/p>\n\n\n\n<p>Nowy<\/p>\n\n\n\n<p>Marka<\/p>\n\n\n\n<p>4Farmer<\/p>\n\n\n\n<p>Napi\u0119cie (V)<\/p>\n\n\n\n<p>12V<\/p>\n\n\n\n<p>Szeroko\u015b\u0107 robocza (mm)<\/p>\n\n\n\n<p>1500<\/p>\n\n\n\n<p>D\u0142ugo\u015b\u0107 w\u0119\u017ca (m)<\/p>\n\n\n\n<p>5<\/p>\n\n\n\n<p>Pojemno\u015b\u0107 (L)<\/p>\n\n\n\n<p>60<\/p>\n\n\n\n<p>Waga (kg)<\/p>\n\n\n\n<p>12<\/p>\n\n\n\n<p>D\u0142ugo\u015b\u0107 kabla (m)<\/p>\n\n\n\n<p>3<\/p>\n\n\n\n<p>Nominalna wydajno\u015b\u0107 pompy (L\/min)<\/p>\n\n\n\n<p>3.8<\/p>","protected":false},"excerpt":{"rendered":"<div class=\"col-12 col-lg-4 page-product4-desc-single1\">\n<div class=\"title2\">\n<div class=\"col-6 col-sm-6 col-md-6 col-lg-6 single1\">\n<div class=\"single1-sz\">\n<div class=\"ico\">\u00a0<\/div>\n<div class=\"title1\">\n<p>Stan Nowy<\/p>\n<\/div>\n<\/div>\n<\/div>\n<div class=\"col-6 col-sm-6 col-md-6 col-lg-6 single1\">\n<div class=\"single1-sz\">\n<div class=\"title1\">\n<p>Szeroko\u015b\u0107 robocza (mm) 1500<\/p>\n<\/div>\n<\/div>\n<\/div>\n<div class=\"col-6 col-sm-6 col-md-6 col-lg-6 single1\">\n<div class=\"single1-sz\">\n<div class=\"title1\">\n<p>Waga (kg) 12<\/p>\n<\/div>\n<\/div>\n<\/div>\n<\/div>\n<\/div>","protected":false},"featured_media":7519,"comment_status":"open","ping_status":"closed","template":"","meta":[],"product_brand":[68],"product_cat":[61],"product_tag":[],"class_list":{"0":"post-7514","1":"product","2":"type-product","3":"status-publish","4":"has-post-thumbnail","6":"product_brand-4farmer","7":"product_cat-maszyny-rolnicze","9":"first","10":"instock","11":"shipping-taxable","12":"purchasable","13":"product-type-simple"},"_links":{"self":[{"href":"https:\/\/plmaszyny.online\/en\/wp-json\/wp\/v2\/product\/7514","targetHints":{"allow":["GET"]}}],"collection":[{"href":"https:\/\/plmaszyny.online\/en\/wp-json\/wp\/v2\/product"}],"about":[{"href":"https:\/\/plmaszyny.online\/en\/wp-json\/wp\/v2\/types\/product"}],"replies":[{"embeddable":true,"href":"https:\/\/plmaszyny.online\/en\/wp-json\/wp\/v2\/comments?post=7514"}],"wp:featuredmedia":[{"embeddable":true,"href":"https:\/\/plmaszyny.online\/en\/wp-json\/wp\/v2\/media\/7519"}],"wp:attachment":[{"href":"https:\/\/plmaszyny.online\/en\/wp-json\/wp\/v2\/media?parent=7514"}],"wp:term":[{"taxonomy":"product_brand","embeddable":true,"href":"https:\/\/plmaszyny.online\/en\/wp-json\/wp\/v2\/product_brand?post=7514"},{"taxonomy":"product_cat","embeddable":true,"href":"https:\/\/plmaszyny.online\/en\/wp-json\/wp\/v2\/product_cat?post=7514"},{"taxonomy":"product_tag","embeddable":true,"href":"https:\/\/plmaszyny.online\/en\/wp-json\/wp\/v2\/product_tag?post=7514"}],"curies":[{"name":"wp","href":"https:\/\/api.w.org\/{rel}","templated":true}]}}