{"id":7503,"date":"2026-02-24T07:15:37","date_gmt":"2026-02-24T07:15:37","guid":{"rendered":"https:\/\/plmaszyny.online\/?post_type=product&#038;p=7503"},"modified":"2026-02-26T15:12:40","modified_gmt":"2026-02-26T15:12:40","slug":"kopaczka-wibracyjna-do-ziemniakow-ursa-z655-1-bomet","status":"publish","type":"product","link":"https:\/\/plmaszyny.online\/en\/product\/kopaczka-wibracyjna-do-ziemniakow-ursa-z655-1-bomet\/","title":{"rendered":"Kopaczka wibracyjna do ziemniak\u00f3w URSA Z655\/1 Bomet"},"content":{"rendered":"<p>Producenci maszyn rolniczych stale poszerzaj\u0105 asortyment, aby zaspokoi\u0107 potrzeby jak najwi\u0119kszej liczby u\u017cytkownik\u00f3w. Do niedawna w ma\u0142ych gospodarstwach rolnych&nbsp;<strong>wykopki<\/strong>&nbsp;wi\u0105za\u0142y si\u0119 z r\u0119cznym&nbsp;<strong>kopaniem bulw<\/strong>. Dzi\u015b mamy dost\u0119pne urz\u0105dzenia, kt\u00f3re wystarczy przypi\u0105\u0107 do ci\u0105gnika i z powodzeniem&nbsp;<strong>wykopuj\u0105 bulwy<\/strong>&nbsp;znacznie przy\u015bpieszaj\u0105c ten proces.<strong>&nbsp;Kopaczka do ziemniak\u00f3w<\/strong>&nbsp;to maszyna rolnicza, niezb\u0119dna do mechanicznego&nbsp;<strong>wykopywania bulw<\/strong>&nbsp;z redlin.<\/p>\n\n\n\n<p><strong>Jednorz\u0119dowa kopaczka do ziemniak\u00f3w URSA Z655\/1<\/strong><\/p>\n\n\n\n<p>Maszyna sk\u0142ada si\u0119 z&nbsp;<strong>wibruj\u0105cego lemiesza<\/strong>&nbsp;z regulacj\u0105 g\u0142\u0119boko\u015bci kopania, kt\u00f3ry przenosi ziemniaki i ziemi\u0119 na wibruj\u0105cy&nbsp;<strong>kosz odsiewaj\u0105cy<\/strong>&nbsp;ziemniaki od ziemi.<\/p>\n\n\n\n<p>G\u0142\u0119boko\u015b\u0107 kopania regulowana jest poprzez tylne&nbsp;<strong>ko\u0142a podporowe<\/strong>. Intensywno\u015b\u0107 odsiewania mo\u017cna zwi\u0119kszy\u0107 poprzez regulacj\u0119 pochylenia kosza odsiewaj\u0105cego.<\/p>\n\n\n\n<p>Wszystkie elementy wibracyjne poruszane s\u0105 mechanizmem korbowodowym nap\u0119dzanym od WOM ci\u0105gnika. Osie lemiesza i kosza odsiewaj\u0105cego wyposa\u017cone s\u0105 w tuleje gumowe &#8211; simerbloki, kt\u00f3re pozwalaj\u0105 na stabilno\u015b\u0107 maszyny podczas pracy.<\/p>\n\n\n\n<p>Jej zmniejszone wymiary umo\u017cliwiaj\u0105 korzystanie z maszyny na ma\u0142ych dzia\u0142kach, terenach p\u0142askich i pag\u00f3rkowatych.<\/p>\n\n\n\n<h4 class=\"wp-block-heading\">Specyfikacja<\/h4>\n\n\n\n<p>Stan<\/p>\n\n\n\n<p>Nowy<\/p>\n\n\n\n<p>Marka<\/p>\n\n\n\n<p>Bomet<\/p>\n\n\n\n<p>Minimalna wymagana moc ci\u0105gnika (KM HP PS)<\/p>\n\n\n\n<p>7,5<\/p>\n\n\n\n<p>Maksymalna pr\u0119dko\u015b\u0107 podczas pracy (km\/h)<\/p>\n\n\n\n<p>5<\/p>\n\n\n\n<p>TUZ<\/p>\n\n\n\n<p>KAT I<\/p>\n\n\n\n<p>Waga (kg)<\/p>\n\n\n\n<p>135<\/p>\n\n\n\n<p>G\u0142\u0119boko\u015b\u0107 robocza (mm)<\/p>\n\n\n\n<p>200<\/p>\n\n\n\n<p>Ilo\u015b\u0107 kopanych rz\u0119d\u00f3w<\/p>\n\n\n\n<p>1<\/p>\n\n\n\n<p>Szeroko\u015b\u0107 redliny (mm)<\/p>\n\n\n\n<p>450<\/p>","protected":false},"excerpt":{"rendered":"<div class=\"col-12 col-lg-4 page-product4-desc-single1\">\n<div class=\"title1\">\n<div class=\"col-6 col-sm-6 col-md-6 col-lg-6 single1\">\n<div class=\"single1-sz\">\n<div class=\"ico\">\u00a0<\/div>\n<div class=\"title1\">\n<p>Stan Nowy<\/p>\n<\/div>\n<\/div>\n<\/div>\n<div class=\"col-6 col-sm-6 col-md-6 col-lg-6 single1\">\n<div class=\"single1-sz\">\n<div class=\"title1\">\n<p>Minimalna wymagana moc ci\u0105gnika (KM HP PS) 7,5<\/p>\n<\/div>\n<\/div>\n<\/div>\n<div class=\"col-6 col-sm-6 col-md-6 col-lg-6 single1\">\n<div class=\"single1-sz\">\n<div class=\"title1\">\n<p>Waga (kg) 135<\/p>\n<\/div>\n<\/div>\n<\/div>\n<\/div>\n<\/div>","protected":false},"featured_media":7504,"comment_status":"open","ping_status":"closed","template":"","meta":[],"product_brand":[82],"product_cat":[61],"product_tag":[],"class_list":{"0":"post-7503","1":"product","2":"type-product","3":"status-publish","4":"has-post-thumbnail","6":"product_brand-bomet","7":"product_cat-maszyny-rolnicze","9":"first","10":"instock","11":"shipping-taxable","12":"purchasable","13":"product-type-simple"},"_links":{"self":[{"href":"https:\/\/plmaszyny.online\/en\/wp-json\/wp\/v2\/product\/7503","targetHints":{"allow":["GET"]}}],"collection":[{"href":"https:\/\/plmaszyny.online\/en\/wp-json\/wp\/v2\/product"}],"about":[{"href":"https:\/\/plmaszyny.online\/en\/wp-json\/wp\/v2\/types\/product"}],"replies":[{"embeddable":true,"href":"https:\/\/plmaszyny.online\/en\/wp-json\/wp\/v2\/comments?post=7503"}],"wp:featuredmedia":[{"embeddable":true,"href":"https:\/\/plmaszyny.online\/en\/wp-json\/wp\/v2\/media\/7504"}],"wp:attachment":[{"href":"https:\/\/plmaszyny.online\/en\/wp-json\/wp\/v2\/media?parent=7503"}],"wp:term":[{"taxonomy":"product_brand","embeddable":true,"href":"https:\/\/plmaszyny.online\/en\/wp-json\/wp\/v2\/product_brand?post=7503"},{"taxonomy":"product_cat","embeddable":true,"href":"https:\/\/plmaszyny.online\/en\/wp-json\/wp\/v2\/product_cat?post=7503"},{"taxonomy":"product_tag","embeddable":true,"href":"https:\/\/plmaszyny.online\/en\/wp-json\/wp\/v2\/product_tag?post=7503"}],"curies":[{"name":"wp","href":"https:\/\/api.w.org\/{rel}","templated":true}]}}