{"id":7498,"date":"2026-02-24T07:13:16","date_gmt":"2026-02-24T07:13:16","guid":{"rendered":"https:\/\/plmaszyny.online\/?post_type=product&#038;p=7498"},"modified":"2026-02-26T15:12:58","modified_gmt":"2026-02-26T15:12:58","slug":"kopaczka-do-ziemniakow-jednorzedowa-4farmer-tuz-kat-i-kat-ii","status":"publish","type":"product","link":"https:\/\/plmaszyny.online\/en\/product\/kopaczka-do-ziemniakow-jednorzedowa-4farmer-tuz-kat-i-kat-ii\/","title":{"rendered":"Kopaczka do ziemniak\u00f3w jednorz\u0119dowa 4FARMER \/ TUZ Kat I\/Kat II"},"content":{"rendered":"<h3 class=\"wp-block-heading\">Kopaczka do ziemniak\u00f3w 4FARMER<\/h3>\n\n\n\n<p><strong>Kopaczka do&nbsp;ziemniak\u00f3w<\/strong>&nbsp;jednorz\u0119dowa mocowana jest na tylny trzypunktowy uk\u0142ad zawieszenia&nbsp;<strong>Kat I i Kat II<\/strong>&nbsp;<strong>(TUZ)<\/strong>&nbsp;i nap\u0119dzana za pomoc\u0105 wa\u0142ka odbioru mocy&nbsp;<strong>(WOM)<\/strong>&nbsp;Trzy solidne kroje odcinaj\u0105 porost, nast\u0119pnym&nbsp;etapem jest przeniesienie bulw poziomo na poruszaj\u0105cy si\u0119 odsiewacz&nbsp;ta\u015bmowy gdzie nast\u0119puje oddzielenie ziemniak\u00f3w od ziemi. Wa\u0142ek WOM wprawia w ruch ta\u015bm\u0119 kopaczki, na kt\u00f3rej nast\u0119puje przesianie ziemniak\u00f3w od ziemi.<\/p>\n\n\n\n<p><strong>Wymiary<\/strong>:<\/p>\n\n\n\n<ul class=\"wp-block-list\">\n<li>d\u0142ugo\u015b\u0107: 2350 mm,<\/li>\n\n\n\n<li>szeroko\u015b\u0107: 1100 mm,<\/li>\n\n\n\n<li>wysoko\u015b\u0107: 1240 mm,<\/li>\n\n\n\n<li>szeroko\u015b\u0107 mi\u0119dzyrz\u0119dzi: 62,6 \u201367,5 mm,<\/li>\n\n\n\n<li>wydajno\u015b\u0107:\u00a00,1 \u20130,3 ha \/ h,<\/li>\n\n\n\n<li>g\u0142\u0119boko\u015b\u0107 robocza: od 250 mm,<\/li>\n\n\n\n<li>waga: 170 kg.<\/li>\n<\/ul>\n\n\n\n<p><strong>Kopaczka do ziemniak\u00f3w<\/strong>&nbsp;marki&nbsp;<strong>4FARMER<\/strong>&nbsp;to kopaczka przeznaczona do u\u017cytku domowego do pracy na niewielkiej powierzchni upraw uprawianych na w\u0142asne potrzeby.&nbsp;<strong>Kopaczka jednorz\u0119dowa do ziemniak\u00f3w 4FARMER<\/strong>&nbsp;dedykowana jest dla ci\u0105gnik\u00f3w i mini traktork\u00f3w o mocy od 15 do 25 KM i w terenie nieprzekraczaj\u0105cym 6% nachylenia powierzchni.<\/p>\n\n\n\n<h4 class=\"wp-block-heading\">Specyfikacja<\/h4>\n\n\n\n<p>Stan<\/p>\n\n\n\n<p>Nowy<\/p>\n\n\n\n<p>Osprz\u0119t<\/p>\n\n\n\n<p>Kopaczka do ziemniak\u00f3w<\/p>\n\n\n\n<p>Kolor<\/p>\n\n\n\n<p>Czerwony<\/p>\n\n\n\n<p>Minimalna wymagana moc ci\u0105gnika (KM HP PS)<\/p>\n\n\n\n<p>15<\/p>\n\n\n\n<p>TUZ<\/p>\n\n\n\n<p>3 &#8211; punktowy<br>KAT I<br>KAT II<\/p>\n\n\n\n<p>D\u0142ugo\u015b\u0107 (mm)<\/p>\n\n\n\n<p>2350<\/p>\n\n\n\n<p>Szeroko\u015b\u0107 (mm)<\/p>\n\n\n\n<p>1100<\/p>\n\n\n\n<p>Waga (kg)<\/p>\n\n\n\n<p>170<\/p>","protected":false},"excerpt":{"rendered":"<div class=\"col-12 col-lg-4 page-product4-desc-single1\">\n<div class=\"title2\">\n<div class=\"col-6 col-sm-6 col-md-6 col-lg-6 single1\">\n<div class=\"single1-sz\">\n<div class=\"ico\">\u00a0<\/div>\n<div class=\"title1\">\n<p>Stan Nowy<\/p>\n<\/div>\n<\/div>\n<\/div>\n<div class=\"col-6 col-sm-6 col-md-6 col-lg-6 single1\">\n<div class=\"single1-sz\">\n<div class=\"title1\">\n<p>Minimalna wymagana moc ci\u0105gnika (KM HP PS) 15<\/p>\n<\/div>\n<\/div>\n<\/div>\n<div class=\"col-6 col-sm-6 col-md-6 col-lg-6 single1\">\n<div class=\"single1-sz\">\n<div class=\"title1\">\n<p>Waga (kg) 170<\/p>\n<\/div>\n<\/div>\n<\/div>\n<\/div>\n<\/div>","protected":false},"featured_media":7502,"comment_status":"open","ping_status":"closed","template":"","meta":[],"product_brand":[68],"product_cat":[61],"product_tag":[],"class_list":{"0":"post-7498","1":"product","2":"type-product","3":"status-publish","4":"has-post-thumbnail","6":"product_brand-4farmer","7":"product_cat-maszyny-rolnicze","9":"first","10":"instock","11":"shipping-taxable","12":"purchasable","13":"product-type-simple"},"_links":{"self":[{"href":"https:\/\/plmaszyny.online\/en\/wp-json\/wp\/v2\/product\/7498","targetHints":{"allow":["GET"]}}],"collection":[{"href":"https:\/\/plmaszyny.online\/en\/wp-json\/wp\/v2\/product"}],"about":[{"href":"https:\/\/plmaszyny.online\/en\/wp-json\/wp\/v2\/types\/product"}],"replies":[{"embeddable":true,"href":"https:\/\/plmaszyny.online\/en\/wp-json\/wp\/v2\/comments?post=7498"}],"wp:featuredmedia":[{"embeddable":true,"href":"https:\/\/plmaszyny.online\/en\/wp-json\/wp\/v2\/media\/7502"}],"wp:attachment":[{"href":"https:\/\/plmaszyny.online\/en\/wp-json\/wp\/v2\/media?parent=7498"}],"wp:term":[{"taxonomy":"product_brand","embeddable":true,"href":"https:\/\/plmaszyny.online\/en\/wp-json\/wp\/v2\/product_brand?post=7498"},{"taxonomy":"product_cat","embeddable":true,"href":"https:\/\/plmaszyny.online\/en\/wp-json\/wp\/v2\/product_cat?post=7498"},{"taxonomy":"product_tag","embeddable":true,"href":"https:\/\/plmaszyny.online\/en\/wp-json\/wp\/v2\/product_tag?post=7498"}],"curies":[{"name":"wp","href":"https:\/\/api.w.org\/{rel}","templated":true}]}}