{"id":7495,"date":"2026-02-24T07:10:12","date_gmt":"2026-02-24T07:10:12","guid":{"rendered":"https:\/\/plmaszyny.online\/?post_type=product&#038;p=7495"},"modified":"2026-02-26T15:13:14","modified_gmt":"2026-02-26T15:13:14","slug":"brona-lakowa-fhp20-160-geograss","status":"publish","type":"product","link":"https:\/\/plmaszyny.online\/en\/product\/brona-lakowa-fhp20-160-geograss\/","title":{"rendered":"Brona \u0142\u0105kowa FHP20 160 Geograss"},"content":{"rendered":"<p><strong>W\u0142\u00f3ka ( brona ) \u0142\u0105kowo-polowa szer robocza 160cm do mini ci\u0105gnik\u00f3w i ma\u0142ych traktor\u00f3w<\/strong>.<\/p>\n\n\n\n<p>W\u0142\u00f3ka \u0142\u0105kowo-polowa (<strong>brona<\/strong>)&nbsp;\u2013 jest to maszyna rolnicza dzia\u0142aj\u0105ca powierzchniowo, u\u017cywana wczesn\u0105 wiosn\u0105 do spulchniania wierzchniej warstwy gleby, kiedy to nadmierna wilgotno\u015b\u0107 uniemo\u017cliwia stosowanie bardziej agresywnie dzia\u0142aj\u0105cych maszyn rolniczych. W\u0142\u00f3ka \u0142\u0105kowo polowa tzw. brona&nbsp;<strong>polowo-\u0142\u0105kowa<\/strong>&nbsp;s\u0142u\u017cy do piel\u0119gnacji \u0142\u0105k i pastwisk oraz wyr\u00f3wnywania p\u00f3l uprawnych.&nbsp;<\/p>\n\n\n\n<p>Znajduje zastosowanie nie tyko w pracach wczesno &#8211; wiosennych, ale tak\u017ce doskonale nadaje si\u0119 do prac przy zbiorach jesiennych.&nbsp;<strong>Brona<\/strong>&nbsp;jest niezast\u0105pionym urz\u0105dzeniem np. po wykopkach. Kombajny do zbioru warzyw cz\u0119sto pozostawiaj\u0105 cz\u0119\u015b\u0107 plonu w glebie i dzi\u0119ki&nbsp;<strong>bronowaniu<\/strong>&nbsp;mo\u017cemy dok\u0142adnie zebra\u0107 warzywa jak i zgarn\u0105\u0107&nbsp;<strong>pozosta\u0142e \u0142\u0119ty i chwasty<\/strong>&nbsp;z pola co w rezultacie znacznie zmniejszy zachwaszczenie..<\/p>\n\n\n\n<h4 class=\"wp-block-heading\">Specyfikacja<\/h4>\n\n\n\n<p>Stan<\/p>\n\n\n\n<p>Nowy<\/p>\n\n\n\n<p>Marka<\/p>\n\n\n\n<p>Geograss<\/p>\n\n\n\n<p>Szeroko\u015b\u0107 robocza (mm)<\/p>\n\n\n\n<p>1600<\/p>\n\n\n\n<p>Wymiary (mm)<\/p>\n\n\n\n<p>2000 \/ 1100<\/p>","protected":false},"excerpt":{"rendered":"<div class=\"col-12 col-lg-4 page-product4-desc-single1\">\n<div class=\"title2\">\n<div class=\"page-product-brand\">\n<div class=\"product-manufacturer\">\u00a0<\/div>\n<\/div>\n<div class=\"page-product-spec\">\n<div class=\"row\">\n<div class=\"col-6 col-sm-6 col-md-6 col-lg-6 single1\">\n<div class=\"single1-sz\">\n<div class=\"ico\">\u00a0<\/div>\n<div class=\"title1\">\n<p>Stan Nowy<\/p>\n<\/div>\n<\/div>\n<\/div>\n<div class=\"col-6 col-sm-6 col-md-6 col-lg-6 single1\">\n<div class=\"single1-sz\">\n<div class=\"title1\">\n<p>Szeroko\u015b\u0107 robocza (mm) 1600<\/p>\n<\/div>\n<\/div>\n<\/div>\n<\/div>\n<\/div>\n<\/div>\n<\/div>","protected":false},"featured_media":7496,"comment_status":"open","ping_status":"closed","template":"","meta":[],"product_brand":[73],"product_cat":[61],"product_tag":[],"class_list":{"0":"post-7495","1":"product","2":"type-product","3":"status-publish","4":"has-post-thumbnail","6":"product_brand-geograss","7":"product_cat-maszyny-rolnicze","9":"first","10":"instock","11":"shipping-taxable","12":"purchasable","13":"product-type-simple"},"_links":{"self":[{"href":"https:\/\/plmaszyny.online\/en\/wp-json\/wp\/v2\/product\/7495","targetHints":{"allow":["GET"]}}],"collection":[{"href":"https:\/\/plmaszyny.online\/en\/wp-json\/wp\/v2\/product"}],"about":[{"href":"https:\/\/plmaszyny.online\/en\/wp-json\/wp\/v2\/types\/product"}],"replies":[{"embeddable":true,"href":"https:\/\/plmaszyny.online\/en\/wp-json\/wp\/v2\/comments?post=7495"}],"wp:featuredmedia":[{"embeddable":true,"href":"https:\/\/plmaszyny.online\/en\/wp-json\/wp\/v2\/media\/7496"}],"wp:attachment":[{"href":"https:\/\/plmaszyny.online\/en\/wp-json\/wp\/v2\/media?parent=7495"}],"wp:term":[{"taxonomy":"product_brand","embeddable":true,"href":"https:\/\/plmaszyny.online\/en\/wp-json\/wp\/v2\/product_brand?post=7495"},{"taxonomy":"product_cat","embeddable":true,"href":"https:\/\/plmaszyny.online\/en\/wp-json\/wp\/v2\/product_cat?post=7495"},{"taxonomy":"product_tag","embeddable":true,"href":"https:\/\/plmaszyny.online\/en\/wp-json\/wp\/v2\/product_tag?post=7495"}],"curies":[{"name":"wp","href":"https:\/\/api.w.org\/{rel}","templated":true}]}}