{"id":7493,"date":"2026-02-24T07:08:34","date_gmt":"2026-02-24T07:08:34","guid":{"rendered":"https:\/\/plmaszyny.online\/?post_type=product&#038;p=7493"},"modified":"2026-02-26T15:13:36","modified_gmt":"2026-02-26T15:13:36","slug":"brona-wirnikowa-lxg130-brona-aktywna-mechaniczna-trx","status":"publish","type":"product","link":"https:\/\/plmaszyny.online\/en\/product\/brona-wirnikowa-lxg130-brona-aktywna-mechaniczna-trx\/","title":{"rendered":"Brona wirnikowa LXG130 brona aktywna, mechaniczna TRX"},"content":{"rendered":"<p><strong>Brona wirnikowa<\/strong>&nbsp;tzw.&nbsp;aktywna&nbsp;to urz\u0105dzenie, kt\u00f3re s\u0142u\u017cy do przygotowania gleby i wykorzystywana w ka\u017cdej ga\u0142\u0119zi rolnictwa zar\u00f3wno w sadownictwie, ogrodnictwie czy piel\u0119gnacji teren\u00f3w zielonych. G\u0142\u00f3wnym zdaniem brony wirnikowej jest takie samo jak zwyk\u0142ej brony, czyli spulchnianie, tzw. \u201eruszenie\u201d ziemi oraz \u201erozbicie\u201d rozdrobnienie ziemi np. po orce, przed wysiewem lub po nawo\u017ceniu. R\u00f3\u017cnica mi\u0119dzy bron\u0105 wirnikow\u0105 a zwyk\u0142a jest zasadnicza.<strong>&nbsp;Brona wirnikowa<\/strong>&nbsp;przede wszystkim&nbsp;jest urz\u0105dzeniem mechanicznym&nbsp;nap\u0119dzanym wa\u0142kiem odbioru mocy (WOM\/PTO) ci\u0105gnika, kt\u00f3ry nap\u0119dzaj\u0105c przek\u0142adni\u0119 k\u0105tow\u0105 ze sprz\u0119g\u0142em, wprawia w ruch tarcze z pazurami, kt\u00f3re,&nbsp;spulchnia ziemi\u0119. Zalet\u0105 takiego rozwi\u0105zania jest to, \u017ce bron\u0119 wirnikow\u0105 mo\u017cemy wykorzystywa\u0107 pracuj\u0105c na nieco twardszej, g\u0119stszej glebie gdzie zwyk\u0142a brona, nawet obci\u0105\u017cona balastem nie daje odpowiednich rezultat\u00f3w oraz to, \u017ce bron\u0119 mo\u017cemy wykorzystywa\u0107 r\u00f3wnocze\u015bnie z innymi maszynami takimi jak siewniki, kultywatory czy wa\u0142y strunowe.<\/p>\n\n\n\n<h3 class=\"wp-block-heading\">Budowa i elementy robocze<\/h3>\n\n\n\n<p><strong>Elementami roboczymi brony aktywnej<\/strong>&nbsp;s\u0105 tarcze, na kt\u00f3rych pionowo umieszczone s\u0105 dwa oko\u0142o 20 cm no\u017ce tn\u0105ce. Praca przek\u0142adni wprawia w ruch tarcze z no\u017cami, odbywa si\u0119 to poprzez ko\u0142a z\u0119bate umieszczone na ka\u017cdej tarczy wewn\u0105trz agregatu, kt\u00f3re to ko\u0142a z\u0119bate zalane s\u0105 olejem przek\u0142adniowo \u2013 hydraulicznym. Rozmieszczenie no\u017cy (2 no\u017ce na jeden segment) pozwala na&nbsp;<strong>rozdrabnianie du\u017cych bry\u0142<\/strong>, mocno zbitej lub zbrylonej ziemi bez zbytniego obci\u0105\u017cania ci\u0105gnika. Zalecane obroty wa\u0142ka WOM\/PTO to&nbsp;<strong>540 obr\/min<\/strong>&nbsp;a maksymalna pr\u0119dko\u015b\u0107 pracy musy by\u0107 dobierana w zale\u017cno\u015bci od warunk\u00f3w pod\u0142o\u017ca, na jakich akurat w tym momencie pracuje brona. Brona jest doczepiana do ci\u0105gnika z&nbsp;<strong>3-punktowy<\/strong>m uk\u0142adem zawieszenia&nbsp;<strong>TUZ<\/strong>&nbsp;kategorii pierwszej&nbsp;<strong>KAT I i KAT II<\/strong>.<\/p>\n\n\n\n<h4 class=\"wp-block-heading\">Specyfikacja<\/h4>\n\n\n\n<p>Stan<\/p>\n\n\n\n<p>Nowy<\/p>\n\n\n\n<p>Marka<\/p>\n\n\n\n<p>TRX<\/p>\n\n\n\n<p>Minimalna wymagana moc ci\u0105gnika (KM HP PS)<\/p>\n\n\n\n<p>22<\/p>\n\n\n\n<p>Szeroko\u015b\u0107 robocza (mm)<\/p>\n\n\n\n<p>1300<\/p>\n\n\n\n<p>Ilo\u015b\u0107 no\u017cy<\/p>\n\n\n\n<p>12<\/p>\n\n\n\n<p>WOM \/ PTO<\/p>\n\n\n\n<p>540 (rpm)<\/p>\n\n\n\n<p>TUZ<\/p>\n\n\n\n<p>3 &#8211; punktowy<br>KAT I<br>KAT II<\/p>\n\n\n\n<p>Szeroko\u015b\u0107 (mm)<\/p>\n\n\n\n<p>1550<\/p>\n\n\n\n<p>Waga (kg)<\/p>\n\n\n\n<p>274<\/p>","protected":false},"excerpt":{"rendered":"<div class=\"col-6 col-sm-6 col-md-6 col-lg-6 single1\">\n<div class=\"single1-sz\">\n<div class=\"ico\">\u00a0<\/div>\n<div class=\"title1\">\n<p>Stan Nowy<\/p>\n<\/div>\n<\/div>\n<\/div>\n<div class=\"col-6 col-sm-6 col-md-6 col-lg-6 single1\">\n<div class=\"single1-sz\">\n<div class=\"title1\">\n<p>Minimalna wymagana moc ci\u0105gnika (KM HP PS) 22<\/p>\n<\/div>\n<\/div>\n<\/div>\n<div class=\"col-6 col-sm-6 col-md-6 col-lg-6 single1\">\n<div class=\"single1-sz\">\n<div class=\"title1\">\n<p>Szeroko\u015b\u0107 robocza (mm) 1300<\/p>\n<\/div>\n<\/div>\n<\/div>\n<div class=\"col-6 col-sm-6 col-md-6 col-lg-6 single1\">\n<div class=\"single1-sz\">\n<div class=\"title1\">\n<p>Ilo\u015b\u0107 no\u017cy 12<\/p>\n<\/div>\n<\/div>\n<\/div>\n<div class=\"col-6 col-sm-6 col-md-6 col-lg-6 single1\">\n<div class=\"single1-sz\">\n<div class=\"title1\">\n<p>Waga (kg) 274<\/p>\n<\/div>\n<\/div>\n<\/div>","protected":false},"featured_media":7494,"comment_status":"open","ping_status":"closed","template":"","meta":[],"product_brand":[72],"product_cat":[61],"product_tag":[],"class_list":{"0":"post-7493","1":"product","2":"type-product","3":"status-publish","4":"has-post-thumbnail","6":"product_brand-trx","7":"product_cat-maszyny-rolnicze","9":"first","10":"instock","11":"shipping-taxable","12":"purchasable","13":"product-type-simple"},"_links":{"self":[{"href":"https:\/\/plmaszyny.online\/en\/wp-json\/wp\/v2\/product\/7493","targetHints":{"allow":["GET"]}}],"collection":[{"href":"https:\/\/plmaszyny.online\/en\/wp-json\/wp\/v2\/product"}],"about":[{"href":"https:\/\/plmaszyny.online\/en\/wp-json\/wp\/v2\/types\/product"}],"replies":[{"embeddable":true,"href":"https:\/\/plmaszyny.online\/en\/wp-json\/wp\/v2\/comments?post=7493"}],"wp:featuredmedia":[{"embeddable":true,"href":"https:\/\/plmaszyny.online\/en\/wp-json\/wp\/v2\/media\/7494"}],"wp:attachment":[{"href":"https:\/\/plmaszyny.online\/en\/wp-json\/wp\/v2\/media?parent=7493"}],"wp:term":[{"taxonomy":"product_brand","embeddable":true,"href":"https:\/\/plmaszyny.online\/en\/wp-json\/wp\/v2\/product_brand?post=7493"},{"taxonomy":"product_cat","embeddable":true,"href":"https:\/\/plmaszyny.online\/en\/wp-json\/wp\/v2\/product_cat?post=7493"},{"taxonomy":"product_tag","embeddable":true,"href":"https:\/\/plmaszyny.online\/en\/wp-json\/wp\/v2\/product_tag?post=7493"}],"curies":[{"name":"wp","href":"https:\/\/api.w.org\/{rel}","templated":true}]}}