{"id":7489,"date":"2026-02-24T07:03:57","date_gmt":"2026-02-24T07:03:57","guid":{"rendered":"https:\/\/plmaszyny.online\/?post_type=product&#038;p=7489"},"modified":"2026-02-26T15:14:03","modified_gmt":"2026-02-26T15:14:03","slug":"brona-ciezka-3-polowa-skladana-demarol","status":"publish","type":"product","link":"https:\/\/plmaszyny.online\/en\/product\/brona-ciezka-3-polowa-skladana-demarol\/","title":{"rendered":"Brona ci\u0119\u017cka 3-polowa sk\u0142adana Demarol"},"content":{"rendered":"<p><strong>Brony rolnicze<\/strong>&nbsp;s\u0105 narz\u0119dziami uprawowymi wykorzystywanymi g\u0142\u00f3wnie do uprawy roli po orce lub przed siewem do zabiegu zwanego potocznie&nbsp;<strong>bronowaniem<\/strong>.&nbsp;<\/p>\n\n\n\n<p><strong>Brony ci\u0119\u017ckie<\/strong>&nbsp;w formie kratownicy z kolcami doskonale radz\u0105 sobie tak\u017ce z usuwaniem k\u0142\u0105czy i roz\u0142og\u00f3w chwast\u00f3w z pola.<\/p>\n\n\n\n<p><strong>Brony z\u0119bowe<\/strong>&nbsp;to stosunkowo proste maszyny, kt\u00f3rych zadaniem jest spulchnianie, rozdrabnianie i wyr\u00f3wnywanie wierzchniej warstwy gleby.<strong>&nbsp;Brona 3-polowa<\/strong>&nbsp;to urz\u0105dzenie sk\u0142adaj\u0105ce si\u0119 z trzech podwieszanych do ramy<strong>&nbsp;kratownic<\/strong>&nbsp;wyposa\u017conych od do\u0142u w pionowe&nbsp;<strong>z\u0119by<\/strong>.<\/p>\n\n\n\n<p>Opr\u00f3cz zada\u0144 uprawowych&nbsp;mo\u017cna je tak\u017ce wykorzystywa\u0107&nbsp;do prac piel\u0119gnacyjnych. Doskonale nadaj\u0105 si\u0119 r\u00f3wnie\u017c do mieszania wysianego nawozu w postaci granulatu z gleb\u0105.<\/p>\n\n\n\n<h4 class=\"wp-block-heading\">Specyfikacja<\/h4>\n\n\n\n<p>Stan<\/p>\n\n\n\n<p>Nowy<\/p>\n\n\n\n<p>Marka<\/p>\n\n\n\n<p>Demarol<\/p>\n\n\n\n<p>Szeroko\u015b\u0107 robocza (mm)<\/p>\n\n\n\n<p>3000<\/p>\n\n\n\n<p>D\u0142ugo\u015b\u0107 z\u0119b\u00f3w (mm)<\/p>\n\n\n\n<p>140<\/p>","protected":false},"excerpt":{"rendered":"<div class=\"col-12 col-lg-4 page-product4-desc-single1\">\n<div class=\"title1\">\n<div class=\"col-6 col-sm-6 col-md-6 col-lg-6 single1\">\n<div class=\"single1-sz\">\n<div class=\"ico\">\u00a0<\/div>\n<div class=\"title1\">\n<p>Stan Nowy<\/p>\n<\/div>\n<\/div>\n<\/div>\n<div class=\"col-6 col-sm-6 col-md-6 col-lg-6 single1\">\n<div class=\"single1-sz\">\n<div class=\"title1\">\n<p>Szeroko\u015b\u0107 robocza (mm) 3000<\/p>\n<\/div>\n<\/div>\n<\/div>\n<\/div>\n<\/div>","protected":false},"featured_media":7491,"comment_status":"open","ping_status":"closed","template":"","meta":[],"product_brand":[76],"product_cat":[61],"product_tag":[],"class_list":{"0":"post-7489","1":"product","2":"type-product","3":"status-publish","4":"has-post-thumbnail","6":"product_brand-demarol","7":"product_cat-maszyny-rolnicze","9":"first","10":"instock","11":"shipping-taxable","12":"purchasable","13":"product-type-simple"},"_links":{"self":[{"href":"https:\/\/plmaszyny.online\/en\/wp-json\/wp\/v2\/product\/7489","targetHints":{"allow":["GET"]}}],"collection":[{"href":"https:\/\/plmaszyny.online\/en\/wp-json\/wp\/v2\/product"}],"about":[{"href":"https:\/\/plmaszyny.online\/en\/wp-json\/wp\/v2\/types\/product"}],"replies":[{"embeddable":true,"href":"https:\/\/plmaszyny.online\/en\/wp-json\/wp\/v2\/comments?post=7489"}],"wp:featuredmedia":[{"embeddable":true,"href":"https:\/\/plmaszyny.online\/en\/wp-json\/wp\/v2\/media\/7491"}],"wp:attachment":[{"href":"https:\/\/plmaszyny.online\/en\/wp-json\/wp\/v2\/media?parent=7489"}],"wp:term":[{"taxonomy":"product_brand","embeddable":true,"href":"https:\/\/plmaszyny.online\/en\/wp-json\/wp\/v2\/product_brand?post=7489"},{"taxonomy":"product_cat","embeddable":true,"href":"https:\/\/plmaszyny.online\/en\/wp-json\/wp\/v2\/product_cat?post=7489"},{"taxonomy":"product_tag","embeddable":true,"href":"https:\/\/plmaszyny.online\/en\/wp-json\/wp\/v2\/product_tag?post=7489"}],"curies":[{"name":"wp","href":"https:\/\/api.w.org\/{rel}","templated":true}]}}