{"id":7484,"date":"2026-02-24T07:01:50","date_gmt":"2026-02-24T07:01:50","guid":{"rendered":"https:\/\/plmaszyny.online\/?post_type=product&#038;p=7484"},"modified":"2026-02-26T15:14:21","modified_gmt":"2026-02-26T15:14:21","slug":"brona-talerzowa-dha4-120-geograss","status":"publish","type":"product","link":"https:\/\/plmaszyny.online\/en\/product\/brona-talerzowa-dha4-120-geograss\/","title":{"rendered":"Brona talerzowa DHA4 120 Geograss"},"content":{"rendered":"<p><strong>Brona talerzowa DHA5 120<\/strong>&nbsp;cm stworzona dla Profesjonalist\u00f3w. Sprz\u0119t zosta\u0142 wyposa\u017cony w \u0142o\u017cyska o zwi\u0119kszonej wytrzyma\u0142o\u015bci i mocniejsze podzespo\u0142y dzi\u0119ki czemu konstrukcja jest jeszcze bardziej stabilna.<\/p>\n\n\n\n<p>Podwy\u017cszone parametry daj\u0105 urz\u0105dzeniom marki&nbsp;<strong>GEOGRASS<\/strong>&nbsp;zwi\u0119kszon\u0105 \u017cywotno\u015b\u0107 i jeszcze d\u0142u\u017csz\u0105 bezawaryjn\u0105 eksploatacj\u0119.<\/p>\n\n\n\n<p><strong>Brona talerzowa<\/strong>&nbsp;to maszyna rolnicza zbudowana w co najmniej z dw\u00f3ch osi na kt\u00f3rych umieszczone s\u0105 wkl\u0119s\u0142e dyski wygl\u0105dem przypominaj\u0105ce talerze.<\/p>\n\n\n\n<p><strong>Dyski<\/strong>&nbsp;tn\u0105 i odwracaj\u0105 gleb\u0119 w celu polepszenia jej&nbsp; struktury przed siewem.<strong>&nbsp;Zabieg talerzowania<\/strong>&nbsp;spulchnia gleb\u0119, rozdrabnia skiby, niszczy chwasty, przerywa nadmierne odparowywanie wody oraz doskonale miesza rozsiany naw\u00f3z lub rozrzucony obornik z gleb\u0105.<\/p>\n\n\n\n<p>G\u0142\u00f3wnym zadaniem&nbsp;<strong>brony talerzowej<\/strong>&nbsp;jest przygotowanie gleby po zbiorach lub orce do dalszej uprawy.&nbsp;<\/p>\n\n\n\n<h4 class=\"wp-block-heading\">Specyfikacja<\/h4>\n\n\n\n<p>Stan<\/p>\n\n\n\n<p>Nowy<\/p>\n\n\n\n<p>Marka<\/p>\n\n\n\n<p>Geograss<\/p>\n\n\n\n<p>Szeroko\u015b\u0107 robocza (mm)<\/p>\n\n\n\n<p>1200<\/p>\n\n\n\n<p>Waga (kg)<\/p>\n\n\n\n<p>175<\/p>\n\n\n\n<p>\u015arednica no\u017ca (mm)<\/p>\n\n\n\n<p>420<\/p>","protected":false},"excerpt":{"rendered":"<div class=\"col-12 col-lg-4 page-product4-desc-single1\">\n<div class=\"title1\">\n<div class=\"col-6 col-sm-6 col-md-6 col-lg-6 single1\">\n<div class=\"single1-sz\">\n<div class=\"ico\">\u00a0<\/div>\n<div class=\"title1\">\n<p>Stan Nowy<\/p>\n<\/div>\n<\/div>\n<\/div>\n<div class=\"col-6 col-sm-6 col-md-6 col-lg-6 single1\">\n<div class=\"single1-sz\">\n<div class=\"title1\">\n<p>Szeroko\u015b\u0107 robocza (mm) 1200<\/p>\n<\/div>\n<\/div>\n<\/div>\n<div class=\"col-6 col-sm-6 col-md-6 col-lg-6 single1\">\n<div class=\"single1-sz\">\n<div class=\"title1\">\n<p>Waga (kg) 175<\/p>\n<\/div>\n<\/div>\n<\/div>\n<\/div>\n<\/div>","protected":false},"featured_media":7488,"comment_status":"open","ping_status":"closed","template":"","meta":[],"product_brand":[73],"product_cat":[61],"product_tag":[],"class_list":{"0":"post-7484","1":"product","2":"type-product","3":"status-publish","4":"has-post-thumbnail","6":"product_brand-geograss","7":"product_cat-maszyny-rolnicze","9":"first","10":"instock","11":"shipping-taxable","12":"purchasable","13":"product-type-simple"},"_links":{"self":[{"href":"https:\/\/plmaszyny.online\/en\/wp-json\/wp\/v2\/product\/7484","targetHints":{"allow":["GET"]}}],"collection":[{"href":"https:\/\/plmaszyny.online\/en\/wp-json\/wp\/v2\/product"}],"about":[{"href":"https:\/\/plmaszyny.online\/en\/wp-json\/wp\/v2\/types\/product"}],"replies":[{"embeddable":true,"href":"https:\/\/plmaszyny.online\/en\/wp-json\/wp\/v2\/comments?post=7484"}],"wp:featuredmedia":[{"embeddable":true,"href":"https:\/\/plmaszyny.online\/en\/wp-json\/wp\/v2\/media\/7488"}],"wp:attachment":[{"href":"https:\/\/plmaszyny.online\/en\/wp-json\/wp\/v2\/media?parent=7484"}],"wp:term":[{"taxonomy":"product_brand","embeddable":true,"href":"https:\/\/plmaszyny.online\/en\/wp-json\/wp\/v2\/product_brand?post=7484"},{"taxonomy":"product_cat","embeddable":true,"href":"https:\/\/plmaszyny.online\/en\/wp-json\/wp\/v2\/product_cat?post=7484"},{"taxonomy":"product_tag","embeddable":true,"href":"https:\/\/plmaszyny.online\/en\/wp-json\/wp\/v2\/product_tag?post=7484"}],"curies":[{"name":"wp","href":"https:\/\/api.w.org\/{rel}","templated":true}]}}