{"id":7471,"date":"2026-02-24T00:54:33","date_gmt":"2026-02-24T00:54:33","guid":{"rendered":"https:\/\/plmaszyny.online\/?post_type=product&#038;p=7471"},"modified":"2026-02-26T15:15:25","modified_gmt":"2026-02-26T15:15:25","slug":"kultywator-120-wal-strunowy-demarol","status":"publish","type":"product","link":"https:\/\/plmaszyny.online\/en\/product\/kultywator-120-wal-strunowy-demarol\/","title":{"rendered":"Kultywator 120 + wa\u0142 strunowy Demarol"},"content":{"rendered":"<p>Dzi\u0119ki mo\u017cliwo\u015bciom wsp\u00f3\u0142czesnej produkcji&nbsp;<strong>maszyn rolniczych<\/strong>, a tak\u017ce post\u0119powi techniki, praca w gospodarstwie rolnym staje si\u0119 mniej obci\u0105\u017caj\u0105ca i bardziej zautomatyzowana. Dla wielu gospodarstw nieocenione s\u0105&nbsp;<strong>maszyny rolnicze<\/strong>&nbsp;pozwalaj\u0105ce na oszcz\u0119dno\u015b\u0107 czasu, daj\u0105ce lepsz\u0105 efektywno\u015b\u0107 wykonywanej pracy.<\/p>\n\n\n\n<p><strong>Kultywator<\/strong>&nbsp;jest to urz\u0105dzenie niezb\u0119dne w ka\u017cdym gospodarstwie rolnym. Ma ono wiele zastosowa\u0144 podczas ca\u0142ego sezonu od wczesnej wiosny do p\u00f3\u017anej jesieni. Mo\u017ce s\u0142u\u017cy\u0107 do przygotowania pola przed siewem, podczas gdy po orce ziemia jest niewyr\u00f3wnana i poprzecinana g\u0142\u0119bokimi bruzdami,&nbsp;<strong>kultywator<\/strong>&nbsp;z&nbsp;<strong>wa\u0142em strunowym<\/strong>&nbsp;sprawdzi si\u0119 idealnie. Zaleta \u0142\u0105czenia dw\u00f3ch maszyn uprawowych w jeden&nbsp;<strong>agregat uprawowy<\/strong>&nbsp;daje mo\u017cliwo\u015b\u0107 uzyskania ju\u017c za jednym przejazdem dobrze przygotowanej gleby do dalszych prac.<\/p>\n\n\n\n<h3 class=\"wp-block-heading\">Kultywator ma za zadanie miesza\u0107 ziemi\u0119, wyr\u00f3wnuj\u0105c j\u0105, a jednocze\u015bnie usuwaj\u0105c resztki wschodz\u0105cych chwast\u00f3w.<\/h3>\n\n\n\n<p><strong>Wa\u0142 strunowy<\/strong>&nbsp;nieznacznie ugniata gleb\u0119, wyr\u00f3wnuj\u0105c j\u0105, a dzi\u0119ki listwom z\u0119batym wierzchnia warstwa gleby jest kruszona. W efekcie uzyskujemy pierwsz\u0105 cienk\u0105 dobrze rozdrobnion\u0105 warstw\u0119 gleby, warstwa druga jest ju\u017c delikatnie ugnieciona.<\/p>\n\n\n\n<p>Urz\u0105dzenie to niezast\u0105pione jest tak\u017ce jesieni\u0105, kiedy zbiory warzyw w przydomowych ogr\u00f3dkach si\u0119 ko\u0144cz\u0105. Przy pomocy&nbsp;<strong>kultywatora<\/strong>&nbsp;mo\u017cemy sprawnie wykopa\u0107 ziemniaki czy usun\u0105\u0107 ro\u015bliny oraz chwasty przed zim\u0105. Maszyna \u015bwietnie sprawdza si\u0119 do pozbywania chwast\u00f3w, gdy\u017c wyrywa ca\u0142e ro\u015bliny wraz z korzeniami zapobiegaj\u0105c dalszemu rozrastaniu si\u0119 chwast\u00f3w. Urz\u0105dzenie to jest wbrew pozorom bardzo uniwersalne i przydaje si\u0119 podczas ca\u0142ego sezonu.<\/p>\n\n\n\n<h2 class=\"wp-block-heading\">Kultywator 120 + wa\u0142 strunowy&nbsp;Demarol &#8211; maszyna 2w1<\/h2>\n\n\n\n<p><strong>Kultywator<\/strong>&nbsp;posiada ram\u0119 z dwiema belkami, na kt\u00f3rych zamocowane s\u0105 z\u0119by (rapy) kultywatora zako\u0144czone&nbsp;redliczkami. Szeroko\u015b\u0107 kultywatora wynosi 120 cm. Kolejno za kultywatorem zamocowany jest jednorz\u0119dowy&nbsp;<strong>wa\u0142 strunowy<\/strong>&nbsp;o \u015brednicy 30 cm. Posiada on listwy z\u0119bate odpowiadaj\u0105ce za kruszenie ziemi. W modelu Standard&nbsp;<strong>wa\u0142 strunowy<\/strong>&nbsp;posiada 8 listew z\u0119batych. W zestawie znajduje si\u0119 tak\u017ce \u015bruba rzymska, dzi\u0119ki kt\u00f3rej mo\u017cliwa jest regulacja ustawienia kultywatora.<\/p>\n\n\n\n<p>Oczywi\u015bcie&nbsp;<strong>kultywator<\/strong>&nbsp;oraz&nbsp;<strong>wa\u0142 strunowy<\/strong>&nbsp;mog\u0105 by\u0107 u\u017cywane oddzielnie \u2013 obydwie maszyny posiadaj\u0105 zaczep Kat I.<\/p>\n\n\n\n<p>Aby skutecznie oraz efektywnie wykona\u0107 wszelkie prace agregatem nale\u017cy pami\u0119ta\u0107 o odpowiednim ustawieniu go, by wierzchnia warstwa ziemi by\u0142a r\u00f3wnana i nie dosz\u0142o do wyci\u0105gania na powierzchni\u0119 kamieni i bry\u0142 oraz nadmiernego przesuszenia gleby.<\/p>\n\n\n\n<h4 class=\"wp-block-heading\">Specyfikacja<\/h4>\n\n\n\n<p>Stan<\/p>\n\n\n\n<p>Nowy<\/p>\n\n\n\n<p>Produkcja<\/p>\n\n\n\n<p>Produkt polski<\/p>\n\n\n\n<p>Marka<\/p>\n\n\n\n<p>Demarol<\/p>\n\n\n\n<p>Kolor<\/p>\n\n\n\n<p>Czerwony<\/p>\n\n\n\n<p>Minimalna wymagana moc ci\u0105gnika (KM HP PS)<\/p>\n\n\n\n<p>12<\/p>\n\n\n\n<p>Szeroko\u015b\u0107 robocza (mm)<\/p>\n\n\n\n<p>1100<\/p>\n\n\n\n<p>TUZ<\/p>\n\n\n\n<p>3 &#8211; punktowy<br>KAT I<\/p>\n\n\n\n<p>Wyposa\u017cenie<\/p>\n\n\n\n<p>Ko\u0142o podporowe, regulowane<br>\u015aruba rzymska<\/p>\n\n\n\n<p>Wysoko\u015b\u0107 (mm)<\/p>\n\n\n\n<p>900<\/p>\n\n\n\n<p>D\u0142ugo\u015b\u0107 ca\u0142kowita (mm)<\/p>\n\n\n\n<p>1300<\/p>\n\n\n\n<p>\u015arednica wa\u0142u strunowego (mm)<\/p>\n\n\n\n<p>300<\/p>\n\n\n\n<p>Ilo\u015b\u0107 z\u0119b\u00f3w (szt.)<\/p>\n\n\n\n<p>6<\/p>\n\n\n\n<p>Ilo\u015b\u0107 listew z\u0119batych (szt)<\/p>\n\n\n\n<p>8<\/p>","protected":false},"excerpt":{"rendered":"<div class=\"col-12 col-lg-4 page-product4-desc-single1\">\n<div class=\"title2\">\n<div class=\"col-6 col-sm-6 col-md-6 col-lg-6 single1\">\n<div class=\"single1-sz\">\n<div class=\"ico\">\u00a0<\/div>\n<div class=\"title1\">\n<p>Stan Nowy<\/p>\n<\/div>\n<\/div>\n<\/div>\n<div class=\"col-6 col-sm-6 col-md-6 col-lg-6 single1\">\n<div class=\"single1-sz\">\n<div class=\"title1\">\n<p>Minimalna wymagana moc ci\u0105gnika (KM HP PS) 12<\/p>\n<\/div>\n<\/div>\n<\/div>\n<div class=\"col-6 col-sm-6 col-md-6 col-lg-6 single1\">\n<div class=\"single1-sz\">\n<div class=\"title1\">\n<p>Szeroko\u015b\u0107 robocza (mm) 1100<\/p>\n<\/div>\n<\/div>\n<\/div>\n<\/div>\n<\/div>","protected":false},"featured_media":7474,"comment_status":"open","ping_status":"closed","template":"","meta":[],"product_brand":[],"product_cat":[61],"product_tag":[],"class_list":{"0":"post-7471","1":"product","2":"type-product","3":"status-publish","4":"has-post-thumbnail","6":"product_cat-maszyny-rolnicze","8":"first","9":"instock","10":"shipping-taxable","11":"purchasable","12":"product-type-simple"},"_links":{"self":[{"href":"https:\/\/plmaszyny.online\/en\/wp-json\/wp\/v2\/product\/7471","targetHints":{"allow":["GET"]}}],"collection":[{"href":"https:\/\/plmaszyny.online\/en\/wp-json\/wp\/v2\/product"}],"about":[{"href":"https:\/\/plmaszyny.online\/en\/wp-json\/wp\/v2\/types\/product"}],"replies":[{"embeddable":true,"href":"https:\/\/plmaszyny.online\/en\/wp-json\/wp\/v2\/comments?post=7471"}],"wp:featuredmedia":[{"embeddable":true,"href":"https:\/\/plmaszyny.online\/en\/wp-json\/wp\/v2\/media\/7474"}],"wp:attachment":[{"href":"https:\/\/plmaszyny.online\/en\/wp-json\/wp\/v2\/media?parent=7471"}],"wp:term":[{"taxonomy":"product_brand","embeddable":true,"href":"https:\/\/plmaszyny.online\/en\/wp-json\/wp\/v2\/product_brand?post=7471"},{"taxonomy":"product_cat","embeddable":true,"href":"https:\/\/plmaszyny.online\/en\/wp-json\/wp\/v2\/product_cat?post=7471"},{"taxonomy":"product_tag","embeddable":true,"href":"https:\/\/plmaszyny.online\/en\/wp-json\/wp\/v2\/product_tag?post=7471"}],"curies":[{"name":"wp","href":"https:\/\/api.w.org\/{rel}","templated":true}]}}