{"id":7463,"date":"2026-02-24T00:50:27","date_gmt":"2026-02-24T00:50:27","guid":{"rendered":"https:\/\/plmaszyny.online\/?post_type=product&#038;p=7463"},"modified":"2026-02-26T15:16:31","modified_gmt":"2026-02-26T15:16:31","slug":"kultywator-120-wal-strunowy-4farmer","status":"publish","type":"product","link":"https:\/\/plmaszyny.online\/en\/product\/kultywator-120-wal-strunowy-4farmer\/","title":{"rendered":"Kultywator 120 + wa\u0142 strunowy 4FARMER"},"content":{"rendered":"<p><strong>Kultywator rolniczy<\/strong>&nbsp;do ci\u0105gnika o szeroko\u015bci roboczej&nbsp;<strong>1200 mm<\/strong>&nbsp;i d\u0142ugo\u015bci&nbsp;ca\u0142kowitej zestawu (kultywator + wa\u0142 strunowy)&nbsp;<strong>1650 mm<\/strong>&nbsp;na zaczep&nbsp;<strong>3-punktowy<\/strong>&nbsp;kategorii&nbsp;<strong>Kat I<\/strong>&nbsp;i<strong>&nbsp;Kat II.<\/strong><\/p>\n\n\n\n<h3 class=\"wp-block-heading\">Co to jest kultywator?<\/h3>\n\n\n\n<p><strong>Kultywator polowy&nbsp;do ci\u0105gnika<\/strong>&nbsp;to narz\u0119dzie rolnicze sk\u0142adaj\u0105ce si\u0119 z ramy, na kt\u00f3rej umieszczane s\u0105 elementy robocze tzw., z\u0119by lub pazury oraz k\u00f3\u0142 podporowych, kt\u00f3re s\u0142u\u017c\u0105 do regulacji g\u0142\u0119boko\u015bci pracy kultywatora, oraz 3 punktowego uk\u0142adu zawieszenia Kat I. Zespo\u0142em roboczym kultywatora s\u0105 z\u0119by spr\u0119\u017cynowe, p\u00f3\u0142 spr\u0119\u017cynowe lub ca\u0142kiem sztywne zako\u0144czone w zale\u017cno\u015bci od modelu i producenta redliczkami, g\u0119siost\u00f3pkami lub no\u017cami. Cz\u0119sto kultywatory zako\u0144czone s\u0105 wa\u0142em strunowym, kt\u00f3ry wyr\u00f3wnuje obrabian\u0105 ziemi\u0119.<\/p>\n\n\n\n<h3 class=\"wp-block-heading\">Do czego s\u0142u\u017cy kultywator?<\/h3>\n\n\n\n<p><strong>Kultywator<\/strong>&nbsp;z&nbsp;<strong>wa\u0142em strunowym<\/strong>&nbsp;s\u0142u\u017cy do spulchniania ziemi bez odwracania jej na drug\u0105 stron\u0119.<\/p>\n\n\n\n<p><strong>Zabieg kultywacji<\/strong>&nbsp;wykonujemy r\u00f3wnie\u017c po to by: wyr\u00f3wna\u0107 gleb\u0119 po orce i przygotowa\u0107 j\u0105 pod zasiew, spulchni\u0107 i pozby\u0107 si\u0119 uci\u0105\u017cliwych chwast\u00f3w. Zalet\u0105<strong>&nbsp;kultywatora<\/strong>&nbsp;jest fakt i\u017c nie rozrywa on usuwanych chwast\u00f3w powoduj\u0105c ich dodatkowego rozkrzewienia, a jedynie delikatnie wyci\u0105ga w ca\u0142o\u015bci do wierzchu, gdzie po wysuszeniu mo\u017cemy je zebra\u0107 i usun\u0105\u0107.<\/p>\n\n\n\n<h4 class=\"wp-block-heading\">Specyfikacja<\/h4>\n\n\n\n<p>Stan<\/p>\n\n\n\n<p>Nowy<\/p>\n\n\n\n<p>Marka<\/p>\n\n\n\n<p>4Farmer<\/p>\n\n\n\n<p>Osprz\u0119t<\/p>\n\n\n\n<p>Kultywator<\/p>\n\n\n\n<p>Kolor<\/p>\n\n\n\n<p>Czerwony<\/p>\n\n\n\n<p>Szeroko\u015b\u0107 robocza (mm)<\/p>\n\n\n\n<p>1150<\/p>\n\n\n\n<p>TUZ<\/p>\n\n\n\n<p>3 &#8211; punktowy<br>KAT I<\/p>\n\n\n\n<p>Wysoko\u015b\u0107 (mm)<\/p>\n\n\n\n<p>850<\/p>\n\n\n\n<p>Ilo\u015b\u0107 z\u0119b\u00f3w (szt.)<\/p>\n\n\n\n<p>7<\/p>","protected":false},"excerpt":{"rendered":"<div class=\"col-12 col-lg-4 page-product4-desc-single1\">\n<div class=\"title2\">\n<div class=\"col-6 col-sm-6 col-md-6 col-lg-6 single1\">\n<div class=\"single1-sz\">\n<div class=\"ico\">\u00a0<\/div>\n<div class=\"title1\">\n<p>Stan Nowy<\/p>\n<\/div>\n<\/div>\n<\/div>\n<div class=\"col-6 col-sm-6 col-md-6 col-lg-6 single1\">\n<div class=\"single1-sz\">\n<div class=\"title1\">\n<p>Szeroko\u015b\u0107 robocza (mm) 1150<\/p>\n<\/div>\n<\/div>\n<\/div>\n<\/div>\n<\/div>","protected":false},"featured_media":7467,"comment_status":"open","ping_status":"closed","template":"","meta":[],"product_brand":[68],"product_cat":[61],"product_tag":[],"class_list":{"0":"post-7463","1":"product","2":"type-product","3":"status-publish","4":"has-post-thumbnail","6":"product_brand-4farmer","7":"product_cat-maszyny-rolnicze","9":"first","10":"instock","11":"shipping-taxable","12":"purchasable","13":"product-type-simple"},"_links":{"self":[{"href":"https:\/\/plmaszyny.online\/en\/wp-json\/wp\/v2\/product\/7463","targetHints":{"allow":["GET"]}}],"collection":[{"href":"https:\/\/plmaszyny.online\/en\/wp-json\/wp\/v2\/product"}],"about":[{"href":"https:\/\/plmaszyny.online\/en\/wp-json\/wp\/v2\/types\/product"}],"replies":[{"embeddable":true,"href":"https:\/\/plmaszyny.online\/en\/wp-json\/wp\/v2\/comments?post=7463"}],"wp:featuredmedia":[{"embeddable":true,"href":"https:\/\/plmaszyny.online\/en\/wp-json\/wp\/v2\/media\/7467"}],"wp:attachment":[{"href":"https:\/\/plmaszyny.online\/en\/wp-json\/wp\/v2\/media?parent=7463"}],"wp:term":[{"taxonomy":"product_brand","embeddable":true,"href":"https:\/\/plmaszyny.online\/en\/wp-json\/wp\/v2\/product_brand?post=7463"},{"taxonomy":"product_cat","embeddable":true,"href":"https:\/\/plmaszyny.online\/en\/wp-json\/wp\/v2\/product_cat?post=7463"},{"taxonomy":"product_tag","embeddable":true,"href":"https:\/\/plmaszyny.online\/en\/wp-json\/wp\/v2\/product_tag?post=7463"}],"curies":[{"name":"wp","href":"https:\/\/api.w.org\/{rel}","templated":true}]}}