{"id":7457,"date":"2026-02-24T00:12:46","date_gmt":"2026-02-24T00:12:46","guid":{"rendered":"https:\/\/plmaszyny.online\/?post_type=product&#038;p=7457"},"modified":"2026-02-26T15:02:04","modified_gmt":"2026-02-26T15:02:04","slug":"rebak-spalinowy-tarczowy-dwc-40-hd-4farmer-40km","status":"publish","type":"product","link":"https:\/\/plmaszyny.online\/en\/product\/rebak-spalinowy-tarczowy-dwc-40-hd-4farmer-40km\/","title":{"rendered":"R\u0119bak spalinowy tarczowy DWC-40 HD 4FARMER &#8211; 40KM"},"content":{"rendered":"<h2 class=\"wp-block-heading\">R\u0119bak spalinowy do ga\u0142\u0119zi \u2013 niezast\u0105piony przy pracach porz\u0105dkowych!<\/h2>\n\n\n\n<p>Piel\u0119gnacja ogrod\u00f3w czy przygotowywanie dzia\u0142ki na sprzeda\u017c, karczowanie, prace porz\u0105dkowe w firmach komunalnych, to wszystko \u015bwietne zabiegi, kt\u00f3rych efekt ka\u017cdy bardzo lubi. Pytanie,&nbsp;<strong>co zrobi\u0107 ze \u015bci\u0119tymi ga\u0142\u0119ziami<\/strong>&nbsp;\u2013 cz\u0119sto wi\u0119kszych rozmiar\u00f3w, kiedy mamy ich a\u017c nadto? Czy jest szansa, pozby\u0107 si\u0119 ich nie posiadaj\u0105c ci\u0105gnika, du\u017cej przyczepy czy mo\u017cliwo\u015bci utylizacji? Oczywi\u015bcie, \u017ce tak! Z pomoc\u0105 przychodz\u0105&nbsp;<strong>r\u0119baki<\/strong>&nbsp;wyposa\u017cone w silnik spalinowy. Maj\u0105 one zaczep do przyczepy, wi\u0119c transportujemy je po drogach (pod warunkiem posiadania homologacji na r\u0119bak) bez trudu ka\u017cdym autem posiadaj\u0105cym hak. Taki rodzaj maszyny pozwoli nam pozby\u0107 si\u0119 zalegaj\u0105cych ga\u0142\u0119zi z dzia\u0142ki, b\u0119dzie niezb\u0119dnym towarzyszem w firmach ogrodniczych czy komunalnych.&nbsp;<strong>Maszyny do rozdrabniania drewna<\/strong>&nbsp;s\u0105 powszechnie wykorzystywane w gospodarce le\u015bnej czy rolnictwie. Ich zastosowanie pozwala na szybkie, precyzyjne i bezpieczne przerobienie nawet znacznej ilo\u015bci pni i ga\u0142\u0119zi.<\/p>\n\n\n\n<h2 class=\"wp-block-heading\">R\u0119bak tarczowy &#8211;&nbsp;warto wiedzie\u0107<\/h2>\n\n\n\n<p>W&nbsp;<strong>r\u0119bakach tarczowych<\/strong>&nbsp;elementem, kt\u00f3ry rozdrabnia drewno, jest metalowy dysk\/tarcza z zamontowanymi ostrzami (no\u017cami). Rozwi\u0105zanie to opatentowane zosta\u0142o w 1922 przez niemieckiego wynalazc\u0119 Heinricha Wiggera. Obracaj\u0105ca si\u0119 tarcza\/dysk ustawiony jest prostopadle do podawanego do wn\u0119trza maszyny (r\u0119cznie lub za pomoc\u0105 ta\u015bmoci\u0105gu) drewna. Wiruj\u0105ca tarcza z no\u017cami rozdrabnia je na zr\u0119bki (wi\u00f3ry), kt\u00f3re nast\u0119pnie zostaj\u0105 wyrzucone na zewn\u0105trz urz\u0105dzenia poprzez lej wyrzutowy. Wybieraj\u0105c&nbsp;<strong>r\u0119bak tarczowy<\/strong>, uzyskujemy drobny materia\u0142 o jednolitym kszta\u0142cie i wielko\u015bci, kt\u00f3ry potem mo\u017ce by\u0107 wykorzystany do \u015bci\u00f3\u0142kowania, na opa\u0142, do produkcji p\u0142yt wi\u00f3rowych.<\/p>\n\n\n\n<h2 class=\"wp-block-heading\">R\u0119bak tarczowy spalinowy DWC-40 4FARMER \u2013 40KM<\/h2>\n\n\n\n<p>Maszyna zintegrowana jest z przyczepk\u0105 na ko\u0142ach szosowych oraz z zaczepem kulowym. Wyposa\u017cona jest w 4-cylindrowy silnik spalinowy ch\u0142odzony ciecz\u0105 o mocy 40 KM.&nbsp;<strong>R\u0119bak<\/strong>&nbsp;uruchamiany jest elektrycznie, a dzi\u0119ki wyposa\u017ceniu w hydrauliczny podajnik praca jest zdecydowanie \u0142atwiejsza. Posiada tak\u017ce funkcj\u0119 bezpiecze\u0144stwa STOP zar\u00f3wno do&nbsp;przodu, jak i&nbsp;wstecz.<\/p>\n\n\n\n<p><strong>R\u0119bak tarczowy&nbsp;DWC-40<\/strong>&nbsp;posiada tarcz\u0119 tn\u0105c\u0105 o \u015brednicy 60 cm, posiada ona 2 no\u017ce tn\u0105ce (1 przeciw&nbsp;ostrze) oraz dwa wa\u0142ki wci\u0105gaj\u0105ce ga\u0142\u0119zie, z kt\u00f3rych jeden o powierzchni g\u0142adkiej pozwala unikn\u0105\u0107 \u201eprzepuszczania\u201d mniejszych ga\u0142\u0105zek poza komin doprowadzaj\u0105cy.&nbsp;<strong>R\u0119bak tarczowy<\/strong>&nbsp;spalinowy&nbsp;DWC&nbsp;przeznaczony jest do rozdrabniania ga\u0142\u0119zi, pni drzew o \u015brednicy do 20 cm natomiast efektem pracy r\u0119baka s\u0105 drobne zr\u0119bki o wielko\u015bci oko\u0142o&nbsp;0,5 &#8211; 1 cm. Ko\u0144cowy rozmiar zr\u0119bek a tak\u017ce wydajno\u015b\u0107 pracy zale\u017c\u0105 tak\u017ce od typu rozdrabnianego materia\u0142u oraz jego wilgotno\u015bci.<\/p>\n\n\n\n<h4 class=\"wp-block-heading\">Specyfikacja<\/h4>\n\n\n\n<p>Stan<\/p>\n\n\n\n<p>Nowy<\/p>\n\n\n\n<p>Marka<\/p>\n\n\n\n<p>4Farmer<\/p>\n\n\n\n<p>Kolor<\/p>\n\n\n\n<p>Czerwony<\/p>\n\n\n\n<p>Silnik<\/p>\n\n\n\n<p>4 &#8211; cylindrowy diesel ch\u0142odzony ciecz\u0105<\/p>\n\n\n\n<p>Moc (KM\/HP)<\/p>\n\n\n\n<p>40<\/p>\n\n\n\n<p>Maksymalna pr\u0119dko\u015b\u0107 obrotowa silnika (obr\/min)<\/p>\n\n\n\n<p>2000<\/p>\n\n\n\n<p>Pojemno\u015b\u0107 zbiornika paliwa (L)<\/p>\n\n\n\n<p>27<\/p>\n\n\n\n<p>Liczba no\u017cy (szt.)<\/p>\n\n\n\n<p>2+1<\/p>\n\n\n\n<p>Zaczep do przyczepy<\/p>\n\n\n\n<p>TAK<\/p>\n\n\n\n<p>Wyposa\u017cenie<\/p>\n\n\n\n<p>Hak na zaczep kulowy<br>Ko\u0142o podporowe, regulowane<\/p>\n\n\n\n<p>Wymiary (mm)<\/p>\n\n\n\n<p>2010 x 1655 x 1950<\/p>\n\n\n\n<p>\u015arednica tarczy tn\u0105cej (mm)<\/p>\n\n\n\n<p>600<\/p>\n\n\n\n<p>Wysoko\u015b\u0107 rury wyrzucaj\u0105cej (mm)<\/p>\n\n\n\n<p>1800<\/p>\n\n\n\n<p>Waga (kg)<\/p>\n\n\n\n<p>640<\/p>\n\n\n\n<p>System rozruchowy<\/p>\n\n\n\n<p>Elektryczny<\/p>\n\n\n\n<p>Zasada ci\u0119cia<\/p>\n\n\n\n<p>System tarczowy<\/p>\n\n\n\n<p>\u015arednica pnia (mm)<\/p>\n\n\n\n<p>200<\/p>\n\n\n\n<p>Wydajno\u015b\u0107 (m3\/h)<\/p>\n\n\n\n<p>8 &#8211; 9<\/p>\n\n\n\n<p>EAN13<\/p>\n\n\n\n<p>5904506301966<\/p>","protected":false},"excerpt":{"rendered":"<div class=\"col-12 col-lg-4 page-product4-desc-single1\">\n<div class=\"title2\">\n<div class=\"col-6 col-sm-6 col-md-6 col-lg-6 single1\">\n<div class=\"single1-sz\">\n<div class=\"ico\">\u00a0<\/div>\n<div class=\"title1\">\n<p>Stan Nowy<\/p>\n<\/div>\n<\/div>\n<\/div>\n<div class=\"col-6 col-sm-6 col-md-6 col-lg-6 single1\">\n<div class=\"single1-sz\">\n<div class=\"title1\">\n<p>Moc (KM\/HP) 40<\/p>\n<\/div>\n<\/div>\n<\/div>\n<div class=\"col-6 col-sm-6 col-md-6 col-lg-6 single1\">\n<div class=\"single1-sz\">\n<div class=\"title1\">\n<p>Liczba no\u017cy (szt.) 2+1<\/p>\n<\/div>\n<\/div>\n<\/div>\n<div class=\"col-6 col-sm-6 col-md-6 col-lg-6 single1\">\n<div class=\"single1-sz\">\n<div class=\"title1\">\n<p>Zaczep do przyczepy TAK<\/p>\n<\/div>\n<\/div>\n<\/div>\n<div class=\"col-6 col-sm-6 col-md-6 col-lg-6 single1\">\n<div class=\"single1-sz\">\n<div class=\"title1\">\n<p>Waga (kg) 640<\/p>\n<\/div>\n<\/div>\n<\/div>\n<\/div>\n<\/div>","protected":false},"featured_media":7462,"comment_status":"open","ping_status":"closed","template":"","meta":[],"product_brand":[68],"product_cat":[62],"product_tag":[],"class_list":{"0":"post-7457","1":"product","2":"type-product","3":"status-publish","4":"has-post-thumbnail","6":"product_brand-4farmer","7":"product_cat-maszyny-komunalne","9":"first","10":"instock","11":"shipping-taxable","12":"purchasable","13":"product-type-simple"},"_links":{"self":[{"href":"https:\/\/plmaszyny.online\/en\/wp-json\/wp\/v2\/product\/7457","targetHints":{"allow":["GET"]}}],"collection":[{"href":"https:\/\/plmaszyny.online\/en\/wp-json\/wp\/v2\/product"}],"about":[{"href":"https:\/\/plmaszyny.online\/en\/wp-json\/wp\/v2\/types\/product"}],"replies":[{"embeddable":true,"href":"https:\/\/plmaszyny.online\/en\/wp-json\/wp\/v2\/comments?post=7457"}],"wp:featuredmedia":[{"embeddable":true,"href":"https:\/\/plmaszyny.online\/en\/wp-json\/wp\/v2\/media\/7462"}],"wp:attachment":[{"href":"https:\/\/plmaszyny.online\/en\/wp-json\/wp\/v2\/media?parent=7457"}],"wp:term":[{"taxonomy":"product_brand","embeddable":true,"href":"https:\/\/plmaszyny.online\/en\/wp-json\/wp\/v2\/product_brand?post=7457"},{"taxonomy":"product_cat","embeddable":true,"href":"https:\/\/plmaszyny.online\/en\/wp-json\/wp\/v2\/product_cat?post=7457"},{"taxonomy":"product_tag","embeddable":true,"href":"https:\/\/plmaszyny.online\/en\/wp-json\/wp\/v2\/product_tag?post=7457"}],"curies":[{"name":"wp","href":"https:\/\/api.w.org\/{rel}","templated":true}]}}