{"id":7452,"date":"2026-02-24T00:08:29","date_gmt":"2026-02-24T00:08:29","guid":{"rendered":"https:\/\/plmaszyny.online\/?post_type=product&#038;p=7452"},"modified":"2026-02-26T15:02:17","modified_gmt":"2026-02-26T15:02:17","slug":"rebak-spalinowy-tarczowy-dr-cs-15hp-hydrauliczny-4farmer-15km","status":"publish","type":"product","link":"https:\/\/plmaszyny.online\/en\/product\/rebak-spalinowy-tarczowy-dr-cs-15hp-hydrauliczny-4farmer-15km\/","title":{"rendered":"R\u0119bak spalinowy tarczowy DR-CS-15HP hydrauliczny 4FARMER &#8211; 15KM"},"content":{"rendered":"<h2 class=\"wp-block-heading\">R\u0119bak spalinowy do ga\u0142\u0119zi \u2013 niezast\u0105piony przy pracach porz\u0105dkowych!<\/h2>\n\n\n\n<p>Piel\u0119gnacja ogrod\u00f3w czy przygotowywanie dzia\u0142ki na sprzeda\u017c, karczowanie, prace porz\u0105dkowe w firmach komunalnych, to wszystko \u015bwietne zabiegi, kt\u00f3rych efekt ka\u017cdy bardzo lubi. Pytanie,&nbsp;<strong>co zrobi\u0107 ze \u015bci\u0119tymi ga\u0142\u0119ziami<\/strong>&nbsp;\u2013 cz\u0119sto wi\u0119kszych rozmiar\u00f3w, kiedy mamy ich a\u017c nadto? Czy jest szansa, pozby\u0107 si\u0119 ich nie posiadaj\u0105c ci\u0105gnika, du\u017cej przyczepy czy mo\u017cliwo\u015bci utylizacji? Oczywi\u015bcie, \u017ce tak! Z pomoc\u0105 przychodz\u0105&nbsp;<strong>r\u0119baki<\/strong>&nbsp;wyposa\u017cone w silnik spalinowy. S\u0105 one o wiele mniej k\u0142opotliwe je\u015bli chodzi o transport, cz\u0119sto posiadaj\u0105 mo\u017cliwo\u015b\u0107 podpi\u0119cia do przyczepy czy quada. Taki rodzaj maszyny pozwoli nam pozby\u0107 si\u0119 zalegaj\u0105cych ga\u0142\u0119zi z dzia\u0142ki, b\u0119dzie niezb\u0119dnym towarzyszem w firmach ogrodniczych czy komunalnych.&nbsp;<strong>Maszyny do rozdrabniania drewna<\/strong>&nbsp;s\u0105 powszechnie wykorzystywane w gospodarce le\u015bnej czy rolnictwie. Ich zastosowanie pozwala na szybkie, precyzyjne i bezpieczne przerobienie nawet znacznej ilo\u015bci pni i ga\u0142\u0119zi.<\/p>\n\n\n\n<h2 class=\"wp-block-heading\">R\u0119bak tarczowy &#8211;&nbsp;warto wiedzie\u0107<\/h2>\n\n\n\n<p>W&nbsp;<strong>r\u0119bakach tarczowych<\/strong>&nbsp;elementem, kt\u00f3ry rozdrabnia drewno, jest metalowy dysk\/tarcza z zamontowanymi ostrzami (no\u017cami). Rozwi\u0105zanie to opatentowane zosta\u0142o w 1922 przez niemieckiego wynalazc\u0119 Heinricha Wiggera. Obracaj\u0105ca si\u0119 tarcza\/dysk ustawiony jest prostopadle do podawanego do wn\u0119trza maszyny (r\u0119cznie lub za pomoc\u0105 ta\u015bmoci\u0105gu) drewna. Wiruj\u0105ca tarcza z no\u017cami rozdrabnia je na zr\u0119bki (wi\u00f3ry), kt\u00f3re nast\u0119pnie zostaj\u0105 wyrzucone na zewn\u0105trz urz\u0105dzenia poprzez lej wyrzutowy. Wybieraj\u0105c&nbsp;<strong>r\u0119bak tarczowy<\/strong>, uzyskujemy drobny materia\u0142 o jednolitym kszta\u0142cie i wielko\u015bci, kt\u00f3ry potem mo\u017ce by\u0107 wykorzystany do \u015bci\u00f3\u0142kowania, na opa\u0142, do produkcji p\u0142yt wi\u00f3rowych.<\/p>\n\n\n\n<p><strong>R\u0119bak&nbsp;tarczowy&nbsp;spalinowy<\/strong>&nbsp;<strong>DR-CS-15HP 4FARMER<\/strong>&nbsp;wyposa\u017cony jest w silnik 4-suwowy o mocy 15 KM. Maszyna ta b\u0119dzie idealnym narz\u0119dziem do pracy przy przerobie ga\u0142\u0119zi i innych odpad\u00f3w drewnianych. Dzi\u0119ki podw\u00f3jnym, obustronnie ostrzonym no\u017com tn\u0105cym mo\u017cemy ci\u0105\u0107 materia\u0142 o \u015brednicy do 12 cm. R\u0119bak wyposa\u017cony jest w hydraulik\u0119, co bardzo u\u0142atwia prac\u0119 i pozwala na szybsze uporanie si\u0119 z zalegaj\u0105cym drewnem.<\/p>\n\n\n\n<p>Jest to bardzo kompaktowy r\u0119bak, \u015bwietny do u\u017cytku w swoim gospodarstwie, w ogrodzie czy na dzia\u0142ce. Du\u017c\u0105 zalet\u0105 jest \u0142atwy transport maszyny dzi\u0119ki wyposa\u017ceniu w hak z zaczepem kulowym oraz ko\u0142a.&nbsp;<strong>R\u0119bak DR-CS<\/strong>&nbsp;umo\u017cliwia uzyskanie drobnego materia\u0142u w postaci zr\u0119bek \u2013 sprawdz\u0105 si\u0119 one idealnie jako \u015bci\u00f3\u0142ka czy na kompost.<\/p>\n\n\n\n<p>Du\u017ce opony 16&#215;6.5-8 z \u0142atwo\u015bci\u0105 przetransportuj\u0105&nbsp;<strong>r\u0119bak<\/strong>&nbsp;w dowolne miejsce pracy.<\/p>\n\n\n\n<p><strong>R\u0119bak<\/strong>&nbsp;to urz\u0105dzenie, bez kt\u00f3rego trudno wyobrazi\u0107 nam sobie dzisiaj prawid\u0142owe gospodarowanie odpadami organicznymi.&nbsp;<\/p>\n\n\n\n<h4 class=\"wp-block-heading\">Specyfikacja<\/h4>\n\n\n\n<p>Stan<\/p>\n\n\n\n<p>Nowy<\/p>\n\n\n\n<p>Marka<\/p>\n\n\n\n<p>4Farmer<\/p>\n\n\n\n<p>Silnik<\/p>\n\n\n\n<p>4 &#8211; suwowy<br>Spalinowy benzynowy<\/p>\n\n\n\n<p>Moc (KM\/HP)<\/p>\n\n\n\n<p>15<\/p>\n\n\n\n<p>Pojemno\u015b\u0107 silnika (cm3 \/ ccm)<\/p>\n\n\n\n<p>420<\/p>\n\n\n\n<p>Pojemno\u015b\u0107 zbiornika paliwa (L)<\/p>\n\n\n\n<p>6.5<\/p>\n\n\n\n<p>Liczba no\u017cy (szt.)<\/p>\n\n\n\n<p>2<\/p>\n\n\n\n<p>Maksymalna grubo\u015b\u0107 ga\u0142\u0119zi (mm)<\/p>\n\n\n\n<p>120<\/p>\n\n\n\n<p>Zaczep do przyczepy<\/p>\n\n\n\n<p>TAK<\/p>\n\n\n\n<p>Ilo\u015b\u0107 pask\u00f3w klinowych<\/p>\n\n\n\n<p>2<\/p>\n\n\n\n<p>Wyposa\u017cenie<\/p>\n\n\n\n<p>Hak na zaczep kulowy<\/p>\n\n\n\n<p>Waga (kg)<\/p>\n\n\n\n<p>294<\/p>\n\n\n\n<p>System rozruchowy<\/p>\n\n\n\n<p>R\u0119czny \/ elektryczny<\/p>\n\n\n\n<p>Rozmiar opon (y)<\/p>\n\n\n\n<p>16 x 6.50-8<\/p>\n\n\n\n<p>Wydajno\u015b\u0107 (m3\/h)<\/p>\n\n\n\n<p>4 &#8211; 6<\/p>","protected":false},"excerpt":{"rendered":"<div class=\"col-12 col-lg-4 page-product4-desc-single1\">\n<div class=\"title1\">\n<div class=\"col-6 col-sm-6 col-md-6 col-lg-6 single1\">\n<div class=\"single1-sz\">\n<div class=\"ico\">\u00a0<\/div>\n<div class=\"title1\">\n<p>Stan Nowy<\/p>\n<\/div>\n<\/div>\n<\/div>\n<div class=\"col-6 col-sm-6 col-md-6 col-lg-6 single1\">\n<div class=\"single1-sz\">\n<div class=\"title1\">\n<p>Moc (KM\/HP) 15<\/p>\n<\/div>\n<\/div>\n<\/div>\n<div class=\"col-6 col-sm-6 col-md-6 col-lg-6 single1\">\n<div class=\"single1-sz\">\n<div class=\"title1\">\n<p>Liczba no\u017cy (szt.) 2<\/p>\n<\/div>\n<\/div>\n<\/div>\n<div class=\"col-6 col-sm-6 col-md-6 col-lg-6 single1\">\n<div class=\"single1-sz\">\n<div class=\"title1\">\n<p>Zaczep do przyczepy TAK<\/p>\n<\/div>\n<\/div>\n<\/div>\n<div class=\"col-6 col-sm-6 col-md-6 col-lg-6 single1\">\n<div class=\"single1-sz\">\n<div class=\"title1\">\n<p>Ilo\u015b\u0107 pask\u00f3w klinowych 2<\/p>\n<\/div>\n<\/div>\n<\/div>\n<div class=\"col-6 col-sm-6 col-md-6 col-lg-6 single1\">\n<div class=\"single1-sz\">\n<div class=\"title1\">\n<p>Waga (kg) 294<\/p>\n<\/div>\n<\/div>\n<\/div>\n<\/div>\n<\/div>","protected":false},"featured_media":7456,"comment_status":"open","ping_status":"closed","template":"","meta":[],"product_brand":[68],"product_cat":[62],"product_tag":[],"class_list":{"0":"post-7452","1":"product","2":"type-product","3":"status-publish","4":"has-post-thumbnail","6":"product_brand-4farmer","7":"product_cat-maszyny-komunalne","9":"first","10":"instock","11":"shipping-taxable","12":"purchasable","13":"product-type-simple"},"_links":{"self":[{"href":"https:\/\/plmaszyny.online\/en\/wp-json\/wp\/v2\/product\/7452","targetHints":{"allow":["GET"]}}],"collection":[{"href":"https:\/\/plmaszyny.online\/en\/wp-json\/wp\/v2\/product"}],"about":[{"href":"https:\/\/plmaszyny.online\/en\/wp-json\/wp\/v2\/types\/product"}],"replies":[{"embeddable":true,"href":"https:\/\/plmaszyny.online\/en\/wp-json\/wp\/v2\/comments?post=7452"}],"wp:featuredmedia":[{"embeddable":true,"href":"https:\/\/plmaszyny.online\/en\/wp-json\/wp\/v2\/media\/7456"}],"wp:attachment":[{"href":"https:\/\/plmaszyny.online\/en\/wp-json\/wp\/v2\/media?parent=7452"}],"wp:term":[{"taxonomy":"product_brand","embeddable":true,"href":"https:\/\/plmaszyny.online\/en\/wp-json\/wp\/v2\/product_brand?post=7452"},{"taxonomy":"product_cat","embeddable":true,"href":"https:\/\/plmaszyny.online\/en\/wp-json\/wp\/v2\/product_cat?post=7452"},{"taxonomy":"product_tag","embeddable":true,"href":"https:\/\/plmaszyny.online\/en\/wp-json\/wp\/v2\/product_tag?post=7452"}],"curies":[{"name":"wp","href":"https:\/\/api.w.org\/{rel}","templated":true}]}}