{"id":7444,"date":"2026-02-24T00:03:10","date_gmt":"2026-02-24T00:03:10","guid":{"rendered":"https:\/\/plmaszyny.online\/?post_type=product&#038;p=7444"},"modified":"2026-02-26T15:02:59","modified_gmt":"2026-02-26T15:02:59","slug":"rebak-spalinowy-tarczowy-eco-135-greenmech","status":"publish","type":"product","link":"https:\/\/plmaszyny.online\/en\/product\/rebak-spalinowy-tarczowy-eco-135-greenmech\/","title":{"rendered":"R\u0119bak spalinowy tarczowy ECO 135 GreenMech"},"content":{"rendered":"<h2 class=\"wp-block-heading\">R\u0119bak spalinowy do ga\u0142\u0119zi \u2013 niezast\u0105piony przy pracach porz\u0105dkowych!<\/h2>\n\n\n\n<p>Piel\u0119gnacja ogrod\u00f3w czy przygotowywanie dzia\u0142ki na sprzeda\u017c, karczowanie, prace porz\u0105dkowe w firmach komunalnych, to wszystko \u015bwietne zabiegi, kt\u00f3rych efekt ka\u017cdy bardzo lubi. Pytanie, co zrobi\u0107 ze \u015bci\u0119tymi ga\u0142\u0119ziami \u2013 cz\u0119sto wi\u0119kszych rozmiar\u00f3w, kiedy mamy ich a\u017c nadto? Czy jest szansa, pozby\u0107 si\u0119 ich nie posiadaj\u0105c ci\u0105gnika, du\u017cej przyczepy czy mo\u017cliwo\u015bci utylizacji? Oczywi\u015bcie, \u017ce tak! Z pomoc\u0105 przychodz\u0105&nbsp;<strong>r\u0119baki<\/strong>&nbsp;wyposa\u017cone w silnik spalinowy. Maj\u0105 one zaczep do przyczepy, wi\u0119c transportujemy je po drogach (pod warunkiem posiadania homologacji na r\u0119bak) bez trudu ka\u017cdym autem posiadaj\u0105cym hak. Taki rodzaj maszyny pozwoli nam pozby\u0107 si\u0119 zalegaj\u0105cych ga\u0142\u0119zi z dzia\u0142ki, b\u0119dzie niezb\u0119dnym towarzyszem w firmach ogrodniczych czy komunalnych. Maszyny do rozdrabniania drewna s\u0105 powszechnie wykorzystywane w gospodarce le\u015bnej czy rolnictwie. Ich zastosowanie pozwala na szybkie, precyzyjne i bezpieczne przerobienie nawet znacznej ilo\u015bci pni i ga\u0142\u0119zi.<\/p>\n\n\n\n<h3 class=\"wp-block-heading\">Jak wybra\u0107 w\u0142a\u015bciwy r\u0119bak?<\/h3>\n\n\n\n<p>Trzeba sobie zada\u0107 pytanie, do jakich cel\u00f3w b\u0119dziemy wykorzystywa\u0107 urz\u0105dzenie. Gdy\u017c inne urz\u0105dzenie polecane b\u0119dzie ogrodnikom, dla kt\u00f3rych wa\u017cne b\u0119dzie okazjonalne pozbycie si\u0119 zalegaj\u0105cych ga\u0142\u0119zi. Natomiast inne potrzeby b\u0119dzie mia\u0142 przedsi\u0119biorca, dla kt\u00f3rego r\u0119bak jest narz\u0119dziem codziennej pracy. Tu zdecydowanie warte uwagi s\u0105 r\u0119baki spalinowe, wydajniejsze i o wi\u0119kszych mo\u017cliwo\u015bciach rozdrobnienia.<\/p>\n\n\n\n<h2 class=\"wp-block-heading\">A co mo\u017ce nam zaoferowa\u0107 marka GreenMech i r\u0119bak ECO 135?<\/h2>\n\n\n\n<p>Firma od ponad 20 lat obecna w bran\u017cy przemys\u0142owej. Cechuje j\u0105 wysoka jako\u015b\u0107 produkt\u00f3w, przemy\u015blane rozwi\u0105zania, dba\u0142o\u015b\u0107 o \u015brodowisko.<\/p>\n\n\n\n<p>Co wyr\u00f3\u017cnia produkty marki GreenMech?<\/p>\n\n\n\n<ul class=\"wp-block-list\">\n<li>brytyjska produkcja,<\/li>\n\n\n\n<li>5-stopniowy system malowania,<\/li>\n\n\n\n<li>ciekawy design,<\/li>\n\n\n\n<li>znakomita jako\u015b\u0107 malowania potwierdzona 1000-godzinnym testom wytrzyma\u0142o\u015bciowym na s\u00f3l drogow\u0105.<\/li>\n<\/ul>\n\n\n\n<p>Wszystko to sprawia, \u017ce nawet po kilku latach maszyna zachowuje sw\u00f3j wygl\u0105d.<\/p>\n\n\n\n<p>Nowa seria r\u0119bak\u00f3w marki GreenMech to innowacyjne rozwi\u0105zania i nowoczesne technologie. \u015aredniej wielko\u015bci r\u0119bak bez trudu poradzi sobie z ga\u0142\u0119ziami o \u015brednicy do 13,5 cm. Mocny, ale te\u017c ekonomiczny 27 KM silnik spalinowy marki Loncin pozwoli na d\u0142ugie godziny pracy. Producent ocenia, \u017ce szacunkowo wydajno\u015b\u0107 to 3T\/h.<\/p>\n\n\n\n<p>Wszystkie modele r\u0119bak\u00f3w GreenMech obj\u0119te s\u0105 3-letni\u0105 gwarancj\u0105.<\/p>\n\n\n\n<h4 class=\"wp-block-heading\">Specyfikacja<\/h4>\n\n\n\n<p>Stan<\/p>\n\n\n\n<p>Nowy<\/p>\n\n\n\n<p>Marka<\/p>\n\n\n\n<p>GreenMech<\/p>\n\n\n\n<p>Silnik<\/p>\n\n\n\n<p>Spalinowy<\/p>\n\n\n\n<p>Marka silnika<\/p>\n\n\n\n<p>Loncin<\/p>\n\n\n\n<p>Moc (KM\/HP)<\/p>\n\n\n\n<p>24<\/p>\n\n\n\n<p>Liczba cylindr\u00f3w (szt.)<\/p>\n\n\n\n<p>2<\/p>\n\n\n\n<p>Pojemno\u015b\u0107 zbiornika paliwa (L)<\/p>\n\n\n\n<p>33<\/p>\n\n\n\n<p>Poziom ha\u0142asu dB(A)<\/p>\n\n\n\n<p>116<\/p>\n\n\n\n<p>Liczba no\u017cy (szt.)<\/p>\n\n\n\n<p>2<\/p>\n\n\n\n<p>Zaczep do przyczepy<\/p>\n\n\n\n<p>R\u0119czny, oczko zaczepowe<\/p>\n\n\n\n<p>Wyposa\u017cenie<\/p>\n\n\n\n<p>Hydrauliczne, podw\u00f3jne, poziome wa\u0142ki podaj\u0105ce<br>System anty przeci\u0105\u017ceniowy<\/p>\n\n\n\n<p>D\u0142ugo\u015b\u0107 (mm)<\/p>\n\n\n\n<p>3200<\/p>\n\n\n\n<p>Wysoko\u015b\u0107 (mm)<\/p>\n\n\n\n<p>2300<\/p>\n\n\n\n<p>Szeroko\u015b\u0107 (mm)<\/p>\n\n\n\n<p>1600<\/p>\n\n\n\n<p>Rozmiar opon prz\u00f3d \/ ty\u0142<\/p>\n\n\n\n<p>155\/80\/R13<\/p>\n\n\n\n<p>Waga (kg)<\/p>\n\n\n\n<p>640<\/p>\n\n\n\n<p>Zasada ci\u0119cia<\/p>\n\n\n\n<p>System tarczowy<\/p>\n\n\n\n<p>Rodzaj paliwa<\/p>\n\n\n\n<p>Benzyna bezo\u0142owiowa<\/p>\n\n\n\n<p>Maksymalna \u015brednica ga\u0142\u0119zi (mm)<\/p>\n\n\n\n<p>135<\/p>","protected":false},"excerpt":{"rendered":"<div class=\"col-12 col-lg-4 page-product4-desc-single1\">\n<div class=\"title2\">\n<div class=\"col-6 col-sm-6 col-md-6 col-lg-6 single1\">\n<div class=\"single1-sz\">\n<div class=\"ico\">\u00a0<\/div>\n<div class=\"title1\">\n<p>Stan Nowy<\/p>\n<\/div>\n<\/div>\n<\/div>\n<div class=\"col-6 col-sm-6 col-md-6 col-lg-6 single1\">\n<div class=\"single1-sz\">\n<div class=\"title1\">\n<p>Moc (KM\/HP) 24<\/p>\n<\/div>\n<\/div>\n<\/div>\n<div class=\"col-6 col-sm-6 col-md-6 col-lg-6 single1\">\n<div class=\"single1-sz\">\n<div class=\"title1\">\n<p>Liczba no\u017cy (szt.) 2<\/p>\n<\/div>\n<\/div>\n<\/div>\n<div class=\"col-6 col-sm-6 col-md-6 col-lg-6 single1\">\n<div class=\"single1-sz\">\n<div class=\"title1\">\n<p>Zaczep do przyczepy R\u0119czny, oczko zaczepowe<\/p>\n<\/div>\n<\/div>\n<\/div>\n<div class=\"col-6 col-sm-6 col-md-6 col-lg-6 single1\">\n<div class=\"single1-sz\">\n<div class=\"title1\">\n<p>Waga (kg) 640<\/p>\n<\/div>\n<\/div>\n<\/div>\n<\/div>\n<\/div>","protected":false},"featured_media":7447,"comment_status":"open","ping_status":"closed","template":"","meta":[],"product_brand":[79],"product_cat":[62],"product_tag":[],"class_list":{"0":"post-7444","1":"product","2":"type-product","3":"status-publish","4":"has-post-thumbnail","6":"product_brand-greenmech","7":"product_cat-maszyny-komunalne","9":"first","10":"instock","11":"shipping-taxable","12":"purchasable","13":"product-type-simple"},"_links":{"self":[{"href":"https:\/\/plmaszyny.online\/en\/wp-json\/wp\/v2\/product\/7444","targetHints":{"allow":["GET"]}}],"collection":[{"href":"https:\/\/plmaszyny.online\/en\/wp-json\/wp\/v2\/product"}],"about":[{"href":"https:\/\/plmaszyny.online\/en\/wp-json\/wp\/v2\/types\/product"}],"replies":[{"embeddable":true,"href":"https:\/\/plmaszyny.online\/en\/wp-json\/wp\/v2\/comments?post=7444"}],"wp:featuredmedia":[{"embeddable":true,"href":"https:\/\/plmaszyny.online\/en\/wp-json\/wp\/v2\/media\/7447"}],"wp:attachment":[{"href":"https:\/\/plmaszyny.online\/en\/wp-json\/wp\/v2\/media?parent=7444"}],"wp:term":[{"taxonomy":"product_brand","embeddable":true,"href":"https:\/\/plmaszyny.online\/en\/wp-json\/wp\/v2\/product_brand?post=7444"},{"taxonomy":"product_cat","embeddable":true,"href":"https:\/\/plmaszyny.online\/en\/wp-json\/wp\/v2\/product_cat?post=7444"},{"taxonomy":"product_tag","embeddable":true,"href":"https:\/\/plmaszyny.online\/en\/wp-json\/wp\/v2\/product_tag?post=7444"}],"curies":[{"name":"wp","href":"https:\/\/api.w.org\/{rel}","templated":true}]}}