{"id":7439,"date":"2026-02-24T00:01:10","date_gmt":"2026-02-24T00:01:10","guid":{"rendered":"https:\/\/plmaszyny.online\/?post_type=product&#038;p=7439"},"modified":"2026-02-26T15:03:14","modified_gmt":"2026-02-26T15:03:14","slug":"rebak-walcowy-r120-6-nozy-remet-cnc-technology","status":"publish","type":"product","link":"https:\/\/plmaszyny.online\/en\/product\/rebak-walcowy-r120-6-nozy-remet-cnc-technology\/","title":{"rendered":"R\u0119bak walcowy R120 (6 no\u017cy) Remet CNC Technology"},"content":{"rendered":"<h2 class=\"wp-block-heading\">R\u0119bak do ci\u0105gnika &#8211; jak to dzia\u0142a?<\/h2>\n\n\n\n<p>S\u0105 to urz\u0105dzenia, kt\u00f3re jak sama nazwa wskazuje, przeznaczone s\u0105 do wykorzystania w po\u0142\u0105czeniu z&nbsp;<strong>ci\u0105gnikami rolniczymi<\/strong>.&nbsp;<strong>R\u0119bak do ci\u0105gnika<\/strong>&nbsp;pracuje dzi\u0119ki pod\u0142\u0105czeniu do wa\u0142ka WOM, dlatego te\u017c poszczeg\u00f3lne&nbsp;<strong>r\u0119baki<\/strong>&nbsp;wymagaj\u0105 po\u0142\u0105czenia z&nbsp;<strong>traktorem<\/strong>&nbsp;o odpowiedniej mocy silnika. Maszyny do rozdrabniania drewna s\u0105 powszechnie wykorzystywane w gospodarce le\u015bnej czy rolnictwie. Ich zastosowanie pozwala na szybkie, precyzyjne i bezpieczne przerobienie nawet znacznej ilo\u015bci pni i ga\u0142\u0119zi.<\/p>\n\n\n\n<h2 class=\"wp-block-heading\">R\u0119baki walcowe \u2013 co warto wiedzie\u0107?<\/h2>\n\n\n\n<p><strong>R\u0119baki walcowe<\/strong>&nbsp;to maszyny przeznaczone do szybkiego przerabiania ga\u0142\u0119zi czy pni drzew na kr\u00f3tkie kawa\u0142ki. Urz\u0105dzenia te \u015bwietnie sprawdz\u0105 si\u0119 w lasach, parkach, sadach czy gospodarstwach rolnych.&nbsp;<strong>R\u0119baki walcowe<\/strong>&nbsp;posiadaj\u0105 zupe\u0142nie inny mechanizm rozdrabniaj\u0105cy. Jest to obracaj\u0105cy si\u0119 walec, na kt\u00f3rym znajduj\u0105 si\u0119 ostre wypustki (no\u017ce). Materia\u0142, jaki otrzymujemy to drewno poci\u0119te na kawa\u0142ki o d\u0142ugo\u015bci oko\u0142o 10-16 cm.<\/p>\n\n\n\n<h2 class=\"wp-block-heading\"><strong>R\u0119bak walcowy&nbsp;R-120 przeznaczony jest do ciecia ga\u0142\u0119zi o \u015brednicy do&nbsp;11 cm (\u015bwie\u017ce mi\u0119kkie drewno)&nbsp;<\/strong><\/h2>\n\n\n\n<p>Konstrukcja<strong>&nbsp;r\u0119baka&nbsp;<\/strong>jest spawana, w pe\u0142ni rozbieralna, zapewniaj\u0105ca odpowiedni\u0105 sztywno\u015b\u0107 oraz trwa\u0142o\u015b\u0107 maszyny.&nbsp;Mechanizm tn\u0105cy zosta\u0142 precyzyjnie wykonany z zapewnieniem odpowiedniej jako\u015bci, dok\u0142adno\u015bci oraz wsp\u00f3\u0142osiowo\u015bci. Przek\u0142ada si\u0119 to na d\u0142ug\u0105 \u017cywotno\u015b\u0107 podzespo\u0142\u00f3w ora z ca\u0142ego urz\u0105dzenia.&nbsp;<\/p>\n\n\n\n<p>Mechanizm r\u0119baka wyposa\u017cony jest w tulej\u0119 rozporowo zaciskow\u0105 kt\u00f3ra s\u0142u\u017cy do pozycjonowania no\u017cy tn\u0105cych, pe\u0142ni ona r\u00f3wnie\u017c funkcje zabezpieczenia przeci\u0105\u017ceniowego.&nbsp;<strong>R\u0119bak<\/strong>&nbsp;mo\u017cna dodatkowo wyposa\u017cy\u0107 w ko\u0142o zamachowe\/pasowe oraz w sk\u0142adany przeno\u015bnik ta\u015bmowy. Ta\u015bma daje mo\u017cliwo\u015b\u0107 wysypu wzd\u0142u\u017c lub na bok urz\u0105dzenia.<\/p>\n\n\n\n<h2 class=\"wp-block-heading\">R\u0119bak walcowy R120 &#8211; wyposa\u017cenie maszyny<\/h2>\n\n\n\n<ul class=\"wp-block-list\">\n<li>tylny wa\u0142ek pod ko\u0142o zamachowe\/pasowe,<\/li>\n\n\n\n<li>regulowany prze\u015bwit miedzy no\u017cowy,<\/li>\n\n\n\n<li>hartowane indukcyjnie ko\u0142a z\u0119bate,<\/li>\n\n\n\n<li>d\u0142ugi rozk\u0142adany lej wrzutowy,<\/li>\n\n\n\n<li>zaczep kulowy do przyczepki, uci\u0105g 1000 kg,<\/li>\n\n\n\n<li>typ wylotu: prosty- bez workownicy,<\/li>\n\n\n\n<li>max. \u015brednica ci\u0119cia ga\u0142\u0119zi (\u015bwie\u017ce mi\u0119kkie drewno) 110 mm,<\/li>\n\n\n\n<li>max. \u015brednica ci\u0119cia ga\u0142\u0119zi (\u015bwie\u017ce twarde drewno) 100 mm,<\/li>\n\n\n\n<li>max. \u015brednica ci\u0119cia ga\u0142\u0119zi (suche twarde drewno) 90 mm,<\/li>\n\n\n\n<li>d\u0142ugo\u015b\u0107 ci\u0119tych ga\u0142\u0119zi 8 &#8211; 15 cm,<\/li>\n\n\n\n<li>wykonanie no\u017cy tn\u0105cych stal HARDOX typ 500,<\/li>\n\n\n\n<li>lej wsadowy 62\/38 cm.<\/li>\n<\/ul>\n\n\n\n<p><strong>Istnieje mo\u017cliwo\u015b\u0107 doposa\u017cenia r\u0119baka w:&nbsp;<\/strong><\/p>\n\n\n\n<ul class=\"wp-block-list\">\n<li>workownic\u0119 pojedyncz\u0105 lub podw\u00f3jn\u0105,<\/li>\n\n\n\n<li>ko\u0142o pasowe 3&#215;17,<\/li>\n\n\n\n<li>ko\u0142o zamachowe: 38 kg,<\/li>\n\n\n\n<li>przeno\u015bnik ta\u015bmowy z osprz\u0119tem (sk\u0142adany).<\/li>\n<\/ul>\n\n\n\n<h4 class=\"wp-block-heading\">Specyfikacja<\/h4>\n\n\n\n<p>Stan<\/p>\n\n\n\n<p>Nowy<\/p>\n\n\n\n<p>Marka<\/p>\n\n\n\n<p>Remet CNC Technology<\/p>\n\n\n\n<p>Minimalna wymagana moc ci\u0105gnika (KM HP PS)<\/p>\n\n\n\n<p>25<\/p>\n\n\n\n<p>Liczba no\u017cy (szt.)<\/p>\n\n\n\n<p>6<\/p>\n\n\n\n<p>Maksymalna grubo\u015b\u0107 ga\u0142\u0119zi (mm)<\/p>\n\n\n\n<p>90 &#8211; 110<\/p>\n\n\n\n<p>TUZ<\/p>\n\n\n\n<p>3 &#8211; punktowy<\/p>\n\n\n\n<p>Zaczep do przyczepy<\/p>\n\n\n\n<p>TAK<\/p>\n\n\n\n<p>Waga (kg)<\/p>\n\n\n\n<p>170<\/p>\n\n\n\n<p>Zalecana moc ci\u0105gnika (KM)<\/p>\n\n\n\n<p>35<\/p>\n\n\n\n<p>Zasada ci\u0119cia<\/p>\n\n\n\n<p>System walcowy<\/p>\n\n\n\n<p>Nap\u0119d z wa\u0142ka odbioru mocy traktora (obr\/min)<\/p>\n\n\n\n<p>540<\/p>\n\n\n\n<p>Grubo\u015b\u0107 no\u017cy (mm)<\/p>\n\n\n\n<p>10<\/p>","protected":false},"excerpt":{"rendered":"<div class=\"col-12 col-lg-4 page-product4-desc-single1\">\n<div class=\"title1\">\n<div class=\"col-6 col-sm-6 col-md-6 col-lg-6 single1\">\n<div class=\"single1-sz\">\n<div class=\"ico\">\u00a0<\/div>\n<div class=\"title1\">\n<p>Stan Nowy<\/p>\n<\/div>\n<\/div>\n<\/div>\n<div class=\"col-6 col-sm-6 col-md-6 col-lg-6 single1\">\n<div class=\"single1-sz\">\n<div class=\"title1\">\n<p>Minimalna wymagana moc ci\u0105gnika (KM HP PS) 25<\/p>\n<\/div>\n<\/div>\n<\/div>\n<div class=\"col-6 col-sm-6 col-md-6 col-lg-6 single1\">\n<div class=\"single1-sz\">\n<div class=\"title1\">\n<p>Liczba no\u017cy (szt.) 6<\/p>\n<\/div>\n<\/div>\n<\/div>\n<div class=\"col-6 col-sm-6 col-md-6 col-lg-6 single1\">\n<div class=\"single1-sz\">\n<div class=\"title1\">\n<p>Zaczep do przyczepy TAK<\/p>\n<\/div>\n<\/div>\n<\/div>\n<div class=\"col-6 col-sm-6 col-md-6 col-lg-6 single1\">\n<div class=\"single1-sz\">\n<div class=\"title1\">\n<p>Waga (kg) 170<\/p>\n<\/div>\n<\/div>\n<\/div>\n<\/div>\n<\/div>","protected":false},"featured_media":7443,"comment_status":"open","ping_status":"closed","template":"","meta":[],"product_brand":[78],"product_cat":[62],"product_tag":[],"class_list":{"0":"post-7439","1":"product","2":"type-product","3":"status-publish","4":"has-post-thumbnail","6":"product_brand-remet-cnc-technology","7":"product_cat-maszyny-komunalne","9":"first","10":"instock","11":"shipping-taxable","12":"purchasable","13":"product-type-simple"},"_links":{"self":[{"href":"https:\/\/plmaszyny.online\/en\/wp-json\/wp\/v2\/product\/7439","targetHints":{"allow":["GET"]}}],"collection":[{"href":"https:\/\/plmaszyny.online\/en\/wp-json\/wp\/v2\/product"}],"about":[{"href":"https:\/\/plmaszyny.online\/en\/wp-json\/wp\/v2\/types\/product"}],"replies":[{"embeddable":true,"href":"https:\/\/plmaszyny.online\/en\/wp-json\/wp\/v2\/comments?post=7439"}],"wp:featuredmedia":[{"embeddable":true,"href":"https:\/\/plmaszyny.online\/en\/wp-json\/wp\/v2\/media\/7443"}],"wp:attachment":[{"href":"https:\/\/plmaszyny.online\/en\/wp-json\/wp\/v2\/media?parent=7439"}],"wp:term":[{"taxonomy":"product_brand","embeddable":true,"href":"https:\/\/plmaszyny.online\/en\/wp-json\/wp\/v2\/product_brand?post=7439"},{"taxonomy":"product_cat","embeddable":true,"href":"https:\/\/plmaszyny.online\/en\/wp-json\/wp\/v2\/product_cat?post=7439"},{"taxonomy":"product_tag","embeddable":true,"href":"https:\/\/plmaszyny.online\/en\/wp-json\/wp\/v2\/product_tag?post=7439"}],"curies":[{"name":"wp","href":"https:\/\/api.w.org\/{rel}","templated":true}]}}