{"id":7433,"date":"2026-02-23T23:58:10","date_gmt":"2026-02-23T23:58:10","guid":{"rendered":"https:\/\/plmaszyny.online\/?post_type=product&#038;p=7433"},"modified":"2026-02-26T15:04:08","modified_gmt":"2026-02-26T15:04:08","slug":"rebak-bebnowy-denis-r-12-demarol","status":"publish","type":"product","link":"https:\/\/plmaszyny.online\/en\/product\/rebak-bebnowy-denis-r-12-demarol\/","title":{"rendered":"R\u0119bak b\u0119bnowy DENIS R-12 Demarol"},"content":{"rendered":"<p>Bardzo solidny<strong>&nbsp;r\u0119bak<\/strong>&nbsp;o nowej konstrukcji&nbsp;<strong>Denis R13<\/strong>&nbsp;z p\u00f3\u0142automatycznym pobieraniem ga\u0142\u0119zi.<strong>&nbsp;R\u0119bak<\/strong>&nbsp;wyposa\u017cony zosta\u0142&nbsp;w napinacze pask\u00f3w klinowych co pozwala na mniejsze ich zu\u017cycie i regulacje oraz napinacz \u0142a\u0144cucha.<strong>&nbsp;R\u0119bak<\/strong>&nbsp;posiada wa\u0142ek podaj\u0105cy, dzi\u0119ki kt\u00f3remu po w\u0142o\u017ceniu ga\u0142\u0119zi przesuw odbywa si\u0119 automatycznie. Dodatkowo&nbsp;zosta\u0142 zamontowany uchwyt&nbsp;u\u0142atwiaj\u0105cy wydobycie&nbsp;zablokowanego drewna.<\/p>\n\n\n\n<p><strong>Parametry r\u0119baka do ga\u0142\u0119zi Denis R-12:<\/strong>&nbsp;<\/p>\n\n\n\n<ul class=\"wp-block-list\">\n<li>maksymalna grubo\u015b\u0107 ci\u0119tego materia\u0142u: 120 mm.\u00a0<\/li>\n\n\n\n<li>wielko\u015b\u0107 zr\u0119bk\u00f3w: 40-60 mm.\u00a0<\/li>\n\n\n\n<li>ilo\u015b\u0107 no\u017cy podporowych: 1 szt.<\/li>\n\n\n\n<li>d\u0142ugo\u015b\u0107: 850 mm<\/li>\n\n\n\n<li>szeroko\u015b\u0107: 1450 mm<\/li>\n\n\n\n<li>wysoko\u015b\u0107: 1980 mm<\/li>\n<\/ul>\n\n\n\n<p><strong>Dodatkowo r\u0119bak posiada:<\/strong><\/p>\n\n\n\n<ul class=\"wp-block-list\">\n<li>napinacz spr\u0119\u017cynowy zewn\u0119trzny pask\u00f3w, pozwalaj\u0105cy na mniejsze ich zu\u017cycie i regulacje napr\u0119\u017cenia.<\/li>\n\n\n\n<li>napinacz \u0142a\u0144cucha z regulacj\u0105<\/li>\n\n\n\n<li>wa\u0142ek podaj\u0105cy, kt\u00f3ry automatycznie przesuwa rozdrabniany materia\u0142<\/li>\n\n\n\n<li>komin u\u0142atwiaj\u0105cy pakowanie zr\u0119bk\u00f3w do work\u00f3w<\/li>\n\n\n\n<li>wentylowan\u0105 os\u0142on\u0119<\/li>\n<\/ul>\n\n\n\n<h4 class=\"wp-block-heading\">Specyfikacja<\/h4>\n\n\n\n<p>Stan<\/p>\n\n\n\n<p>Nowy<\/p>\n\n\n\n<p>Marka<\/p>\n\n\n\n<p>Demarol<\/p>\n\n\n\n<p>Minimalna wymagana moc ci\u0105gnika (KM HP PS)<\/p>\n\n\n\n<p>17<\/p>\n\n\n\n<p>Liczba no\u017cy (szt.)<\/p>\n\n\n\n<p>2<\/p>\n\n\n\n<p>TUZ<\/p>\n\n\n\n<p>3 &#8211; punktowy<\/p>\n\n\n\n<p>Waga (kg)<\/p>\n\n\n\n<p>280<\/p>","protected":false},"excerpt":{"rendered":"<div class=\"col-12 col-lg-4 page-product4-desc-single1\">\n<div class=\"title2\">\n<div class=\"col-12 col-sm-6 poj1\">Stan Nowy<\/div>\n<div class=\"col-12 col-sm-6 poj1 pojc\">Marka Demarol<\/div>\n<div class=\"col-12 col-sm-6 poj1\">Minimalna wymagana moc ci\u0105gnika (KM HP PS) 17<\/div>\n<div class=\"col-12 col-sm-6 poj1 pojc\">Liczba no\u017cy (szt.) 2<\/div>\n<div class=\"col-12 col-sm-6 poj1\">TUZ 3 &#8211; punktowy<\/div>\n<div class=\"col-12 col-sm-6 poj1 pojc\">Waga (kg) 280k<\/div>\n<\/div>\n<\/div>","protected":false},"featured_media":7438,"comment_status":"open","ping_status":"closed","template":"","meta":[],"product_brand":[76],"product_cat":[62],"product_tag":[],"class_list":{"0":"post-7433","1":"product","2":"type-product","3":"status-publish","4":"has-post-thumbnail","6":"product_brand-demarol","7":"product_cat-maszyny-komunalne","9":"first","10":"instock","11":"shipping-taxable","12":"purchasable","13":"product-type-simple"},"_links":{"self":[{"href":"https:\/\/plmaszyny.online\/en\/wp-json\/wp\/v2\/product\/7433","targetHints":{"allow":["GET"]}}],"collection":[{"href":"https:\/\/plmaszyny.online\/en\/wp-json\/wp\/v2\/product"}],"about":[{"href":"https:\/\/plmaszyny.online\/en\/wp-json\/wp\/v2\/types\/product"}],"replies":[{"embeddable":true,"href":"https:\/\/plmaszyny.online\/en\/wp-json\/wp\/v2\/comments?post=7433"}],"wp:featuredmedia":[{"embeddable":true,"href":"https:\/\/plmaszyny.online\/en\/wp-json\/wp\/v2\/media\/7438"}],"wp:attachment":[{"href":"https:\/\/plmaszyny.online\/en\/wp-json\/wp\/v2\/media?parent=7433"}],"wp:term":[{"taxonomy":"product_brand","embeddable":true,"href":"https:\/\/plmaszyny.online\/en\/wp-json\/wp\/v2\/product_brand?post=7433"},{"taxonomy":"product_cat","embeddable":true,"href":"https:\/\/plmaszyny.online\/en\/wp-json\/wp\/v2\/product_cat?post=7433"},{"taxonomy":"product_tag","embeddable":true,"href":"https:\/\/plmaszyny.online\/en\/wp-json\/wp\/v2\/product_tag?post=7433"}],"curies":[{"name":"wp","href":"https:\/\/api.w.org\/{rel}","templated":true}]}}